{"id":27271,"date":"2025-06-25T23:08:31","date_gmt":"2025-06-25T21:08:31","guid":{"rendered":"https:\/\/drmazarro.com\/producto\/purifying-renewal-scrub\/"},"modified":"2025-09-15T07:21:16","modified_gmt":"2025-09-15T05:21:16","slug":"purifying-renewal-scrub","status":"publish","type":"product","link":"https:\/\/drmazarro.com\/fr\/producto\/purifying-renewal-scrub\/","title":{"rendered":"Purifying Renewal Scrub"},"content":{"rendered":"<h3><em>Indications<\/em><\/h3>\n<p style=\"text-align: justify;\"><strong>Purifying Renewal Scrub<\/strong> d&rsquo;AllSkinMed est un exfoliant qui combine des alpha-hydroxyacides (acide glycolique, lactique et citrique) avec des microparticules exfoliantes pour revitaliser et adoucir la texture de la peau.<\/p>\n<h3><em>Format<\/em><\/h3>\n<p style=\"text-align: justify;\">50g<\/p>\n<h3><em>Composition<\/em><\/h3>\n<p style=\"text-align: justify;\">AHA<br \/>\nExfoliants m\u00e9caniques d&rsquo;origine naturelle<br \/>\nEzine d&rsquo;extrait de grenade<\/p>\n<h3><em>Comment utiliser Purifying Scrub<\/em><\/h3>\n<p style=\"text-align: justify;\">Appliquer 2-3 fois par semaine par massages doux pendant 40 secondes sur le visage humide. \u00c9viter le contour des yeux. Rincer abondamment \u00e0 l&rsquo;eau.<\/p>\n<div class=\"doctor-opinion\" style=\"background-color: #fafafa; padding: 2rem; border: 1px solid #eaeaea; margin: 2.5rem 0;\">\n<div style=\"display: flex; align-items: flex-start; gap: 1.5rem;\">\n<p><img decoding=\"async\" style=\"width: 80px; height: 80px; border-radius: 50%; object-fit: cover;\" src=\"https:\/\/drmazarro.com\/wp-content\/uploads\/2025\/09\/alejandro-mazarro-specialiste-lifting-visage-barcelone.jpg\" alt=\"Dr. Alejandro Mazarro - Especialista en Lifting Facial\" \/><\/p>\n<div style=\"flex: 1;\">\n<h3 style=\"margin: 0 0 0.5rem 0; color: #333; font-weight: 500; font-size: 1.0rem;\">La Recomendaci\u00f3n del Dr. Mazarro<\/h3>\n<p style=\"margin: 0; font-style: italic; color: #555; line-height: 1.6;\">\u00ab\u00a0Una adecuada exfoliaci\u00f3n es un paso crucial en pr\u00e1cticamente cualquier rutina dermocosm\u00e9tica. No solo retira una primera capa de c\u00e9lulas muertas, devolviendo luminosidad a la piel, si no que al hacerlo tambi\u00e9n favorece que los productos de tu rutina penetren mejor y sean m\u00e1s eficaces. Normalmente con 2-3 veces por semana suele ser suficiente, pero hay que individualizar el protocolo en funci\u00f3n de tu piel. Cu\u00e9ntame acerca de tu caso y te asesoro.\u00a0\u00bb<\/p>\n<div style=\"margin-top: 1rem;\"><a href=\"https:\/\/drmazarro.com\/fr\/dr-alejandro-mazarro-specialiste-lifting-du-visage-barcelone\/\">Alejandro Mazarro<\/a> <a href=\"https:\/\/drmazarro.com\/fr\/deep-plane\/\">| Especialista en Lifting Facial Deep Plane<\/a><\/div>\n<\/div>\n<\/div>\n<\/div>\n<p>&nbsp;<\/p>\n<p>&nbsp;<\/p>\n","protected":false},"excerpt":{"rendered":"<p>Exfoliante renovador de triple acci\u00f3n (f\u00edsica, qu\u00edmica y enzim\u00e1tica) para dejar la piel lisa y luminosa.<\/p>\n","protected":false},"featured_media":27268,"comment_status":"closed","ping_status":"closed","template":"","meta":{"_acf_changed":false,"_monsterinsights_skip_tracking":false,"_monsterinsights_sitenote_active":false,"_monsterinsights_sitenote_note":"","_monsterinsights_sitenote_category":0},"product_brand":[],"product_cat":[207,218,252],"product_tag":[240],"class_list":{"0":"post-27271","1":"product","2":"type-product","3":"status-publish","4":"has-post-thumbnail","6":"product_cat-allskin-med-fr","7":"product_cat-limpieza-2-fr","8":"product_cat-tous","9":"product_tag-all-skin-med-fr","11":"first","12":"instock","13":"shipping-taxable","14":"purchasable","15":"product-type-simple"},"acf":[],"yoast_head":"<!-- This site is optimized with the Yoast SEO plugin v27.3 - https:\/\/yoast.com\/product\/yoast-seo-wordpress\/ -->\n<title>Acheter Purifying Renewal Scrub | AllSkinMed | Livraison GRATUITE<\/title>\n<meta name=\"description\" content=\"Obtenez Purifying Renewal Scrub au meilleur prix avec LIVRAISON GRATUITE. Commandez en ligne et recevez vos soins pr\u00e9f\u00e9r\u00e9s chez vous !\" \/>\n<meta name=\"robots\" content=\"index, follow, max-snippet:-1, max-image-preview:large, max-video-preview:-1\" \/>\n<link rel=\"canonical\" href=\"https:\/\/drmazarro.com\/fr\/producto\/purifying-renewal-scrub\/\" \/>\n<meta property=\"og:locale\" content=\"fr_FR\" \/>\n<meta property=\"og:type\" content=\"article\" \/>\n<meta property=\"og:title\" content=\"Acheter Purifying Renewal Scrub | AllSkinMed | Livraison GRATUITE\" \/>\n<meta property=\"og:description\" content=\"Obtenez Purifying Renewal Scrub au meilleur prix avec LIVRAISON GRATUITE. Commandez en ligne et recevez vos soins pr\u00e9f\u00e9r\u00e9s chez vous !\" \/>\n<meta property=\"og:url\" content=\"https:\/\/drmazarro.com\/fr\/producto\/purifying-renewal-scrub\/\" \/>\n<meta property=\"og:site_name\" content=\"Dr. Mazarro\" \/>\n<meta property=\"article:publisher\" content=\"https:\/\/www.facebook.com\/Dr-Mazarro-Cirug%c3%ada-Est%c3%a9tica-Facial-en-Barcelona-101872084913358\/\" \/>\n<meta property=\"article:modified_time\" content=\"2025-09-15T05:21:16+00:00\" \/>\n<meta property=\"og:image\" content=\"https:\/\/drmazarro.com\/wp-content\/uploads\/2025\/06\/Preparation-Renewal-Scrub.jpg\" \/>\n\t<meta property=\"og:image:width\" content=\"912\" \/>\n\t<meta property=\"og:image:height\" content=\"608\" \/>\n\t<meta property=\"og:image:type\" content=\"image\/jpeg\" \/>\n<meta name=\"twitter:card\" content=\"summary_large_image\" \/>\n<meta name=\"twitter:label1\" content=\"Dur\u00e9e de lecture estim\u00e9e\" \/>\n\t<meta name=\"twitter:data1\" content=\"2 minutes\" \/>\n<!-- \/ Yoast SEO plugin. -->","yoast_head_json":{"title":"Acheter Purifying Renewal Scrub | AllSkinMed | Livraison GRATUITE","description":"Obtenez Purifying Renewal Scrub au meilleur prix avec LIVRAISON GRATUITE. Commandez en ligne et recevez vos soins pr\u00e9f\u00e9r\u00e9s chez vous !","robots":{"index":"index","follow":"follow","max-snippet":"max-snippet:-1","max-image-preview":"max-image-preview:large","max-video-preview":"max-video-preview:-1"},"canonical":"https:\/\/drmazarro.com\/fr\/producto\/purifying-renewal-scrub\/","og_locale":"fr_FR","og_type":"article","og_title":"Acheter Purifying Renewal Scrub | AllSkinMed | Livraison GRATUITE","og_description":"Obtenez Purifying Renewal Scrub au meilleur prix avec LIVRAISON GRATUITE. Commandez en ligne et recevez vos soins pr\u00e9f\u00e9r\u00e9s chez vous !","og_url":"https:\/\/drmazarro.com\/fr\/producto\/purifying-renewal-scrub\/","og_site_name":"Dr. Mazarro","article_publisher":"https:\/\/www.facebook.com\/Dr-Mazarro-Cirug%c3%ada-Est%c3%a9tica-Facial-en-Barcelona-101872084913358\/","article_modified_time":"2025-09-15T05:21:16+00:00","og_image":[{"width":912,"height":608,"url":"https:\/\/drmazarro.com\/wp-content\/uploads\/2025\/06\/Preparation-Renewal-Scrub.jpg","type":"image\/jpeg"}],"twitter_card":"summary_large_image","twitter_misc":{"Dur\u00e9e de lecture estim\u00e9e":"2 minutes"},"schema":{"@context":"https:\/\/schema.org","@graph":[{"@type":"WebPage","@id":"https:\/\/drmazarro.com\/fr\/producto\/purifying-renewal-scrub\/","url":"https:\/\/drmazarro.com\/fr\/producto\/purifying-renewal-scrub\/","name":"Acheter Purifying Renewal Scrub | AllSkinMed | Livraison GRATUITE","isPartOf":{"@id":"https:\/\/drmazarro.com\/fr\/#website"},"primaryImageOfPage":{"@id":"https:\/\/drmazarro.com\/fr\/producto\/purifying-renewal-scrub\/#primaryimage"},"image":{"@id":"https:\/\/drmazarro.com\/fr\/producto\/purifying-renewal-scrub\/#primaryimage"},"thumbnailUrl":"https:\/\/drmazarro.com\/wp-content\/uploads\/2025\/06\/Preparation-Renewal-Scrub.jpg","datePublished":"2025-06-25T21:08:31+00:00","dateModified":"2025-09-15T05:21:16+00:00","description":"Obtenez Purifying Renewal Scrub au meilleur prix avec LIVRAISON GRATUITE. Commandez en ligne et recevez vos soins pr\u00e9f\u00e9r\u00e9s chez vous !","breadcrumb":{"@id":"https:\/\/drmazarro.com\/fr\/producto\/purifying-renewal-scrub\/#breadcrumb"},"inLanguage":"fr-FR","potentialAction":[{"@type":"ReadAction","target":["https:\/\/drmazarro.com\/fr\/producto\/purifying-renewal-scrub\/"]}]},{"@type":"ImageObject","inLanguage":"fr-FR","@id":"https:\/\/drmazarro.com\/fr\/producto\/purifying-renewal-scrub\/#primaryimage","url":"https:\/\/drmazarro.com\/wp-content\/uploads\/2025\/06\/Preparation-Renewal-Scrub.jpg","contentUrl":"https:\/\/drmazarro.com\/wp-content\/uploads\/2025\/06\/Preparation-Renewal-Scrub.jpg","width":912,"height":608,"caption":"Renewal Scrub de AllSkinMed"},{"@type":"BreadcrumbList","@id":"https:\/\/drmazarro.com\/fr\/producto\/purifying-renewal-scrub\/#breadcrumb","itemListElement":[{"@type":"ListItem","position":1,"name":"Portada","item":"https:\/\/drmazarro.com\/fr\/"},{"@type":"ListItem","position":2,"name":"Shop","item":"https:\/\/drmazarro.com\/fr\/online-shop\/"},{"@type":"ListItem","position":3,"name":"Purifying Renewal Scrub"}]},{"@type":"WebSite","@id":"https:\/\/drmazarro.com\/fr\/#website","url":"https:\/\/drmazarro.com\/fr\/","name":"Dr. Mazarro","description":"Cirug\u00eda y Medicina Est\u00e9tica Facial en Barcelona","publisher":{"@id":"https:\/\/drmazarro.com\/fr\/#organization"},"potentialAction":[{"@type":"SearchAction","target":{"@type":"EntryPoint","urlTemplate":"https:\/\/drmazarro.com\/fr\/?s={search_term_string}"},"query-input":{"@type":"PropertyValueSpecification","valueRequired":true,"valueName":"search_term_string"}}],"inLanguage":"fr-FR"},{"@type":"Organization","@id":"https:\/\/drmazarro.com\/fr\/#organization","name":"Dr. Mazarro","url":"https:\/\/drmazarro.com\/fr\/","logo":{"@type":"ImageObject","inLanguage":"fr-FR","@id":"https:\/\/drmazarro.com\/fr\/#\/schema\/logo\/image\/","url":"https:\/\/drmazarro.com\/wp-content\/uploads\/2024\/03\/AM-576.png","contentUrl":"https:\/\/drmazarro.com\/wp-content\/uploads\/2024\/03\/AM-576.png","width":576,"height":576,"caption":"Dr. Mazarro"},"image":{"@id":"https:\/\/drmazarro.com\/fr\/#\/schema\/logo\/image\/"},"sameAs":["https:\/\/www.facebook.com\/Dr-Mazarro-Cirug\u00eda-Est\u00e9tica-Facial-en-Barcelona-101872084913358\/","https:\/\/www.instagram.com\/drmazarro_alejandro\/"]}]}},"_links":{"self":[{"href":"https:\/\/drmazarro.com\/fr\/wp-json\/wp\/v2\/product\/27271","targetHints":{"allow":["GET"]}}],"collection":[{"href":"https:\/\/drmazarro.com\/fr\/wp-json\/wp\/v2\/product"}],"about":[{"href":"https:\/\/drmazarro.com\/fr\/wp-json\/wp\/v2\/types\/product"}],"replies":[{"embeddable":true,"href":"https:\/\/drmazarro.com\/fr\/wp-json\/wp\/v2\/comments?post=27271"}],"wp:featuredmedia":[{"embeddable":true,"href":"https:\/\/drmazarro.com\/fr\/wp-json\/wp\/v2\/media\/27268"}],"wp:attachment":[{"href":"https:\/\/drmazarro.com\/fr\/wp-json\/wp\/v2\/media?parent=27271"}],"wp:term":[{"taxonomy":"product_brand","embeddable":true,"href":"https:\/\/drmazarro.com\/fr\/wp-json\/wp\/v2\/product_brand?post=27271"},{"taxonomy":"product_cat","embeddable":true,"href":"https:\/\/drmazarro.com\/fr\/wp-json\/wp\/v2\/product_cat?post=27271"},{"taxonomy":"product_tag","embeddable":true,"href":"https:\/\/drmazarro.com\/fr\/wp-json\/wp\/v2\/product_tag?post=27271"}],"curies":[{"name":"wp","href":"https:\/\/api.w.org\/{rel}","templated":true}]}}