{"id":24192,"date":"2022-07-26T11:36:22","date_gmt":"2024-12-26T14:32:04","guid":{"rendered":"https:\/\/drmazarro.com\/producto\/maslinic-booster-ampoules\/"},"modified":"2025-01-03T19:02:15","modified_gmt":"2025-01-03T18:02:15","slug":"maslinic-booster-ampoules","status":"publish","type":"product","link":"https:\/\/drmazarro.com\/fr\/producto\/maslinic-booster-ampoules\/","title":{"rendered":"Maslinic Booster Ampoules"},"content":{"rendered":"<h2><em>Indications<\/em><\/h2>\n<p style=\"text-align: justify;\">Maslinic Booster Ampoules est un traitement avanc\u00e9 redensifiant et r\u00e9g\u00e9n\u00e9rant contenant des ingr\u00e9dients de pointe qui favorisent la r\u00e9paration et la r\u00e9g\u00e9n\u00e9ration cutan\u00e9e. Cette formule puissante aide \u00e0 pr\u00e9venir le photovieillissement tout en offrant une protection antioxydante efficace.<\/p>\n<p>\u2022 Am\u00e9liore la densit\u00e9 cutan\u00e9e<br \/>\n\u2022 Favorise la r\u00e9g\u00e9n\u00e9ration de la peau<br \/>\n\u2022 Pr\u00e9vient le photovieillissement<br \/>\n\u2022 Procure une protection antioxydante<br \/>\n\u2022 Soutient la r\u00e9paration cutan\u00e9e<br \/>\n\u2022 Am\u00e9liore la r\u00e9sistance de la peau<br \/>\n\u2022 Offre des bienfaits intensifs<\/p>\n<h2><em>Format<\/em><\/h2>\n<p style=\"text-align: justify;\">30 ampoules<\/p>\n<h2><em>Ingr\u00e9dients<\/em><\/h2>\n<p>\u2022 Acide Maslinique<br \/>\n&#8211; Soutient la r\u00e9g\u00e9n\u00e9ration cutan\u00e9e<br \/>\n&#8211; Am\u00e9liore le processus de r\u00e9paration<br \/>\n&#8211; Procure des bienfaits protecteurs<\/p>\n<p>\u2022 Complexe Avanc\u00e9<br \/>\n&#8211; Contient Proteum 89+<br \/>\n&#8211; Enrichi en acide glycyrrh\u00e9tinique<br \/>\n&#8211; Favorise le renouvellement cutan\u00e9<\/p>\n<p>\u2022 Complexe Vitaminique<br \/>\n&#8211; Vitamine A pour le renouvellement<br \/>\n&#8211; Vitamine C pour l&rsquo;\u00e9clat<br \/>\n&#8211; Vitamine E pour la protection<br \/>\n&#8211; Vitamine F pour la nutrition<\/p>\n<h2><em>Comment utiliser Maslinic Booster Ampoules<\/em><\/h2>\n<p style=\"text-align: justify;\">Appliquer matin ou soir sur peau nettoy\u00e9e. Utiliser une ampoule par application. Pour des r\u00e9sultats optimaux, poursuivre avec votre routine de soin habituelle.<\/p>\n","protected":false},"excerpt":{"rendered":"<p>Maslinic Booster Ampoules<\/p>\n<p>Obtenez-le au prix minimum avec livraison GRATUITE &#8211; cliquez pour en savoir plus!<\/p>\n","protected":false},"featured_media":23831,"comment_status":"open","ping_status":"closed","template":"","meta":{"_acf_changed":false,"_monsterinsights_skip_tracking":false,"_monsterinsights_sitenote_active":false,"_monsterinsights_sitenote_note":"","_monsterinsights_sitenote_category":0},"product_brand":[],"product_cat":[220,252],"product_tag":[242],"class_list":{"0":"post-24192","1":"product","2":"type-product","3":"status-publish","4":"has-post-thumbnail","6":"product_cat-bmed-by-martiderm-fr","7":"product_cat-tous","8":"product_tag-bmed-by-martiderm-fr","10":"first","11":"instock","12":"shipping-taxable","13":"purchasable","14":"product-type-simple"},"acf":[],"yoast_head":"<!-- This site is optimized with the Yoast SEO plugin v27.3 - https:\/\/yoast.com\/product\/yoast-seo-wordpress\/ -->\n<title>Acheter Maslinic Booster Ampoules by BMed - Livraison Gratuite<\/title>\n<meta name=\"description\" content=\"Obtenez Maslinic Booster Ampoules au meilleur prix avec LIVRAISON GRATUITE. Commandez en ligne et recevez vos soins pr\u00e9f\u00e9r\u00e9s chez vous !\" \/>\n<meta name=\"robots\" content=\"index, follow, max-snippet:-1, max-image-preview:large, max-video-preview:-1\" \/>\n<link rel=\"canonical\" href=\"https:\/\/drmazarro.com\/fr\/producto\/maslinic-booster-ampoules\/\" \/>\n<meta property=\"og:locale\" content=\"fr_FR\" \/>\n<meta property=\"og:type\" content=\"article\" \/>\n<meta property=\"og:title\" content=\"Acheter Maslinic Booster Ampoules by BMed - Livraison Gratuite\" \/>\n<meta property=\"og:description\" content=\"Obtenez Maslinic Booster Ampoules au meilleur prix avec LIVRAISON GRATUITE. Commandez en ligne et recevez vos soins pr\u00e9f\u00e9r\u00e9s chez vous !\" \/>\n<meta property=\"og:url\" content=\"https:\/\/drmazarro.com\/fr\/producto\/maslinic-booster-ampoules\/\" \/>\n<meta property=\"og:site_name\" content=\"Dr. Mazarro\" \/>\n<meta property=\"article:publisher\" content=\"https:\/\/www.facebook.com\/Dr-Mazarro-Cirug%c3%ada-Est%c3%a9tica-Facial-en-Barcelona-101872084913358\/\" \/>\n<meta property=\"article:modified_time\" content=\"2025-01-03T18:02:15+00:00\" \/>\n<meta property=\"og:image\" content=\"https:\/\/drmazarro.com\/wp-content\/uploads\/2022\/07\/ampollas-maslinic.jpg\" \/>\n\t<meta property=\"og:image:width\" content=\"519\" \/>\n\t<meta property=\"og:image:height\" content=\"781\" \/>\n\t<meta property=\"og:image:type\" content=\"image\/jpeg\" \/>\n<meta name=\"twitter:card\" content=\"summary_large_image\" \/>\n<meta name=\"twitter:label1\" content=\"Dur\u00e9e de lecture estim\u00e9e\" \/>\n\t<meta name=\"twitter:data1\" content=\"1 minute\" \/>\n<!-- \/ Yoast SEO plugin. -->","yoast_head_json":{"title":"Acheter Maslinic Booster Ampoules by BMed - Livraison Gratuite","description":"Obtenez Maslinic Booster Ampoules au meilleur prix avec LIVRAISON GRATUITE. Commandez en ligne et recevez vos soins pr\u00e9f\u00e9r\u00e9s chez vous !","robots":{"index":"index","follow":"follow","max-snippet":"max-snippet:-1","max-image-preview":"max-image-preview:large","max-video-preview":"max-video-preview:-1"},"canonical":"https:\/\/drmazarro.com\/fr\/producto\/maslinic-booster-ampoules\/","og_locale":"fr_FR","og_type":"article","og_title":"Acheter Maslinic Booster Ampoules by BMed - Livraison Gratuite","og_description":"Obtenez Maslinic Booster Ampoules au meilleur prix avec LIVRAISON GRATUITE. Commandez en ligne et recevez vos soins pr\u00e9f\u00e9r\u00e9s chez vous !","og_url":"https:\/\/drmazarro.com\/fr\/producto\/maslinic-booster-ampoules\/","og_site_name":"Dr. Mazarro","article_publisher":"https:\/\/www.facebook.com\/Dr-Mazarro-Cirug%c3%ada-Est%c3%a9tica-Facial-en-Barcelona-101872084913358\/","article_modified_time":"2025-01-03T18:02:15+00:00","og_image":[{"width":519,"height":781,"url":"https:\/\/drmazarro.com\/wp-content\/uploads\/2022\/07\/ampollas-maslinic.jpg","type":"image\/jpeg"}],"twitter_card":"summary_large_image","twitter_misc":{"Dur\u00e9e de lecture estim\u00e9e":"1 minute"},"schema":{"@context":"https:\/\/schema.org","@graph":[{"@type":"WebPage","@id":"https:\/\/drmazarro.com\/fr\/producto\/maslinic-booster-ampoules\/","url":"https:\/\/drmazarro.com\/fr\/producto\/maslinic-booster-ampoules\/","name":"Acheter Maslinic Booster Ampoules by BMed - Livraison Gratuite","isPartOf":{"@id":"https:\/\/drmazarro.com\/fr\/#website"},"primaryImageOfPage":{"@id":"https:\/\/drmazarro.com\/fr\/producto\/maslinic-booster-ampoules\/#primaryimage"},"image":{"@id":"https:\/\/drmazarro.com\/fr\/producto\/maslinic-booster-ampoules\/#primaryimage"},"thumbnailUrl":"https:\/\/drmazarro.com\/wp-content\/uploads\/2022\/07\/ampollas-maslinic.jpg","datePublished":"2024-12-26T14:32:04+00:00","dateModified":"2025-01-03T18:02:15+00:00","description":"Obtenez Maslinic Booster Ampoules au meilleur prix avec LIVRAISON GRATUITE. Commandez en ligne et recevez vos soins pr\u00e9f\u00e9r\u00e9s chez vous !","breadcrumb":{"@id":"https:\/\/drmazarro.com\/fr\/producto\/maslinic-booster-ampoules\/#breadcrumb"},"inLanguage":"fr-FR","potentialAction":[{"@type":"ReadAction","target":["https:\/\/drmazarro.com\/fr\/producto\/maslinic-booster-ampoules\/"]}]},{"@type":"ImageObject","inLanguage":"fr-FR","@id":"https:\/\/drmazarro.com\/fr\/producto\/maslinic-booster-ampoules\/#primaryimage","url":"https:\/\/drmazarro.com\/wp-content\/uploads\/2022\/07\/ampollas-maslinic.jpg","contentUrl":"https:\/\/drmazarro.com\/wp-content\/uploads\/2022\/07\/ampollas-maslinic.jpg","width":519,"height":781,"caption":"Maslinic Booster Ampoulse BMed"},{"@type":"BreadcrumbList","@id":"https:\/\/drmazarro.com\/fr\/producto\/maslinic-booster-ampoules\/#breadcrumb","itemListElement":[{"@type":"ListItem","position":1,"name":"Portada","item":"https:\/\/drmazarro.com\/fr\/"},{"@type":"ListItem","position":2,"name":"Shop","item":"https:\/\/drmazarro.com\/fr\/online-shop\/"},{"@type":"ListItem","position":3,"name":"Maslinic Booster Ampoules"}]},{"@type":"WebSite","@id":"https:\/\/drmazarro.com\/fr\/#website","url":"https:\/\/drmazarro.com\/fr\/","name":"Dr. Mazarro","description":"Cirug\u00eda y Medicina Est\u00e9tica Facial en Barcelona","publisher":{"@id":"https:\/\/drmazarro.com\/fr\/#organization"},"potentialAction":[{"@type":"SearchAction","target":{"@type":"EntryPoint","urlTemplate":"https:\/\/drmazarro.com\/fr\/?s={search_term_string}"},"query-input":{"@type":"PropertyValueSpecification","valueRequired":true,"valueName":"search_term_string"}}],"inLanguage":"fr-FR"},{"@type":"Organization","@id":"https:\/\/drmazarro.com\/fr\/#organization","name":"Dr. Mazarro","url":"https:\/\/drmazarro.com\/fr\/","logo":{"@type":"ImageObject","inLanguage":"fr-FR","@id":"https:\/\/drmazarro.com\/fr\/#\/schema\/logo\/image\/","url":"https:\/\/drmazarro.com\/wp-content\/uploads\/2024\/03\/AM-576.png","contentUrl":"https:\/\/drmazarro.com\/wp-content\/uploads\/2024\/03\/AM-576.png","width":576,"height":576,"caption":"Dr. Mazarro"},"image":{"@id":"https:\/\/drmazarro.com\/fr\/#\/schema\/logo\/image\/"},"sameAs":["https:\/\/www.facebook.com\/Dr-Mazarro-Cirug\u00eda-Est\u00e9tica-Facial-en-Barcelona-101872084913358\/","https:\/\/www.instagram.com\/drmazarro_alejandro\/"]}]}},"_links":{"self":[{"href":"https:\/\/drmazarro.com\/fr\/wp-json\/wp\/v2\/product\/24192","targetHints":{"allow":["GET"]}}],"collection":[{"href":"https:\/\/drmazarro.com\/fr\/wp-json\/wp\/v2\/product"}],"about":[{"href":"https:\/\/drmazarro.com\/fr\/wp-json\/wp\/v2\/types\/product"}],"replies":[{"embeddable":true,"href":"https:\/\/drmazarro.com\/fr\/wp-json\/wp\/v2\/comments?post=24192"}],"wp:featuredmedia":[{"embeddable":true,"href":"https:\/\/drmazarro.com\/fr\/wp-json\/wp\/v2\/media\/23831"}],"wp:attachment":[{"href":"https:\/\/drmazarro.com\/fr\/wp-json\/wp\/v2\/media?parent=24192"}],"wp:term":[{"taxonomy":"product_brand","embeddable":true,"href":"https:\/\/drmazarro.com\/fr\/wp-json\/wp\/v2\/product_brand?post=24192"},{"taxonomy":"product_cat","embeddable":true,"href":"https:\/\/drmazarro.com\/fr\/wp-json\/wp\/v2\/product_cat?post=24192"},{"taxonomy":"product_tag","embeddable":true,"href":"https:\/\/drmazarro.com\/fr\/wp-json\/wp\/v2\/product_tag?post=24192"}],"curies":[{"name":"wp","href":"https:\/\/api.w.org\/{rel}","templated":true}]}}