{"id":24184,"date":"2022-07-26T11:39:36","date_gmt":"2024-12-26T14:31:23","guid":{"rendered":"https:\/\/drmazarro.com\/producto\/moisturising-repair-cream-bmed\/"},"modified":"2025-01-03T19:06:27","modified_gmt":"2025-01-03T18:06:27","slug":"moisturising-repair-cream-bmed","status":"publish","type":"product","link":"https:\/\/drmazarro.com\/fr\/producto\/moisturising-repair-cream-bmed\/","title":{"rendered":"BMed Moisturising Repair Cream"},"content":{"rendered":"<h2><em>Indications<\/em><\/h2>\n<p style=\"text-align: justify;\">Moisturising Repair Cream est un traitement ultra-hydratant et r\u00e9parateur contenant des ingr\u00e9dients actifs qui favorisent la r\u00e9\u00e9pith\u00e9lialisation et restaurent l&rsquo;\u00e9lasticit\u00e9 cutan\u00e9e. Cette formule avanc\u00e9e procure un confort imm\u00e9diat tout en soutenant le processus naturel de r\u00e9paration de la peau.<\/p>\n<p>\u2022 Procure une hydratation intense \u2022 Favorise la r\u00e9paration cutan\u00e9e \u2022 Restaure l&rsquo;\u00e9lasticit\u00e9 de la peau \u2022 Am\u00e9liore le confort \u2022 Soutient la r\u00e9\u00e9pith\u00e9lialisation \u2022 Offre un soulagement imm\u00e9diat \u2022 Adapt\u00e9e aux peaux fragilis\u00e9es<\/p>\n<h2><em>Format<\/em><\/h2>\n<p style=\"text-align: justify;\">50mL<\/p>\n<h2><em>Ingr\u00e9dients<\/em><\/h2>\n<p>\u2022 Acide Glycyrrh\u00e9tinique &#8211; Soutient la r\u00e9paration cutan\u00e9e &#8211; Procure des bienfaits apaisants &#8211; Am\u00e9liore le confort<br \/>\n\u2022 Reishi Bioferment\u00e9<\/p>\n<p>Favorise la restauration cutan\u00e9e<br \/>\nAm\u00e9liore l&rsquo;\u00e9lasticit\u00e9<br \/>\nSoutient la gu\u00e9rison naturelle<\/p>\n<h2><em>Comment utiliser Moisturising Repair Cream<\/em><\/h2>\n<p style=\"text-align: justify;\">Appliquer le soir apr\u00e8s le nettoyage habituel. Masser doucement jusqu&rsquo;\u00e0 absorption. Pour des r\u00e9sultats optimaux, utiliser r\u00e9guli\u00e8rement dans le cadre de votre routine de soin du soir.<\/p>\n","protected":false},"excerpt":{"rendered":"<p>Moisturising Repair Cream &#8211; BMed<\/p>\n<p>Obtenez-le au prix minimum avec livraison GRATUITE &#8211; cliquez pour en savoir plus!<\/p>\n","protected":false},"featured_media":23811,"comment_status":"open","ping_status":"closed","template":"","meta":{"_acf_changed":false,"_monsterinsights_skip_tracking":false,"_monsterinsights_sitenote_active":false,"_monsterinsights_sitenote_note":"","_monsterinsights_sitenote_category":0},"product_brand":[],"product_cat":[220,252],"product_tag":[242],"class_list":{"0":"post-24184","1":"product","2":"type-product","3":"status-publish","4":"has-post-thumbnail","6":"product_cat-bmed-by-martiderm-fr","7":"product_cat-tous","8":"product_tag-bmed-by-martiderm-fr","10":"first","11":"outofstock","12":"shipping-taxable","13":"purchasable","14":"product-type-simple"},"acf":[],"yoast_head":"<!-- This site is optimized with the Yoast SEO plugin v27.3 - https:\/\/yoast.com\/product\/yoast-seo-wordpress\/ -->\n<title>Acheter BMed Moisturising Repair Cream - Livraison Gratuite<\/title>\n<meta name=\"description\" content=\"Obtenez BMed Moisturising Repair Cream au meilleur prix avec LIVRAISON GRATUITE. Commandez en ligne et recevez vos soins pr\u00e9f\u00e9r\u00e9s chez vous !\" \/>\n<meta name=\"robots\" content=\"index, follow, max-snippet:-1, max-image-preview:large, max-video-preview:-1\" \/>\n<link rel=\"canonical\" href=\"https:\/\/drmazarro.com\/fr\/producto\/moisturising-repair-cream-bmed\/\" \/>\n<meta property=\"og:locale\" content=\"fr_FR\" \/>\n<meta property=\"og:type\" content=\"article\" \/>\n<meta property=\"og:title\" content=\"Acheter BMed Moisturising Repair Cream - Livraison Gratuite\" \/>\n<meta property=\"og:description\" content=\"Obtenez BMed Moisturising Repair Cream au meilleur prix avec LIVRAISON GRATUITE. Commandez en ligne et recevez vos soins pr\u00e9f\u00e9r\u00e9s chez vous !\" \/>\n<meta property=\"og:url\" content=\"https:\/\/drmazarro.com\/fr\/producto\/moisturising-repair-cream-bmed\/\" \/>\n<meta property=\"og:site_name\" content=\"Dr. Mazarro\" \/>\n<meta property=\"article:publisher\" content=\"https:\/\/www.facebook.com\/Dr-Mazarro-Cirug%c3%ada-Est%c3%a9tica-Facial-en-Barcelona-101872084913358\/\" \/>\n<meta property=\"article:modified_time\" content=\"2025-01-03T18:06:27+00:00\" \/>\n<meta property=\"og:image\" content=\"https:\/\/drmazarro.com\/wp-content\/uploads\/2022\/07\/moisturising_repair_cream-1-1.webp\" \/>\n\t<meta property=\"og:image:width\" content=\"524\" \/>\n\t<meta property=\"og:image:height\" content=\"786\" \/>\n\t<meta property=\"og:image:type\" content=\"image\/webp\" \/>\n<meta name=\"twitter:card\" content=\"summary_large_image\" \/>\n<meta name=\"twitter:label1\" content=\"Dur\u00e9e de lecture estim\u00e9e\" \/>\n\t<meta name=\"twitter:data1\" content=\"1 minute\" \/>\n<!-- \/ Yoast SEO plugin. -->","yoast_head_json":{"title":"Acheter BMed Moisturising Repair Cream - Livraison Gratuite","description":"Obtenez BMed Moisturising Repair Cream au meilleur prix avec LIVRAISON GRATUITE. Commandez en ligne et recevez vos soins pr\u00e9f\u00e9r\u00e9s chez vous !","robots":{"index":"index","follow":"follow","max-snippet":"max-snippet:-1","max-image-preview":"max-image-preview:large","max-video-preview":"max-video-preview:-1"},"canonical":"https:\/\/drmazarro.com\/fr\/producto\/moisturising-repair-cream-bmed\/","og_locale":"fr_FR","og_type":"article","og_title":"Acheter BMed Moisturising Repair Cream - Livraison Gratuite","og_description":"Obtenez BMed Moisturising Repair Cream au meilleur prix avec LIVRAISON GRATUITE. Commandez en ligne et recevez vos soins pr\u00e9f\u00e9r\u00e9s chez vous !","og_url":"https:\/\/drmazarro.com\/fr\/producto\/moisturising-repair-cream-bmed\/","og_site_name":"Dr. Mazarro","article_publisher":"https:\/\/www.facebook.com\/Dr-Mazarro-Cirug%c3%ada-Est%c3%a9tica-Facial-en-Barcelona-101872084913358\/","article_modified_time":"2025-01-03T18:06:27+00:00","og_image":[{"width":524,"height":786,"url":"https:\/\/drmazarro.com\/wp-content\/uploads\/2022\/07\/moisturising_repair_cream-1-1.webp","type":"image\/webp"}],"twitter_card":"summary_large_image","twitter_misc":{"Dur\u00e9e de lecture estim\u00e9e":"1 minute"},"schema":{"@context":"https:\/\/schema.org","@graph":[{"@type":"WebPage","@id":"https:\/\/drmazarro.com\/fr\/producto\/moisturising-repair-cream-bmed\/","url":"https:\/\/drmazarro.com\/fr\/producto\/moisturising-repair-cream-bmed\/","name":"Acheter BMed Moisturising Repair Cream - Livraison Gratuite","isPartOf":{"@id":"https:\/\/drmazarro.com\/fr\/#website"},"primaryImageOfPage":{"@id":"https:\/\/drmazarro.com\/fr\/producto\/moisturising-repair-cream-bmed\/#primaryimage"},"image":{"@id":"https:\/\/drmazarro.com\/fr\/producto\/moisturising-repair-cream-bmed\/#primaryimage"},"thumbnailUrl":"https:\/\/drmazarro.com\/wp-content\/uploads\/2022\/07\/moisturising_repair_cream-1-1.webp","datePublished":"2024-12-26T14:31:23+00:00","dateModified":"2025-01-03T18:06:27+00:00","description":"Obtenez BMed Moisturising Repair Cream au meilleur prix avec LIVRAISON GRATUITE. Commandez en ligne et recevez vos soins pr\u00e9f\u00e9r\u00e9s chez vous !","breadcrumb":{"@id":"https:\/\/drmazarro.com\/fr\/producto\/moisturising-repair-cream-bmed\/#breadcrumb"},"inLanguage":"fr-FR","potentialAction":[{"@type":"ReadAction","target":["https:\/\/drmazarro.com\/fr\/producto\/moisturising-repair-cream-bmed\/"]}]},{"@type":"ImageObject","inLanguage":"fr-FR","@id":"https:\/\/drmazarro.com\/fr\/producto\/moisturising-repair-cream-bmed\/#primaryimage","url":"https:\/\/drmazarro.com\/wp-content\/uploads\/2022\/07\/moisturising_repair_cream-1-1.webp","contentUrl":"https:\/\/drmazarro.com\/wp-content\/uploads\/2022\/07\/moisturising_repair_cream-1-1.webp","width":524,"height":786,"caption":"Moisturising Repair Crea m BMed"},{"@type":"BreadcrumbList","@id":"https:\/\/drmazarro.com\/fr\/producto\/moisturising-repair-cream-bmed\/#breadcrumb","itemListElement":[{"@type":"ListItem","position":1,"name":"Portada","item":"https:\/\/drmazarro.com\/fr\/"},{"@type":"ListItem","position":2,"name":"Shop","item":"https:\/\/drmazarro.com\/fr\/online-shop\/"},{"@type":"ListItem","position":3,"name":"BMed Moisturising Repair Cream"}]},{"@type":"WebSite","@id":"https:\/\/drmazarro.com\/fr\/#website","url":"https:\/\/drmazarro.com\/fr\/","name":"Dr. Mazarro","description":"Cirug\u00eda y Medicina Est\u00e9tica Facial en Barcelona","publisher":{"@id":"https:\/\/drmazarro.com\/fr\/#organization"},"potentialAction":[{"@type":"SearchAction","target":{"@type":"EntryPoint","urlTemplate":"https:\/\/drmazarro.com\/fr\/?s={search_term_string}"},"query-input":{"@type":"PropertyValueSpecification","valueRequired":true,"valueName":"search_term_string"}}],"inLanguage":"fr-FR"},{"@type":"Organization","@id":"https:\/\/drmazarro.com\/fr\/#organization","name":"Dr. Mazarro","url":"https:\/\/drmazarro.com\/fr\/","logo":{"@type":"ImageObject","inLanguage":"fr-FR","@id":"https:\/\/drmazarro.com\/fr\/#\/schema\/logo\/image\/","url":"https:\/\/drmazarro.com\/wp-content\/uploads\/2024\/03\/AM-576.png","contentUrl":"https:\/\/drmazarro.com\/wp-content\/uploads\/2024\/03\/AM-576.png","width":576,"height":576,"caption":"Dr. Mazarro"},"image":{"@id":"https:\/\/drmazarro.com\/fr\/#\/schema\/logo\/image\/"},"sameAs":["https:\/\/www.facebook.com\/Dr-Mazarro-Cirug\u00eda-Est\u00e9tica-Facial-en-Barcelona-101872084913358\/","https:\/\/www.instagram.com\/drmazarro_alejandro\/"]}]}},"_links":{"self":[{"href":"https:\/\/drmazarro.com\/fr\/wp-json\/wp\/v2\/product\/24184","targetHints":{"allow":["GET"]}}],"collection":[{"href":"https:\/\/drmazarro.com\/fr\/wp-json\/wp\/v2\/product"}],"about":[{"href":"https:\/\/drmazarro.com\/fr\/wp-json\/wp\/v2\/types\/product"}],"replies":[{"embeddable":true,"href":"https:\/\/drmazarro.com\/fr\/wp-json\/wp\/v2\/comments?post=24184"}],"wp:featuredmedia":[{"embeddable":true,"href":"https:\/\/drmazarro.com\/fr\/wp-json\/wp\/v2\/media\/23811"}],"wp:attachment":[{"href":"https:\/\/drmazarro.com\/fr\/wp-json\/wp\/v2\/media?parent=24184"}],"wp:term":[{"taxonomy":"product_brand","embeddable":true,"href":"https:\/\/drmazarro.com\/fr\/wp-json\/wp\/v2\/product_brand?post=24184"},{"taxonomy":"product_cat","embeddable":true,"href":"https:\/\/drmazarro.com\/fr\/wp-json\/wp\/v2\/product_cat?post=24184"},{"taxonomy":"product_tag","embeddable":true,"href":"https:\/\/drmazarro.com\/fr\/wp-json\/wp\/v2\/product_tag?post=24184"}],"curies":[{"name":"wp","href":"https:\/\/api.w.org\/{rel}","templated":true}]}}