{"id":24166,"date":"2022-07-25T12:57:22","date_gmt":"2024-12-26T14:36:56","guid":{"rendered":"https:\/\/drmazarro.com\/producto\/illuminating-ampoules\/"},"modified":"2025-01-03T19:51:12","modified_gmt":"2025-01-03T18:51:12","slug":"illuminating-ampoules","status":"publish","type":"product","link":"https:\/\/drmazarro.com\/fr\/producto\/illuminating-ampoules\/","title":{"rendered":"Illuminating Ampoules"},"content":{"rendered":"<h2><em>Indications<\/em><\/h2>\n<p style=\"text-align: justify;\">Ampollas Iluminadoras est un traitement intensif illuminateur et anti-\u00e2ge contenant de la vitamine C stabilis\u00e9e et la technologie brevet\u00e9e SCA PRO\u00ae. Cette formule sans huile aide \u00e0 pr\u00e9venir et \u00e0 r\u00e9duire les signes visibles du photovieillissement tout en am\u00e9liorant la luminosit\u00e9 de la peau, combinant une puissante protection antioxydante avec des bienfaits r\u00e9g\u00e9n\u00e9rants.<\/p>\n<p>\u2022 Rehausse la luminosit\u00e9 de la peau<br \/>\n\u2022 Procure une protection antioxydante<br \/>\n\u2022 R\u00e9duit les signes du photovieillissement<br \/>\n\u2022 Am\u00e9liore la fermet\u00e9 cutan\u00e9e<br \/>\n\u2022 Lisse les rides d&rsquo;expression<br \/>\n\u2022 Am\u00e9liore l&rsquo;hydratation cutan\u00e9e<br \/>\n\u2022 Convient \u00e0 tous les types de peau<\/p>\n<h2><em>Format<\/em><\/h2>\n<p style=\"text-align: justify;\">28 x 1mL ampoules<\/p>\n<h2><em>Ingr\u00e9dients<\/em><\/h2>\n<p>\u2022 Vitamine C Stabilis\u00e9e<br \/>\n&#8211; Procure de puissants bienfaits antioxydants<br \/>\n&#8211; Am\u00e9liore la luminosit\u00e9 de la peau<br \/>\n&#8211; Perfectionne le teint<\/p>\n<p>\u2022 Technologie SCA\u00ae PRO<br \/>\n&#8211; Riche en facteurs de croissance<br \/>\n&#8211; Favorise la r\u00e9g\u00e9n\u00e9ration cutan\u00e9e<br \/>\n&#8211; R\u00e9duit les ridules<br \/>\n&#8211; Augmente la fermet\u00e9<\/p>\n<p>\u2022 Prot\u00e9oglycanes<br \/>\n&#8211; Am\u00e9liorent l&rsquo;apparence de la peau<br \/>\n&#8211; Renforcent l&rsquo;hydratation<br \/>\n&#8211; Soutiennent la structure cutan\u00e9e<\/p>\n<h2><em>Comment utiliser Ampollas Iluminadoras<\/em><\/h2>\n<p style=\"text-align: justify;\">Bien agiter avant utilisation jusqu&rsquo;\u00e0 homog\u00e9n\u00e9isation de la formule. Appliquer le contenu d&rsquo;une ampoule matin et soir sur peau nettoy\u00e9e du visage, ou selon les indications de votre professionnel de sant\u00e9. Pr\u00e9sente une formule l\u00e9g\u00e8re sans huile adapt\u00e9e \u00e0 une utilisation quotidienne.<\/p>\n","protected":false},"excerpt":{"rendered":"<p>Illuminating Ampoules<\/p>\n<p>Obtenez-le au prix minimum avec livraison GRATUITE &#8211; cliquez pour en savoir plus!<\/p>\n","protected":false},"featured_media":5871,"comment_status":"open","ping_status":"closed","template":"","meta":{"_acf_changed":false,"_monsterinsights_skip_tracking":false,"_monsterinsights_sitenote_active":false,"_monsterinsights_sitenote_note":"","_monsterinsights_sitenote_category":0},"product_brand":[],"product_cat":[207,212,252],"product_tag":[240],"class_list":{"0":"post-24166","1":"product","2":"type-product","3":"status-publish","4":"has-post-thumbnail","6":"product_cat-allskin-med-fr","7":"product_cat-complementos-fr","8":"product_cat-tous","9":"product_tag-all-skin-med-fr","11":"first","12":"instock","13":"shipping-taxable","14":"purchasable","15":"product-type-simple"},"acf":[],"yoast_head":"<!-- This site is optimized with the Yoast SEO plugin v27.3 - https:\/\/yoast.com\/product\/yoast-seo-wordpress\/ -->\n<title>Acheter Illuminating Ampoules by AllSkinMed- Livraison Gratuite<\/title>\n<meta name=\"description\" content=\"Obtenez Illuminating Ampoules au meilleur prix avec LIVRAISON GRATUITE. Commandez en ligne et recevez vos soins pr\u00e9f\u00e9r\u00e9s chez vous !\" \/>\n<meta name=\"robots\" content=\"index, follow, max-snippet:-1, max-image-preview:large, max-video-preview:-1\" \/>\n<link rel=\"canonical\" href=\"https:\/\/drmazarro.com\/fr\/producto\/illuminating-ampoules\/\" \/>\n<meta property=\"og:locale\" content=\"fr_FR\" \/>\n<meta property=\"og:type\" content=\"article\" \/>\n<meta property=\"og:title\" content=\"Acheter Illuminating Ampoules by AllSkinMed- Livraison Gratuite\" \/>\n<meta property=\"og:description\" content=\"Obtenez Illuminating Ampoules au meilleur prix avec LIVRAISON GRATUITE. Commandez en ligne et recevez vos soins pr\u00e9f\u00e9r\u00e9s chez vous !\" \/>\n<meta property=\"og:url\" content=\"https:\/\/drmazarro.com\/fr\/producto\/illuminating-ampoules\/\" \/>\n<meta property=\"og:site_name\" content=\"Dr. Mazarro\" \/>\n<meta property=\"article:publisher\" content=\"https:\/\/www.facebook.com\/Dr-Mazarro-Cirug%c3%ada-Est%c3%a9tica-Facial-en-Barcelona-101872084913358\/\" \/>\n<meta property=\"article:modified_time\" content=\"2025-01-03T18:51:12+00:00\" \/>\n<meta property=\"og:image\" content=\"https:\/\/drmazarro.com\/wp-content\/uploads\/2022\/01\/AllSkinMed-Ampollas-Iluminadoras.png\" \/>\n\t<meta property=\"og:image:width\" content=\"1040\" \/>\n\t<meta property=\"og:image:height\" content=\"659\" \/>\n\t<meta property=\"og:image:type\" content=\"image\/png\" \/>\n<meta name=\"twitter:card\" content=\"summary_large_image\" \/>\n<meta name=\"twitter:label1\" content=\"Dur\u00e9e de lecture estim\u00e9e\" \/>\n\t<meta name=\"twitter:data1\" content=\"1 minute\" \/>\n<!-- \/ Yoast SEO plugin. -->","yoast_head_json":{"title":"Acheter Illuminating Ampoules by AllSkinMed- Livraison Gratuite","description":"Obtenez Illuminating Ampoules au meilleur prix avec LIVRAISON GRATUITE. Commandez en ligne et recevez vos soins pr\u00e9f\u00e9r\u00e9s chez vous !","robots":{"index":"index","follow":"follow","max-snippet":"max-snippet:-1","max-image-preview":"max-image-preview:large","max-video-preview":"max-video-preview:-1"},"canonical":"https:\/\/drmazarro.com\/fr\/producto\/illuminating-ampoules\/","og_locale":"fr_FR","og_type":"article","og_title":"Acheter Illuminating Ampoules by AllSkinMed- Livraison Gratuite","og_description":"Obtenez Illuminating Ampoules au meilleur prix avec LIVRAISON GRATUITE. Commandez en ligne et recevez vos soins pr\u00e9f\u00e9r\u00e9s chez vous !","og_url":"https:\/\/drmazarro.com\/fr\/producto\/illuminating-ampoules\/","og_site_name":"Dr. Mazarro","article_publisher":"https:\/\/www.facebook.com\/Dr-Mazarro-Cirug%c3%ada-Est%c3%a9tica-Facial-en-Barcelona-101872084913358\/","article_modified_time":"2025-01-03T18:51:12+00:00","og_image":[{"width":1040,"height":659,"url":"https:\/\/drmazarro.com\/wp-content\/uploads\/2022\/01\/AllSkinMed-Ampollas-Iluminadoras.png","type":"image\/png"}],"twitter_card":"summary_large_image","twitter_misc":{"Dur\u00e9e de lecture estim\u00e9e":"1 minute"},"schema":{"@context":"https:\/\/schema.org","@graph":[{"@type":"WebPage","@id":"https:\/\/drmazarro.com\/fr\/producto\/illuminating-ampoules\/","url":"https:\/\/drmazarro.com\/fr\/producto\/illuminating-ampoules\/","name":"Acheter Illuminating Ampoules by AllSkinMed- Livraison Gratuite","isPartOf":{"@id":"https:\/\/drmazarro.com\/fr\/#website"},"primaryImageOfPage":{"@id":"https:\/\/drmazarro.com\/fr\/producto\/illuminating-ampoules\/#primaryimage"},"image":{"@id":"https:\/\/drmazarro.com\/fr\/producto\/illuminating-ampoules\/#primaryimage"},"thumbnailUrl":"https:\/\/drmazarro.com\/wp-content\/uploads\/2022\/01\/AllSkinMed-Ampollas-Iluminadoras.png","datePublished":"2024-12-26T14:36:56+00:00","dateModified":"2025-01-03T18:51:12+00:00","description":"Obtenez Illuminating Ampoules au meilleur prix avec LIVRAISON GRATUITE. Commandez en ligne et recevez vos soins pr\u00e9f\u00e9r\u00e9s chez vous !","breadcrumb":{"@id":"https:\/\/drmazarro.com\/fr\/producto\/illuminating-ampoules\/#breadcrumb"},"inLanguage":"fr-FR","potentialAction":[{"@type":"ReadAction","target":["https:\/\/drmazarro.com\/fr\/producto\/illuminating-ampoules\/"]}]},{"@type":"ImageObject","inLanguage":"fr-FR","@id":"https:\/\/drmazarro.com\/fr\/producto\/illuminating-ampoules\/#primaryimage","url":"https:\/\/drmazarro.com\/wp-content\/uploads\/2022\/01\/AllSkinMed-Ampollas-Iluminadoras.png","contentUrl":"https:\/\/drmazarro.com\/wp-content\/uploads\/2022\/01\/AllSkinMed-Ampollas-Iluminadoras.png","width":1040,"height":659,"caption":"Ampollas Iluminadoras - Comprar Online - Dr. Mazarro by AllSkin Med"},{"@type":"BreadcrumbList","@id":"https:\/\/drmazarro.com\/fr\/producto\/illuminating-ampoules\/#breadcrumb","itemListElement":[{"@type":"ListItem","position":1,"name":"Portada","item":"https:\/\/drmazarro.com\/fr\/"},{"@type":"ListItem","position":2,"name":"Shop","item":"https:\/\/drmazarro.com\/fr\/online-shop\/"},{"@type":"ListItem","position":3,"name":"Illuminating Ampoules"}]},{"@type":"WebSite","@id":"https:\/\/drmazarro.com\/fr\/#website","url":"https:\/\/drmazarro.com\/fr\/","name":"Dr. Mazarro","description":"Cirug\u00eda y Medicina Est\u00e9tica Facial en Barcelona","publisher":{"@id":"https:\/\/drmazarro.com\/fr\/#organization"},"potentialAction":[{"@type":"SearchAction","target":{"@type":"EntryPoint","urlTemplate":"https:\/\/drmazarro.com\/fr\/?s={search_term_string}"},"query-input":{"@type":"PropertyValueSpecification","valueRequired":true,"valueName":"search_term_string"}}],"inLanguage":"fr-FR"},{"@type":"Organization","@id":"https:\/\/drmazarro.com\/fr\/#organization","name":"Dr. Mazarro","url":"https:\/\/drmazarro.com\/fr\/","logo":{"@type":"ImageObject","inLanguage":"fr-FR","@id":"https:\/\/drmazarro.com\/fr\/#\/schema\/logo\/image\/","url":"https:\/\/drmazarro.com\/wp-content\/uploads\/2024\/03\/AM-576.png","contentUrl":"https:\/\/drmazarro.com\/wp-content\/uploads\/2024\/03\/AM-576.png","width":576,"height":576,"caption":"Dr. Mazarro"},"image":{"@id":"https:\/\/drmazarro.com\/fr\/#\/schema\/logo\/image\/"},"sameAs":["https:\/\/www.facebook.com\/Dr-Mazarro-Cirug\u00eda-Est\u00e9tica-Facial-en-Barcelona-101872084913358\/","https:\/\/www.instagram.com\/drmazarro_alejandro\/"]}]}},"_links":{"self":[{"href":"https:\/\/drmazarro.com\/fr\/wp-json\/wp\/v2\/product\/24166","targetHints":{"allow":["GET"]}}],"collection":[{"href":"https:\/\/drmazarro.com\/fr\/wp-json\/wp\/v2\/product"}],"about":[{"href":"https:\/\/drmazarro.com\/fr\/wp-json\/wp\/v2\/types\/product"}],"replies":[{"embeddable":true,"href":"https:\/\/drmazarro.com\/fr\/wp-json\/wp\/v2\/comments?post=24166"}],"wp:featuredmedia":[{"embeddable":true,"href":"https:\/\/drmazarro.com\/fr\/wp-json\/wp\/v2\/media\/5871"}],"wp:attachment":[{"href":"https:\/\/drmazarro.com\/fr\/wp-json\/wp\/v2\/media?parent=24166"}],"wp:term":[{"taxonomy":"product_brand","embeddable":true,"href":"https:\/\/drmazarro.com\/fr\/wp-json\/wp\/v2\/product_brand?post=24166"},{"taxonomy":"product_cat","embeddable":true,"href":"https:\/\/drmazarro.com\/fr\/wp-json\/wp\/v2\/product_cat?post=24166"},{"taxonomy":"product_tag","embeddable":true,"href":"https:\/\/drmazarro.com\/fr\/wp-json\/wp\/v2\/product_tag?post=24166"}],"curies":[{"name":"wp","href":"https:\/\/api.w.org\/{rel}","templated":true}]}}