{"id":24159,"date":"2022-07-25T12:59:00","date_gmt":"2024-12-26T14:36:58","guid":{"rendered":"https:\/\/drmazarro.com\/producto\/regenerating-ampoules\/"},"modified":"2025-01-03T19:50:49","modified_gmt":"2025-01-03T18:50:49","slug":"regenerating-ampoules","status":"publish","type":"product","link":"https:\/\/drmazarro.com\/fr\/producto\/regenerating-ampoules\/","title":{"rendered":"Regenerating Ampoules"},"content":{"rendered":"<h2><em>Indications<\/em><\/h2>\n<p style=\"text-align: justify;\">Regenerating Ampoules est un traitement intensif anti-\u00e2ge formul\u00e9 avec la technologie brevet\u00e9e SCA PRO\u00ae, riche en facteurs de croissance. Cette formule avanc\u00e9e aide \u00e0 pr\u00e9venir et \u00e0 r\u00e9duire les signes visibles du vieillissement cutan\u00e9 tout en procurant des bienfaits intenses de r\u00e9g\u00e9n\u00e9ration et de r\u00e9paration, la rendant id\u00e9ale pour les proc\u00e9dures post-esth\u00e9tiques et l&rsquo;am\u00e9lioration des r\u00e9sultats des traitements.<\/p>\n<p>\u2022 R\u00e9duit les signes visibles du vieillissement<br \/>\n\u2022 Augmente la fermet\u00e9 cutan\u00e9e<br \/>\n\u2022 Am\u00e9liore l&rsquo;\u00e9lasticit\u00e9<br \/>\n\u2022 Minimise les rides d&rsquo;expression<br \/>\n\u2022 Procure une protection antioxydante<br \/>\n\u2022 Soutient la r\u00e9cup\u00e9ration post-proc\u00e9dure<br \/>\n\u2022 Convient \u00e0 tous les types de peau<\/p>\n<h2><em>Format<\/em><\/h2>\n<p style=\"text-align: justify;\">28 x 1mL ampoules<\/p>\n<h2><em>Ingr\u00e9dients<\/em><\/h2>\n<p>\u2022 Technologie SCA\u00ae PRO<br \/>\n&#8211; Riche en facteurs de croissance<br \/>\n&#8211; Favorise la r\u00e9g\u00e9n\u00e9ration cutan\u00e9e<br \/>\n&#8211; Am\u00e9liore la densit\u00e9 de la peau<br \/>\n&#8211; Soutient le processus de r\u00e9paration<\/p>\n<p>\u2022 Complexe Antioxydant<br \/>\n&#8211; Contient de la vitamine C<br \/>\n&#8211; Int\u00e8gre de la vitamine E<br \/>\n&#8211; Prot\u00e8ge contre le stress environnemental<\/p>\n<p>\u2022 Actifs Hydratants<br \/>\n&#8211; Maintient une hydratation optimale<br \/>\n&#8211; Soutient la barri\u00e8re cutan\u00e9e<br \/>\n&#8211; Am\u00e9liore le confort<\/p>\n<h2><em>Comment utiliser Regenerating Ampoules<\/em><\/h2>\n<p style=\"text-align: justify;\">Agiter avant utilisation. Appliquer le contenu d&rsquo;une ampoule matin et soir sur peau nettoy\u00e9e du visage, ou selon les indications de votre professionnel de sant\u00e9. Id\u00e9al pour une utilisation apr\u00e8s les proc\u00e9dures esth\u00e9tiques pour am\u00e9liorer les r\u00e9sultats du traitement.<\/p>\n","protected":false},"excerpt":{"rendered":"<p>Regenerating Ampoules<\/p>\n<p>Obtenez-le au prix minimum avec livraison GRATUITE &#8211; cliquez pour en savoir plus!<\/p>\n","protected":false},"featured_media":5875,"comment_status":"open","ping_status":"closed","template":"","meta":{"_acf_changed":false,"_monsterinsights_skip_tracking":false,"_monsterinsights_sitenote_active":false,"_monsterinsights_sitenote_note":"","_monsterinsights_sitenote_category":0},"product_brand":[],"product_cat":[207,212,252],"product_tag":[240],"class_list":{"0":"post-24159","1":"product","2":"type-product","3":"status-publish","4":"has-post-thumbnail","6":"product_cat-allskin-med-fr","7":"product_cat-complementos-fr","8":"product_cat-tous","9":"product_tag-all-skin-med-fr","11":"first","12":"instock","13":"shipping-taxable","14":"purchasable","15":"product-type-simple"},"acf":[],"yoast_head":"<!-- This site is optimized with the Yoast SEO plugin v27.3 - https:\/\/yoast.com\/product\/yoast-seo-wordpress\/ -->\n<title>Acheter Regenerating Ampoules by AllSkinMed- Livraison Gratuite<\/title>\n<meta name=\"description\" content=\"Obtenez Regenerating Ampoules au meilleur prix avec LIVRAISON GRATUITE. Commandez en ligne et recevez vos soins pr\u00e9f\u00e9r\u00e9s chez vous !\" \/>\n<meta name=\"robots\" content=\"index, follow, max-snippet:-1, max-image-preview:large, max-video-preview:-1\" \/>\n<link rel=\"canonical\" href=\"https:\/\/drmazarro.com\/fr\/producto\/regenerating-ampoules\/\" \/>\n<meta property=\"og:locale\" content=\"fr_FR\" \/>\n<meta property=\"og:type\" content=\"article\" \/>\n<meta property=\"og:title\" content=\"Acheter Regenerating Ampoules by AllSkinMed- Livraison Gratuite\" \/>\n<meta property=\"og:description\" content=\"Obtenez Regenerating Ampoules au meilleur prix avec LIVRAISON GRATUITE. Commandez en ligne et recevez vos soins pr\u00e9f\u00e9r\u00e9s chez vous !\" \/>\n<meta property=\"og:url\" content=\"https:\/\/drmazarro.com\/fr\/producto\/regenerating-ampoules\/\" \/>\n<meta property=\"og:site_name\" content=\"Dr. Mazarro\" \/>\n<meta property=\"article:publisher\" content=\"https:\/\/www.facebook.com\/Dr-Mazarro-Cirug%c3%ada-Est%c3%a9tica-Facial-en-Barcelona-101872084913358\/\" \/>\n<meta property=\"article:modified_time\" content=\"2025-01-03T18:50:49+00:00\" \/>\n<meta property=\"og:image\" content=\"https:\/\/drmazarro.com\/wp-content\/uploads\/2022\/01\/AllSkinMed-Ampollas-Regeneradoras.png\" \/>\n\t<meta property=\"og:image:width\" content=\"537\" \/>\n\t<meta property=\"og:image:height\" content=\"347\" \/>\n\t<meta property=\"og:image:type\" content=\"image\/png\" \/>\n<meta name=\"twitter:card\" content=\"summary_large_image\" \/>\n<meta name=\"twitter:label1\" content=\"Dur\u00e9e de lecture estim\u00e9e\" \/>\n\t<meta name=\"twitter:data1\" content=\"1 minute\" \/>\n<!-- \/ Yoast SEO plugin. -->","yoast_head_json":{"title":"Acheter Regenerating Ampoules by AllSkinMed- Livraison Gratuite","description":"Obtenez Regenerating Ampoules au meilleur prix avec LIVRAISON GRATUITE. Commandez en ligne et recevez vos soins pr\u00e9f\u00e9r\u00e9s chez vous !","robots":{"index":"index","follow":"follow","max-snippet":"max-snippet:-1","max-image-preview":"max-image-preview:large","max-video-preview":"max-video-preview:-1"},"canonical":"https:\/\/drmazarro.com\/fr\/producto\/regenerating-ampoules\/","og_locale":"fr_FR","og_type":"article","og_title":"Acheter Regenerating Ampoules by AllSkinMed- Livraison Gratuite","og_description":"Obtenez Regenerating Ampoules au meilleur prix avec LIVRAISON GRATUITE. Commandez en ligne et recevez vos soins pr\u00e9f\u00e9r\u00e9s chez vous !","og_url":"https:\/\/drmazarro.com\/fr\/producto\/regenerating-ampoules\/","og_site_name":"Dr. Mazarro","article_publisher":"https:\/\/www.facebook.com\/Dr-Mazarro-Cirug%c3%ada-Est%c3%a9tica-Facial-en-Barcelona-101872084913358\/","article_modified_time":"2025-01-03T18:50:49+00:00","og_image":[{"width":537,"height":347,"url":"https:\/\/drmazarro.com\/wp-content\/uploads\/2022\/01\/AllSkinMed-Ampollas-Regeneradoras.png","type":"image\/png"}],"twitter_card":"summary_large_image","twitter_misc":{"Dur\u00e9e de lecture estim\u00e9e":"1 minute"},"schema":{"@context":"https:\/\/schema.org","@graph":[{"@type":"WebPage","@id":"https:\/\/drmazarro.com\/fr\/producto\/regenerating-ampoules\/","url":"https:\/\/drmazarro.com\/fr\/producto\/regenerating-ampoules\/","name":"Acheter Regenerating Ampoules by AllSkinMed- Livraison Gratuite","isPartOf":{"@id":"https:\/\/drmazarro.com\/fr\/#website"},"primaryImageOfPage":{"@id":"https:\/\/drmazarro.com\/fr\/producto\/regenerating-ampoules\/#primaryimage"},"image":{"@id":"https:\/\/drmazarro.com\/fr\/producto\/regenerating-ampoules\/#primaryimage"},"thumbnailUrl":"https:\/\/drmazarro.com\/wp-content\/uploads\/2022\/01\/AllSkinMed-Ampollas-Regeneradoras.png","datePublished":"2024-12-26T14:36:58+00:00","dateModified":"2025-01-03T18:50:49+00:00","description":"Obtenez Regenerating Ampoules au meilleur prix avec LIVRAISON GRATUITE. Commandez en ligne et recevez vos soins pr\u00e9f\u00e9r\u00e9s chez vous !","breadcrumb":{"@id":"https:\/\/drmazarro.com\/fr\/producto\/regenerating-ampoules\/#breadcrumb"},"inLanguage":"fr-FR","potentialAction":[{"@type":"ReadAction","target":["https:\/\/drmazarro.com\/fr\/producto\/regenerating-ampoules\/"]}]},{"@type":"ImageObject","inLanguage":"fr-FR","@id":"https:\/\/drmazarro.com\/fr\/producto\/regenerating-ampoules\/#primaryimage","url":"https:\/\/drmazarro.com\/wp-content\/uploads\/2022\/01\/AllSkinMed-Ampollas-Regeneradoras.png","contentUrl":"https:\/\/drmazarro.com\/wp-content\/uploads\/2022\/01\/AllSkinMed-Ampollas-Regeneradoras.png","width":537,"height":347,"caption":"Ampollas Regeneradoras - Comprar Online - Dr. Mazarro by AllSkin Med"},{"@type":"BreadcrumbList","@id":"https:\/\/drmazarro.com\/fr\/producto\/regenerating-ampoules\/#breadcrumb","itemListElement":[{"@type":"ListItem","position":1,"name":"Portada","item":"https:\/\/drmazarro.com\/fr\/"},{"@type":"ListItem","position":2,"name":"Shop","item":"https:\/\/drmazarro.com\/fr\/online-shop\/"},{"@type":"ListItem","position":3,"name":"Regenerating Ampoules"}]},{"@type":"WebSite","@id":"https:\/\/drmazarro.com\/fr\/#website","url":"https:\/\/drmazarro.com\/fr\/","name":"Dr. Mazarro","description":"Cirug\u00eda y Medicina Est\u00e9tica Facial en Barcelona","publisher":{"@id":"https:\/\/drmazarro.com\/fr\/#organization"},"potentialAction":[{"@type":"SearchAction","target":{"@type":"EntryPoint","urlTemplate":"https:\/\/drmazarro.com\/fr\/?s={search_term_string}"},"query-input":{"@type":"PropertyValueSpecification","valueRequired":true,"valueName":"search_term_string"}}],"inLanguage":"fr-FR"},{"@type":"Organization","@id":"https:\/\/drmazarro.com\/fr\/#organization","name":"Dr. Mazarro","url":"https:\/\/drmazarro.com\/fr\/","logo":{"@type":"ImageObject","inLanguage":"fr-FR","@id":"https:\/\/drmazarro.com\/fr\/#\/schema\/logo\/image\/","url":"https:\/\/drmazarro.com\/wp-content\/uploads\/2024\/03\/AM-576.png","contentUrl":"https:\/\/drmazarro.com\/wp-content\/uploads\/2024\/03\/AM-576.png","width":576,"height":576,"caption":"Dr. Mazarro"},"image":{"@id":"https:\/\/drmazarro.com\/fr\/#\/schema\/logo\/image\/"},"sameAs":["https:\/\/www.facebook.com\/Dr-Mazarro-Cirug\u00eda-Est\u00e9tica-Facial-en-Barcelona-101872084913358\/","https:\/\/www.instagram.com\/drmazarro_alejandro\/"]}]}},"_links":{"self":[{"href":"https:\/\/drmazarro.com\/fr\/wp-json\/wp\/v2\/product\/24159","targetHints":{"allow":["GET"]}}],"collection":[{"href":"https:\/\/drmazarro.com\/fr\/wp-json\/wp\/v2\/product"}],"about":[{"href":"https:\/\/drmazarro.com\/fr\/wp-json\/wp\/v2\/types\/product"}],"replies":[{"embeddable":true,"href":"https:\/\/drmazarro.com\/fr\/wp-json\/wp\/v2\/comments?post=24159"}],"wp:featuredmedia":[{"embeddable":true,"href":"https:\/\/drmazarro.com\/fr\/wp-json\/wp\/v2\/media\/5875"}],"wp:attachment":[{"href":"https:\/\/drmazarro.com\/fr\/wp-json\/wp\/v2\/media?parent=24159"}],"wp:term":[{"taxonomy":"product_brand","embeddable":true,"href":"https:\/\/drmazarro.com\/fr\/wp-json\/wp\/v2\/product_brand?post=24159"},{"taxonomy":"product_cat","embeddable":true,"href":"https:\/\/drmazarro.com\/fr\/wp-json\/wp\/v2\/product_cat?post=24159"},{"taxonomy":"product_tag","embeddable":true,"href":"https:\/\/drmazarro.com\/fr\/wp-json\/wp\/v2\/product_tag?post=24159"}],"curies":[{"name":"wp","href":"https:\/\/api.w.org\/{rel}","templated":true}]}}