{"id":24150,"date":"2022-07-26T10:48:54","date_gmt":"2024-12-26T14:34:03","guid":{"rendered":"https:\/\/drmazarro.com\/producto\/firming-cream\/"},"modified":"2025-01-03T19:48:34","modified_gmt":"2025-01-03T18:48:34","slug":"firming-cream","status":"publish","type":"product","link":"https:\/\/drmazarro.com\/fr\/producto\/firming-cream\/","title":{"rendered":"Firming Cream"},"content":{"rendered":"<h2><em>Indications<\/em><\/h2>\n<p style=\"text-align: justify;\">Firming Cream est un soin nourrissant formul\u00e9 avec la technologie brevet\u00e9e SCA PRO\u00ae, riche en facteurs de croissance. Cette formule avanc\u00e9e procure de puissants bienfaits r\u00e9g\u00e9n\u00e9rants et redensifiants tout en int\u00e9grant des actifs tenseurs qui augmentent la fermet\u00e9 et l&rsquo;\u00e9lasticit\u00e9 de la peau, aidant \u00e0 pr\u00e9venir les signes visibles du vieillissement cutan\u00e9.<\/p>\n<p>\u2022 Am\u00e9liore la fermet\u00e9 de la peau<br \/>\n\u2022 Augmente l&rsquo;\u00e9lasticit\u00e9<br \/>\n\u2022 Procure une nutrition profonde<br \/>\n\u2022 Soutient la r\u00e9g\u00e9n\u00e9ration cutan\u00e9e<br \/>\n\u2022 Maintient une hydratation optimale<br \/>\n\u2022 Pr\u00e9vient les signes du vieillissement<br \/>\n\u2022 Convient \u00e0 tous les types de peau<\/p>\n<h2><em>Format<\/em><\/h2>\n<p style=\"text-align: justify;\">50mL<\/p>\n<h2><em>Ingr\u00e9dients<\/em><\/h2>\n<p>\u2022 Technologie SCA\u00ae PRO<br \/>\n&#8211; Riche en facteurs de croissance<br \/>\n&#8211; Favorise la r\u00e9g\u00e9n\u00e9ration cutan\u00e9e<br \/>\n&#8211; Am\u00e9liore la densit\u00e9 de la peau<\/p>\n<p>\u2022 Complexe Actif<br \/>\n&#8211; Contient de la prot\u00e9ine de soja hydrolys\u00e9e<br \/>\n&#8211; Int\u00e8gre du calcium<br \/>\n&#8211; Procure des bienfaits raffermissants<\/p>\n<p>\u2022 Syst\u00e8me Hydratant<br \/>\n&#8211; Actifs hydratants avanc\u00e9s<br \/>\n&#8211; Maintient l&rsquo;hydratation cutan\u00e9e<br \/>\n&#8211; Soutient la fonction barri\u00e8re<\/p>\n<p>\u2022 Vitamine E<br \/>\n&#8211; Procure une protection antioxydante<br \/>\n&#8211; Soutient le renouvellement cutan\u00e9<br \/>\n&#8211; Optimise les r\u00e9sultats<\/p>\n<h2><em>Comment utiliser Firming Cream<\/em><\/h2>\n<p style=\"text-align: justify;\">Appliquer matin et\/ou soir sur peau nettoy\u00e9e. Masser doucement jusqu&rsquo;\u00e0 absorption. Pour des r\u00e9sultats optimaux, utiliser r\u00e9guli\u00e8rement dans le cadre de votre routine de soin.<\/p>\n","protected":false},"excerpt":{"rendered":"<div class=\"clearfix text-formatted field field--name-field-body-short field--type-text-long field--label-hidden field__item\">\n<p>Firming Cream<\/p>\n<p>Obtenez-le au prix minimum avec livraison GRATUITE &#8211; cliquez pour en savoir plus!<\/p>\n<\/div>\n","protected":false},"featured_media":24151,"comment_status":"open","ping_status":"closed","template":"","meta":{"_acf_changed":false,"_monsterinsights_skip_tracking":false,"_monsterinsights_sitenote_active":false,"_monsterinsights_sitenote_note":"","_monsterinsights_sitenote_category":0},"product_brand":[],"product_cat":[207,216,252],"product_tag":[240],"class_list":{"0":"post-24150","1":"product","2":"type-product","3":"status-publish","4":"has-post-thumbnail","6":"product_cat-allskin-med-fr","7":"product_cat-hidratacion-fr","8":"product_cat-tous","9":"product_tag-all-skin-med-fr","11":"first","12":"instock","13":"shipping-taxable","14":"purchasable","15":"product-type-simple"},"acf":[],"yoast_head":"<!-- This site is optimized with the Yoast SEO plugin v27.3 - https:\/\/yoast.com\/product\/yoast-seo-wordpress\/ -->\n<title>Acheter Firming Cream by AllSkinMed- Livraison Gratuite<\/title>\n<meta name=\"description\" content=\"Obtenez Firming Cream au meilleur prix avec LIVRAISON GRATUITE. Commandez en ligne et recevez vos soins pr\u00e9f\u00e9r\u00e9s chez vous !\" \/>\n<meta name=\"robots\" content=\"index, follow, max-snippet:-1, max-image-preview:large, max-video-preview:-1\" \/>\n<link rel=\"canonical\" href=\"https:\/\/drmazarro.com\/fr\/producto\/firming-cream\/\" \/>\n<meta property=\"og:locale\" content=\"fr_FR\" \/>\n<meta property=\"og:type\" content=\"article\" \/>\n<meta property=\"og:title\" content=\"Acheter Firming Cream by AllSkinMed- Livraison Gratuite\" \/>\n<meta property=\"og:description\" content=\"Obtenez Firming Cream au meilleur prix avec LIVRAISON GRATUITE. Commandez en ligne et recevez vos soins pr\u00e9f\u00e9r\u00e9s chez vous !\" \/>\n<meta property=\"og:url\" content=\"https:\/\/drmazarro.com\/fr\/producto\/firming-cream\/\" \/>\n<meta property=\"og:site_name\" content=\"Dr. Mazarro\" \/>\n<meta property=\"article:publisher\" content=\"https:\/\/www.facebook.com\/Dr-Mazarro-Cirug%c3%ada-Est%c3%a9tica-Facial-en-Barcelona-101872084913358\/\" \/>\n<meta property=\"article:modified_time\" content=\"2025-01-03T18:48:34+00:00\" \/>\n<meta property=\"og:image\" content=\"https:\/\/drmazarro.com\/wp-content\/uploads\/2022\/07\/allskinmed-antiaging-gf-replenishing-cream-01.jpg\" \/>\n\t<meta property=\"og:image:width\" content=\"1313\" \/>\n\t<meta property=\"og:image:height\" content=\"876\" \/>\n\t<meta property=\"og:image:type\" content=\"image\/jpeg\" \/>\n<meta name=\"twitter:card\" content=\"summary_large_image\" \/>\n<meta name=\"twitter:label1\" content=\"Dur\u00e9e de lecture estim\u00e9e\" \/>\n\t<meta name=\"twitter:data1\" content=\"1 minute\" \/>\n<!-- \/ Yoast SEO plugin. -->","yoast_head_json":{"title":"Acheter Firming Cream by AllSkinMed- Livraison Gratuite","description":"Obtenez Firming Cream au meilleur prix avec LIVRAISON GRATUITE. Commandez en ligne et recevez vos soins pr\u00e9f\u00e9r\u00e9s chez vous !","robots":{"index":"index","follow":"follow","max-snippet":"max-snippet:-1","max-image-preview":"max-image-preview:large","max-video-preview":"max-video-preview:-1"},"canonical":"https:\/\/drmazarro.com\/fr\/producto\/firming-cream\/","og_locale":"fr_FR","og_type":"article","og_title":"Acheter Firming Cream by AllSkinMed- Livraison Gratuite","og_description":"Obtenez Firming Cream au meilleur prix avec LIVRAISON GRATUITE. Commandez en ligne et recevez vos soins pr\u00e9f\u00e9r\u00e9s chez vous !","og_url":"https:\/\/drmazarro.com\/fr\/producto\/firming-cream\/","og_site_name":"Dr. Mazarro","article_publisher":"https:\/\/www.facebook.com\/Dr-Mazarro-Cirug%c3%ada-Est%c3%a9tica-Facial-en-Barcelona-101872084913358\/","article_modified_time":"2025-01-03T18:48:34+00:00","og_image":[{"width":1313,"height":876,"url":"https:\/\/drmazarro.com\/wp-content\/uploads\/2022\/07\/allskinmed-antiaging-gf-replenishing-cream-01.jpg","type":"image\/jpeg"}],"twitter_card":"summary_large_image","twitter_misc":{"Dur\u00e9e de lecture estim\u00e9e":"1 minute"},"schema":{"@context":"https:\/\/schema.org","@graph":[{"@type":"WebPage","@id":"https:\/\/drmazarro.com\/fr\/producto\/firming-cream\/","url":"https:\/\/drmazarro.com\/fr\/producto\/firming-cream\/","name":"Acheter Firming Cream by AllSkinMed- Livraison Gratuite","isPartOf":{"@id":"https:\/\/drmazarro.com\/fr\/#website"},"primaryImageOfPage":{"@id":"https:\/\/drmazarro.com\/fr\/producto\/firming-cream\/#primaryimage"},"image":{"@id":"https:\/\/drmazarro.com\/fr\/producto\/firming-cream\/#primaryimage"},"thumbnailUrl":"https:\/\/drmazarro.com\/wp-content\/uploads\/2022\/07\/allskinmed-antiaging-gf-replenishing-cream-01.jpg","datePublished":"2024-12-26T14:34:03+00:00","dateModified":"2025-01-03T18:48:34+00:00","description":"Obtenez Firming Cream au meilleur prix avec LIVRAISON GRATUITE. Commandez en ligne et recevez vos soins pr\u00e9f\u00e9r\u00e9s chez vous !","breadcrumb":{"@id":"https:\/\/drmazarro.com\/fr\/producto\/firming-cream\/#breadcrumb"},"inLanguage":"fr-FR","potentialAction":[{"@type":"ReadAction","target":["https:\/\/drmazarro.com\/fr\/producto\/firming-cream\/"]}]},{"@type":"ImageObject","inLanguage":"fr-FR","@id":"https:\/\/drmazarro.com\/fr\/producto\/firming-cream\/#primaryimage","url":"https:\/\/drmazarro.com\/wp-content\/uploads\/2022\/07\/allskinmed-antiaging-gf-replenishing-cream-01.jpg","contentUrl":"https:\/\/drmazarro.com\/wp-content\/uploads\/2022\/07\/allskinmed-antiaging-gf-replenishing-cream-01.jpg","width":1313,"height":876,"caption":"Comprar Crema Reafirmante by AllSkin Med - Dr. Mazarro"},{"@type":"BreadcrumbList","@id":"https:\/\/drmazarro.com\/fr\/producto\/firming-cream\/#breadcrumb","itemListElement":[{"@type":"ListItem","position":1,"name":"Portada","item":"https:\/\/drmazarro.com\/fr\/"},{"@type":"ListItem","position":2,"name":"Shop","item":"https:\/\/drmazarro.com\/fr\/online-shop\/"},{"@type":"ListItem","position":3,"name":"Firming Cream"}]},{"@type":"WebSite","@id":"https:\/\/drmazarro.com\/fr\/#website","url":"https:\/\/drmazarro.com\/fr\/","name":"Dr. Mazarro","description":"Cirug\u00eda y Medicina Est\u00e9tica Facial en Barcelona","publisher":{"@id":"https:\/\/drmazarro.com\/fr\/#organization"},"potentialAction":[{"@type":"SearchAction","target":{"@type":"EntryPoint","urlTemplate":"https:\/\/drmazarro.com\/fr\/?s={search_term_string}"},"query-input":{"@type":"PropertyValueSpecification","valueRequired":true,"valueName":"search_term_string"}}],"inLanguage":"fr-FR"},{"@type":"Organization","@id":"https:\/\/drmazarro.com\/fr\/#organization","name":"Dr. Mazarro","url":"https:\/\/drmazarro.com\/fr\/","logo":{"@type":"ImageObject","inLanguage":"fr-FR","@id":"https:\/\/drmazarro.com\/fr\/#\/schema\/logo\/image\/","url":"https:\/\/drmazarro.com\/wp-content\/uploads\/2024\/03\/AM-576.png","contentUrl":"https:\/\/drmazarro.com\/wp-content\/uploads\/2024\/03\/AM-576.png","width":576,"height":576,"caption":"Dr. Mazarro"},"image":{"@id":"https:\/\/drmazarro.com\/fr\/#\/schema\/logo\/image\/"},"sameAs":["https:\/\/www.facebook.com\/Dr-Mazarro-Cirug\u00eda-Est\u00e9tica-Facial-en-Barcelona-101872084913358\/","https:\/\/www.instagram.com\/drmazarro_alejandro\/"]}]}},"_links":{"self":[{"href":"https:\/\/drmazarro.com\/fr\/wp-json\/wp\/v2\/product\/24150","targetHints":{"allow":["GET"]}}],"collection":[{"href":"https:\/\/drmazarro.com\/fr\/wp-json\/wp\/v2\/product"}],"about":[{"href":"https:\/\/drmazarro.com\/fr\/wp-json\/wp\/v2\/types\/product"}],"replies":[{"embeddable":true,"href":"https:\/\/drmazarro.com\/fr\/wp-json\/wp\/v2\/comments?post=24150"}],"wp:featuredmedia":[{"embeddable":true,"href":"https:\/\/drmazarro.com\/fr\/wp-json\/wp\/v2\/media\/24151"}],"wp:attachment":[{"href":"https:\/\/drmazarro.com\/fr\/wp-json\/wp\/v2\/media?parent=24150"}],"wp:term":[{"taxonomy":"product_brand","embeddable":true,"href":"https:\/\/drmazarro.com\/fr\/wp-json\/wp\/v2\/product_brand?post=24150"},{"taxonomy":"product_cat","embeddable":true,"href":"https:\/\/drmazarro.com\/fr\/wp-json\/wp\/v2\/product_cat?post=24150"},{"taxonomy":"product_tag","embeddable":true,"href":"https:\/\/drmazarro.com\/fr\/wp-json\/wp\/v2\/product_tag?post=24150"}],"curies":[{"name":"wp","href":"https:\/\/api.w.org\/{rel}","templated":true}]}}