{"id":24146,"date":"2022-07-26T10:50:08","date_gmt":"2024-12-26T14:34:04","guid":{"rendered":"https:\/\/drmazarro.com\/producto\/cleansing-foam\/"},"modified":"2025-01-03T19:46:42","modified_gmt":"2025-01-03T18:46:42","slug":"cleansing-foam","status":"publish","type":"product","link":"https:\/\/drmazarro.com\/fr\/producto\/cleansing-foam\/","title":{"rendered":"Cleansing Foam"},"content":{"rendered":"<h2><em>Indications<\/em><\/h2>\n<p style=\"text-align: justify;\">Purifying Cleansing Foam est une mousse nettoyante micellaire douce formul\u00e9e avec des ingr\u00e9dients purifiants \u00e0 base d&rsquo;Aqua Maris et d&rsquo;extraits v\u00e9g\u00e9taux. Cette formule sophistiqu\u00e9e \u00e9limine efficacement les impuret\u00e9s, l&rsquo;exc\u00e8s de s\u00e9bum et le maquillage du visage et du contour des yeux tout en maintenant le confort cutan\u00e9, la rendant adapt\u00e9e \u00e0 tous les types de peau et id\u00e9ale pour le nettoyage pr\u00e9 et post-proc\u00e9dure.<\/p>\n<p>\u2022 \u00c9limine doucement les impuret\u00e9s<br \/>\n\u2022 Nettoie le maquillage<br \/>\n\u2022 Contr\u00f4le l&rsquo;exc\u00e8s de s\u00e9bum<br \/>\n\u2022 S\u00fbr pour le contour des yeux<br \/>\n\u2022 Convient \u00e0 tous les types de peau<br \/>\n\u2022 Parfait pour la pr\u00e9paration des proc\u00e9dures<br \/>\n\u2022 Maintient le confort cutan\u00e9<\/p>\n<h2><em>Format<\/em><\/h2>\n<p style=\"text-align: justify;\">150mL<\/p>\n<h2><em>Ingr\u00e9dients<\/em><\/h2>\n<p>\u2022 Aqua Maris<br \/>\n&#8211; Procure des bienfaits purifiants<br \/>\n&#8211; \u00c9quilibre l&rsquo;environnement cutan\u00e9<br \/>\n&#8211; Soutient le nettoyage naturel<\/p>\n<p>\u2022 Extrait de feuille de Mimosa tenuiflora<br \/>\n&#8211; Apaise la peau<br \/>\n&#8211; Offre un nettoyage doux<br \/>\n&#8211; Am\u00e9liore le confort cutan\u00e9<\/p>\n<p>\u2022 Prot\u00e9ine d&rsquo;avoine hydrolys\u00e9e<br \/>\n&#8211; Maintient l&rsquo;hydratation cutan\u00e9e<br \/>\n&#8211; Procure des bienfaits protecteurs<br \/>\n&#8211; Soutient la barri\u00e8re cutan\u00e9e<\/p>\n<h2><em>Comment utiliser Purifying Cleansing Foam<\/em><\/h2>\n<p style=\"text-align: justify;\">Agiter avant utilisation. Appliquer matin et soir sur le visage humide, masser doucement sur la peau. Rincer abondamment \u00e0 l&rsquo;eau. Adapt\u00e9 \u00e0 une utilisation quotidienne et dans le cadre des routines de soin pr\u00e9 et post-proc\u00e9dure.<\/p>\n","protected":false},"excerpt":{"rendered":"<div class=\"clearfix text-formatted field field--name-field-body-short field--type-text-long field--label-hidden field__item\">Cleansing Foam<\/div>\n<div class=\"clearfix text-formatted field field--name-field-usage-recommendations field--type-text-long field--label-above\">\n<div class=\"field__item\">\n<p>Obtenez-le au prix minimum avec livraison GRATUITE &#8211; cliquez pour en savoir plus!<\/p>\n<\/div>\n<\/div>\n","protected":false},"featured_media":24147,"comment_status":"open","ping_status":"closed","template":"","meta":{"_acf_changed":false,"_monsterinsights_skip_tracking":false,"_monsterinsights_sitenote_active":false,"_monsterinsights_sitenote_note":"","_monsterinsights_sitenote_category":0},"product_brand":[],"product_cat":[207,218,252],"product_tag":[240],"class_list":{"0":"post-24146","1":"product","2":"type-product","3":"status-publish","4":"has-post-thumbnail","6":"product_cat-allskin-med-fr","7":"product_cat-limpieza-2-fr","8":"product_cat-tous","9":"product_tag-all-skin-med-fr","11":"first","12":"instock","13":"shipping-taxable","14":"purchasable","15":"product-type-simple"},"acf":[],"yoast_head":"<!-- This site is optimized with the Yoast SEO plugin v27.3 - https:\/\/yoast.com\/product\/yoast-seo-wordpress\/ -->\n<title>Acheter Cleansing Foam by AllSkinMed- Livraison Gratuite<\/title>\n<meta name=\"description\" content=\"Obtenez Cleansing Foam au meilleur prix avec LIVRAISON GRATUITE. Commandez en ligne et recevez vos soins pr\u00e9f\u00e9r\u00e9s chez vous !\" \/>\n<meta name=\"robots\" content=\"index, follow, max-snippet:-1, max-image-preview:large, max-video-preview:-1\" \/>\n<link rel=\"canonical\" href=\"https:\/\/drmazarro.com\/fr\/producto\/cleansing-foam\/\" \/>\n<meta property=\"og:locale\" content=\"fr_FR\" \/>\n<meta property=\"og:type\" content=\"article\" \/>\n<meta property=\"og:title\" content=\"Acheter Cleansing Foam by AllSkinMed- Livraison Gratuite\" \/>\n<meta property=\"og:description\" content=\"Obtenez Cleansing Foam au meilleur prix avec LIVRAISON GRATUITE. Commandez en ligne et recevez vos soins pr\u00e9f\u00e9r\u00e9s chez vous !\" \/>\n<meta property=\"og:url\" content=\"https:\/\/drmazarro.com\/fr\/producto\/cleansing-foam\/\" \/>\n<meta property=\"og:site_name\" content=\"Dr. Mazarro\" \/>\n<meta property=\"article:publisher\" content=\"https:\/\/www.facebook.com\/Dr-Mazarro-Cirug%c3%ada-Est%c3%a9tica-Facial-en-Barcelona-101872084913358\/\" \/>\n<meta property=\"article:modified_time\" content=\"2025-01-03T18:46:42+00:00\" \/>\n<meta property=\"og:image\" content=\"https:\/\/drmazarro.com\/wp-content\/uploads\/2022\/07\/AllSkinMed_Purifying_01.jpg\" \/>\n\t<meta property=\"og:image:width\" content=\"876\" \/>\n\t<meta property=\"og:image:height\" content=\"1313\" \/>\n\t<meta property=\"og:image:type\" content=\"image\/jpeg\" \/>\n<meta name=\"twitter:card\" content=\"summary_large_image\" \/>\n<meta name=\"twitter:label1\" content=\"Dur\u00e9e de lecture estim\u00e9e\" \/>\n\t<meta name=\"twitter:data1\" content=\"1 minute\" \/>\n<!-- \/ Yoast SEO plugin. -->","yoast_head_json":{"title":"Acheter Cleansing Foam by AllSkinMed- Livraison Gratuite","description":"Obtenez Cleansing Foam au meilleur prix avec LIVRAISON GRATUITE. Commandez en ligne et recevez vos soins pr\u00e9f\u00e9r\u00e9s chez vous !","robots":{"index":"index","follow":"follow","max-snippet":"max-snippet:-1","max-image-preview":"max-image-preview:large","max-video-preview":"max-video-preview:-1"},"canonical":"https:\/\/drmazarro.com\/fr\/producto\/cleansing-foam\/","og_locale":"fr_FR","og_type":"article","og_title":"Acheter Cleansing Foam by AllSkinMed- Livraison Gratuite","og_description":"Obtenez Cleansing Foam au meilleur prix avec LIVRAISON GRATUITE. Commandez en ligne et recevez vos soins pr\u00e9f\u00e9r\u00e9s chez vous !","og_url":"https:\/\/drmazarro.com\/fr\/producto\/cleansing-foam\/","og_site_name":"Dr. Mazarro","article_publisher":"https:\/\/www.facebook.com\/Dr-Mazarro-Cirug%c3%ada-Est%c3%a9tica-Facial-en-Barcelona-101872084913358\/","article_modified_time":"2025-01-03T18:46:42+00:00","og_image":[{"width":876,"height":1313,"url":"https:\/\/drmazarro.com\/wp-content\/uploads\/2022\/07\/AllSkinMed_Purifying_01.jpg","type":"image\/jpeg"}],"twitter_card":"summary_large_image","twitter_misc":{"Dur\u00e9e de lecture estim\u00e9e":"1 minute"},"schema":{"@context":"https:\/\/schema.org","@graph":[{"@type":"WebPage","@id":"https:\/\/drmazarro.com\/fr\/producto\/cleansing-foam\/","url":"https:\/\/drmazarro.com\/fr\/producto\/cleansing-foam\/","name":"Acheter Cleansing Foam by AllSkinMed- Livraison Gratuite","isPartOf":{"@id":"https:\/\/drmazarro.com\/fr\/#website"},"primaryImageOfPage":{"@id":"https:\/\/drmazarro.com\/fr\/producto\/cleansing-foam\/#primaryimage"},"image":{"@id":"https:\/\/drmazarro.com\/fr\/producto\/cleansing-foam\/#primaryimage"},"thumbnailUrl":"https:\/\/drmazarro.com\/wp-content\/uploads\/2022\/07\/AllSkinMed_Purifying_01.jpg","datePublished":"2024-12-26T14:34:04+00:00","dateModified":"2025-01-03T18:46:42+00:00","description":"Obtenez Cleansing Foam au meilleur prix avec LIVRAISON GRATUITE. Commandez en ligne et recevez vos soins pr\u00e9f\u00e9r\u00e9s chez vous !","breadcrumb":{"@id":"https:\/\/drmazarro.com\/fr\/producto\/cleansing-foam\/#breadcrumb"},"inLanguage":"fr-FR","potentialAction":[{"@type":"ReadAction","target":["https:\/\/drmazarro.com\/fr\/producto\/cleansing-foam\/"]}]},{"@type":"ImageObject","inLanguage":"fr-FR","@id":"https:\/\/drmazarro.com\/fr\/producto\/cleansing-foam\/#primaryimage","url":"https:\/\/drmazarro.com\/wp-content\/uploads\/2022\/07\/AllSkinMed_Purifying_01.jpg","contentUrl":"https:\/\/drmazarro.com\/wp-content\/uploads\/2022\/07\/AllSkinMed_Purifying_01.jpg","width":876,"height":1313,"caption":"Comprar Espuma Limpiadora by AllSkin Med - Dr. Mazarro"},{"@type":"BreadcrumbList","@id":"https:\/\/drmazarro.com\/fr\/producto\/cleansing-foam\/#breadcrumb","itemListElement":[{"@type":"ListItem","position":1,"name":"Portada","item":"https:\/\/drmazarro.com\/fr\/"},{"@type":"ListItem","position":2,"name":"Shop","item":"https:\/\/drmazarro.com\/fr\/online-shop\/"},{"@type":"ListItem","position":3,"name":"Cleansing Foam"}]},{"@type":"WebSite","@id":"https:\/\/drmazarro.com\/fr\/#website","url":"https:\/\/drmazarro.com\/fr\/","name":"Dr. Mazarro","description":"Cirug\u00eda y Medicina Est\u00e9tica Facial en Barcelona","publisher":{"@id":"https:\/\/drmazarro.com\/fr\/#organization"},"potentialAction":[{"@type":"SearchAction","target":{"@type":"EntryPoint","urlTemplate":"https:\/\/drmazarro.com\/fr\/?s={search_term_string}"},"query-input":{"@type":"PropertyValueSpecification","valueRequired":true,"valueName":"search_term_string"}}],"inLanguage":"fr-FR"},{"@type":"Organization","@id":"https:\/\/drmazarro.com\/fr\/#organization","name":"Dr. Mazarro","url":"https:\/\/drmazarro.com\/fr\/","logo":{"@type":"ImageObject","inLanguage":"fr-FR","@id":"https:\/\/drmazarro.com\/fr\/#\/schema\/logo\/image\/","url":"https:\/\/drmazarro.com\/wp-content\/uploads\/2024\/03\/AM-576.png","contentUrl":"https:\/\/drmazarro.com\/wp-content\/uploads\/2024\/03\/AM-576.png","width":576,"height":576,"caption":"Dr. Mazarro"},"image":{"@id":"https:\/\/drmazarro.com\/fr\/#\/schema\/logo\/image\/"},"sameAs":["https:\/\/www.facebook.com\/Dr-Mazarro-Cirug\u00eda-Est\u00e9tica-Facial-en-Barcelona-101872084913358\/","https:\/\/www.instagram.com\/drmazarro_alejandro\/"]}]}},"_links":{"self":[{"href":"https:\/\/drmazarro.com\/fr\/wp-json\/wp\/v2\/product\/24146","targetHints":{"allow":["GET"]}}],"collection":[{"href":"https:\/\/drmazarro.com\/fr\/wp-json\/wp\/v2\/product"}],"about":[{"href":"https:\/\/drmazarro.com\/fr\/wp-json\/wp\/v2\/types\/product"}],"replies":[{"embeddable":true,"href":"https:\/\/drmazarro.com\/fr\/wp-json\/wp\/v2\/comments?post=24146"}],"wp:featuredmedia":[{"embeddable":true,"href":"https:\/\/drmazarro.com\/fr\/wp-json\/wp\/v2\/media\/24147"}],"wp:attachment":[{"href":"https:\/\/drmazarro.com\/fr\/wp-json\/wp\/v2\/media?parent=24146"}],"wp:term":[{"taxonomy":"product_brand","embeddable":true,"href":"https:\/\/drmazarro.com\/fr\/wp-json\/wp\/v2\/product_brand?post=24146"},{"taxonomy":"product_cat","embeddable":true,"href":"https:\/\/drmazarro.com\/fr\/wp-json\/wp\/v2\/product_cat?post=24146"},{"taxonomy":"product_tag","embeddable":true,"href":"https:\/\/drmazarro.com\/fr\/wp-json\/wp\/v2\/product_tag?post=24146"}],"curies":[{"name":"wp","href":"https:\/\/api.w.org\/{rel}","templated":true}]}}