{"id":24140,"date":"2022-07-26T10:51:22","date_gmt":"2024-12-26T14:34:05","guid":{"rendered":"https:\/\/drmazarro.com\/producto\/mineral-fluid-spf-50\/"},"modified":"2025-01-03T19:45:19","modified_gmt":"2025-01-03T18:45:19","slug":"mineral-fluid-spf-50","status":"publish","type":"product","link":"https:\/\/drmazarro.com\/fr\/producto\/mineral-fluid-spf-50\/","title":{"rendered":"Mineral Fluid SPF 50"},"content":{"rendered":"<h2><em>Indications<\/em><\/h2>\n<p style=\"text-align: justify;\">Mineral Fluid est une protection solaire haute protection pr\u00e9sentant une formule exclusive 100% min\u00e9rale avec une couvrance maquillante. Sp\u00e9cialement formul\u00e9 pour tous les types de peau, y compris les peaux sensibles et intol\u00e9rantes, et particuli\u00e8rement adapt\u00e9 \u00e0 une utilisation apr\u00e8s les proc\u00e9dures esth\u00e9tiques.<\/p>\n<p>\u2022 Procure une protection \u00e0 large spectre<br \/>\n\u2022 Offre une couvrance naturelle<br \/>\n\u2022 Camoufle les imperfections<br \/>\n\u2022 Adapt\u00e9 aux peaux sensibles<br \/>\n\u2022 S\u00fbr pour une utilisation post-proc\u00e9dure<br \/>\n\u2022 Apporte des bienfaits antioxydants<br \/>\n\u2022 Cr\u00e9e une finition saine<\/p>\n<h2><em>Format<\/em><\/h2>\n<p style=\"text-align: justify;\">50mL<\/p>\n<h2><em>Ingr\u00e9dients<\/em><\/h2>\n<p>\u2022 Syst\u00e8me de Protection<br \/>\n&#8211; Filtres 100% min\u00e9raux<br \/>\n&#8211; Prot\u00e8ge contre les UVB et UVA<br \/>\n&#8211; Prot\u00e8ge des IR-A et de la lumi\u00e8re visible<br \/>\n&#8211; Assure une couverture compl\u00e8te<\/p>\n<p>\u2022 Complexe Antioxydant<br \/>\n&#8211; Int\u00e8gre de puissants antioxydants<br \/>\n&#8211; Am\u00e9liore la protection cutan\u00e9e<br \/>\n&#8211; Soutient la r\u00e9paration de la peau<\/p>\n<h2><em>Comment utiliser Mineral Fluid<\/em><\/h2>\n<p style=\"text-align: justify;\">Appliquer g\u00e9n\u00e9reusement sur le visage et les zones expos\u00e9es pendant la journ\u00e9e. Renouveler l&rsquo;application toutes les 2 heures ou apr\u00e8s la baignade, la transpiration ou le s\u00e9chage avec une serviette. Pour des r\u00e9sultats optimaux, utiliser comme derni\u00e8re \u00e9tape de votre routine de soin du matin.<\/p>\n","protected":false},"excerpt":{"rendered":"<p>Mineral Fluid SPF 50<\/p>\n<p>Obtenez-le au prix minimum avec livraison GRATUITE &#8211; cliquez pour en savoir plus!<\/p>\n","protected":false},"featured_media":23857,"comment_status":"open","ping_status":"closed","template":"","meta":{"_acf_changed":false,"_monsterinsights_skip_tracking":false,"_monsterinsights_sitenote_active":false,"_monsterinsights_sitenote_note":"","_monsterinsights_sitenote_category":0},"product_brand":[],"product_cat":[207,213,252],"product_tag":[240],"class_list":{"0":"post-24140","1":"product","2":"type-product","3":"status-publish","4":"has-post-thumbnail","6":"product_cat-allskin-med-fr","7":"product_cat-fotoproteccion-fr-2","8":"product_cat-tous","9":"product_tag-all-skin-med-fr","11":"first","12":"instock","13":"shipping-taxable","14":"purchasable","15":"product-type-simple"},"acf":[],"yoast_head":"<!-- This site is optimized with the Yoast SEO plugin v27.3 - https:\/\/yoast.com\/product\/yoast-seo-wordpress\/ -->\n<title>Acheter Mineral Fluid SPF 50 by AllSkinMed- Livraison Gratuite<\/title>\n<meta name=\"description\" content=\"Obtenez Mineral Fluid SPF 50 au meilleur prix avec LIVRAISON GRATUITE. Commandez en ligne et recevez vos soins pr\u00e9f\u00e9r\u00e9s chez vous !\" \/>\n<meta name=\"robots\" content=\"index, follow, max-snippet:-1, max-image-preview:large, max-video-preview:-1\" \/>\n<link rel=\"canonical\" href=\"https:\/\/drmazarro.com\/fr\/producto\/mineral-fluid-spf-50\/\" \/>\n<meta property=\"og:locale\" content=\"fr_FR\" \/>\n<meta property=\"og:type\" content=\"article\" \/>\n<meta property=\"og:title\" content=\"Acheter Mineral Fluid SPF 50 by AllSkinMed- Livraison Gratuite\" \/>\n<meta property=\"og:description\" content=\"Obtenez Mineral Fluid SPF 50 au meilleur prix avec LIVRAISON GRATUITE. Commandez en ligne et recevez vos soins pr\u00e9f\u00e9r\u00e9s chez vous !\" \/>\n<meta property=\"og:url\" content=\"https:\/\/drmazarro.com\/fr\/producto\/mineral-fluid-spf-50\/\" \/>\n<meta property=\"og:site_name\" content=\"Dr. Mazarro\" \/>\n<meta property=\"article:publisher\" content=\"https:\/\/www.facebook.com\/Dr-Mazarro-Cirug%c3%ada-Est%c3%a9tica-Facial-en-Barcelona-101872084913358\/\" \/>\n<meta property=\"article:modified_time\" content=\"2025-01-03T18:45:19+00:00\" \/>\n<meta property=\"og:image\" content=\"https:\/\/drmazarro.com\/wp-content\/uploads\/2022\/07\/allskinmed-sun-01-1.png\" \/>\n\t<meta property=\"og:image:width\" content=\"876\" \/>\n\t<meta property=\"og:image:height\" content=\"1313\" \/>\n\t<meta property=\"og:image:type\" content=\"image\/png\" \/>\n<meta name=\"twitter:card\" content=\"summary_large_image\" \/>\n<meta name=\"twitter:label1\" content=\"Dur\u00e9e de lecture estim\u00e9e\" \/>\n\t<meta name=\"twitter:data1\" content=\"1 minute\" \/>\n<!-- \/ Yoast SEO plugin. -->","yoast_head_json":{"title":"Acheter Mineral Fluid SPF 50 by AllSkinMed- Livraison Gratuite","description":"Obtenez Mineral Fluid SPF 50 au meilleur prix avec LIVRAISON GRATUITE. Commandez en ligne et recevez vos soins pr\u00e9f\u00e9r\u00e9s chez vous !","robots":{"index":"index","follow":"follow","max-snippet":"max-snippet:-1","max-image-preview":"max-image-preview:large","max-video-preview":"max-video-preview:-1"},"canonical":"https:\/\/drmazarro.com\/fr\/producto\/mineral-fluid-spf-50\/","og_locale":"fr_FR","og_type":"article","og_title":"Acheter Mineral Fluid SPF 50 by AllSkinMed- Livraison Gratuite","og_description":"Obtenez Mineral Fluid SPF 50 au meilleur prix avec LIVRAISON GRATUITE. Commandez en ligne et recevez vos soins pr\u00e9f\u00e9r\u00e9s chez vous !","og_url":"https:\/\/drmazarro.com\/fr\/producto\/mineral-fluid-spf-50\/","og_site_name":"Dr. Mazarro","article_publisher":"https:\/\/www.facebook.com\/Dr-Mazarro-Cirug%c3%ada-Est%c3%a9tica-Facial-en-Barcelona-101872084913358\/","article_modified_time":"2025-01-03T18:45:19+00:00","og_image":[{"width":876,"height":1313,"url":"https:\/\/drmazarro.com\/wp-content\/uploads\/2022\/07\/allskinmed-sun-01-1.png","type":"image\/png"}],"twitter_card":"summary_large_image","twitter_misc":{"Dur\u00e9e de lecture estim\u00e9e":"1 minute"},"schema":{"@context":"https:\/\/schema.org","@graph":[{"@type":"WebPage","@id":"https:\/\/drmazarro.com\/fr\/producto\/mineral-fluid-spf-50\/","url":"https:\/\/drmazarro.com\/fr\/producto\/mineral-fluid-spf-50\/","name":"Acheter Mineral Fluid SPF 50 by AllSkinMed- Livraison Gratuite","isPartOf":{"@id":"https:\/\/drmazarro.com\/fr\/#website"},"primaryImageOfPage":{"@id":"https:\/\/drmazarro.com\/fr\/producto\/mineral-fluid-spf-50\/#primaryimage"},"image":{"@id":"https:\/\/drmazarro.com\/fr\/producto\/mineral-fluid-spf-50\/#primaryimage"},"thumbnailUrl":"https:\/\/drmazarro.com\/wp-content\/uploads\/2022\/07\/allskinmed-sun-01-1.png","datePublished":"2024-12-26T14:34:05+00:00","dateModified":"2025-01-03T18:45:19+00:00","description":"Obtenez Mineral Fluid SPF 50 au meilleur prix avec LIVRAISON GRATUITE. Commandez en ligne et recevez vos soins pr\u00e9f\u00e9r\u00e9s chez vous !","breadcrumb":{"@id":"https:\/\/drmazarro.com\/fr\/producto\/mineral-fluid-spf-50\/#breadcrumb"},"inLanguage":"fr-FR","potentialAction":[{"@type":"ReadAction","target":["https:\/\/drmazarro.com\/fr\/producto\/mineral-fluid-spf-50\/"]}]},{"@type":"ImageObject","inLanguage":"fr-FR","@id":"https:\/\/drmazarro.com\/fr\/producto\/mineral-fluid-spf-50\/#primaryimage","url":"https:\/\/drmazarro.com\/wp-content\/uploads\/2022\/07\/allskinmed-sun-01-1.png","contentUrl":"https:\/\/drmazarro.com\/wp-content\/uploads\/2022\/07\/allskinmed-sun-01-1.png","width":876,"height":1313,"caption":"Mineral SPF"},{"@type":"BreadcrumbList","@id":"https:\/\/drmazarro.com\/fr\/producto\/mineral-fluid-spf-50\/#breadcrumb","itemListElement":[{"@type":"ListItem","position":1,"name":"Portada","item":"https:\/\/drmazarro.com\/fr\/"},{"@type":"ListItem","position":2,"name":"Shop","item":"https:\/\/drmazarro.com\/fr\/online-shop\/"},{"@type":"ListItem","position":3,"name":"Mineral Fluid SPF 50"}]},{"@type":"WebSite","@id":"https:\/\/drmazarro.com\/fr\/#website","url":"https:\/\/drmazarro.com\/fr\/","name":"Dr. Mazarro","description":"Cirug\u00eda y Medicina Est\u00e9tica Facial en Barcelona","publisher":{"@id":"https:\/\/drmazarro.com\/fr\/#organization"},"potentialAction":[{"@type":"SearchAction","target":{"@type":"EntryPoint","urlTemplate":"https:\/\/drmazarro.com\/fr\/?s={search_term_string}"},"query-input":{"@type":"PropertyValueSpecification","valueRequired":true,"valueName":"search_term_string"}}],"inLanguage":"fr-FR"},{"@type":"Organization","@id":"https:\/\/drmazarro.com\/fr\/#organization","name":"Dr. Mazarro","url":"https:\/\/drmazarro.com\/fr\/","logo":{"@type":"ImageObject","inLanguage":"fr-FR","@id":"https:\/\/drmazarro.com\/fr\/#\/schema\/logo\/image\/","url":"https:\/\/drmazarro.com\/wp-content\/uploads\/2024\/03\/AM-576.png","contentUrl":"https:\/\/drmazarro.com\/wp-content\/uploads\/2024\/03\/AM-576.png","width":576,"height":576,"caption":"Dr. Mazarro"},"image":{"@id":"https:\/\/drmazarro.com\/fr\/#\/schema\/logo\/image\/"},"sameAs":["https:\/\/www.facebook.com\/Dr-Mazarro-Cirug\u00eda-Est\u00e9tica-Facial-en-Barcelona-101872084913358\/","https:\/\/www.instagram.com\/drmazarro_alejandro\/"]}]}},"_links":{"self":[{"href":"https:\/\/drmazarro.com\/fr\/wp-json\/wp\/v2\/product\/24140","targetHints":{"allow":["GET"]}}],"collection":[{"href":"https:\/\/drmazarro.com\/fr\/wp-json\/wp\/v2\/product"}],"about":[{"href":"https:\/\/drmazarro.com\/fr\/wp-json\/wp\/v2\/types\/product"}],"replies":[{"embeddable":true,"href":"https:\/\/drmazarro.com\/fr\/wp-json\/wp\/v2\/comments?post=24140"}],"wp:featuredmedia":[{"embeddable":true,"href":"https:\/\/drmazarro.com\/fr\/wp-json\/wp\/v2\/media\/23857"}],"wp:attachment":[{"href":"https:\/\/drmazarro.com\/fr\/wp-json\/wp\/v2\/media?parent=24140"}],"wp:term":[{"taxonomy":"product_brand","embeddable":true,"href":"https:\/\/drmazarro.com\/fr\/wp-json\/wp\/v2\/product_brand?post=24140"},{"taxonomy":"product_cat","embeddable":true,"href":"https:\/\/drmazarro.com\/fr\/wp-json\/wp\/v2\/product_cat?post=24140"},{"taxonomy":"product_tag","embeddable":true,"href":"https:\/\/drmazarro.com\/fr\/wp-json\/wp\/v2\/product_tag?post=24140"}],"curies":[{"name":"wp","href":"https:\/\/api.w.org\/{rel}","templated":true}]}}