{"id":24136,"date":"2022-07-26T11:04:43","date_gmt":"2024-12-26T14:34:03","guid":{"rendered":"https:\/\/drmazarro.com\/producto\/radiance-gel\/"},"modified":"2025-01-03T19:44:53","modified_gmt":"2025-01-03T18:44:53","slug":"radiance-gel","status":"publish","type":"product","link":"https:\/\/drmazarro.com\/fr\/producto\/radiance-gel\/","title":{"rendered":"Radiance Gel"},"content":{"rendered":"<h2><em>Indications<\/em><\/h2>\n<p style=\"text-align: justify;\"><strong>Radiance Gel<\/strong> est une formule ultra-l\u00e9g\u00e8re pr\u00e9sentant une puissante combinaison de Vitamine C et d&rsquo;autres actifs antioxydants. Ce traitement avanc\u00e9 r\u00e9g\u00e9n\u00e8re, illumine et prot\u00e8ge contre les radicaux libres tout en apportant une hydratation optimale gr\u00e2ce \u00e0 la technologie d&rsquo;acide hyaluronique \u00e0 double poids mol\u00e9culaire, le rendant parfait pour les peaux normales, mixtes et grasses.<\/p>\n<p>\u2022 Procure une puissante protection antioxydante<br \/>\n\u2022 Apporte une hydratation profonde<br \/>\n\u2022 Rehausse l&rsquo;\u00e9clat de la peau<br \/>\n\u2022 R\u00e9duit les rides d&rsquo;expression<br \/>\n\u2022 Am\u00e9liore la texture cutan\u00e9e<br \/>\n\u2022 Offre une sensation de l\u00e9g\u00e8ret\u00e9<br \/>\n\u2022 Soutient la r\u00e9g\u00e9n\u00e9ration cutan\u00e9e<\/p>\n<h2><em>Format<\/em><\/h2>\n<p style=\"text-align: justify;\">50mL<\/p>\n<h2><em>Ingr\u00e9dients<\/em><\/h2>\n<p>\u2022 Complexe Antioxydant<br \/>\n&#8211; Contient de la vitamine C<br \/>\n&#8211; Int\u00e8gre de la vitamine E<br \/>\n&#8211; Inclut de l&rsquo;acide caf\u00e9ique<br \/>\n&#8211; Enrichi en acide ellagique<br \/>\n&#8211; Prot\u00e8ge contre les radicaux libres<\/p>\n<p>\u2022 Acide Hyaluronique Double Poids<br \/>\n&#8211; Haut poids mol\u00e9culaire<br \/>\n&#8211; Bas poids mol\u00e9culaire<br \/>\n&#8211; Procure une hydratation optimale<br \/>\n&#8211; Assure une hydratation profonde<\/p>\n<p>\u2022 Technologie SCA\u00ae PRO<br \/>\n&#8211; Soutient la r\u00e9g\u00e9n\u00e9ration cutan\u00e9e<br \/>\n&#8211; Am\u00e9liore le processus de r\u00e9paration<br \/>\n&#8211; Favorise le renouvellement de la peau<\/p>\n<h2><em>Comment utiliser Radiance Gel<\/em><\/h2>\n<p style=\"text-align: justify;\">Appliquer matin et\/ou soir sur peau nettoy\u00e9e du visage, du cou et du d\u00e9collet\u00e9. Masser doucement jusqu&rsquo;\u00e0 absorption. Pour des r\u00e9sultats optimaux, utiliser r\u00e9guli\u00e8rement dans le cadre de votre routine de soin.<\/p>\n","protected":false},"excerpt":{"rendered":"<p>Illuminating Gel<\/p>\n<p>Obtenez-le au prix minimum avec livraison GRATUITE &#8211; cliquez pour en savoir plus!<\/p>\n","protected":false},"featured_media":24137,"comment_status":"open","ping_status":"closed","template":"","meta":{"_acf_changed":false,"_monsterinsights_skip_tracking":false,"_monsterinsights_sitenote_active":false,"_monsterinsights_sitenote_note":"","_monsterinsights_sitenote_category":0},"product_brand":[],"product_cat":[207,216,252],"product_tag":[240],"class_list":{"0":"post-24136","1":"product","2":"type-product","3":"status-publish","4":"has-post-thumbnail","6":"product_cat-allskin-med-fr","7":"product_cat-hidratacion-fr","8":"product_cat-tous","9":"product_tag-all-skin-med-fr","11":"first","12":"instock","13":"shipping-taxable","14":"purchasable","15":"product-type-simple"},"acf":[],"yoast_head":"<!-- This site is optimized with the Yoast SEO plugin v27.3 - https:\/\/yoast.com\/product\/yoast-seo-wordpress\/ -->\n<title>Acheter Radiance Gel by AllSkinMed- Livraison Gratuite<\/title>\n<meta name=\"description\" content=\"Obtenez Radiance Gel au meilleur prix avec LIVRAISON GRATUITE. Commandez en ligne et recevez vos soins pr\u00e9f\u00e9r\u00e9s chez vous !\" \/>\n<meta name=\"robots\" content=\"index, follow, max-snippet:-1, max-image-preview:large, max-video-preview:-1\" \/>\n<link rel=\"canonical\" href=\"https:\/\/drmazarro.com\/fr\/producto\/radiance-gel\/\" \/>\n<meta property=\"og:locale\" content=\"fr_FR\" \/>\n<meta property=\"og:type\" content=\"article\" \/>\n<meta property=\"og:title\" content=\"Acheter Radiance Gel by AllSkinMed- Livraison Gratuite\" \/>\n<meta property=\"og:description\" content=\"Obtenez Radiance Gel au meilleur prix avec LIVRAISON GRATUITE. Commandez en ligne et recevez vos soins pr\u00e9f\u00e9r\u00e9s chez vous !\" \/>\n<meta property=\"og:url\" content=\"https:\/\/drmazarro.com\/fr\/producto\/radiance-gel\/\" \/>\n<meta property=\"og:site_name\" content=\"Dr. Mazarro\" \/>\n<meta property=\"article:publisher\" content=\"https:\/\/www.facebook.com\/Dr-Mazarro-Cirug%c3%ada-Est%c3%a9tica-Facial-en-Barcelona-101872084913358\/\" \/>\n<meta property=\"article:modified_time\" content=\"2025-01-03T18:44:53+00:00\" \/>\n<meta property=\"og:image\" content=\"https:\/\/drmazarro.com\/wp-content\/uploads\/2022\/07\/allskinmed-antiaging-c-radiance-gel-02.jpg\" \/>\n\t<meta property=\"og:image:width\" content=\"876\" \/>\n\t<meta property=\"og:image:height\" content=\"1313\" \/>\n\t<meta property=\"og:image:type\" content=\"image\/jpeg\" \/>\n<meta name=\"twitter:card\" content=\"summary_large_image\" \/>\n<meta name=\"twitter:label1\" content=\"Dur\u00e9e de lecture estim\u00e9e\" \/>\n\t<meta name=\"twitter:data1\" content=\"2 minutes\" \/>\n<!-- \/ Yoast SEO plugin. -->","yoast_head_json":{"title":"Acheter Radiance Gel by AllSkinMed- Livraison Gratuite","description":"Obtenez Radiance Gel au meilleur prix avec LIVRAISON GRATUITE. Commandez en ligne et recevez vos soins pr\u00e9f\u00e9r\u00e9s chez vous !","robots":{"index":"index","follow":"follow","max-snippet":"max-snippet:-1","max-image-preview":"max-image-preview:large","max-video-preview":"max-video-preview:-1"},"canonical":"https:\/\/drmazarro.com\/fr\/producto\/radiance-gel\/","og_locale":"fr_FR","og_type":"article","og_title":"Acheter Radiance Gel by AllSkinMed- Livraison Gratuite","og_description":"Obtenez Radiance Gel au meilleur prix avec LIVRAISON GRATUITE. Commandez en ligne et recevez vos soins pr\u00e9f\u00e9r\u00e9s chez vous !","og_url":"https:\/\/drmazarro.com\/fr\/producto\/radiance-gel\/","og_site_name":"Dr. Mazarro","article_publisher":"https:\/\/www.facebook.com\/Dr-Mazarro-Cirug%c3%ada-Est%c3%a9tica-Facial-en-Barcelona-101872084913358\/","article_modified_time":"2025-01-03T18:44:53+00:00","og_image":[{"width":876,"height":1313,"url":"https:\/\/drmazarro.com\/wp-content\/uploads\/2022\/07\/allskinmed-antiaging-c-radiance-gel-02.jpg","type":"image\/jpeg"}],"twitter_card":"summary_large_image","twitter_misc":{"Dur\u00e9e de lecture estim\u00e9e":"2 minutes"},"schema":{"@context":"https:\/\/schema.org","@graph":[{"@type":"WebPage","@id":"https:\/\/drmazarro.com\/fr\/producto\/radiance-gel\/","url":"https:\/\/drmazarro.com\/fr\/producto\/radiance-gel\/","name":"Acheter Radiance Gel by AllSkinMed- Livraison Gratuite","isPartOf":{"@id":"https:\/\/drmazarro.com\/fr\/#website"},"primaryImageOfPage":{"@id":"https:\/\/drmazarro.com\/fr\/producto\/radiance-gel\/#primaryimage"},"image":{"@id":"https:\/\/drmazarro.com\/fr\/producto\/radiance-gel\/#primaryimage"},"thumbnailUrl":"https:\/\/drmazarro.com\/wp-content\/uploads\/2022\/07\/allskinmed-antiaging-c-radiance-gel-02.jpg","datePublished":"2024-12-26T14:34:03+00:00","dateModified":"2025-01-03T18:44:53+00:00","description":"Obtenez Radiance Gel au meilleur prix avec LIVRAISON GRATUITE. Commandez en ligne et recevez vos soins pr\u00e9f\u00e9r\u00e9s chez vous !","breadcrumb":{"@id":"https:\/\/drmazarro.com\/fr\/producto\/radiance-gel\/#breadcrumb"},"inLanguage":"fr-FR","potentialAction":[{"@type":"ReadAction","target":["https:\/\/drmazarro.com\/fr\/producto\/radiance-gel\/"]}]},{"@type":"ImageObject","inLanguage":"fr-FR","@id":"https:\/\/drmazarro.com\/fr\/producto\/radiance-gel\/#primaryimage","url":"https:\/\/drmazarro.com\/wp-content\/uploads\/2022\/07\/allskinmed-antiaging-c-radiance-gel-02.jpg","contentUrl":"https:\/\/drmazarro.com\/wp-content\/uploads\/2022\/07\/allskinmed-antiaging-c-radiance-gel-02.jpg","width":876,"height":1313,"caption":"Comprar Gel Iluminador Vitamina C by AllSkin Med - Dr. Mazarro"},{"@type":"BreadcrumbList","@id":"https:\/\/drmazarro.com\/fr\/producto\/radiance-gel\/#breadcrumb","itemListElement":[{"@type":"ListItem","position":1,"name":"Portada","item":"https:\/\/drmazarro.com\/fr\/"},{"@type":"ListItem","position":2,"name":"Shop","item":"https:\/\/drmazarro.com\/fr\/online-shop\/"},{"@type":"ListItem","position":3,"name":"Radiance Gel"}]},{"@type":"WebSite","@id":"https:\/\/drmazarro.com\/fr\/#website","url":"https:\/\/drmazarro.com\/fr\/","name":"Dr. Mazarro","description":"Cirug\u00eda y Medicina Est\u00e9tica Facial en Barcelona","publisher":{"@id":"https:\/\/drmazarro.com\/fr\/#organization"},"potentialAction":[{"@type":"SearchAction","target":{"@type":"EntryPoint","urlTemplate":"https:\/\/drmazarro.com\/fr\/?s={search_term_string}"},"query-input":{"@type":"PropertyValueSpecification","valueRequired":true,"valueName":"search_term_string"}}],"inLanguage":"fr-FR"},{"@type":"Organization","@id":"https:\/\/drmazarro.com\/fr\/#organization","name":"Dr. Mazarro","url":"https:\/\/drmazarro.com\/fr\/","logo":{"@type":"ImageObject","inLanguage":"fr-FR","@id":"https:\/\/drmazarro.com\/fr\/#\/schema\/logo\/image\/","url":"https:\/\/drmazarro.com\/wp-content\/uploads\/2024\/03\/AM-576.png","contentUrl":"https:\/\/drmazarro.com\/wp-content\/uploads\/2024\/03\/AM-576.png","width":576,"height":576,"caption":"Dr. Mazarro"},"image":{"@id":"https:\/\/drmazarro.com\/fr\/#\/schema\/logo\/image\/"},"sameAs":["https:\/\/www.facebook.com\/Dr-Mazarro-Cirug\u00eda-Est\u00e9tica-Facial-en-Barcelona-101872084913358\/","https:\/\/www.instagram.com\/drmazarro_alejandro\/"]}]}},"_links":{"self":[{"href":"https:\/\/drmazarro.com\/fr\/wp-json\/wp\/v2\/product\/24136","targetHints":{"allow":["GET"]}}],"collection":[{"href":"https:\/\/drmazarro.com\/fr\/wp-json\/wp\/v2\/product"}],"about":[{"href":"https:\/\/drmazarro.com\/fr\/wp-json\/wp\/v2\/types\/product"}],"replies":[{"embeddable":true,"href":"https:\/\/drmazarro.com\/fr\/wp-json\/wp\/v2\/comments?post=24136"}],"wp:featuredmedia":[{"embeddable":true,"href":"https:\/\/drmazarro.com\/fr\/wp-json\/wp\/v2\/media\/24137"}],"wp:attachment":[{"href":"https:\/\/drmazarro.com\/fr\/wp-json\/wp\/v2\/media?parent=24136"}],"wp:term":[{"taxonomy":"product_brand","embeddable":true,"href":"https:\/\/drmazarro.com\/fr\/wp-json\/wp\/v2\/product_brand?post=24136"},{"taxonomy":"product_cat","embeddable":true,"href":"https:\/\/drmazarro.com\/fr\/wp-json\/wp\/v2\/product_cat?post=24136"},{"taxonomy":"product_tag","embeddable":true,"href":"https:\/\/drmazarro.com\/fr\/wp-json\/wp\/v2\/product_tag?post=24136"}],"curies":[{"name":"wp","href":"https:\/\/api.w.org\/{rel}","templated":true}]}}