{"id":24127,"date":"2022-07-26T11:16:43","date_gmt":"2024-12-26T14:34:04","guid":{"rendered":"https:\/\/drmazarro.com\/producto\/mineral-color-spf50-bronze\/"},"modified":"2025-01-03T19:40:23","modified_gmt":"2025-01-03T18:40:23","slug":"mineral-color-spf50-bronze","status":"publish","type":"product","link":"https:\/\/drmazarro.com\/fr\/producto\/mineral-color-spf50-bronze\/","title":{"rendered":"Mineral Color SPF50 Bronze"},"content":{"rendered":"<h2><em>Indications<\/em><\/h2>\n<p style=\"text-align: justify;\">Mineral Color Bronze est une protection solaire haute protection pr\u00e9sentant une formule exclusive 100% min\u00e9rale avec une couvrance maquillante. Ce produit sophistiqu\u00e9 unifie le teint et camoufle les imperfections tout en offrant une finition naturelle et saine. Sp\u00e9cialement formul\u00e9 pour tous les types de peau, y compris les peaux sensibles et intol\u00e9rantes, et particuli\u00e8rement adapt\u00e9 \u00e0 une utilisation apr\u00e8s les proc\u00e9dures esth\u00e9tiques.<\/p>\n<p>\u2022 Procure une protection \u00e0 large spectre<br \/>\n\u2022 Offre une couvrance naturelle<br \/>\n\u2022 Camoufle les imperfections<br \/>\n\u2022 Adapt\u00e9 aux peaux sensibles<br \/>\n\u2022 S\u00fbr pour une utilisation post-proc\u00e9dure<br \/>\n\u2022 Apporte des bienfaits antioxydants<br \/>\n\u2022 Cr\u00e9e une finition saine<\/p>\n<h2><em>Format<\/em><\/h2>\n<p style=\"text-align: justify;\">50mL<\/p>\n<h2><em>Ingr\u00e9dients<\/em><\/h2>\n<p>\u2022 Syst\u00e8me de Protection<br \/>\n&#8211; Filtres 100% min\u00e9raux<br \/>\n&#8211; Prot\u00e8ge contre les UVB et UVA<br \/>\n&#8211; Prot\u00e8ge des IR-A et de la lumi\u00e8re visible<br \/>\n&#8211; Assure une couverture compl\u00e8te<\/p>\n<p>\u2022 Complexe Antioxydant<br \/>\n&#8211; Int\u00e8gre de puissants antioxydants<br \/>\n&#8211; Am\u00e9liore la protection cutan\u00e9e<br \/>\n&#8211; Soutient la r\u00e9paration de la peau<\/p>\n<p>\u2022 Technologie de la Couleur<br \/>\n&#8211; Procure une couvrance naturelle<br \/>\n&#8211; Unifie le teint<br \/>\n&#8211; Cr\u00e9e une finition bronz\u00e9e<\/p>\n<h2><em>Comment utiliser Mineral Color Bronze<\/em><\/h2>\n<p style=\"text-align: justify;\">Appliquer g\u00e9n\u00e9reusement sur le visage et les zones expos\u00e9es pendant la journ\u00e9e. Renouveler l&rsquo;application toutes les 2 heures ou apr\u00e8s la baignade, la transpiration ou le s\u00e9chage avec une serviette. Pour des r\u00e9sultats optimaux, utiliser comme derni\u00e8re \u00e9tape de votre routine de soin du matin.<\/p>\n","protected":false},"excerpt":{"rendered":"<div class=\"clearfix text-formatted field field--name-field-body-short field--type-text-long field--label-hidden field__item\">\n<p>Mineral Color SPF50 Bronze<\/p>\n<p>Obtenez-le au prix minimum avec livraison GRATUITE &#8211; cliquez pour en savoir plus!<\/p>\n<\/div>\n","protected":false},"featured_media":24128,"comment_status":"open","ping_status":"closed","template":"","meta":{"_acf_changed":false,"_monsterinsights_skip_tracking":false,"_monsterinsights_sitenote_active":false,"_monsterinsights_sitenote_note":"","_monsterinsights_sitenote_category":0},"product_brand":[],"product_cat":[207,213,252],"product_tag":[240],"class_list":{"0":"post-24127","1":"product","2":"type-product","3":"status-publish","4":"has-post-thumbnail","6":"product_cat-allskin-med-fr","7":"product_cat-fotoproteccion-fr-2","8":"product_cat-tous","9":"product_tag-all-skin-med-fr","11":"first","12":"instock","13":"shipping-taxable","14":"purchasable","15":"product-type-simple"},"acf":[],"yoast_head":"<!-- This site is optimized with the Yoast SEO plugin v27.3 - https:\/\/yoast.com\/product\/yoast-seo-wordpress\/ -->\n<title>Acheter Mineral Color SPF50 Bronze - Livraison Gratuite<\/title>\n<meta name=\"description\" content=\"Obtenez Mineral Color SPF50 Bronze au meilleur prix avec LIVRAISON GRATUITE. Commandez en ligne et recevez vos soins pr\u00e9f\u00e9r\u00e9s chez vous !\" \/>\n<meta name=\"robots\" content=\"index, follow, max-snippet:-1, max-image-preview:large, max-video-preview:-1\" \/>\n<link rel=\"canonical\" href=\"https:\/\/drmazarro.com\/fr\/producto\/mineral-color-spf50-bronze\/\" \/>\n<meta property=\"og:locale\" content=\"fr_FR\" \/>\n<meta property=\"og:type\" content=\"article\" \/>\n<meta property=\"og:title\" content=\"Acheter Mineral Color SPF50 Bronze - Livraison Gratuite\" \/>\n<meta property=\"og:description\" content=\"Obtenez Mineral Color SPF50 Bronze au meilleur prix avec LIVRAISON GRATUITE. Commandez en ligne et recevez vos soins pr\u00e9f\u00e9r\u00e9s chez vous !\" \/>\n<meta property=\"og:url\" content=\"https:\/\/drmazarro.com\/fr\/producto\/mineral-color-spf50-bronze\/\" \/>\n<meta property=\"og:site_name\" content=\"Dr. Mazarro\" \/>\n<meta property=\"article:publisher\" content=\"https:\/\/www.facebook.com\/Dr-Mazarro-Cirug%c3%ada-Est%c3%a9tica-Facial-en-Barcelona-101872084913358\/\" \/>\n<meta property=\"article:modified_time\" content=\"2025-01-03T18:40:23+00:00\" \/>\n<meta property=\"og:image\" content=\"https:\/\/drmazarro.com\/wp-content\/uploads\/2022\/07\/Allskinmed_sun_mineral_color-BRONZE.jpg\" \/>\n\t<meta property=\"og:image:width\" content=\"876\" \/>\n\t<meta property=\"og:image:height\" content=\"1313\" \/>\n\t<meta property=\"og:image:type\" content=\"image\/jpeg\" \/>\n<meta name=\"twitter:card\" content=\"summary_large_image\" \/>\n<meta name=\"twitter:label1\" content=\"Dur\u00e9e de lecture estim\u00e9e\" \/>\n\t<meta name=\"twitter:data1\" content=\"1 minute\" \/>\n<!-- \/ Yoast SEO plugin. -->","yoast_head_json":{"title":"Acheter Mineral Color SPF50 Bronze - Livraison Gratuite","description":"Obtenez Mineral Color SPF50 Bronze au meilleur prix avec LIVRAISON GRATUITE. Commandez en ligne et recevez vos soins pr\u00e9f\u00e9r\u00e9s chez vous !","robots":{"index":"index","follow":"follow","max-snippet":"max-snippet:-1","max-image-preview":"max-image-preview:large","max-video-preview":"max-video-preview:-1"},"canonical":"https:\/\/drmazarro.com\/fr\/producto\/mineral-color-spf50-bronze\/","og_locale":"fr_FR","og_type":"article","og_title":"Acheter Mineral Color SPF50 Bronze - Livraison Gratuite","og_description":"Obtenez Mineral Color SPF50 Bronze au meilleur prix avec LIVRAISON GRATUITE. Commandez en ligne et recevez vos soins pr\u00e9f\u00e9r\u00e9s chez vous !","og_url":"https:\/\/drmazarro.com\/fr\/producto\/mineral-color-spf50-bronze\/","og_site_name":"Dr. Mazarro","article_publisher":"https:\/\/www.facebook.com\/Dr-Mazarro-Cirug%c3%ada-Est%c3%a9tica-Facial-en-Barcelona-101872084913358\/","article_modified_time":"2025-01-03T18:40:23+00:00","og_image":[{"width":876,"height":1313,"url":"https:\/\/drmazarro.com\/wp-content\/uploads\/2022\/07\/Allskinmed_sun_mineral_color-BRONZE.jpg","type":"image\/jpeg"}],"twitter_card":"summary_large_image","twitter_misc":{"Dur\u00e9e de lecture estim\u00e9e":"1 minute"},"schema":{"@context":"https:\/\/schema.org","@graph":[{"@type":"WebPage","@id":"https:\/\/drmazarro.com\/fr\/producto\/mineral-color-spf50-bronze\/","url":"https:\/\/drmazarro.com\/fr\/producto\/mineral-color-spf50-bronze\/","name":"Acheter Mineral Color SPF50 Bronze - Livraison Gratuite","isPartOf":{"@id":"https:\/\/drmazarro.com\/fr\/#website"},"primaryImageOfPage":{"@id":"https:\/\/drmazarro.com\/fr\/producto\/mineral-color-spf50-bronze\/#primaryimage"},"image":{"@id":"https:\/\/drmazarro.com\/fr\/producto\/mineral-color-spf50-bronze\/#primaryimage"},"thumbnailUrl":"https:\/\/drmazarro.com\/wp-content\/uploads\/2022\/07\/Allskinmed_sun_mineral_color-BRONZE.jpg","datePublished":"2024-12-26T14:34:04+00:00","dateModified":"2025-01-03T18:40:23+00:00","description":"Obtenez Mineral Color SPF50 Bronze au meilleur prix avec LIVRAISON GRATUITE. Commandez en ligne et recevez vos soins pr\u00e9f\u00e9r\u00e9s chez vous !","breadcrumb":{"@id":"https:\/\/drmazarro.com\/fr\/producto\/mineral-color-spf50-bronze\/#breadcrumb"},"inLanguage":"fr-FR","potentialAction":[{"@type":"ReadAction","target":["https:\/\/drmazarro.com\/fr\/producto\/mineral-color-spf50-bronze\/"]}]},{"@type":"ImageObject","inLanguage":"fr-FR","@id":"https:\/\/drmazarro.com\/fr\/producto\/mineral-color-spf50-bronze\/#primaryimage","url":"https:\/\/drmazarro.com\/wp-content\/uploads\/2022\/07\/Allskinmed_sun_mineral_color-BRONZE.jpg","contentUrl":"https:\/\/drmazarro.com\/wp-content\/uploads\/2022\/07\/Allskinmed_sun_mineral_color-BRONZE.jpg","width":876,"height":1313,"caption":"Comprar Fotoprotecci\u00f3n Mineral Bronze by AllSkin Med - Dr. Mazarro"},{"@type":"BreadcrumbList","@id":"https:\/\/drmazarro.com\/fr\/producto\/mineral-color-spf50-bronze\/#breadcrumb","itemListElement":[{"@type":"ListItem","position":1,"name":"Portada","item":"https:\/\/drmazarro.com\/fr\/"},{"@type":"ListItem","position":2,"name":"Shop","item":"https:\/\/drmazarro.com\/fr\/online-shop\/"},{"@type":"ListItem","position":3,"name":"Mineral Color SPF50 Bronze"}]},{"@type":"WebSite","@id":"https:\/\/drmazarro.com\/fr\/#website","url":"https:\/\/drmazarro.com\/fr\/","name":"Dr. Mazarro","description":"Cirug\u00eda y Medicina Est\u00e9tica Facial en Barcelona","publisher":{"@id":"https:\/\/drmazarro.com\/fr\/#organization"},"potentialAction":[{"@type":"SearchAction","target":{"@type":"EntryPoint","urlTemplate":"https:\/\/drmazarro.com\/fr\/?s={search_term_string}"},"query-input":{"@type":"PropertyValueSpecification","valueRequired":true,"valueName":"search_term_string"}}],"inLanguage":"fr-FR"},{"@type":"Organization","@id":"https:\/\/drmazarro.com\/fr\/#organization","name":"Dr. Mazarro","url":"https:\/\/drmazarro.com\/fr\/","logo":{"@type":"ImageObject","inLanguage":"fr-FR","@id":"https:\/\/drmazarro.com\/fr\/#\/schema\/logo\/image\/","url":"https:\/\/drmazarro.com\/wp-content\/uploads\/2024\/03\/AM-576.png","contentUrl":"https:\/\/drmazarro.com\/wp-content\/uploads\/2024\/03\/AM-576.png","width":576,"height":576,"caption":"Dr. Mazarro"},"image":{"@id":"https:\/\/drmazarro.com\/fr\/#\/schema\/logo\/image\/"},"sameAs":["https:\/\/www.facebook.com\/Dr-Mazarro-Cirug\u00eda-Est\u00e9tica-Facial-en-Barcelona-101872084913358\/","https:\/\/www.instagram.com\/drmazarro_alejandro\/"]}]}},"_links":{"self":[{"href":"https:\/\/drmazarro.com\/fr\/wp-json\/wp\/v2\/product\/24127","targetHints":{"allow":["GET"]}}],"collection":[{"href":"https:\/\/drmazarro.com\/fr\/wp-json\/wp\/v2\/product"}],"about":[{"href":"https:\/\/drmazarro.com\/fr\/wp-json\/wp\/v2\/types\/product"}],"replies":[{"embeddable":true,"href":"https:\/\/drmazarro.com\/fr\/wp-json\/wp\/v2\/comments?post=24127"}],"wp:featuredmedia":[{"embeddable":true,"href":"https:\/\/drmazarro.com\/fr\/wp-json\/wp\/v2\/media\/24128"}],"wp:attachment":[{"href":"https:\/\/drmazarro.com\/fr\/wp-json\/wp\/v2\/media?parent=24127"}],"wp:term":[{"taxonomy":"product_brand","embeddable":true,"href":"https:\/\/drmazarro.com\/fr\/wp-json\/wp\/v2\/product_brand?post=24127"},{"taxonomy":"product_cat","embeddable":true,"href":"https:\/\/drmazarro.com\/fr\/wp-json\/wp\/v2\/product_cat?post=24127"},{"taxonomy":"product_tag","embeddable":true,"href":"https:\/\/drmazarro.com\/fr\/wp-json\/wp\/v2\/product_tag?post=24127"}],"curies":[{"name":"wp","href":"https:\/\/api.w.org\/{rel}","templated":true}]}}