{"id":24120,"date":"2022-07-26T11:26:32","date_gmt":"2024-12-26T14:32:03","guid":{"rendered":"https:\/\/drmazarro.com\/producto\/intensive-retexturizing-serum\/"},"modified":"2025-01-03T19:36:05","modified_gmt":"2025-01-03T18:36:05","slug":"intensive-retexturizing-serum","status":"publish","type":"product","link":"https:\/\/drmazarro.com\/fr\/producto\/intensive-retexturizing-serum\/","title":{"rendered":"Retexturising Serum"},"content":{"rendered":"<h2><em>Indications<\/em><\/h2>\n<p style=\"text-align: justify;\"><strong>Retexturising Serum<\/strong> est un traitement concentr\u00e9 formul\u00e9 avec de hautes concentrations d&rsquo;acides exfoliants (Glycolique, Citrique et Shikimique). Cette formule avanc\u00e9e lisse et illumine la peau tout en r\u00e9duisant visiblement les rides d&rsquo;expression et les ridules, enrichie en vitamines A, C et E pour des bienfaits synergiques illuminateurs et r\u00e9g\u00e9n\u00e9rants.<\/p>\n<p>\u2022 Am\u00e9liore la texture cutan\u00e9e<br \/>\n\u2022 R\u00e9duit l&rsquo;apparence des pores<br \/>\n\u2022 Minimise les rides d&rsquo;expression<br \/>\n\u2022 Rehausse l&rsquo;\u00e9clat de la peau<br \/>\n\u2022 Procure une exfoliation douce<br \/>\n\u2022 Convient \u00e0 tous les types de peau<br \/>\n\u2022 Apporte des bienfaits antioxydants<\/p>\n<h2><em>Format<\/em><\/h2>\n<p style=\"text-align: justify;\">50mL<\/p>\n<h2><em>Ingr\u00e9dients<\/em><\/h2>\n<p>\u2022 Complexe Exfoliant<br \/>\n&#8211; Contient de l&rsquo;acide glycolique<br \/>\n&#8211; Int\u00e8gre de l&rsquo;acide citrique<br \/>\n&#8211; Inclut de l&rsquo;acide shikimique<br \/>\n&#8211; Favorise le renouvellement cutan\u00e9<\/p>\n<p>\u2022 Complexe Actif<br \/>\n&#8211; Contient de la niacinamide<br \/>\n&#8211; Int\u00e8gre du bisabolol<br \/>\n&#8211; Procure des bienfaits apaisants<\/p>\n<p>\u2022 Syst\u00e8me Vitaminique<br \/>\n&#8211; Contient de la vitamine A<br \/>\n&#8211; Int\u00e8gre de la vitamine C<br \/>\n&#8211; Inclut de la vitamine E<br \/>\n&#8211; Apporte une protection antioxydante<\/p>\n<p>\u2022 Actifs Hydratants<br \/>\n&#8211; Maintient le confort cutan\u00e9<br \/>\n&#8211; Soutient l&rsquo;\u00e9quilibre hydrique<br \/>\n&#8211; Am\u00e9liore la tol\u00e9rance<\/p>\n<h2><em>Comment utiliser Retexturising Serum<\/em><\/h2>\n<p style=\"text-align: justify;\">Appliquer uniform\u00e9ment une fois par jour sur peau nettoy\u00e9e. Pour des r\u00e9sultats optimaux, utiliser r\u00e9guli\u00e8rement dans le cadre de votre routine de soin. En raison de la pr\u00e9sence d&rsquo;AHA, l&rsquo;utilisation d&rsquo;une protection solaire est essentielle pendant la journ\u00e9e.<\/p>\n","protected":false},"excerpt":{"rendered":"<p>Intensive Retexturizing Serum<\/p>\n<p>Obtenez-le au prix minimum avec livraison GRATUITE &#8211; cliquez pour en savoir plus!<\/p>\n","protected":false},"featured_media":23843,"comment_status":"open","ping_status":"closed","template":"","meta":{"_acf_changed":false,"_monsterinsights_skip_tracking":false,"_monsterinsights_sitenote_active":false,"_monsterinsights_sitenote_note":"","_monsterinsights_sitenote_category":0},"product_brand":[],"product_cat":[207,209,252],"product_tag":[240],"class_list":{"0":"post-24120","1":"product","2":"type-product","3":"status-publish","4":"has-post-thumbnail","6":"product_cat-allskin-med-fr","7":"product_cat-antiaging-fr","8":"product_cat-tous","9":"product_tag-all-skin-med-fr","11":"first","12":"instock","13":"shipping-taxable","14":"purchasable","15":"product-type-simple"},"acf":[],"yoast_head":"<!-- This site is optimized with the Yoast SEO plugin v27.3 - https:\/\/yoast.com\/product\/yoast-seo-wordpress\/ -->\n<title>Acheter Retexturising Serum by AllSkinMed- Livraison Gratuite<\/title>\n<meta name=\"description\" content=\"Obtenez Retexturising Serum au meilleur prix avec LIVRAISON GRATUITE. Commandez en ligne et recevez vos soins pr\u00e9f\u00e9r\u00e9s chez vous !\" \/>\n<meta name=\"robots\" content=\"index, follow, max-snippet:-1, max-image-preview:large, max-video-preview:-1\" \/>\n<link rel=\"canonical\" href=\"https:\/\/drmazarro.com\/fr\/producto\/intensive-retexturizing-serum\/\" \/>\n<meta property=\"og:locale\" content=\"fr_FR\" \/>\n<meta property=\"og:type\" content=\"article\" \/>\n<meta property=\"og:title\" content=\"Acheter Retexturising Serum by AllSkinMed- Livraison Gratuite\" \/>\n<meta property=\"og:description\" content=\"Obtenez Retexturising Serum au meilleur prix avec LIVRAISON GRATUITE. Commandez en ligne et recevez vos soins pr\u00e9f\u00e9r\u00e9s chez vous !\" \/>\n<meta property=\"og:url\" content=\"https:\/\/drmazarro.com\/fr\/producto\/intensive-retexturizing-serum\/\" \/>\n<meta property=\"og:site_name\" content=\"Dr. Mazarro\" \/>\n<meta property=\"article:publisher\" content=\"https:\/\/www.facebook.com\/Dr-Mazarro-Cirug%c3%ada-Est%c3%a9tica-Facial-en-Barcelona-101872084913358\/\" \/>\n<meta property=\"article:modified_time\" content=\"2025-01-03T18:36:05+00:00\" \/>\n<meta property=\"og:image\" content=\"https:\/\/drmazarro.com\/wp-content\/uploads\/2022\/07\/allskinmed-antiaging-aha-retexturising-serum-01-1.png\" \/>\n\t<meta property=\"og:image:width\" content=\"876\" \/>\n\t<meta property=\"og:image:height\" content=\"1313\" \/>\n\t<meta property=\"og:image:type\" content=\"image\/png\" \/>\n<meta name=\"twitter:card\" content=\"summary_large_image\" \/>\n<meta name=\"twitter:label1\" content=\"Dur\u00e9e de lecture estim\u00e9e\" \/>\n\t<meta name=\"twitter:data1\" content=\"2 minutes\" \/>\n<!-- \/ Yoast SEO plugin. -->","yoast_head_json":{"title":"Acheter Retexturising Serum by AllSkinMed- Livraison Gratuite","description":"Obtenez Retexturising Serum au meilleur prix avec LIVRAISON GRATUITE. Commandez en ligne et recevez vos soins pr\u00e9f\u00e9r\u00e9s chez vous !","robots":{"index":"index","follow":"follow","max-snippet":"max-snippet:-1","max-image-preview":"max-image-preview:large","max-video-preview":"max-video-preview:-1"},"canonical":"https:\/\/drmazarro.com\/fr\/producto\/intensive-retexturizing-serum\/","og_locale":"fr_FR","og_type":"article","og_title":"Acheter Retexturising Serum by AllSkinMed- Livraison Gratuite","og_description":"Obtenez Retexturising Serum au meilleur prix avec LIVRAISON GRATUITE. Commandez en ligne et recevez vos soins pr\u00e9f\u00e9r\u00e9s chez vous !","og_url":"https:\/\/drmazarro.com\/fr\/producto\/intensive-retexturizing-serum\/","og_site_name":"Dr. Mazarro","article_publisher":"https:\/\/www.facebook.com\/Dr-Mazarro-Cirug%c3%ada-Est%c3%a9tica-Facial-en-Barcelona-101872084913358\/","article_modified_time":"2025-01-03T18:36:05+00:00","og_image":[{"width":876,"height":1313,"url":"https:\/\/drmazarro.com\/wp-content\/uploads\/2022\/07\/allskinmed-antiaging-aha-retexturising-serum-01-1.png","type":"image\/png"}],"twitter_card":"summary_large_image","twitter_misc":{"Dur\u00e9e de lecture estim\u00e9e":"2 minutes"},"schema":{"@context":"https:\/\/schema.org","@graph":[{"@type":"WebPage","@id":"https:\/\/drmazarro.com\/fr\/producto\/intensive-retexturizing-serum\/","url":"https:\/\/drmazarro.com\/fr\/producto\/intensive-retexturizing-serum\/","name":"Acheter Retexturising Serum by AllSkinMed- Livraison Gratuite","isPartOf":{"@id":"https:\/\/drmazarro.com\/fr\/#website"},"primaryImageOfPage":{"@id":"https:\/\/drmazarro.com\/fr\/producto\/intensive-retexturizing-serum\/#primaryimage"},"image":{"@id":"https:\/\/drmazarro.com\/fr\/producto\/intensive-retexturizing-serum\/#primaryimage"},"thumbnailUrl":"https:\/\/drmazarro.com\/wp-content\/uploads\/2022\/07\/allskinmed-antiaging-aha-retexturising-serum-01-1.png","datePublished":"2024-12-26T14:32:03+00:00","dateModified":"2025-01-03T18:36:05+00:00","description":"Obtenez Retexturising Serum au meilleur prix avec LIVRAISON GRATUITE. Commandez en ligne et recevez vos soins pr\u00e9f\u00e9r\u00e9s chez vous !","breadcrumb":{"@id":"https:\/\/drmazarro.com\/fr\/producto\/intensive-retexturizing-serum\/#breadcrumb"},"inLanguage":"fr-FR","potentialAction":[{"@type":"ReadAction","target":["https:\/\/drmazarro.com\/fr\/producto\/intensive-retexturizing-serum\/"]}]},{"@type":"ImageObject","inLanguage":"fr-FR","@id":"https:\/\/drmazarro.com\/fr\/producto\/intensive-retexturizing-serum\/#primaryimage","url":"https:\/\/drmazarro.com\/wp-content\/uploads\/2022\/07\/allskinmed-antiaging-aha-retexturising-serum-01-1.png","contentUrl":"https:\/\/drmazarro.com\/wp-content\/uploads\/2022\/07\/allskinmed-antiaging-aha-retexturising-serum-01-1.png","width":876,"height":1313,"caption":"retexturising-serum-"},{"@type":"BreadcrumbList","@id":"https:\/\/drmazarro.com\/fr\/producto\/intensive-retexturizing-serum\/#breadcrumb","itemListElement":[{"@type":"ListItem","position":1,"name":"Portada","item":"https:\/\/drmazarro.com\/fr\/"},{"@type":"ListItem","position":2,"name":"Shop","item":"https:\/\/drmazarro.com\/fr\/online-shop\/"},{"@type":"ListItem","position":3,"name":"Retexturising Serum"}]},{"@type":"WebSite","@id":"https:\/\/drmazarro.com\/fr\/#website","url":"https:\/\/drmazarro.com\/fr\/","name":"Dr. Mazarro","description":"Cirug\u00eda y Medicina Est\u00e9tica Facial en Barcelona","publisher":{"@id":"https:\/\/drmazarro.com\/fr\/#organization"},"potentialAction":[{"@type":"SearchAction","target":{"@type":"EntryPoint","urlTemplate":"https:\/\/drmazarro.com\/fr\/?s={search_term_string}"},"query-input":{"@type":"PropertyValueSpecification","valueRequired":true,"valueName":"search_term_string"}}],"inLanguage":"fr-FR"},{"@type":"Organization","@id":"https:\/\/drmazarro.com\/fr\/#organization","name":"Dr. Mazarro","url":"https:\/\/drmazarro.com\/fr\/","logo":{"@type":"ImageObject","inLanguage":"fr-FR","@id":"https:\/\/drmazarro.com\/fr\/#\/schema\/logo\/image\/","url":"https:\/\/drmazarro.com\/wp-content\/uploads\/2024\/03\/AM-576.png","contentUrl":"https:\/\/drmazarro.com\/wp-content\/uploads\/2024\/03\/AM-576.png","width":576,"height":576,"caption":"Dr. Mazarro"},"image":{"@id":"https:\/\/drmazarro.com\/fr\/#\/schema\/logo\/image\/"},"sameAs":["https:\/\/www.facebook.com\/Dr-Mazarro-Cirug\u00eda-Est\u00e9tica-Facial-en-Barcelona-101872084913358\/","https:\/\/www.instagram.com\/drmazarro_alejandro\/"]}]}},"_links":{"self":[{"href":"https:\/\/drmazarro.com\/fr\/wp-json\/wp\/v2\/product\/24120","targetHints":{"allow":["GET"]}}],"collection":[{"href":"https:\/\/drmazarro.com\/fr\/wp-json\/wp\/v2\/product"}],"about":[{"href":"https:\/\/drmazarro.com\/fr\/wp-json\/wp\/v2\/types\/product"}],"replies":[{"embeddable":true,"href":"https:\/\/drmazarro.com\/fr\/wp-json\/wp\/v2\/comments?post=24120"}],"wp:featuredmedia":[{"embeddable":true,"href":"https:\/\/drmazarro.com\/fr\/wp-json\/wp\/v2\/media\/23843"}],"wp:attachment":[{"href":"https:\/\/drmazarro.com\/fr\/wp-json\/wp\/v2\/media?parent=24120"}],"wp:term":[{"taxonomy":"product_brand","embeddable":true,"href":"https:\/\/drmazarro.com\/fr\/wp-json\/wp\/v2\/product_brand?post=24120"},{"taxonomy":"product_cat","embeddable":true,"href":"https:\/\/drmazarro.com\/fr\/wp-json\/wp\/v2\/product_cat?post=24120"},{"taxonomy":"product_tag","embeddable":true,"href":"https:\/\/drmazarro.com\/fr\/wp-json\/wp\/v2\/product_tag?post=24120"}],"curies":[{"name":"wp","href":"https:\/\/api.w.org\/{rel}","templated":true}]}}