{"id":24112,"date":"2024-02-03T12:19:20","date_gmt":"2024-12-26T13:39:22","guid":{"rendered":"https:\/\/drmazarro.com\/producto\/pigmentation-control-oral-capsules\/"},"modified":"2025-01-03T19:28:51","modified_gmt":"2025-01-03T18:28:51","slug":"pigmentation-control-oral-capsules","status":"publish","type":"product","link":"https:\/\/drmazarro.com\/fr\/producto\/pigmentation-control-oral-capsules\/","title":{"rendered":"Pigmentation &#8211; Oral Capsules"},"content":{"rendered":"<h2><em>Indications<\/em><\/h2>\n<p style=\"text-align: justify;\">PIGMENTATION ORAL CAPSULES est un compl\u00e9ment alimentaire principalement con\u00e7u pour pr\u00e9venir, corriger et contr\u00f4ler la pigmentation li\u00e9e au soleil. Cette formule avanc\u00e9e aide \u00e0 r\u00e9parer l&rsquo;ADN endommag\u00e9, stimule la production de collag\u00e8ne et d&rsquo;\u00e9lastine, et fournit une puissante protection antioxydante, r\u00e9duisant les radicaux libres de 50% tout en combattant les signes du vieillissement pr\u00e9matur\u00e9.<\/p>\n<p>\u2022 Contr\u00f4le la pigmentation li\u00e9e au soleil<br \/>\n\u2022 R\u00e9pare les dommages de l&rsquo;ADN<br \/>\n\u2022 Stimule la production de collag\u00e8ne<br \/>\n\u2022 Am\u00e9liore l&rsquo;\u00e9lasticit\u00e9 cutan\u00e9e<br \/>\n\u2022 R\u00e9duit la profondeur des rides<br \/>\n\u2022 Procure une protection antioxydante<br \/>\n\u2022 Combat le vieillissement pr\u00e9matur\u00e9<\/p>\n<h2><em>Format<\/em><\/h2>\n<p style=\"text-align: justify;\">60 g\u00e9lules<\/p>\n<h2><em>Ingr\u00e9dients<\/em><\/h2>\n<p>\u2022 Fernblock<br \/>\n&#8211; Protection solaire avanc\u00e9e<br \/>\n&#8211; Soutient la r\u00e9paration de l&rsquo;ADN<br \/>\n&#8211; Contr\u00f4le la pigmentation<\/p>\n<p>\u2022 Complexe Actif<br \/>\n&#8211; Contient de la vitamine C<br \/>\n&#8211; Int\u00e8gre de l&rsquo;extrait de grenade<br \/>\n&#8211; Inclut de la niacinamide<br \/>\n&#8211; Enrichi en cystine<\/p>\n<p>\u2022 Syst\u00e8me Antioxydant<br \/>\n&#8211; R\u00e9duit les radicaux libres de 50%<br \/>\n&#8211; Prot\u00e8ge contre le stress oxydatif<br \/>\n&#8211; Soutient la sant\u00e9 cutan\u00e9e<\/p>\n<h2><em>Comment utiliser PIGMENTATION ORAL CAPSULES<\/em><\/h2>\n<p style=\"text-align: justify;\">Prendre 2 g\u00e9lules par jour : 1 le matin et 1 le soir. Pour des r\u00e9sultats optimaux, utiliser r\u00e9guli\u00e8rement dans le cadre de votre routine de soin.<\/p>\n","protected":false},"excerpt":{"rendered":"<div class=\"clearfix text-formatted field field--name-field-body-short field--type-text-long field--label-hidden field__item\">\n<p>Pigmentation &#8211; Oral Capsules<\/p>\n<\/div>\n<div class=\"field field--name-field-format field--type-string field--label-above\">\n<div class=\"field__label\">Obtenez-le au prix minimum avec livraison GRATUITE &#8211; cliquez pour en savoir plus!<\/div>\n<\/div>\n","protected":false},"featured_media":24113,"comment_status":"open","ping_status":"closed","template":"","meta":{"_acf_changed":false,"_monsterinsights_skip_tracking":false,"_monsterinsights_sitenote_active":false,"_monsterinsights_sitenote_note":"","_monsterinsights_sitenote_category":0},"product_brand":[],"product_cat":[207,213,252],"product_tag":[240],"class_list":{"0":"post-24112","1":"product","2":"type-product","3":"status-publish","4":"has-post-thumbnail","6":"product_cat-allskin-med-fr","7":"product_cat-fotoproteccion-fr-2","8":"product_cat-tous","9":"product_tag-all-skin-med-fr","11":"first","12":"instock","13":"shipping-taxable","14":"product-type-simple"},"acf":[],"yoast_head":"<!-- This site is optimized with the Yoast SEO plugin v27.3 - https:\/\/yoast.com\/product\/yoast-seo-wordpress\/ -->\n<title>Acheter Pigmentation Oral Capsules| AllSkinMed Livraison Gratuite<\/title>\n<meta name=\"description\" content=\"Obtenez Pigmentation - Oral Capsules au meilleur prix avec LIVRAISON GRATUITE. Commandez en ligne et recevez vos soins pr\u00e9f\u00e9r\u00e9s chez vous !\" \/>\n<meta name=\"robots\" content=\"index, follow, max-snippet:-1, max-image-preview:large, max-video-preview:-1\" \/>\n<link rel=\"canonical\" href=\"https:\/\/drmazarro.com\/fr\/producto\/pigmentation-control-oral-capsules\/\" \/>\n<meta property=\"og:locale\" content=\"fr_FR\" \/>\n<meta property=\"og:type\" content=\"article\" \/>\n<meta property=\"og:title\" content=\"Acheter Pigmentation Oral Capsules| AllSkinMed Livraison Gratuite\" \/>\n<meta property=\"og:description\" content=\"Obtenez Pigmentation - Oral Capsules au meilleur prix avec LIVRAISON GRATUITE. Commandez en ligne et recevez vos soins pr\u00e9f\u00e9r\u00e9s chez vous !\" \/>\n<meta property=\"og:url\" content=\"https:\/\/drmazarro.com\/fr\/producto\/pigmentation-control-oral-capsules\/\" \/>\n<meta property=\"og:site_name\" content=\"Dr. Mazarro\" \/>\n<meta property=\"article:publisher\" content=\"https:\/\/www.facebook.com\/Dr-Mazarro-Cirug%c3%ada-Est%c3%a9tica-Facial-en-Barcelona-101872084913358\/\" \/>\n<meta property=\"article:modified_time\" content=\"2025-01-03T18:28:51+00:00\" \/>\n<meta property=\"og:image\" content=\"https:\/\/drmazarro.com\/wp-content\/uploads\/2024\/02\/ASM_Pigmentation_02-scaled-1.jpg\" \/>\n\t<meta property=\"og:image:width\" content=\"1707\" \/>\n\t<meta property=\"og:image:height\" content=\"2560\" \/>\n\t<meta property=\"og:image:type\" content=\"image\/jpeg\" \/>\n<meta name=\"twitter:card\" content=\"summary_large_image\" \/>\n<meta name=\"twitter:label1\" content=\"Dur\u00e9e de lecture estim\u00e9e\" \/>\n\t<meta name=\"twitter:data1\" content=\"2 minutes\" \/>\n<!-- \/ Yoast SEO plugin. -->","yoast_head_json":{"title":"Acheter Pigmentation Oral Capsules| AllSkinMed Livraison Gratuite","description":"Obtenez Pigmentation - Oral Capsules au meilleur prix avec LIVRAISON GRATUITE. Commandez en ligne et recevez vos soins pr\u00e9f\u00e9r\u00e9s chez vous !","robots":{"index":"index","follow":"follow","max-snippet":"max-snippet:-1","max-image-preview":"max-image-preview:large","max-video-preview":"max-video-preview:-1"},"canonical":"https:\/\/drmazarro.com\/fr\/producto\/pigmentation-control-oral-capsules\/","og_locale":"fr_FR","og_type":"article","og_title":"Acheter Pigmentation Oral Capsules| AllSkinMed Livraison Gratuite","og_description":"Obtenez Pigmentation - Oral Capsules au meilleur prix avec LIVRAISON GRATUITE. Commandez en ligne et recevez vos soins pr\u00e9f\u00e9r\u00e9s chez vous !","og_url":"https:\/\/drmazarro.com\/fr\/producto\/pigmentation-control-oral-capsules\/","og_site_name":"Dr. Mazarro","article_publisher":"https:\/\/www.facebook.com\/Dr-Mazarro-Cirug%c3%ada-Est%c3%a9tica-Facial-en-Barcelona-101872084913358\/","article_modified_time":"2025-01-03T18:28:51+00:00","og_image":[{"width":1707,"height":2560,"url":"https:\/\/drmazarro.com\/wp-content\/uploads\/2024\/02\/ASM_Pigmentation_02-scaled-1.jpg","type":"image\/jpeg"}],"twitter_card":"summary_large_image","twitter_misc":{"Dur\u00e9e de lecture estim\u00e9e":"2 minutes"},"schema":{"@context":"https:\/\/schema.org","@graph":[{"@type":"WebPage","@id":"https:\/\/drmazarro.com\/fr\/producto\/pigmentation-control-oral-capsules\/","url":"https:\/\/drmazarro.com\/fr\/producto\/pigmentation-control-oral-capsules\/","name":"Acheter Pigmentation Oral Capsules| AllSkinMed Livraison Gratuite","isPartOf":{"@id":"https:\/\/drmazarro.com\/fr\/#website"},"primaryImageOfPage":{"@id":"https:\/\/drmazarro.com\/fr\/producto\/pigmentation-control-oral-capsules\/#primaryimage"},"image":{"@id":"https:\/\/drmazarro.com\/fr\/producto\/pigmentation-control-oral-capsules\/#primaryimage"},"thumbnailUrl":"https:\/\/drmazarro.com\/wp-content\/uploads\/2024\/02\/ASM_Pigmentation_02-scaled-1.jpg","datePublished":"2024-12-26T13:39:22+00:00","dateModified":"2025-01-03T18:28:51+00:00","description":"Obtenez Pigmentation - Oral Capsules au meilleur prix avec LIVRAISON GRATUITE. Commandez en ligne et recevez vos soins pr\u00e9f\u00e9r\u00e9s chez vous !","breadcrumb":{"@id":"https:\/\/drmazarro.com\/fr\/producto\/pigmentation-control-oral-capsules\/#breadcrumb"},"inLanguage":"fr-FR","potentialAction":[{"@type":"ReadAction","target":["https:\/\/drmazarro.com\/fr\/producto\/pigmentation-control-oral-capsules\/"]}]},{"@type":"ImageObject","inLanguage":"fr-FR","@id":"https:\/\/drmazarro.com\/fr\/producto\/pigmentation-control-oral-capsules\/#primaryimage","url":"https:\/\/drmazarro.com\/wp-content\/uploads\/2024\/02\/ASM_Pigmentation_02-scaled-1.jpg","contentUrl":"https:\/\/drmazarro.com\/wp-content\/uploads\/2024\/02\/ASM_Pigmentation_02-scaled-1.jpg","width":1707,"height":2560,"caption":"C\u00e1psulas Pigment Control AllSkinMed suplemento despigmentante Fernblock 60 c\u00e1psulas"},{"@type":"BreadcrumbList","@id":"https:\/\/drmazarro.com\/fr\/producto\/pigmentation-control-oral-capsules\/#breadcrumb","itemListElement":[{"@type":"ListItem","position":1,"name":"Portada","item":"https:\/\/drmazarro.com\/fr\/"},{"@type":"ListItem","position":2,"name":"Shop","item":"https:\/\/drmazarro.com\/fr\/online-shop\/"},{"@type":"ListItem","position":3,"name":"Pigmentation &#8211; Oral Capsules"}]},{"@type":"WebSite","@id":"https:\/\/drmazarro.com\/fr\/#website","url":"https:\/\/drmazarro.com\/fr\/","name":"Dr. Mazarro","description":"Cirug\u00eda y Medicina Est\u00e9tica Facial en Barcelona","publisher":{"@id":"https:\/\/drmazarro.com\/fr\/#organization"},"potentialAction":[{"@type":"SearchAction","target":{"@type":"EntryPoint","urlTemplate":"https:\/\/drmazarro.com\/fr\/?s={search_term_string}"},"query-input":{"@type":"PropertyValueSpecification","valueRequired":true,"valueName":"search_term_string"}}],"inLanguage":"fr-FR"},{"@type":"Organization","@id":"https:\/\/drmazarro.com\/fr\/#organization","name":"Dr. Mazarro","url":"https:\/\/drmazarro.com\/fr\/","logo":{"@type":"ImageObject","inLanguage":"fr-FR","@id":"https:\/\/drmazarro.com\/fr\/#\/schema\/logo\/image\/","url":"https:\/\/drmazarro.com\/wp-content\/uploads\/2024\/03\/AM-576.png","contentUrl":"https:\/\/drmazarro.com\/wp-content\/uploads\/2024\/03\/AM-576.png","width":576,"height":576,"caption":"Dr. Mazarro"},"image":{"@id":"https:\/\/drmazarro.com\/fr\/#\/schema\/logo\/image\/"},"sameAs":["https:\/\/www.facebook.com\/Dr-Mazarro-Cirug\u00eda-Est\u00e9tica-Facial-en-Barcelona-101872084913358\/","https:\/\/www.instagram.com\/drmazarro_alejandro\/"]}]}},"_links":{"self":[{"href":"https:\/\/drmazarro.com\/fr\/wp-json\/wp\/v2\/product\/24112","targetHints":{"allow":["GET"]}}],"collection":[{"href":"https:\/\/drmazarro.com\/fr\/wp-json\/wp\/v2\/product"}],"about":[{"href":"https:\/\/drmazarro.com\/fr\/wp-json\/wp\/v2\/types\/product"}],"replies":[{"embeddable":true,"href":"https:\/\/drmazarro.com\/fr\/wp-json\/wp\/v2\/comments?post=24112"}],"wp:featuredmedia":[{"embeddable":true,"href":"https:\/\/drmazarro.com\/fr\/wp-json\/wp\/v2\/media\/24113"}],"wp:attachment":[{"href":"https:\/\/drmazarro.com\/fr\/wp-json\/wp\/v2\/media?parent=24112"}],"wp:term":[{"taxonomy":"product_brand","embeddable":true,"href":"https:\/\/drmazarro.com\/fr\/wp-json\/wp\/v2\/product_brand?post=24112"},{"taxonomy":"product_cat","embeddable":true,"href":"https:\/\/drmazarro.com\/fr\/wp-json\/wp\/v2\/product_cat?post=24112"},{"taxonomy":"product_tag","embeddable":true,"href":"https:\/\/drmazarro.com\/fr\/wp-json\/wp\/v2\/product_tag?post=24112"}],"curies":[{"name":"wp","href":"https:\/\/api.w.org\/{rel}","templated":true}]}}