{"id":24105,"date":"2022-07-26T11:21:55","date_gmt":"2024-12-26T14:34:05","guid":{"rendered":"https:\/\/drmazarro.com\/producto\/advanced-renewal-serum\/"},"modified":"2026-04-12T17:16:34","modified_gmt":"2026-04-12T15:16:34","slug":"advanced-renewal-serum","status":"publish","type":"product","link":"https:\/\/drmazarro.com\/fr\/producto\/advanced-renewal-serum\/","title":{"rendered":"Advanced Renewal Serum"},"content":{"rendered":"<h2><em>Indications<\/em><\/h2>\n<p style=\"text-align: justify;\"><strong>Advanced Renewal Serum<\/strong> est un traitement de renouvellement avanc\u00e9 contenant des r\u00e9tino\u00efdes vectoris\u00e9s de haute qualit\u00e9. Cette formule sophistiqu\u00e9e assure un renouvellement \u00e9pidermique avanc\u00e9 tout en r\u00e9duisant visiblement les rides d&rsquo;expression, en unifiant la texture cutan\u00e9e et en am\u00e9liorant la luminosit\u00e9. Enrichi d&rsquo;un pool exclusif d&rsquo;antioxydants et d&rsquo;actifs anti-pollution pour contrer les dommages du stress environnemental.<\/p>\n<p>\u2022 Assure un renouvellement cutan\u00e9 avanc\u00e9<br \/>\n\u2022 R\u00e9duit les rides visibles<br \/>\n\u2022 Am\u00e9liore la texture de la peau<br \/>\n\u2022 Traite les signes du photovieillissement<br \/>\n\u2022 Rehausse la luminosit\u00e9 cutan\u00e9e<br \/>\n\u2022 Prot\u00e8ge contre le stress environnemental<br \/>\n\u2022 Apporte de puissants bienfaits antioxydants<\/p>\n<h2><em>Format<\/em><\/h2>\n<p style=\"text-align: justify;\">50mL<\/p>\n<h2><em>Ingr\u00e9dients<\/em><\/h2>\n<p>\u2022 <strong>Retinol + R\u00e9tinal [\u00e9quivalent \u00e0 0,5 % de r\u00e9tinol]<\/strong><br \/>\n&#8211; Complexe r\u00e9tino\u00efde avanc\u00e9<br \/>\n&#8211; Assure une lib\u00e9ration contr\u00f4l\u00e9e<br \/>\n&#8211; Am\u00e9liore le renouvellement cutan\u00e9<\/p>\n<p>\u2022 Complexe Avanc\u00e9<br \/>\n&#8211; Int\u00e8gre EDAFENCE\u00ae<br \/>\n&#8211; Contient de la niacinamide<br \/>\n&#8211; Inclut du bisabolol<br \/>\n&#8211; Enrichi en acide glycyrrhizique<\/p>\n<p>\u2022 Syst\u00e8me Antioxydant<br \/>\n&#8211; Contient de la vitamine C<br \/>\n&#8211; Int\u00e8gre de la vitamine E<br \/>\n&#8211; Procure une protection environnementale<\/p>\n<p>\u2022 Actifs Hydratants<br \/>\n&#8211; Maintient le confort cutan\u00e9<br \/>\n&#8211; Soutient la fonction barri\u00e8re<br \/>\n&#8211; Am\u00e9liore la tol\u00e9rance<\/p>\n<h2><em>Comment utiliser Advanced Renewal Serum<\/em><\/h2>\n<p style=\"text-align: justify;\">Suivre les conseils de votre m\u00e9decin.<\/p>\n<p><em>Remarques importantes:<\/em><br \/>\n\u2022 Agiter avant utilisation<br \/>\n\u2022 Les r\u00e9actions initiales peuvent inclure rougeurs, desquamation, s\u00e9cheresse ou picotements l\u00e9gers<br \/>\n\u2022 La peau s&rsquo;adaptera avec une utilisation r\u00e9guli\u00e8re<br \/>\n\u2022 Utiliser une protection solaire pendant la journ\u00e9e<br \/>\n\u2022 Appliquer progressivement selon la tol\u00e9rance cutan\u00e9e<br \/>\n\u2022 Consulter un m\u00e9decin pour un protocole personnalis\u00e9<\/p>\n<p>&nbsp;<\/p>\n<div class=\"doctor-opinion\" style=\"background-color: #fafafa; padding: 2rem; border: 1px solid #eaeaea; margin: 2.5rem 0;\">\n<div style=\"display: flex; align-items: flex-start; gap: 1.5rem;\">\n<p><img decoding=\"async\" style=\"width: 80px; height: 80px; border-radius: 50%; object-fit: cover;\" src=\"https:\/\/drmazarro.com\/wp-content\/uploads\/2025\/09\/alejandro-mazarro-specialiste-lifting-visage-barcelone.jpg\" alt=\"Dr. Alejandro Mazarro - Especialista en Lifting Facial\" \/><\/p>\n<div style=\"flex: 1;\">\n<div class=\"mb-1 mt-2 whitespace-pre-line leading-relaxed first:mt-0\" data-sentry-component=\"P\" data-sentry-source-file=\"p.tsx\"><strong>La recommandation du Dr Mazarro<\/strong><\/div>\n<div data-sentry-component=\"P\" data-sentry-source-file=\"p.tsx\"><\/div>\n<p style=\"margin: 0; font-style: italic; color: #555; line-height: 1.6;\"><em>\u00ab\u00a0Avec les changements r\u00e9glementaires introduits par la nouvelle r\u00e9glementation europ\u00e9enne, le S\u00e9rum R\u00e9novateur Avanc\u00e9 a \u00e9t\u00e9 <span style=\"color: #d13e21;\">reformul\u00e9 et remplac\u00e9 <\/span>par un produit d\u2019efficacit\u00e9 \u00e9quivalente qui associe r\u00e9tinol + r\u00e9tinal. Souhaitez-vous en savoir plus sur la nouvelle r\u00e9glementation europ\u00e9enne ? <a href=\"https:\/\/drmazarro.com\/nueva-normativa-retinol-ue-2025\/\">Je vous explique tout ici.<\/a><\/em><\/p>\n<div style=\"margin-top: 1rem;\"><a href=\"https:\/\/drmazarro.com\/fr\/dr-alejandro-mazarro-specialiste-lifting-du-visage-barcelone\/\">Alejandro Mazarro<\/a> <a href=\"https:\/\/drmazarro.com\/fr\/deep-plane\/\">| Especialista en Lifting Facial Deep Plane<\/a><\/div>\n<\/div>\n<\/div>\n<\/div>\n","protected":false},"excerpt":{"rendered":"<div class=\"clearfix text-formatted field field--name-field-body-short field--type-text-long field--label-hidden field__item\">\n<p>Advanced Renewal Serum<\/p>\n<p>Obtenez-le au prix minimum avec livraison GRATUITE &#8211; cliquez pour en savoir plus!<\/p>\n<\/div>\n","protected":false},"featured_media":5853,"comment_status":"open","ping_status":"closed","template":"","meta":{"_acf_changed":false,"_monsterinsights_skip_tracking":false,"_monsterinsights_sitenote_active":false,"_monsterinsights_sitenote_note":"","_monsterinsights_sitenote_category":0},"product_brand":[],"product_cat":[207,209,252],"product_tag":[240],"class_list":{"0":"post-24105","1":"product","2":"type-product","3":"status-publish","4":"has-post-thumbnail","6":"product_cat-allskin-med-fr","7":"product_cat-antiaging-fr","8":"product_cat-tous","9":"product_tag-all-skin-med-fr","11":"first","12":"instock","13":"shipping-taxable","14":"purchasable","15":"product-type-simple"},"acf":[],"yoast_head":"<!-- This site is optimized with the Yoast SEO plugin v27.3 - https:\/\/yoast.com\/product\/yoast-seo-wordpress\/ -->\n<title>Acheter Advanced Renewal Serum AllSkinMed- Livraison Gratuite<\/title>\n<meta name=\"description\" content=\"Obtenez Advanced Renewal Serum au meilleur prix avec LIVRAISON GRATUITE. Commandez en ligne et recevez vos soins pr\u00e9f\u00e9r\u00e9s chez vous !\" \/>\n<meta name=\"robots\" content=\"index, follow, max-snippet:-1, max-image-preview:large, max-video-preview:-1\" \/>\n<link rel=\"canonical\" href=\"https:\/\/drmazarro.com\/fr\/producto\/advanced-renewal-serum\/\" \/>\n<meta property=\"og:locale\" content=\"fr_FR\" \/>\n<meta property=\"og:type\" content=\"article\" \/>\n<meta property=\"og:title\" content=\"Acheter Advanced Renewal Serum AllSkinMed- Livraison Gratuite\" \/>\n<meta property=\"og:description\" content=\"Obtenez Advanced Renewal Serum au meilleur prix avec LIVRAISON GRATUITE. Commandez en ligne et recevez vos soins pr\u00e9f\u00e9r\u00e9s chez vous !\" \/>\n<meta property=\"og:url\" content=\"https:\/\/drmazarro.com\/fr\/producto\/advanced-renewal-serum\/\" \/>\n<meta property=\"og:site_name\" content=\"Dr. Mazarro\" \/>\n<meta property=\"article:publisher\" content=\"https:\/\/www.facebook.com\/Dr-Mazarro-Cirug%c3%ada-Est%c3%a9tica-Facial-en-Barcelona-101872084913358\/\" \/>\n<meta property=\"article:modified_time\" content=\"2026-04-12T15:16:34+00:00\" \/>\n<meta property=\"og:image\" content=\"https:\/\/drmazarro.com\/wp-content\/uploads\/2022\/01\/AllSkinMed-Gel-Renovador-Avanzado-1.png\" \/>\n\t<meta property=\"og:image:width\" content=\"547\" \/>\n\t<meta property=\"og:image:height\" content=\"804\" \/>\n\t<meta property=\"og:image:type\" content=\"image\/png\" \/>\n<meta name=\"twitter:card\" content=\"summary_large_image\" \/>\n<meta name=\"twitter:label1\" content=\"Dur\u00e9e de lecture estim\u00e9e\" \/>\n\t<meta name=\"twitter:data1\" content=\"2 minutes\" \/>\n<!-- \/ Yoast SEO plugin. -->","yoast_head_json":{"title":"Acheter Advanced Renewal Serum AllSkinMed- Livraison Gratuite","description":"Obtenez Advanced Renewal Serum au meilleur prix avec LIVRAISON GRATUITE. Commandez en ligne et recevez vos soins pr\u00e9f\u00e9r\u00e9s chez vous !","robots":{"index":"index","follow":"follow","max-snippet":"max-snippet:-1","max-image-preview":"max-image-preview:large","max-video-preview":"max-video-preview:-1"},"canonical":"https:\/\/drmazarro.com\/fr\/producto\/advanced-renewal-serum\/","og_locale":"fr_FR","og_type":"article","og_title":"Acheter Advanced Renewal Serum AllSkinMed- Livraison Gratuite","og_description":"Obtenez Advanced Renewal Serum au meilleur prix avec LIVRAISON GRATUITE. Commandez en ligne et recevez vos soins pr\u00e9f\u00e9r\u00e9s chez vous !","og_url":"https:\/\/drmazarro.com\/fr\/producto\/advanced-renewal-serum\/","og_site_name":"Dr. Mazarro","article_publisher":"https:\/\/www.facebook.com\/Dr-Mazarro-Cirug%c3%ada-Est%c3%a9tica-Facial-en-Barcelona-101872084913358\/","article_modified_time":"2026-04-12T15:16:34+00:00","og_image":[{"width":547,"height":804,"url":"https:\/\/drmazarro.com\/wp-content\/uploads\/2022\/01\/AllSkinMed-Gel-Renovador-Avanzado-1.png","type":"image\/png"}],"twitter_card":"summary_large_image","twitter_misc":{"Dur\u00e9e de lecture estim\u00e9e":"2 minutes"},"schema":{"@context":"https:\/\/schema.org","@graph":[{"@type":"WebPage","@id":"https:\/\/drmazarro.com\/fr\/producto\/advanced-renewal-serum\/","url":"https:\/\/drmazarro.com\/fr\/producto\/advanced-renewal-serum\/","name":"Acheter Advanced Renewal Serum AllSkinMed- Livraison Gratuite","isPartOf":{"@id":"https:\/\/drmazarro.com\/fr\/#website"},"primaryImageOfPage":{"@id":"https:\/\/drmazarro.com\/fr\/producto\/advanced-renewal-serum\/#primaryimage"},"image":{"@id":"https:\/\/drmazarro.com\/fr\/producto\/advanced-renewal-serum\/#primaryimage"},"thumbnailUrl":"https:\/\/drmazarro.com\/wp-content\/uploads\/2022\/01\/AllSkinMed-Gel-Renovador-Avanzado-1.png","datePublished":"2024-12-26T14:34:05+00:00","dateModified":"2026-04-12T15:16:34+00:00","description":"Obtenez Advanced Renewal Serum au meilleur prix avec LIVRAISON GRATUITE. Commandez en ligne et recevez vos soins pr\u00e9f\u00e9r\u00e9s chez vous !","breadcrumb":{"@id":"https:\/\/drmazarro.com\/fr\/producto\/advanced-renewal-serum\/#breadcrumb"},"inLanguage":"fr-FR","potentialAction":[{"@type":"ReadAction","target":["https:\/\/drmazarro.com\/fr\/producto\/advanced-renewal-serum\/"]}]},{"@type":"ImageObject","inLanguage":"fr-FR","@id":"https:\/\/drmazarro.com\/fr\/producto\/advanced-renewal-serum\/#primaryimage","url":"https:\/\/drmazarro.com\/wp-content\/uploads\/2022\/01\/AllSkinMed-Gel-Renovador-Avanzado-1.png","contentUrl":"https:\/\/drmazarro.com\/wp-content\/uploads\/2022\/01\/AllSkinMed-Gel-Renovador-Avanzado-1.png","width":547,"height":804},{"@type":"BreadcrumbList","@id":"https:\/\/drmazarro.com\/fr\/producto\/advanced-renewal-serum\/#breadcrumb","itemListElement":[{"@type":"ListItem","position":1,"name":"Portada","item":"https:\/\/drmazarro.com\/fr\/"},{"@type":"ListItem","position":2,"name":"Shop","item":"https:\/\/drmazarro.com\/fr\/online-shop\/"},{"@type":"ListItem","position":3,"name":"Advanced Renewal Serum"}]},{"@type":"WebSite","@id":"https:\/\/drmazarro.com\/fr\/#website","url":"https:\/\/drmazarro.com\/fr\/","name":"Dr. Mazarro","description":"Cirug\u00eda y Medicina Est\u00e9tica Facial en Barcelona","publisher":{"@id":"https:\/\/drmazarro.com\/fr\/#organization"},"potentialAction":[{"@type":"SearchAction","target":{"@type":"EntryPoint","urlTemplate":"https:\/\/drmazarro.com\/fr\/?s={search_term_string}"},"query-input":{"@type":"PropertyValueSpecification","valueRequired":true,"valueName":"search_term_string"}}],"inLanguage":"fr-FR"},{"@type":"Organization","@id":"https:\/\/drmazarro.com\/fr\/#organization","name":"Dr. Mazarro","url":"https:\/\/drmazarro.com\/fr\/","logo":{"@type":"ImageObject","inLanguage":"fr-FR","@id":"https:\/\/drmazarro.com\/fr\/#\/schema\/logo\/image\/","url":"https:\/\/drmazarro.com\/wp-content\/uploads\/2024\/03\/AM-576.png","contentUrl":"https:\/\/drmazarro.com\/wp-content\/uploads\/2024\/03\/AM-576.png","width":576,"height":576,"caption":"Dr. Mazarro"},"image":{"@id":"https:\/\/drmazarro.com\/fr\/#\/schema\/logo\/image\/"},"sameAs":["https:\/\/www.facebook.com\/Dr-Mazarro-Cirug\u00eda-Est\u00e9tica-Facial-en-Barcelona-101872084913358\/","https:\/\/www.instagram.com\/drmazarro_alejandro\/"]}]}},"_links":{"self":[{"href":"https:\/\/drmazarro.com\/fr\/wp-json\/wp\/v2\/product\/24105","targetHints":{"allow":["GET"]}}],"collection":[{"href":"https:\/\/drmazarro.com\/fr\/wp-json\/wp\/v2\/product"}],"about":[{"href":"https:\/\/drmazarro.com\/fr\/wp-json\/wp\/v2\/types\/product"}],"replies":[{"embeddable":true,"href":"https:\/\/drmazarro.com\/fr\/wp-json\/wp\/v2\/comments?post=24105"}],"wp:featuredmedia":[{"embeddable":true,"href":"https:\/\/drmazarro.com\/fr\/wp-json\/wp\/v2\/media\/5853"}],"wp:attachment":[{"href":"https:\/\/drmazarro.com\/fr\/wp-json\/wp\/v2\/media?parent=24105"}],"wp:term":[{"taxonomy":"product_brand","embeddable":true,"href":"https:\/\/drmazarro.com\/fr\/wp-json\/wp\/v2\/product_brand?post=24105"},{"taxonomy":"product_cat","embeddable":true,"href":"https:\/\/drmazarro.com\/fr\/wp-json\/wp\/v2\/product_cat?post=24105"},{"taxonomy":"product_tag","embeddable":true,"href":"https:\/\/drmazarro.com\/fr\/wp-json\/wp\/v2\/product_tag?post=24105"}],"curies":[{"name":"wp","href":"https:\/\/api.w.org\/{rel}","templated":true}]}}