{"id":24080,"date":"2024-02-03T12:51:38","date_gmt":"2024-12-26T13:39:16","guid":{"rendered":"https:\/\/drmazarro.com\/producto\/retinol-texture-repair-texture-repair-emulsion-with-retinol-0-5\/"},"modified":"2025-01-03T19:22:23","modified_gmt":"2025-01-03T18:22:23","slug":"retinol-texture-repair-texture-repair-emulsion-with-retinol-0-5","status":"publish","type":"product","link":"https:\/\/drmazarro.com\/fr\/producto\/retinol-texture-repair-texture-repair-emulsion-with-retinol-0-5\/","title":{"rendered":"Retinol Texture Repair Emulsion"},"content":{"rendered":"<h2><em>Indications<\/em><\/h2>\n<p style=\"text-align: justify;\">Retinol Texture Repair est une \u00e9mulsion retexturisante avanc\u00e9e con\u00e7ue pour traiter de multiples pr\u00e9occupations cutan\u00e9es, notamment les pores dilat\u00e9s, les rides, les cicatrices d&rsquo;acn\u00e9 et les alt\u00e9rations s\u00e9bac\u00e9es. Elle pr\u00e9sente un syst\u00e8me d&rsquo;encapsulation en micro\u00e9ponges pour une lib\u00e9ration prolong\u00e9e du r\u00e9tinol tout en le prot\u00e9geant contre l&rsquo;oxydation.<\/p>\n<p>\u2022 Am\u00e9liore la texture et le teint de la peau<br \/>\n\u2022 R\u00e9duit l&rsquo;apparence des pores dilat\u00e9s<br \/>\n\u2022 Minimise les cicatrices d&rsquo;acn\u00e9<br \/>\n\u2022 Rehausse la luminosit\u00e9 cutan\u00e9e<br \/>\n\u2022 Augmente l&rsquo;\u00e9lasticit\u00e9 de la peau<br \/>\n\u2022 Assure une lib\u00e9ration prolong\u00e9e du r\u00e9tinol<br \/>\n\u2022 Convient \u00e0 tous les types de peau<\/p>\n<h2><em>Format<\/em><\/h2>\n<p style=\"text-align: justify;\">50mL<\/p>\n<h2><em>Ingr\u00e9dients<\/em><\/h2>\n<p>\u2022 Complexe R\u00e9tino\u00efde Actif<br \/>\n&#8211; Contient 0,5% de r\u00e9tinol pur<br \/>\n&#8211; Int\u00e8gre du r\u00e9tinoate d&rsquo;hydroxypinacolone<br \/>\n&#8211; Assure une lib\u00e9ration contr\u00f4l\u00e9e<\/p>\n<p>\u2022 Technologie Avanc\u00e9e<br \/>\n&#8211; Symglucan 2%<br \/>\n&#8211; Syn-Coll 2,5%<br \/>\n&#8211; Niacinamide 5%<\/p>\n<p>\u2022 M\u00e9lange Antioxydant<br \/>\n&#8211; Contient du curcuma<br \/>\n&#8211; Int\u00e8gre de l&rsquo;acide ascorbique<br \/>\n&#8211; Inclut du tocoph\u00e9rol<br \/>\n&#8211; Enrichi d&rsquo;extraits v\u00e9g\u00e9taux<\/p>\n<h2><em>Comment utiliser Retinol Texture Repair<\/em><\/h2>\n<p style=\"text-align: justify;\">Suivre les conseils de votre m\u00e9decin.<\/p>\n<p><em>Remarques importantes:<\/em><br \/>\n\u2022 Les r\u00e9actions initiales peuvent inclure rougeurs, desquamation, s\u00e9cheresse ou picotements l\u00e9gers<br \/>\n\u2022 La peau s&rsquo;adaptera avec une utilisation r\u00e9guli\u00e8re<br \/>\n\u2022 Combiner avec un hydratant ZO\u00ae pour minimiser les r\u00e9actions<br \/>\n\u2022 Toujours utiliser une protection solaire SPF 30+ pendant la journ\u00e9e<\/p>\n","protected":false},"excerpt":{"rendered":"<div class=\"clearfix text-formatted field field--name-field-body-short field--type-text-long field--label-hidden field__item\">\n<p>Retinol Texture Repair<\/p>\n<\/div>\n<div class=\"field field--name-field-format field--type-string field--label-above\">\n<div class=\"field__label\">Obtenez-le au prix minimum avec livraison GRATUITE &#8211; cliquez pour en savoir plus!<\/div>\n<\/div>\n","protected":false},"featured_media":24081,"comment_status":"open","ping_status":"closed","template":"","meta":{"_acf_changed":false,"_monsterinsights_skip_tracking":false,"_monsterinsights_sitenote_active":false,"_monsterinsights_sitenote_note":"","_monsterinsights_sitenote_category":0},"product_brand":[],"product_cat":[207,209,252],"product_tag":[240],"class_list":{"0":"post-24080","1":"product","2":"type-product","3":"status-publish","4":"has-post-thumbnail","6":"product_cat-allskin-med-fr","7":"product_cat-antiaging-fr","8":"product_cat-tous","9":"product_tag-all-skin-med-fr","11":"first","12":"instock","13":"shipping-taxable","14":"purchasable","15":"product-type-simple"},"acf":[],"yoast_head":"<!-- This site is optimized with the Yoast SEO plugin v27.3 - https:\/\/yoast.com\/product\/yoast-seo-wordpress\/ -->\n<title>Acheter Retinol Texture Repair Emulsion - Livraison Gratuite<\/title>\n<meta name=\"description\" content=\"Obtenez Retinol Texture Repair Emulsion au meilleur prix avec LIVRAISON GRATUITE. Commandez en ligne et recevez vos soins pr\u00e9f\u00e9r\u00e9s chez vous !\" \/>\n<meta name=\"robots\" content=\"index, follow, max-snippet:-1, max-image-preview:large, max-video-preview:-1\" \/>\n<link rel=\"canonical\" href=\"https:\/\/drmazarro.com\/fr\/producto\/retinol-texture-repair-texture-repair-emulsion-with-retinol-0-5\/\" \/>\n<meta property=\"og:locale\" content=\"fr_FR\" \/>\n<meta property=\"og:type\" content=\"article\" \/>\n<meta property=\"og:title\" content=\"Acheter Retinol Texture Repair Emulsion - Livraison Gratuite\" \/>\n<meta property=\"og:description\" content=\"Obtenez Retinol Texture Repair Emulsion au meilleur prix avec LIVRAISON GRATUITE. Commandez en ligne et recevez vos soins pr\u00e9f\u00e9r\u00e9s chez vous !\" \/>\n<meta property=\"og:url\" content=\"https:\/\/drmazarro.com\/fr\/producto\/retinol-texture-repair-texture-repair-emulsion-with-retinol-0-5\/\" \/>\n<meta property=\"og:site_name\" content=\"Dr. Mazarro\" \/>\n<meta property=\"article:publisher\" content=\"https:\/\/www.facebook.com\/Dr-Mazarro-Cirug%c3%ada-Est%c3%a9tica-Facial-en-Barcelona-101872084913358\/\" \/>\n<meta property=\"article:modified_time\" content=\"2025-01-03T18:22:23+00:00\" \/>\n<meta property=\"og:image\" content=\"https:\/\/drmazarro.com\/wp-content\/uploads\/2024\/02\/retinol-texture-repair-copia.jpg\" \/>\n\t<meta property=\"og:image:width\" content=\"876\" \/>\n\t<meta property=\"og:image:height\" content=\"1313\" \/>\n\t<meta property=\"og:image:type\" content=\"image\/jpeg\" \/>\n<meta name=\"twitter:card\" content=\"summary_large_image\" \/>\n<meta name=\"twitter:label1\" content=\"Dur\u00e9e de lecture estim\u00e9e\" \/>\n\t<meta name=\"twitter:data1\" content=\"2 minutes\" \/>\n<!-- \/ Yoast SEO plugin. -->","yoast_head_json":{"title":"Acheter Retinol Texture Repair Emulsion - Livraison Gratuite","description":"Obtenez Retinol Texture Repair Emulsion au meilleur prix avec LIVRAISON GRATUITE. Commandez en ligne et recevez vos soins pr\u00e9f\u00e9r\u00e9s chez vous !","robots":{"index":"index","follow":"follow","max-snippet":"max-snippet:-1","max-image-preview":"max-image-preview:large","max-video-preview":"max-video-preview:-1"},"canonical":"https:\/\/drmazarro.com\/fr\/producto\/retinol-texture-repair-texture-repair-emulsion-with-retinol-0-5\/","og_locale":"fr_FR","og_type":"article","og_title":"Acheter Retinol Texture Repair Emulsion - Livraison Gratuite","og_description":"Obtenez Retinol Texture Repair Emulsion au meilleur prix avec LIVRAISON GRATUITE. Commandez en ligne et recevez vos soins pr\u00e9f\u00e9r\u00e9s chez vous !","og_url":"https:\/\/drmazarro.com\/fr\/producto\/retinol-texture-repair-texture-repair-emulsion-with-retinol-0-5\/","og_site_name":"Dr. Mazarro","article_publisher":"https:\/\/www.facebook.com\/Dr-Mazarro-Cirug%c3%ada-Est%c3%a9tica-Facial-en-Barcelona-101872084913358\/","article_modified_time":"2025-01-03T18:22:23+00:00","og_image":[{"width":876,"height":1313,"url":"https:\/\/drmazarro.com\/wp-content\/uploads\/2024\/02\/retinol-texture-repair-copia.jpg","type":"image\/jpeg"}],"twitter_card":"summary_large_image","twitter_misc":{"Dur\u00e9e de lecture estim\u00e9e":"2 minutes"},"schema":{"@context":"https:\/\/schema.org","@graph":[{"@type":"WebPage","@id":"https:\/\/drmazarro.com\/fr\/producto\/retinol-texture-repair-texture-repair-emulsion-with-retinol-0-5\/","url":"https:\/\/drmazarro.com\/fr\/producto\/retinol-texture-repair-texture-repair-emulsion-with-retinol-0-5\/","name":"Acheter Retinol Texture Repair Emulsion - Livraison Gratuite","isPartOf":{"@id":"https:\/\/drmazarro.com\/fr\/#website"},"primaryImageOfPage":{"@id":"https:\/\/drmazarro.com\/fr\/producto\/retinol-texture-repair-texture-repair-emulsion-with-retinol-0-5\/#primaryimage"},"image":{"@id":"https:\/\/drmazarro.com\/fr\/producto\/retinol-texture-repair-texture-repair-emulsion-with-retinol-0-5\/#primaryimage"},"thumbnailUrl":"https:\/\/drmazarro.com\/wp-content\/uploads\/2024\/02\/retinol-texture-repair-copia.jpg","datePublished":"2024-12-26T13:39:16+00:00","dateModified":"2025-01-03T18:22:23+00:00","description":"Obtenez Retinol Texture Repair Emulsion au meilleur prix avec LIVRAISON GRATUITE. Commandez en ligne et recevez vos soins pr\u00e9f\u00e9r\u00e9s chez vous !","breadcrumb":{"@id":"https:\/\/drmazarro.com\/fr\/producto\/retinol-texture-repair-texture-repair-emulsion-with-retinol-0-5\/#breadcrumb"},"inLanguage":"fr-FR","potentialAction":[{"@type":"ReadAction","target":["https:\/\/drmazarro.com\/fr\/producto\/retinol-texture-repair-texture-repair-emulsion-with-retinol-0-5\/"]}]},{"@type":"ImageObject","inLanguage":"fr-FR","@id":"https:\/\/drmazarro.com\/fr\/producto\/retinol-texture-repair-texture-repair-emulsion-with-retinol-0-5\/#primaryimage","url":"https:\/\/drmazarro.com\/wp-content\/uploads\/2024\/02\/retinol-texture-repair-copia.jpg","contentUrl":"https:\/\/drmazarro.com\/wp-content\/uploads\/2024\/02\/retinol-texture-repair-copia.jpg","width":876,"height":1313,"caption":"Retinol Texture Repair AllSkinMed emulsi\u00f3n reparadora retinol 0,5% cicatrices acn\u00e9"},{"@type":"BreadcrumbList","@id":"https:\/\/drmazarro.com\/fr\/producto\/retinol-texture-repair-texture-repair-emulsion-with-retinol-0-5\/#breadcrumb","itemListElement":[{"@type":"ListItem","position":1,"name":"Portada","item":"https:\/\/drmazarro.com\/fr\/"},{"@type":"ListItem","position":2,"name":"Shop","item":"https:\/\/drmazarro.com\/fr\/online-shop\/"},{"@type":"ListItem","position":3,"name":"Retinol Texture Repair Emulsion"}]},{"@type":"WebSite","@id":"https:\/\/drmazarro.com\/fr\/#website","url":"https:\/\/drmazarro.com\/fr\/","name":"Dr. Mazarro","description":"Cirug\u00eda y Medicina Est\u00e9tica Facial en Barcelona","publisher":{"@id":"https:\/\/drmazarro.com\/fr\/#organization"},"potentialAction":[{"@type":"SearchAction","target":{"@type":"EntryPoint","urlTemplate":"https:\/\/drmazarro.com\/fr\/?s={search_term_string}"},"query-input":{"@type":"PropertyValueSpecification","valueRequired":true,"valueName":"search_term_string"}}],"inLanguage":"fr-FR"},{"@type":"Organization","@id":"https:\/\/drmazarro.com\/fr\/#organization","name":"Dr. Mazarro","url":"https:\/\/drmazarro.com\/fr\/","logo":{"@type":"ImageObject","inLanguage":"fr-FR","@id":"https:\/\/drmazarro.com\/fr\/#\/schema\/logo\/image\/","url":"https:\/\/drmazarro.com\/wp-content\/uploads\/2024\/03\/AM-576.png","contentUrl":"https:\/\/drmazarro.com\/wp-content\/uploads\/2024\/03\/AM-576.png","width":576,"height":576,"caption":"Dr. Mazarro"},"image":{"@id":"https:\/\/drmazarro.com\/fr\/#\/schema\/logo\/image\/"},"sameAs":["https:\/\/www.facebook.com\/Dr-Mazarro-Cirug\u00eda-Est\u00e9tica-Facial-en-Barcelona-101872084913358\/","https:\/\/www.instagram.com\/drmazarro_alejandro\/"]}]}},"_links":{"self":[{"href":"https:\/\/drmazarro.com\/fr\/wp-json\/wp\/v2\/product\/24080","targetHints":{"allow":["GET"]}}],"collection":[{"href":"https:\/\/drmazarro.com\/fr\/wp-json\/wp\/v2\/product"}],"about":[{"href":"https:\/\/drmazarro.com\/fr\/wp-json\/wp\/v2\/types\/product"}],"replies":[{"embeddable":true,"href":"https:\/\/drmazarro.com\/fr\/wp-json\/wp\/v2\/comments?post=24080"}],"wp:featuredmedia":[{"embeddable":true,"href":"https:\/\/drmazarro.com\/fr\/wp-json\/wp\/v2\/media\/24081"}],"wp:attachment":[{"href":"https:\/\/drmazarro.com\/fr\/wp-json\/wp\/v2\/media?parent=24080"}],"wp:term":[{"taxonomy":"product_brand","embeddable":true,"href":"https:\/\/drmazarro.com\/fr\/wp-json\/wp\/v2\/product_brand?post=24080"},{"taxonomy":"product_cat","embeddable":true,"href":"https:\/\/drmazarro.com\/fr\/wp-json\/wp\/v2\/product_cat?post=24080"},{"taxonomy":"product_tag","embeddable":true,"href":"https:\/\/drmazarro.com\/fr\/wp-json\/wp\/v2\/product_tag?post=24080"}],"curies":[{"name":"wp","href":"https:\/\/api.w.org\/{rel}","templated":true}]}}