{"id":24072,"date":"2024-11-23T21:10:48","date_gmt":"2024-12-26T13:38:35","guid":{"rendered":"https:\/\/drmazarro.com\/producto\/barrier-recovery-cream\/"},"modified":"2025-01-03T19:17:39","modified_gmt":"2025-01-03T18:17:39","slug":"barrier-recovery-cream","status":"publish","type":"product","link":"https:\/\/drmazarro.com\/fr\/producto\/barrier-recovery-cream\/","title":{"rendered":"Barrier Recovery Cream"},"content":{"rendered":"<h2><em>Indications<\/em><\/h2>\n<p style=\"text-align: justify;\">Barrier Recovery Cream est un soin nourrissant \u00e0 la texture riche, con\u00e7u pour apaiser la peau irrit\u00e9e et r\u00e9conforter m\u00eame les teints les plus sensibilis\u00e9s et rougis. Cette formule avanc\u00e9e combine la technologie Reoxderm avec des antioxydants et des extraits botaniques, parfaite pour les soins post-proc\u00e9dure.<\/p>\n<p>\u2022 Apaise la peau irrit\u00e9e<br \/>\n\u2022 Renforce la barri\u00e8re cutan\u00e9e<br \/>\n\u2022 R\u00e9duit la sensibilit\u00e9 cutan\u00e9e<br \/>\n\u2022 Restaure l&rsquo;hydratation<br \/>\n\u2022 Pr\u00e9vient la perte en eau<br \/>\n\u2022 Procure un confort imm\u00e9diat<br \/>\n\u2022 Adapt\u00e9 aux soins post-proc\u00e9dure<\/p>\n<h2><em>Format<\/em><\/h2>\n<p style=\"text-align: justify;\">50mL<\/p>\n<h2><em>Ingr\u00e9dients<\/em><\/h2>\n<p>\u2022 Technologie Reoxderm\u00ae<br \/>\n&#8211; Procure une protection antioxydante<br \/>\n&#8211; Soutient la r\u00e9cup\u00e9ration cutan\u00e9e<br \/>\n&#8211; Am\u00e9liore la fonction barri\u00e8re<\/p>\n<p>\u2022 Extraits Botaniques<br \/>\n&#8211; Apaise la peau sensible<br \/>\n&#8211; R\u00e9duit l&rsquo;irritation<br \/>\n&#8211; Calme les rougeurs<\/p>\n<p>\u2022 Huiles V\u00e9g\u00e9tales<br \/>\n&#8211; Nourrissent la barri\u00e8re cutan\u00e9e<br \/>\n&#8211; Restaurent le confort<br \/>\n&#8211; Am\u00e9liorent l&rsquo;hydratation<\/p>\n<p>\u2022 Complexe \u00c9mollient<br \/>\n&#8211; Pr\u00e9vient la perte d&rsquo;hydratation<br \/>\n&#8211; Am\u00e9liore la texture cutan\u00e9e<br \/>\n&#8211; Procure un confort durable<\/p>\n<h2><em>Comment utiliser Barrier Recovery Cream<\/em><\/h2>\n<p style=\"text-align: justify;\">Appliquer sur peau propre et s\u00e8che, matin ou soir. Masser doucement jusqu&rsquo;\u00e0 absorption. Id\u00e9al pour les soins post-proc\u00e9dure et peut \u00eatre utilis\u00e9 selon les besoins pour restaurer le confort cutan\u00e9 et la fonction barri\u00e8re.<\/p>\n","protected":false},"excerpt":{"rendered":"<div class=\"clearfix text-formatted field field--name-field-body-short field--type-text-long field--label-hidden field__item\">\n<p>Barrier Recovery Cream<\/p>\n<\/div>\n<div class=\"clearfix text-formatted field field--name-field-usage-recommendations field--type-text-long field--label-above\">\n<div class=\"field__label\">Obtenez-le au prix minimum avec livraison GRATUITE &#8211; cliquez pour en savoir plus!<\/div>\n<\/div>\n","protected":false},"featured_media":24073,"comment_status":"open","ping_status":"closed","template":"","meta":{"_acf_changed":false,"_monsterinsights_skip_tracking":false,"_monsterinsights_sitenote_active":false,"_monsterinsights_sitenote_note":"","_monsterinsights_sitenote_category":0},"product_brand":[],"product_cat":[207,216,252],"product_tag":[240],"class_list":{"0":"post-24072","1":"product","2":"type-product","3":"status-publish","4":"has-post-thumbnail","6":"product_cat-allskin-med-fr","7":"product_cat-hidratacion-fr","8":"product_cat-tous","9":"product_tag-all-skin-med-fr","11":"first","12":"instock","13":"shipping-taxable","14":"purchasable","15":"product-type-simple"},"acf":[],"yoast_head":"<!-- This site is optimized with the Yoast SEO plugin v27.3 - https:\/\/yoast.com\/product\/yoast-seo-wordpress\/ -->\n<title>Acheter Barrier Recovery Cream by AllSkinMed- Livraison Gratuite<\/title>\n<meta name=\"description\" content=\"Obtenez Barrier Recovery Cream au meilleur prix avec LIVRAISON GRATUITE. Commandez en ligne et recevez vos soins pr\u00e9f\u00e9r\u00e9s chez vous !\" \/>\n<meta name=\"robots\" content=\"index, follow, max-snippet:-1, max-image-preview:large, max-video-preview:-1\" \/>\n<link rel=\"canonical\" href=\"https:\/\/drmazarro.com\/fr\/producto\/barrier-recovery-cream\/\" \/>\n<meta property=\"og:locale\" content=\"fr_FR\" \/>\n<meta property=\"og:type\" content=\"article\" \/>\n<meta property=\"og:title\" content=\"Acheter Barrier Recovery Cream by AllSkinMed- Livraison Gratuite\" \/>\n<meta property=\"og:description\" content=\"Obtenez Barrier Recovery Cream au meilleur prix avec LIVRAISON GRATUITE. Commandez en ligne et recevez vos soins pr\u00e9f\u00e9r\u00e9s chez vous !\" \/>\n<meta property=\"og:url\" content=\"https:\/\/drmazarro.com\/fr\/producto\/barrier-recovery-cream\/\" \/>\n<meta property=\"og:site_name\" content=\"Dr. Mazarro\" \/>\n<meta property=\"article:publisher\" content=\"https:\/\/www.facebook.com\/Dr-Mazarro-Cirug%c3%ada-Est%c3%a9tica-Facial-en-Barcelona-101872084913358\/\" \/>\n<meta property=\"article:modified_time\" content=\"2025-01-03T18:17:39+00:00\" \/>\n<meta property=\"og:image\" content=\"https:\/\/drmazarro.com\/wp-content\/uploads\/2024\/11\/ASM_Barrier_Recovery_Cream_01-1.png\" \/>\n\t<meta property=\"og:image:width\" content=\"320\" \/>\n\t<meta property=\"og:image:height\" content=\"480\" \/>\n\t<meta property=\"og:image:type\" content=\"image\/png\" \/>\n<meta name=\"twitter:card\" content=\"summary_large_image\" \/>\n<meta name=\"twitter:label1\" content=\"Dur\u00e9e de lecture estim\u00e9e\" \/>\n\t<meta name=\"twitter:data1\" content=\"2 minutes\" \/>\n<!-- \/ Yoast SEO plugin. -->","yoast_head_json":{"title":"Acheter Barrier Recovery Cream by AllSkinMed- Livraison Gratuite","description":"Obtenez Barrier Recovery Cream au meilleur prix avec LIVRAISON GRATUITE. Commandez en ligne et recevez vos soins pr\u00e9f\u00e9r\u00e9s chez vous !","robots":{"index":"index","follow":"follow","max-snippet":"max-snippet:-1","max-image-preview":"max-image-preview:large","max-video-preview":"max-video-preview:-1"},"canonical":"https:\/\/drmazarro.com\/fr\/producto\/barrier-recovery-cream\/","og_locale":"fr_FR","og_type":"article","og_title":"Acheter Barrier Recovery Cream by AllSkinMed- Livraison Gratuite","og_description":"Obtenez Barrier Recovery Cream au meilleur prix avec LIVRAISON GRATUITE. Commandez en ligne et recevez vos soins pr\u00e9f\u00e9r\u00e9s chez vous !","og_url":"https:\/\/drmazarro.com\/fr\/producto\/barrier-recovery-cream\/","og_site_name":"Dr. Mazarro","article_publisher":"https:\/\/www.facebook.com\/Dr-Mazarro-Cirug%c3%ada-Est%c3%a9tica-Facial-en-Barcelona-101872084913358\/","article_modified_time":"2025-01-03T18:17:39+00:00","og_image":[{"width":320,"height":480,"url":"https:\/\/drmazarro.com\/wp-content\/uploads\/2024\/11\/ASM_Barrier_Recovery_Cream_01-1.png","type":"image\/png"}],"twitter_card":"summary_large_image","twitter_misc":{"Dur\u00e9e de lecture estim\u00e9e":"2 minutes"},"schema":{"@context":"https:\/\/schema.org","@graph":[{"@type":"WebPage","@id":"https:\/\/drmazarro.com\/fr\/producto\/barrier-recovery-cream\/","url":"https:\/\/drmazarro.com\/fr\/producto\/barrier-recovery-cream\/","name":"Acheter Barrier Recovery Cream by AllSkinMed- Livraison Gratuite","isPartOf":{"@id":"https:\/\/drmazarro.com\/fr\/#website"},"primaryImageOfPage":{"@id":"https:\/\/drmazarro.com\/fr\/producto\/barrier-recovery-cream\/#primaryimage"},"image":{"@id":"https:\/\/drmazarro.com\/fr\/producto\/barrier-recovery-cream\/#primaryimage"},"thumbnailUrl":"https:\/\/drmazarro.com\/wp-content\/uploads\/2024\/11\/ASM_Barrier_Recovery_Cream_01-1.png","datePublished":"2024-12-26T13:38:35+00:00","dateModified":"2025-01-03T18:17:39+00:00","description":"Obtenez Barrier Recovery Cream au meilleur prix avec LIVRAISON GRATUITE. Commandez en ligne et recevez vos soins pr\u00e9f\u00e9r\u00e9s chez vous !","breadcrumb":{"@id":"https:\/\/drmazarro.com\/fr\/producto\/barrier-recovery-cream\/#breadcrumb"},"inLanguage":"fr-FR","potentialAction":[{"@type":"ReadAction","target":["https:\/\/drmazarro.com\/fr\/producto\/barrier-recovery-cream\/"]}]},{"@type":"ImageObject","inLanguage":"fr-FR","@id":"https:\/\/drmazarro.com\/fr\/producto\/barrier-recovery-cream\/#primaryimage","url":"https:\/\/drmazarro.com\/wp-content\/uploads\/2024\/11\/ASM_Barrier_Recovery_Cream_01-1.png","contentUrl":"https:\/\/drmazarro.com\/wp-content\/uploads\/2024\/11\/ASM_Barrier_Recovery_Cream_01-1.png","width":320,"height":480,"caption":"Compra Barrier Recovery Cream con ENV\u00cdO GRATIS"},{"@type":"BreadcrumbList","@id":"https:\/\/drmazarro.com\/fr\/producto\/barrier-recovery-cream\/#breadcrumb","itemListElement":[{"@type":"ListItem","position":1,"name":"Portada","item":"https:\/\/drmazarro.com\/fr\/"},{"@type":"ListItem","position":2,"name":"Shop","item":"https:\/\/drmazarro.com\/fr\/online-shop\/"},{"@type":"ListItem","position":3,"name":"Barrier Recovery Cream"}]},{"@type":"WebSite","@id":"https:\/\/drmazarro.com\/fr\/#website","url":"https:\/\/drmazarro.com\/fr\/","name":"Dr. Mazarro","description":"Cirug\u00eda y Medicina Est\u00e9tica Facial en Barcelona","publisher":{"@id":"https:\/\/drmazarro.com\/fr\/#organization"},"potentialAction":[{"@type":"SearchAction","target":{"@type":"EntryPoint","urlTemplate":"https:\/\/drmazarro.com\/fr\/?s={search_term_string}"},"query-input":{"@type":"PropertyValueSpecification","valueRequired":true,"valueName":"search_term_string"}}],"inLanguage":"fr-FR"},{"@type":"Organization","@id":"https:\/\/drmazarro.com\/fr\/#organization","name":"Dr. Mazarro","url":"https:\/\/drmazarro.com\/fr\/","logo":{"@type":"ImageObject","inLanguage":"fr-FR","@id":"https:\/\/drmazarro.com\/fr\/#\/schema\/logo\/image\/","url":"https:\/\/drmazarro.com\/wp-content\/uploads\/2024\/03\/AM-576.png","contentUrl":"https:\/\/drmazarro.com\/wp-content\/uploads\/2024\/03\/AM-576.png","width":576,"height":576,"caption":"Dr. Mazarro"},"image":{"@id":"https:\/\/drmazarro.com\/fr\/#\/schema\/logo\/image\/"},"sameAs":["https:\/\/www.facebook.com\/Dr-Mazarro-Cirug\u00eda-Est\u00e9tica-Facial-en-Barcelona-101872084913358\/","https:\/\/www.instagram.com\/drmazarro_alejandro\/"]}]}},"_links":{"self":[{"href":"https:\/\/drmazarro.com\/fr\/wp-json\/wp\/v2\/product\/24072","targetHints":{"allow":["GET"]}}],"collection":[{"href":"https:\/\/drmazarro.com\/fr\/wp-json\/wp\/v2\/product"}],"about":[{"href":"https:\/\/drmazarro.com\/fr\/wp-json\/wp\/v2\/types\/product"}],"replies":[{"embeddable":true,"href":"https:\/\/drmazarro.com\/fr\/wp-json\/wp\/v2\/comments?post=24072"}],"wp:featuredmedia":[{"embeddable":true,"href":"https:\/\/drmazarro.com\/fr\/wp-json\/wp\/v2\/media\/24073"}],"wp:attachment":[{"href":"https:\/\/drmazarro.com\/fr\/wp-json\/wp\/v2\/media?parent=24072"}],"wp:term":[{"taxonomy":"product_brand","embeddable":true,"href":"https:\/\/drmazarro.com\/fr\/wp-json\/wp\/v2\/product_brand?post=24072"},{"taxonomy":"product_cat","embeddable":true,"href":"https:\/\/drmazarro.com\/fr\/wp-json\/wp\/v2\/product_cat?post=24072"},{"taxonomy":"product_tag","embeddable":true,"href":"https:\/\/drmazarro.com\/fr\/wp-json\/wp\/v2\/product_tag?post=24072"}],"curies":[{"name":"wp","href":"https:\/\/api.w.org\/{rel}","templated":true}]}}