{"id":24061,"date":"2022-07-25T12:14:19","date_gmt":"2024-12-26T14:38:55","guid":{"rendered":"https:\/\/drmazarro.com\/producto\/anti-aging-program-5-products\/"},"modified":"2025-07-17T09:14:09","modified_gmt":"2025-07-17T07:14:09","slug":"anti-aging-program-5-products","status":"publish","type":"product","link":"https:\/\/drmazarro.com\/fr\/producto\/anti-aging-program-5-products\/","title":{"rendered":"Anti-Aging Program"},"content":{"rendered":"<h2><em>Avertissement<\/em><\/h2>\n<p style=\"text-align: justify;\">Le programme Anti-aging Program est retir\u00e9 de la vente.<br data-start=\"183\" data-end=\"186\" \/>Consultez ici les produits qui le composent:<\/p>\n<p>\u2022 <a href=\"https:\/\/drmazarro.com\/fr\/producto\/exfoliating-cleanser\/\">Exfoliating Cleanser (60mL)<\/a><br \/>\n\u2022 <a href=\"https:\/\/drmazarro.com\/fr\/producto\/exfoliating-polish\/\">Exfoliating Polish (16,2g)<\/a><br \/>\n\u2022 <a href=\"https:\/\/drmazarro.com\/fr\/producto\/complexion-renewal-pads\/\">Complexion Renewal Pads (30 disques)<\/a><br \/>\n\u2022 <a href=\"https:\/\/drmazarro.com\/fr\/producto\/daily-power-defense\/\">Daily Power Defense (30mL)<\/a><br \/>\n\u2022 <a href=\"https:\/\/drmazarro.com\/fr\/producto\/growth-factor-serum\/\">Growth Factor Serum (30mL)<\/a><\/p>\n<p>&nbsp;<\/p>\n<h2><em>Indications<\/em><\/h2>\n<p style=\"text-align: justify;\">Protocole de soin quotidien complet pour les peaux sensibles et les peaux pr\u00e9sentant des signes l\u00e9gers \u00e0 mod\u00e9r\u00e9s de vieillissement.<\/p>\n<p>\u2022 R\u00e9duit l&rsquo;apparence des rides et ridules<br \/>\n\u2022 Favorise un teint uniforme<br \/>\n\u2022 Affine l&rsquo;apparence des pores<br \/>\n\u2022 Pr\u00e9serve un teint jeune<br \/>\n\u2022 Procure un soin anti-\u00e2ge complet<br \/>\n\u2022 Convient \u00e0 tous les types de peau<\/p>\n<h2><em>Format<\/em><\/h2>\n<p style=\"text-align: justify;\">Le kit comprend :<br \/>\n\u2022 Exfoliating Cleanser (60mL)<br \/>\n\u2022 Exfoliating Polish (16,2g)<br \/>\n\u2022 Complexion Renewal Pads (30 disques)<br \/>\n\u2022 Daily Power Defense (30mL)<br \/>\n\u2022 Growth Factor Serum (30mL)<\/p>\n<h2><em>Comment utiliser Anti-Aging Program<\/em><\/h2>\n<p>\u00c9tape 1 : NETTOYER (Exfoliating Cleanser) MATIN + SOIR<br \/>\n\u00c9tape 2 : EXFOLIER (Exfoliating Polish) MATIN ou SOIR<br \/>\n\u00c9tape 3 : TONIFIER (Complexion Renewal Pads) MATIN + SOIR<br \/>\n\u00c9tape 4 : PR\u00c9VENIR + CORRIGER (Daily Power Defense) MATIN + SOIR<br \/>\n\u00c9tape 5 : PR\u00c9VENIR + CORRIGER (Growth Factor Serum) SOIR<\/p>\n","protected":false},"excerpt":{"rendered":"<div class=\"clearfix text-formatted field field--name-field-body-short field--type-text-long field--label-hidden field__item\">\n<p>Anti-Aging Program<\/p>\n<p>Obtenez-le au prix minimum avec livraison GRATUITE &#8211; cliquez pour en savoir plus!<\/p>\n<\/div>\n","protected":false},"featured_media":23979,"comment_status":"open","ping_status":"closed","template":"","meta":{"_acf_changed":false,"_monsterinsights_skip_tracking":false,"_monsterinsights_sitenote_active":false,"_monsterinsights_sitenote_note":"","_monsterinsights_sitenote_category":0},"product_brand":[],"product_cat":[229,252,237,223],"product_tag":[244],"class_list":{"0":"post-24061","1":"product","2":"type-product","3":"status-publish","4":"has-post-thumbnail","6":"product_cat-kits-zo-skin-health-fr","7":"product_cat-tous","8":"product_cat-tratamientos-antiedad-fr","9":"product_cat-zo-skin-health-fr","10":"product_tag-zo-skinhealth-by-zein-obagi-fr","12":"first","13":"outofstock","14":"shipping-taxable","15":"product-type-simple"},"acf":[],"yoast_head":"<!-- This site is optimized with the Yoast SEO plugin v27.3 - https:\/\/yoast.com\/product\/yoast-seo-wordpress\/ -->\n<title>Acheter Anti-Aging Program by ZO SkinHealth - Livraison Gratuite<\/title>\n<meta name=\"description\" content=\"Obtenez Anti-Aging Program au meilleur prix avec LIVRAISON GRATUITE. Commandez en ligne et recevez vos soins pr\u00e9f\u00e9r\u00e9s chez vous !\" \/>\n<meta name=\"robots\" content=\"index, follow, max-snippet:-1, max-image-preview:large, max-video-preview:-1\" \/>\n<link rel=\"canonical\" href=\"https:\/\/drmazarro.com\/fr\/producto\/anti-aging-program-5-products\/\" \/>\n<meta property=\"og:locale\" content=\"fr_FR\" \/>\n<meta property=\"og:type\" content=\"article\" \/>\n<meta property=\"og:title\" content=\"Acheter Anti-Aging Program by ZO SkinHealth - Livraison Gratuite\" \/>\n<meta property=\"og:description\" content=\"Obtenez Anti-Aging Program au meilleur prix avec LIVRAISON GRATUITE. Commandez en ligne et recevez vos soins pr\u00e9f\u00e9r\u00e9s chez vous !\" \/>\n<meta property=\"og:url\" content=\"https:\/\/drmazarro.com\/fr\/producto\/anti-aging-program-5-products\/\" \/>\n<meta property=\"og:site_name\" content=\"Dr. Mazarro\" \/>\n<meta property=\"article:publisher\" content=\"https:\/\/www.facebook.com\/Dr-Mazarro-Cirug%c3%ada-Est%c3%a9tica-Facial-en-Barcelona-101872084913358\/\" \/>\n<meta property=\"article:modified_time\" content=\"2025-07-17T07:14:09+00:00\" \/>\n<meta property=\"og:image\" content=\"https:\/\/drmazarro.com\/wp-content\/uploads\/2022\/07\/antiaging-program-S.png\" \/>\n\t<meta property=\"og:image:width\" content=\"350\" \/>\n\t<meta property=\"og:image:height\" content=\"477\" \/>\n\t<meta property=\"og:image:type\" content=\"image\/png\" \/>\n<meta name=\"twitter:card\" content=\"summary_large_image\" \/>\n<meta name=\"twitter:label1\" content=\"Dur\u00e9e de lecture estim\u00e9e\" \/>\n\t<meta name=\"twitter:data1\" content=\"1 minute\" \/>\n<!-- \/ Yoast SEO plugin. -->","yoast_head_json":{"title":"Acheter Anti-Aging Program by ZO SkinHealth - Livraison Gratuite","description":"Obtenez Anti-Aging Program au meilleur prix avec LIVRAISON GRATUITE. Commandez en ligne et recevez vos soins pr\u00e9f\u00e9r\u00e9s chez vous !","robots":{"index":"index","follow":"follow","max-snippet":"max-snippet:-1","max-image-preview":"max-image-preview:large","max-video-preview":"max-video-preview:-1"},"canonical":"https:\/\/drmazarro.com\/fr\/producto\/anti-aging-program-5-products\/","og_locale":"fr_FR","og_type":"article","og_title":"Acheter Anti-Aging Program by ZO SkinHealth - Livraison Gratuite","og_description":"Obtenez Anti-Aging Program au meilleur prix avec LIVRAISON GRATUITE. Commandez en ligne et recevez vos soins pr\u00e9f\u00e9r\u00e9s chez vous !","og_url":"https:\/\/drmazarro.com\/fr\/producto\/anti-aging-program-5-products\/","og_site_name":"Dr. Mazarro","article_publisher":"https:\/\/www.facebook.com\/Dr-Mazarro-Cirug%c3%ada-Est%c3%a9tica-Facial-en-Barcelona-101872084913358\/","article_modified_time":"2025-07-17T07:14:09+00:00","og_image":[{"width":350,"height":477,"url":"https:\/\/drmazarro.com\/wp-content\/uploads\/2022\/07\/antiaging-program-S.png","type":"image\/png"}],"twitter_card":"summary_large_image","twitter_misc":{"Dur\u00e9e de lecture estim\u00e9e":"1 minute"},"schema":{"@context":"https:\/\/schema.org","@graph":[{"@type":"WebPage","@id":"https:\/\/drmazarro.com\/fr\/producto\/anti-aging-program-5-products\/","url":"https:\/\/drmazarro.com\/fr\/producto\/anti-aging-program-5-products\/","name":"Acheter Anti-Aging Program by ZO SkinHealth - Livraison Gratuite","isPartOf":{"@id":"https:\/\/drmazarro.com\/fr\/#website"},"primaryImageOfPage":{"@id":"https:\/\/drmazarro.com\/fr\/producto\/anti-aging-program-5-products\/#primaryimage"},"image":{"@id":"https:\/\/drmazarro.com\/fr\/producto\/anti-aging-program-5-products\/#primaryimage"},"thumbnailUrl":"https:\/\/drmazarro.com\/wp-content\/uploads\/2022\/07\/antiaging-program-S.png","datePublished":"2024-12-26T14:38:55+00:00","dateModified":"2025-07-17T07:14:09+00:00","description":"Obtenez Anti-Aging Program au meilleur prix avec LIVRAISON GRATUITE. Commandez en ligne et recevez vos soins pr\u00e9f\u00e9r\u00e9s chez vous !","breadcrumb":{"@id":"https:\/\/drmazarro.com\/fr\/producto\/anti-aging-program-5-products\/#breadcrumb"},"inLanguage":"fr-FR","potentialAction":[{"@type":"ReadAction","target":["https:\/\/drmazarro.com\/fr\/producto\/anti-aging-program-5-products\/"]}]},{"@type":"ImageObject","inLanguage":"fr-FR","@id":"https:\/\/drmazarro.com\/fr\/producto\/anti-aging-program-5-products\/#primaryimage","url":"https:\/\/drmazarro.com\/wp-content\/uploads\/2022\/07\/antiaging-program-S.png","contentUrl":"https:\/\/drmazarro.com\/wp-content\/uploads\/2022\/07\/antiaging-program-S.png","width":350,"height":477,"caption":"antiaging program"},{"@type":"BreadcrumbList","@id":"https:\/\/drmazarro.com\/fr\/producto\/anti-aging-program-5-products\/#breadcrumb","itemListElement":[{"@type":"ListItem","position":1,"name":"Portada","item":"https:\/\/drmazarro.com\/fr\/"},{"@type":"ListItem","position":2,"name":"Shop","item":"https:\/\/drmazarro.com\/fr\/online-shop\/"},{"@type":"ListItem","position":3,"name":"Anti-Aging Program"}]},{"@type":"WebSite","@id":"https:\/\/drmazarro.com\/fr\/#website","url":"https:\/\/drmazarro.com\/fr\/","name":"Dr. Mazarro","description":"Cirug\u00eda y Medicina Est\u00e9tica Facial en Barcelona","publisher":{"@id":"https:\/\/drmazarro.com\/fr\/#organization"},"potentialAction":[{"@type":"SearchAction","target":{"@type":"EntryPoint","urlTemplate":"https:\/\/drmazarro.com\/fr\/?s={search_term_string}"},"query-input":{"@type":"PropertyValueSpecification","valueRequired":true,"valueName":"search_term_string"}}],"inLanguage":"fr-FR"},{"@type":"Organization","@id":"https:\/\/drmazarro.com\/fr\/#organization","name":"Dr. Mazarro","url":"https:\/\/drmazarro.com\/fr\/","logo":{"@type":"ImageObject","inLanguage":"fr-FR","@id":"https:\/\/drmazarro.com\/fr\/#\/schema\/logo\/image\/","url":"https:\/\/drmazarro.com\/wp-content\/uploads\/2024\/03\/AM-576.png","contentUrl":"https:\/\/drmazarro.com\/wp-content\/uploads\/2024\/03\/AM-576.png","width":576,"height":576,"caption":"Dr. Mazarro"},"image":{"@id":"https:\/\/drmazarro.com\/fr\/#\/schema\/logo\/image\/"},"sameAs":["https:\/\/www.facebook.com\/Dr-Mazarro-Cirug\u00eda-Est\u00e9tica-Facial-en-Barcelona-101872084913358\/","https:\/\/www.instagram.com\/drmazarro_alejandro\/"]}]}},"_links":{"self":[{"href":"https:\/\/drmazarro.com\/fr\/wp-json\/wp\/v2\/product\/24061","targetHints":{"allow":["GET"]}}],"collection":[{"href":"https:\/\/drmazarro.com\/fr\/wp-json\/wp\/v2\/product"}],"about":[{"href":"https:\/\/drmazarro.com\/fr\/wp-json\/wp\/v2\/types\/product"}],"replies":[{"embeddable":true,"href":"https:\/\/drmazarro.com\/fr\/wp-json\/wp\/v2\/comments?post=24061"}],"wp:featuredmedia":[{"embeddable":true,"href":"https:\/\/drmazarro.com\/fr\/wp-json\/wp\/v2\/media\/23979"}],"wp:attachment":[{"href":"https:\/\/drmazarro.com\/fr\/wp-json\/wp\/v2\/media?parent=24061"}],"wp:term":[{"taxonomy":"product_brand","embeddable":true,"href":"https:\/\/drmazarro.com\/fr\/wp-json\/wp\/v2\/product_brand?post=24061"},{"taxonomy":"product_cat","embeddable":true,"href":"https:\/\/drmazarro.com\/fr\/wp-json\/wp\/v2\/product_cat?post=24061"},{"taxonomy":"product_tag","embeddable":true,"href":"https:\/\/drmazarro.com\/fr\/wp-json\/wp\/v2\/product_tag?post=24061"}],"curies":[{"name":"wp","href":"https:\/\/api.w.org\/{rel}","templated":true}]}}