{"id":24057,"date":"2022-07-25T12:16:59","date_gmt":"2024-12-26T14:38:55","guid":{"rendered":"https:\/\/drmazarro.com\/producto\/brightalive-skin-brightener\/"},"modified":"2025-01-03T20:41:04","modified_gmt":"2025-01-03T19:41:04","slug":"brightalive-skin-brightener","status":"publish","type":"product","link":"https:\/\/drmazarro.com\/fr\/producto\/brightalive-skin-brightener\/","title":{"rendered":"Brightalive"},"content":{"rendered":"<h2><em>Indications<\/em><\/h2>\n<p style=\"text-align: justify;\">Un \u00e9claircissant cutan\u00e9 technologiquement avanc\u00e9 qui fonctionne sans hydroquinone ni r\u00e9tinol. Nomm\u00e9 l&rsquo;un des Meilleurs Correcteurs de Taches Brunes par Harper&rsquo;s Bazaar, cette formule cliniquement prouv\u00e9e augmente la luminosit\u00e9, am\u00e9liore la clart\u00e9 de la peau et estompe les taches brunes pour un teint plus uniforme et radieux.<\/p>\n<p>\u2022 R\u00e9duit l&rsquo;apparence des taches brunes<br \/>\n\u2022 Am\u00e9liore la luminosit\u00e9 g\u00e9n\u00e9rale de la peau<br \/>\n\u2022 Renforce la clart\u00e9 cutan\u00e9e<br \/>\n\u2022 Procure une hydratation l\u00e9g\u00e8re<br \/>\n\u2022 Convient \u00e0 tous les types de peau<br \/>\n\u2022 Formule non irritante et douce<br \/>\n\u2022 Sans hydroquinone, sans r\u00e9tinol<\/p>\n<h2><em>Format<\/em><\/h2>\n<p style=\"text-align: justify;\">50mL<\/p>\n<h2><em>Ingr\u00e9dients<\/em><\/h2>\n<p>\u2022 Drone Peptidique Intelligent<br \/>\n&#8211; Peptide encapsul\u00e9 de pr\u00e9cision<br \/>\n&#8211; Permet un \u00e9claircissement rapide<br \/>\n&#8211; Cible les taches brunes<\/p>\n<p>\u2022 Acide Tranexamique<br \/>\n&#8211; Minimise la d\u00e9coloration<br \/>\n&#8211; Formule non irritante<br \/>\n&#8211; Doux mais efficace<\/p>\n<p>\u2022 Niacinamide<br \/>\n&#8211; D\u00e9riv\u00e9 de la vitamine B3<br \/>\n&#8211; R\u00e9duit le teint irr\u00e9gulier<br \/>\n&#8211; Soutient la fonction barri\u00e8re<\/p>\n<p>\u2022 Papa\u00efne<br \/>\n&#8211; Procure une exfoliation enzymatique douce<br \/>\n&#8211; Am\u00e9liore la texture de la peau<br \/>\n&#8211; Am\u00e9liore le teint<\/p>\n<p>\u2022 Complexe Apaisant<br \/>\n&#8211; Contient du b\u00eata-glucane<br \/>\n&#8211; Int\u00e8gre un d\u00e9riv\u00e9 de r\u00e9glisse<br \/>\n&#8211; Adoucit et apaise la peau<\/p>\n<h2><em>Comment utiliser Brightalive<\/em><\/h2>\n<p style=\"text-align: justify;\">Appliquer sur peau propre et s\u00e8che matin et soir. Masser doucement jusqu&rsquo;\u00e0 absorption. Peut \u00eatre utilis\u00e9 seul ou en superposition avec d&rsquo;autres traitements ZO selon les besoins de votre peau.<\/p>\n","protected":false},"excerpt":{"rendered":"<div class=\"clearfix text-formatted field field--name-field-body-short field--type-text-long field--label-hidden field__item\">\n<p>Brightalive Skin Brightener<\/p>\n<p>Obtenez-le au prix minimum avec livraison GRATUITE &#8211; cliquez pour en savoir plus!<\/p>\n<\/div>\n","protected":false},"featured_media":23974,"comment_status":"open","ping_status":"closed","template":"","meta":{"_acf_changed":false,"_monsterinsights_skip_tracking":false,"_monsterinsights_sitenote_active":false,"_monsterinsights_sitenote_note":"","_monsterinsights_sitenote_category":0},"product_brand":[],"product_cat":[228,252,223],"product_tag":[244],"class_list":{"0":"post-24057","1":"product","2":"type-product","3":"status-publish","4":"has-post-thumbnail","6":"product_cat-hiperpigmentacion-fr","7":"product_cat-tous","8":"product_cat-zo-skin-health-fr","9":"product_tag-zo-skinhealth-by-zein-obagi-fr","11":"first","12":"instock","13":"shipping-taxable","14":"purchasable","15":"product-type-simple"},"acf":[],"yoast_head":"<!-- This site is optimized with the Yoast SEO plugin v27.3 - https:\/\/yoast.com\/product\/yoast-seo-wordpress\/ -->\n<title>Acheter Brightalive by ZO SkinHealth - Livraison Gratuite<\/title>\n<meta name=\"description\" content=\"Obtenez Brightalive au meilleur prix avec LIVRAISON GRATUITE. Commandez en ligne et recevez vos soins pr\u00e9f\u00e9r\u00e9s chez vous !\" \/>\n<meta name=\"robots\" content=\"index, follow, max-snippet:-1, max-image-preview:large, max-video-preview:-1\" \/>\n<link rel=\"canonical\" href=\"https:\/\/drmazarro.com\/fr\/producto\/brightalive-skin-brightener\/\" \/>\n<meta property=\"og:locale\" content=\"fr_FR\" \/>\n<meta property=\"og:type\" content=\"article\" \/>\n<meta property=\"og:title\" content=\"Acheter Brightalive by ZO SkinHealth - Livraison Gratuite\" \/>\n<meta property=\"og:description\" content=\"Obtenez Brightalive au meilleur prix avec LIVRAISON GRATUITE. Commandez en ligne et recevez vos soins pr\u00e9f\u00e9r\u00e9s chez vous !\" \/>\n<meta property=\"og:url\" content=\"https:\/\/drmazarro.com\/fr\/producto\/brightalive-skin-brightener\/\" \/>\n<meta property=\"og:site_name\" content=\"Dr. Mazarro\" \/>\n<meta property=\"article:publisher\" content=\"https:\/\/www.facebook.com\/Dr-Mazarro-Cirug%c3%ada-Est%c3%a9tica-Facial-en-Barcelona-101872084913358\/\" \/>\n<meta property=\"article:modified_time\" content=\"2025-01-03T19:41:04+00:00\" \/>\n<meta property=\"og:image\" content=\"https:\/\/drmazarro.com\/wp-content\/uploads\/2022\/07\/brightalive-S.png\" \/>\n\t<meta property=\"og:image:width\" content=\"350\" \/>\n\t<meta property=\"og:image:height\" content=\"477\" \/>\n\t<meta property=\"og:image:type\" content=\"image\/png\" \/>\n<meta name=\"twitter:card\" content=\"summary_large_image\" \/>\n<meta name=\"twitter:label1\" content=\"Dur\u00e9e de lecture estim\u00e9e\" \/>\n\t<meta name=\"twitter:data1\" content=\"1 minute\" \/>\n<!-- \/ Yoast SEO plugin. -->","yoast_head_json":{"title":"Acheter Brightalive by ZO SkinHealth - Livraison Gratuite","description":"Obtenez Brightalive au meilleur prix avec LIVRAISON GRATUITE. Commandez en ligne et recevez vos soins pr\u00e9f\u00e9r\u00e9s chez vous !","robots":{"index":"index","follow":"follow","max-snippet":"max-snippet:-1","max-image-preview":"max-image-preview:large","max-video-preview":"max-video-preview:-1"},"canonical":"https:\/\/drmazarro.com\/fr\/producto\/brightalive-skin-brightener\/","og_locale":"fr_FR","og_type":"article","og_title":"Acheter Brightalive by ZO SkinHealth - Livraison Gratuite","og_description":"Obtenez Brightalive au meilleur prix avec LIVRAISON GRATUITE. Commandez en ligne et recevez vos soins pr\u00e9f\u00e9r\u00e9s chez vous !","og_url":"https:\/\/drmazarro.com\/fr\/producto\/brightalive-skin-brightener\/","og_site_name":"Dr. Mazarro","article_publisher":"https:\/\/www.facebook.com\/Dr-Mazarro-Cirug%c3%ada-Est%c3%a9tica-Facial-en-Barcelona-101872084913358\/","article_modified_time":"2025-01-03T19:41:04+00:00","og_image":[{"width":350,"height":477,"url":"https:\/\/drmazarro.com\/wp-content\/uploads\/2022\/07\/brightalive-S.png","type":"image\/png"}],"twitter_card":"summary_large_image","twitter_misc":{"Dur\u00e9e de lecture estim\u00e9e":"1 minute"},"schema":{"@context":"https:\/\/schema.org","@graph":[{"@type":"WebPage","@id":"https:\/\/drmazarro.com\/fr\/producto\/brightalive-skin-brightener\/","url":"https:\/\/drmazarro.com\/fr\/producto\/brightalive-skin-brightener\/","name":"Acheter Brightalive by ZO SkinHealth - Livraison Gratuite","isPartOf":{"@id":"https:\/\/drmazarro.com\/fr\/#website"},"primaryImageOfPage":{"@id":"https:\/\/drmazarro.com\/fr\/producto\/brightalive-skin-brightener\/#primaryimage"},"image":{"@id":"https:\/\/drmazarro.com\/fr\/producto\/brightalive-skin-brightener\/#primaryimage"},"thumbnailUrl":"https:\/\/drmazarro.com\/wp-content\/uploads\/2022\/07\/brightalive-S.png","datePublished":"2024-12-26T14:38:55+00:00","dateModified":"2025-01-03T19:41:04+00:00","description":"Obtenez Brightalive au meilleur prix avec LIVRAISON GRATUITE. Commandez en ligne et recevez vos soins pr\u00e9f\u00e9r\u00e9s chez vous !","breadcrumb":{"@id":"https:\/\/drmazarro.com\/fr\/producto\/brightalive-skin-brightener\/#breadcrumb"},"inLanguage":"fr-FR","potentialAction":[{"@type":"ReadAction","target":["https:\/\/drmazarro.com\/fr\/producto\/brightalive-skin-brightener\/"]}]},{"@type":"ImageObject","inLanguage":"fr-FR","@id":"https:\/\/drmazarro.com\/fr\/producto\/brightalive-skin-brightener\/#primaryimage","url":"https:\/\/drmazarro.com\/wp-content\/uploads\/2022\/07\/brightalive-S.png","contentUrl":"https:\/\/drmazarro.com\/wp-content\/uploads\/2022\/07\/brightalive-S.png","width":350,"height":477,"caption":"brightalive"},{"@type":"BreadcrumbList","@id":"https:\/\/drmazarro.com\/fr\/producto\/brightalive-skin-brightener\/#breadcrumb","itemListElement":[{"@type":"ListItem","position":1,"name":"Portada","item":"https:\/\/drmazarro.com\/fr\/"},{"@type":"ListItem","position":2,"name":"Shop","item":"https:\/\/drmazarro.com\/fr\/online-shop\/"},{"@type":"ListItem","position":3,"name":"Brightalive"}]},{"@type":"WebSite","@id":"https:\/\/drmazarro.com\/fr\/#website","url":"https:\/\/drmazarro.com\/fr\/","name":"Dr. Mazarro","description":"Cirug\u00eda y Medicina Est\u00e9tica Facial en Barcelona","publisher":{"@id":"https:\/\/drmazarro.com\/fr\/#organization"},"potentialAction":[{"@type":"SearchAction","target":{"@type":"EntryPoint","urlTemplate":"https:\/\/drmazarro.com\/fr\/?s={search_term_string}"},"query-input":{"@type":"PropertyValueSpecification","valueRequired":true,"valueName":"search_term_string"}}],"inLanguage":"fr-FR"},{"@type":"Organization","@id":"https:\/\/drmazarro.com\/fr\/#organization","name":"Dr. Mazarro","url":"https:\/\/drmazarro.com\/fr\/","logo":{"@type":"ImageObject","inLanguage":"fr-FR","@id":"https:\/\/drmazarro.com\/fr\/#\/schema\/logo\/image\/","url":"https:\/\/drmazarro.com\/wp-content\/uploads\/2024\/03\/AM-576.png","contentUrl":"https:\/\/drmazarro.com\/wp-content\/uploads\/2024\/03\/AM-576.png","width":576,"height":576,"caption":"Dr. Mazarro"},"image":{"@id":"https:\/\/drmazarro.com\/fr\/#\/schema\/logo\/image\/"},"sameAs":["https:\/\/www.facebook.com\/Dr-Mazarro-Cirug\u00eda-Est\u00e9tica-Facial-en-Barcelona-101872084913358\/","https:\/\/www.instagram.com\/drmazarro_alejandro\/"]}]}},"_links":{"self":[{"href":"https:\/\/drmazarro.com\/fr\/wp-json\/wp\/v2\/product\/24057","targetHints":{"allow":["GET"]}}],"collection":[{"href":"https:\/\/drmazarro.com\/fr\/wp-json\/wp\/v2\/product"}],"about":[{"href":"https:\/\/drmazarro.com\/fr\/wp-json\/wp\/v2\/types\/product"}],"replies":[{"embeddable":true,"href":"https:\/\/drmazarro.com\/fr\/wp-json\/wp\/v2\/comments?post=24057"}],"wp:featuredmedia":[{"embeddable":true,"href":"https:\/\/drmazarro.com\/fr\/wp-json\/wp\/v2\/media\/23974"}],"wp:attachment":[{"href":"https:\/\/drmazarro.com\/fr\/wp-json\/wp\/v2\/media?parent=24057"}],"wp:term":[{"taxonomy":"product_brand","embeddable":true,"href":"https:\/\/drmazarro.com\/fr\/wp-json\/wp\/v2\/product_brand?post=24057"},{"taxonomy":"product_cat","embeddable":true,"href":"https:\/\/drmazarro.com\/fr\/wp-json\/wp\/v2\/product_cat?post=24057"},{"taxonomy":"product_tag","embeddable":true,"href":"https:\/\/drmazarro.com\/fr\/wp-json\/wp\/v2\/product_tag?post=24057"}],"curies":[{"name":"wp","href":"https:\/\/api.w.org\/{rel}","templated":true}]}}