{"id":24049,"date":"2022-07-25T12:27:20","date_gmt":"2024-12-26T14:38:57","guid":{"rendered":"https:\/\/drmazarro.com\/producto\/complexion-clearing-masque\/"},"modified":"2025-01-03T20:38:07","modified_gmt":"2025-01-03T19:38:07","slug":"complexion-clearing-masque","status":"publish","type":"product","link":"https:\/\/drmazarro.com\/fr\/producto\/complexion-clearing-masque\/","title":{"rendered":"Complexion Clearing Masque"},"content":{"rendered":"<h2><em>Indications<\/em><\/h2>\n<p style=\"text-align: justify;\">Un masque naturel \u00e0 base d&rsquo;argile sp\u00e9cifiquement formul\u00e9 pour nettoyer les pores et absorber l&rsquo;exc\u00e8s de s\u00e9bum tout en maintenant l&rsquo;hydratation de la peau. Cette formule \u00e0 double action aide \u00e0 pr\u00e9venir les futures imperfections tout en s&rsquo;assurant que la peau ne devient pas trop s\u00e8che, la rendant id\u00e9ale tant pour une utilisation g\u00e9n\u00e9rale que pour un traitement localis\u00e9.<\/p>\n<p>\u2022 Absorbe efficacement l&rsquo;exc\u00e8s de s\u00e9bum<br \/>\n\u2022 Nettoie et d\u00e9sobstrue les pores<br \/>\n\u2022 Fonctionne comme traitement localis\u00e9 pour les imperfections<br \/>\n\u2022 Maintient l&rsquo;hydratation de la peau<br \/>\n\u2022 Pr\u00e9vient la s\u00e9cheresse<br \/>\n\u2022 Convient aux peaux grasses et sujettes \u00e0 l&rsquo;acn\u00e9<br \/>\n\u2022 Procure des bienfaits de nettoyage en profondeur<\/p>\n<h2><em>Format<\/em><\/h2>\n<p style=\"text-align: justify;\">85g<\/p>\n<h2><em>Ingr\u00e9dients<\/em><\/h2>\n<p>\u2022 Soufre<br \/>\n&#8211; Minimise le s\u00e9bum en surface<br \/>\n&#8211; Aide \u00e0 contr\u00f4ler les imperfections<br \/>\n&#8211; Clarifie la peau<\/p>\n<p>\u2022 Glyc\u00e9rine<br \/>\n&#8211; Maintient l&rsquo;hydratation de la peau<br \/>\n&#8211; Pr\u00e9vient la s\u00e9cheresse<br \/>\n&#8211; \u00c9quilibre les niveaux d&rsquo;hydratation<\/p>\n<p>\u2022 Complexe d&rsquo;Argile<br \/>\n&#8211; Contient du kaolin et de la bentonite<br \/>\n&#8211; Absorbe l&rsquo;exc\u00e8s de s\u00e9bum<br \/>\n&#8211; \u00c9limine les impuret\u00e9s obstruant les pores<br \/>\n&#8211; Purifie la peau<\/p>\n<h2><em>Comment utiliser Complexion Clearing Masque<\/em><\/h2>\n<p style=\"text-align: justify;\">Nettoyer soigneusement la peau avant l&rsquo;application. Appliquer une fine couche sur les zones affect\u00e9es ou utiliser comme traitement localis\u00e9 deux fois par semaine le soir. Retirer \u00e0 l&rsquo;eau ti\u00e8de. En cas de s\u00e9cheresse ou de desquamation, r\u00e9duire \u00e0 une utilisation hebdomadaire. Peut \u00eatre int\u00e9gr\u00e9 dans votre routine de soin r\u00e9guli\u00e8re pour des r\u00e9sultats optimaux.<\/p>\n","protected":false},"excerpt":{"rendered":"<div class=\"clearfix text-formatted field field--name-field-body-short field--type-text-long field--label-hidden field__item\">\n<p>Complexion Clearing Masque<\/p>\n<p>Obtenez-le au prix minimum avec livraison GRATUITE &#8211; cliquez pour en savoir plus!<\/p>\n<\/div>\n","protected":false},"featured_media":23966,"comment_status":"open","ping_status":"closed","template":"","meta":{"_acf_changed":false,"_monsterinsights_skip_tracking":false,"_monsterinsights_sitenote_active":false,"_monsterinsights_sitenote_note":"","_monsterinsights_sitenote_category":0},"product_brand":[],"product_cat":[252,235,223],"product_tag":[244],"class_list":{"0":"post-24049","1":"product","2":"type-product","3":"status-publish","4":"has-post-thumbnail","6":"product_cat-tous","7":"product_cat-tratamientos-antiacne-fr","8":"product_cat-zo-skin-health-fr","9":"product_tag-zo-skinhealth-by-zein-obagi-fr","11":"first","12":"instock","13":"shipping-taxable","14":"purchasable","15":"product-type-simple"},"acf":[],"yoast_head":"<!-- This site is optimized with the Yoast SEO plugin v27.3 - https:\/\/yoast.com\/product\/yoast-seo-wordpress\/ -->\n<title>Acheter Complexion Clearing Masque by ZO - Livraison Gratuite<\/title>\n<meta name=\"description\" content=\"Obtenez Complexion Clearing Masque au meilleur prix avec LIVRAISON GRATUITE. Commandez en ligne et recevez vos soins pr\u00e9f\u00e9r\u00e9s chez vous !\" \/>\n<meta name=\"robots\" content=\"index, follow, max-snippet:-1, max-image-preview:large, max-video-preview:-1\" \/>\n<link rel=\"canonical\" href=\"https:\/\/drmazarro.com\/fr\/producto\/complexion-clearing-masque\/\" \/>\n<meta property=\"og:locale\" content=\"fr_FR\" \/>\n<meta property=\"og:type\" content=\"article\" \/>\n<meta property=\"og:title\" content=\"Acheter Complexion Clearing Masque by ZO - Livraison Gratuite\" \/>\n<meta property=\"og:description\" content=\"Obtenez Complexion Clearing Masque au meilleur prix avec LIVRAISON GRATUITE. Commandez en ligne et recevez vos soins pr\u00e9f\u00e9r\u00e9s chez vous !\" \/>\n<meta property=\"og:url\" content=\"https:\/\/drmazarro.com\/fr\/producto\/complexion-clearing-masque\/\" \/>\n<meta property=\"og:site_name\" content=\"Dr. Mazarro\" \/>\n<meta property=\"article:publisher\" content=\"https:\/\/www.facebook.com\/Dr-Mazarro-Cirug%c3%ada-Est%c3%a9tica-Facial-en-Barcelona-101872084913358\/\" \/>\n<meta property=\"article:modified_time\" content=\"2025-01-03T19:38:07+00:00\" \/>\n<meta property=\"og:image\" content=\"https:\/\/drmazarro.com\/wp-content\/uploads\/2022\/07\/complexion-clearing-masque-S.png\" \/>\n\t<meta property=\"og:image:width\" content=\"350\" \/>\n\t<meta property=\"og:image:height\" content=\"477\" \/>\n\t<meta property=\"og:image:type\" content=\"image\/png\" \/>\n<meta name=\"twitter:card\" content=\"summary_large_image\" \/>\n<meta name=\"twitter:label1\" content=\"Dur\u00e9e de lecture estim\u00e9e\" \/>\n\t<meta name=\"twitter:data1\" content=\"1 minute\" \/>\n<!-- \/ Yoast SEO plugin. -->","yoast_head_json":{"title":"Acheter Complexion Clearing Masque by ZO - Livraison Gratuite","description":"Obtenez Complexion Clearing Masque au meilleur prix avec LIVRAISON GRATUITE. Commandez en ligne et recevez vos soins pr\u00e9f\u00e9r\u00e9s chez vous !","robots":{"index":"index","follow":"follow","max-snippet":"max-snippet:-1","max-image-preview":"max-image-preview:large","max-video-preview":"max-video-preview:-1"},"canonical":"https:\/\/drmazarro.com\/fr\/producto\/complexion-clearing-masque\/","og_locale":"fr_FR","og_type":"article","og_title":"Acheter Complexion Clearing Masque by ZO - Livraison Gratuite","og_description":"Obtenez Complexion Clearing Masque au meilleur prix avec LIVRAISON GRATUITE. Commandez en ligne et recevez vos soins pr\u00e9f\u00e9r\u00e9s chez vous !","og_url":"https:\/\/drmazarro.com\/fr\/producto\/complexion-clearing-masque\/","og_site_name":"Dr. Mazarro","article_publisher":"https:\/\/www.facebook.com\/Dr-Mazarro-Cirug%c3%ada-Est%c3%a9tica-Facial-en-Barcelona-101872084913358\/","article_modified_time":"2025-01-03T19:38:07+00:00","og_image":[{"width":350,"height":477,"url":"https:\/\/drmazarro.com\/wp-content\/uploads\/2022\/07\/complexion-clearing-masque-S.png","type":"image\/png"}],"twitter_card":"summary_large_image","twitter_misc":{"Dur\u00e9e de lecture estim\u00e9e":"1 minute"},"schema":{"@context":"https:\/\/schema.org","@graph":[{"@type":"WebPage","@id":"https:\/\/drmazarro.com\/fr\/producto\/complexion-clearing-masque\/","url":"https:\/\/drmazarro.com\/fr\/producto\/complexion-clearing-masque\/","name":"Acheter Complexion Clearing Masque by ZO - Livraison Gratuite","isPartOf":{"@id":"https:\/\/drmazarro.com\/fr\/#website"},"primaryImageOfPage":{"@id":"https:\/\/drmazarro.com\/fr\/producto\/complexion-clearing-masque\/#primaryimage"},"image":{"@id":"https:\/\/drmazarro.com\/fr\/producto\/complexion-clearing-masque\/#primaryimage"},"thumbnailUrl":"https:\/\/drmazarro.com\/wp-content\/uploads\/2022\/07\/complexion-clearing-masque-S.png","datePublished":"2024-12-26T14:38:57+00:00","dateModified":"2025-01-03T19:38:07+00:00","description":"Obtenez Complexion Clearing Masque au meilleur prix avec LIVRAISON GRATUITE. Commandez en ligne et recevez vos soins pr\u00e9f\u00e9r\u00e9s chez vous !","breadcrumb":{"@id":"https:\/\/drmazarro.com\/fr\/producto\/complexion-clearing-masque\/#breadcrumb"},"inLanguage":"fr-FR","potentialAction":[{"@type":"ReadAction","target":["https:\/\/drmazarro.com\/fr\/producto\/complexion-clearing-masque\/"]}]},{"@type":"ImageObject","inLanguage":"fr-FR","@id":"https:\/\/drmazarro.com\/fr\/producto\/complexion-clearing-masque\/#primaryimage","url":"https:\/\/drmazarro.com\/wp-content\/uploads\/2022\/07\/complexion-clearing-masque-S.png","contentUrl":"https:\/\/drmazarro.com\/wp-content\/uploads\/2022\/07\/complexion-clearing-masque-S.png","width":350,"height":477,"caption":"complexion clearing masque"},{"@type":"BreadcrumbList","@id":"https:\/\/drmazarro.com\/fr\/producto\/complexion-clearing-masque\/#breadcrumb","itemListElement":[{"@type":"ListItem","position":1,"name":"Portada","item":"https:\/\/drmazarro.com\/fr\/"},{"@type":"ListItem","position":2,"name":"Shop","item":"https:\/\/drmazarro.com\/fr\/online-shop\/"},{"@type":"ListItem","position":3,"name":"Complexion Clearing Masque"}]},{"@type":"WebSite","@id":"https:\/\/drmazarro.com\/fr\/#website","url":"https:\/\/drmazarro.com\/fr\/","name":"Dr. Mazarro","description":"Cirug\u00eda y Medicina Est\u00e9tica Facial en Barcelona","publisher":{"@id":"https:\/\/drmazarro.com\/fr\/#organization"},"potentialAction":[{"@type":"SearchAction","target":{"@type":"EntryPoint","urlTemplate":"https:\/\/drmazarro.com\/fr\/?s={search_term_string}"},"query-input":{"@type":"PropertyValueSpecification","valueRequired":true,"valueName":"search_term_string"}}],"inLanguage":"fr-FR"},{"@type":"Organization","@id":"https:\/\/drmazarro.com\/fr\/#organization","name":"Dr. Mazarro","url":"https:\/\/drmazarro.com\/fr\/","logo":{"@type":"ImageObject","inLanguage":"fr-FR","@id":"https:\/\/drmazarro.com\/fr\/#\/schema\/logo\/image\/","url":"https:\/\/drmazarro.com\/wp-content\/uploads\/2024\/03\/AM-576.png","contentUrl":"https:\/\/drmazarro.com\/wp-content\/uploads\/2024\/03\/AM-576.png","width":576,"height":576,"caption":"Dr. Mazarro"},"image":{"@id":"https:\/\/drmazarro.com\/fr\/#\/schema\/logo\/image\/"},"sameAs":["https:\/\/www.facebook.com\/Dr-Mazarro-Cirug\u00eda-Est\u00e9tica-Facial-en-Barcelona-101872084913358\/","https:\/\/www.instagram.com\/drmazarro_alejandro\/"]}]}},"_links":{"self":[{"href":"https:\/\/drmazarro.com\/fr\/wp-json\/wp\/v2\/product\/24049","targetHints":{"allow":["GET"]}}],"collection":[{"href":"https:\/\/drmazarro.com\/fr\/wp-json\/wp\/v2\/product"}],"about":[{"href":"https:\/\/drmazarro.com\/fr\/wp-json\/wp\/v2\/types\/product"}],"replies":[{"embeddable":true,"href":"https:\/\/drmazarro.com\/fr\/wp-json\/wp\/v2\/comments?post=24049"}],"wp:featuredmedia":[{"embeddable":true,"href":"https:\/\/drmazarro.com\/fr\/wp-json\/wp\/v2\/media\/23966"}],"wp:attachment":[{"href":"https:\/\/drmazarro.com\/fr\/wp-json\/wp\/v2\/media?parent=24049"}],"wp:term":[{"taxonomy":"product_brand","embeddable":true,"href":"https:\/\/drmazarro.com\/fr\/wp-json\/wp\/v2\/product_brand?post=24049"},{"taxonomy":"product_cat","embeddable":true,"href":"https:\/\/drmazarro.com\/fr\/wp-json\/wp\/v2\/product_cat?post=24049"},{"taxonomy":"product_tag","embeddable":true,"href":"https:\/\/drmazarro.com\/fr\/wp-json\/wp\/v2\/product_tag?post=24049"}],"curies":[{"name":"wp","href":"https:\/\/api.w.org\/{rel}","templated":true}]}}