{"id":24046,"date":"2022-07-25T12:29:11","date_gmt":"2024-12-26T14:38:56","guid":{"rendered":"https:\/\/drmazarro.com\/producto\/complexion-renewal-pads\/"},"modified":"2025-01-03T20:37:20","modified_gmt":"2025-01-03T19:37:20","slug":"complexion-renewal-pads","status":"publish","type":"product","link":"https:\/\/drmazarro.com\/fr\/producto\/complexion-renewal-pads\/","title":{"rendered":"Complexion Renewal Pads"},"content":{"rendered":"<h2><em>Indications<\/em><\/h2>\n<p style=\"text-align: justify;\">Disques exfoliants avanc\u00e9s qui \u00e9liminent efficacement l&rsquo;exc\u00e8s de s\u00e9bum en surface et les impuret\u00e9s obstruant les pores. D\u00e9sormais avec un mat\u00e9riau 100% v\u00e9g\u00e9tal durable, cette formule maintient son efficacit\u00e9 prouv\u00e9e tout en soutenant la responsabilit\u00e9 environnementale. La nouvelle texture du disque offre les m\u00eames r\u00e9sultats puissants avec une approche respectueuse de l&rsquo;environnement.<\/p>\n<p>\u2022 Illumine l&rsquo;apparence de la peau<br \/>\n\u2022 Clarifie et d\u00e9congestionne les pores<br \/>\n\u2022 Procure une exfoliation douce<br \/>\n\u2022 Pr\u00e9sente une formule non dess\u00e9chante<br \/>\n\u2022 Convient \u00e0 tous les types de peau<br \/>\n\u2022 Design respectueux de l&rsquo;environnement<br \/>\n\u2022 Maintient l&rsquo;hydratation de la peau<\/p>\n<h2><em>Format<\/em><\/h2>\n<p style=\"text-align: justify;\">60 disques<\/p>\n<h2><em>Ingr\u00e9dients<\/em><\/h2>\n<p>\u2022 Acides Exfoliants<br \/>\n&#8211; Contient de l&rsquo;acide glycolique<br \/>\n&#8211; Int\u00e8gre de l&rsquo;acide salicylique<br \/>\n&#8211; Lisse la texture de la peau<br \/>\n&#8211; Illumine le teint<br \/>\n&#8211; D\u00e9congestionne les pores<\/p>\n<p>\u2022 M\u00e9lange d&rsquo;Extraits Botaniques<br \/>\n&#8211; Procure des bienfaits antioxydants<br \/>\n&#8211; Soutient la sant\u00e9 de la peau<br \/>\n&#8211; Am\u00e9liore les r\u00e9sultats<\/p>\n<p>\u2022 Disques en Viscose<br \/>\n&#8211; Mat\u00e9riau 100% d&rsquo;origine v\u00e9g\u00e9tale<br \/>\n&#8211; Procure des bienfaits lissants doux<br \/>\n&#8211; Alternative \u00e9cologique<br \/>\n&#8211; Remplace les particules de microplastique<\/p>\n<h2><em>Comment utiliser Complexion Renewal Pads<\/em><\/h2>\n<p style=\"text-align: justify;\">Passer doucement le disque sur le visage propre et sec matin et soir. Laisser la solution s\u00e9cher sur la peau. Pour de meilleurs r\u00e9sultats, poursuivre avec le reste de votre R\u00e9gime Getting Skin Ready\u00ae.<\/p>\n","protected":false},"excerpt":{"rendered":"<div class=\"clearfix text-formatted field field--name-field-body-short field--type-text-long field--label-hidden field__item\">\n<p>Complexion Renewal Pads<\/p>\n<p>Obtenez-le au prix minimum avec livraison GRATUITE &#8211; cliquez pour en savoir plus!<\/p>\n<\/div>\n","protected":false},"featured_media":5296,"comment_status":"open","ping_status":"closed","template":"","meta":{"_acf_changed":false,"_monsterinsights_skip_tracking":false,"_monsterinsights_sitenote_active":false,"_monsterinsights_sitenote_note":"","_monsterinsights_sitenote_category":0},"product_brand":[],"product_cat":[252,235,223],"product_tag":[244],"class_list":{"0":"post-24046","1":"product","2":"type-product","3":"status-publish","4":"has-post-thumbnail","6":"product_cat-tous","7":"product_cat-tratamientos-antiacne-fr","8":"product_cat-zo-skin-health-fr","9":"product_tag-zo-skinhealth-by-zein-obagi-fr","11":"first","12":"instock","13":"shipping-taxable","14":"purchasable","15":"product-type-simple"},"acf":[],"yoast_head":"<!-- This site is optimized with the Yoast SEO plugin v27.3 - https:\/\/yoast.com\/product\/yoast-seo-wordpress\/ -->\n<title>Acheter Complexion Renewal Pads by ZO - Livraison Gratuite<\/title>\n<meta name=\"description\" content=\"Obtenez Complexion Renewal Pads au meilleur prix avec LIVRAISON GRATUITE. Commandez en ligne et recevez vos soins pr\u00e9f\u00e9r\u00e9s chez vous !\" \/>\n<meta name=\"robots\" content=\"index, follow, max-snippet:-1, max-image-preview:large, max-video-preview:-1\" \/>\n<link rel=\"canonical\" href=\"https:\/\/drmazarro.com\/fr\/producto\/complexion-renewal-pads\/\" \/>\n<meta property=\"og:locale\" content=\"fr_FR\" \/>\n<meta property=\"og:type\" content=\"article\" \/>\n<meta property=\"og:title\" content=\"Acheter Complexion Renewal Pads by ZO - Livraison Gratuite\" \/>\n<meta property=\"og:description\" content=\"Obtenez Complexion Renewal Pads au meilleur prix avec LIVRAISON GRATUITE. Commandez en ligne et recevez vos soins pr\u00e9f\u00e9r\u00e9s chez vous !\" \/>\n<meta property=\"og:url\" content=\"https:\/\/drmazarro.com\/fr\/producto\/complexion-renewal-pads\/\" \/>\n<meta property=\"og:site_name\" content=\"Dr. Mazarro\" \/>\n<meta property=\"article:publisher\" content=\"https:\/\/www.facebook.com\/Dr-Mazarro-Cirug%c3%ada-Est%c3%a9tica-Facial-en-Barcelona-101872084913358\/\" \/>\n<meta property=\"article:modified_time\" content=\"2025-01-03T19:37:20+00:00\" \/>\n<meta property=\"og:image\" content=\"https:\/\/drmazarro.com\/wp-content\/uploads\/2021\/03\/complexion-RP.jpg\" \/>\n\t<meta property=\"og:image:width\" content=\"400\" \/>\n\t<meta property=\"og:image:height\" content=\"400\" \/>\n\t<meta property=\"og:image:type\" content=\"image\/jpeg\" \/>\n<meta name=\"twitter:card\" content=\"summary_large_image\" \/>\n<meta name=\"twitter:label1\" content=\"Dur\u00e9e de lecture estim\u00e9e\" \/>\n\t<meta name=\"twitter:data1\" content=\"2 minutes\" \/>\n<!-- \/ Yoast SEO plugin. -->","yoast_head_json":{"title":"Acheter Complexion Renewal Pads by ZO - Livraison Gratuite","description":"Obtenez Complexion Renewal Pads au meilleur prix avec LIVRAISON GRATUITE. Commandez en ligne et recevez vos soins pr\u00e9f\u00e9r\u00e9s chez vous !","robots":{"index":"index","follow":"follow","max-snippet":"max-snippet:-1","max-image-preview":"max-image-preview:large","max-video-preview":"max-video-preview:-1"},"canonical":"https:\/\/drmazarro.com\/fr\/producto\/complexion-renewal-pads\/","og_locale":"fr_FR","og_type":"article","og_title":"Acheter Complexion Renewal Pads by ZO - Livraison Gratuite","og_description":"Obtenez Complexion Renewal Pads au meilleur prix avec LIVRAISON GRATUITE. Commandez en ligne et recevez vos soins pr\u00e9f\u00e9r\u00e9s chez vous !","og_url":"https:\/\/drmazarro.com\/fr\/producto\/complexion-renewal-pads\/","og_site_name":"Dr. Mazarro","article_publisher":"https:\/\/www.facebook.com\/Dr-Mazarro-Cirug%c3%ada-Est%c3%a9tica-Facial-en-Barcelona-101872084913358\/","article_modified_time":"2025-01-03T19:37:20+00:00","og_image":[{"width":400,"height":400,"url":"https:\/\/drmazarro.com\/wp-content\/uploads\/2021\/03\/complexion-RP.jpg","type":"image\/jpeg"}],"twitter_card":"summary_large_image","twitter_misc":{"Dur\u00e9e de lecture estim\u00e9e":"2 minutes"},"schema":{"@context":"https:\/\/schema.org","@graph":[{"@type":"WebPage","@id":"https:\/\/drmazarro.com\/fr\/producto\/complexion-renewal-pads\/","url":"https:\/\/drmazarro.com\/fr\/producto\/complexion-renewal-pads\/","name":"Acheter Complexion Renewal Pads by ZO - Livraison Gratuite","isPartOf":{"@id":"https:\/\/drmazarro.com\/fr\/#website"},"primaryImageOfPage":{"@id":"https:\/\/drmazarro.com\/fr\/producto\/complexion-renewal-pads\/#primaryimage"},"image":{"@id":"https:\/\/drmazarro.com\/fr\/producto\/complexion-renewal-pads\/#primaryimage"},"thumbnailUrl":"https:\/\/drmazarro.com\/wp-content\/uploads\/2021\/03\/complexion-RP.jpg","datePublished":"2024-12-26T14:38:56+00:00","dateModified":"2025-01-03T19:37:20+00:00","description":"Obtenez Complexion Renewal Pads au meilleur prix avec LIVRAISON GRATUITE. Commandez en ligne et recevez vos soins pr\u00e9f\u00e9r\u00e9s chez vous !","breadcrumb":{"@id":"https:\/\/drmazarro.com\/fr\/producto\/complexion-renewal-pads\/#breadcrumb"},"inLanguage":"fr-FR","potentialAction":[{"@type":"ReadAction","target":["https:\/\/drmazarro.com\/fr\/producto\/complexion-renewal-pads\/"]}]},{"@type":"ImageObject","inLanguage":"fr-FR","@id":"https:\/\/drmazarro.com\/fr\/producto\/complexion-renewal-pads\/#primaryimage","url":"https:\/\/drmazarro.com\/wp-content\/uploads\/2021\/03\/complexion-RP.jpg","contentUrl":"https:\/\/drmazarro.com\/wp-content\/uploads\/2021\/03\/complexion-RP.jpg","width":400,"height":400,"caption":"Comprar Complexion Renewal Pads by Zein Obagi - Dr. Mazarro"},{"@type":"BreadcrumbList","@id":"https:\/\/drmazarro.com\/fr\/producto\/complexion-renewal-pads\/#breadcrumb","itemListElement":[{"@type":"ListItem","position":1,"name":"Portada","item":"https:\/\/drmazarro.com\/fr\/"},{"@type":"ListItem","position":2,"name":"Shop","item":"https:\/\/drmazarro.com\/fr\/online-shop\/"},{"@type":"ListItem","position":3,"name":"Complexion Renewal Pads"}]},{"@type":"WebSite","@id":"https:\/\/drmazarro.com\/fr\/#website","url":"https:\/\/drmazarro.com\/fr\/","name":"Dr. Mazarro","description":"Cirug\u00eda y Medicina Est\u00e9tica Facial en Barcelona","publisher":{"@id":"https:\/\/drmazarro.com\/fr\/#organization"},"potentialAction":[{"@type":"SearchAction","target":{"@type":"EntryPoint","urlTemplate":"https:\/\/drmazarro.com\/fr\/?s={search_term_string}"},"query-input":{"@type":"PropertyValueSpecification","valueRequired":true,"valueName":"search_term_string"}}],"inLanguage":"fr-FR"},{"@type":"Organization","@id":"https:\/\/drmazarro.com\/fr\/#organization","name":"Dr. Mazarro","url":"https:\/\/drmazarro.com\/fr\/","logo":{"@type":"ImageObject","inLanguage":"fr-FR","@id":"https:\/\/drmazarro.com\/fr\/#\/schema\/logo\/image\/","url":"https:\/\/drmazarro.com\/wp-content\/uploads\/2024\/03\/AM-576.png","contentUrl":"https:\/\/drmazarro.com\/wp-content\/uploads\/2024\/03\/AM-576.png","width":576,"height":576,"caption":"Dr. Mazarro"},"image":{"@id":"https:\/\/drmazarro.com\/fr\/#\/schema\/logo\/image\/"},"sameAs":["https:\/\/www.facebook.com\/Dr-Mazarro-Cirug\u00eda-Est\u00e9tica-Facial-en-Barcelona-101872084913358\/","https:\/\/www.instagram.com\/drmazarro_alejandro\/"]}]}},"_links":{"self":[{"href":"https:\/\/drmazarro.com\/fr\/wp-json\/wp\/v2\/product\/24046","targetHints":{"allow":["GET"]}}],"collection":[{"href":"https:\/\/drmazarro.com\/fr\/wp-json\/wp\/v2\/product"}],"about":[{"href":"https:\/\/drmazarro.com\/fr\/wp-json\/wp\/v2\/types\/product"}],"replies":[{"embeddable":true,"href":"https:\/\/drmazarro.com\/fr\/wp-json\/wp\/v2\/comments?post=24046"}],"wp:featuredmedia":[{"embeddable":true,"href":"https:\/\/drmazarro.com\/fr\/wp-json\/wp\/v2\/media\/5296"}],"wp:attachment":[{"href":"https:\/\/drmazarro.com\/fr\/wp-json\/wp\/v2\/media?parent=24046"}],"wp:term":[{"taxonomy":"product_brand","embeddable":true,"href":"https:\/\/drmazarro.com\/fr\/wp-json\/wp\/v2\/product_brand?post=24046"},{"taxonomy":"product_cat","embeddable":true,"href":"https:\/\/drmazarro.com\/fr\/wp-json\/wp\/v2\/product_cat?post=24046"},{"taxonomy":"product_tag","embeddable":true,"href":"https:\/\/drmazarro.com\/fr\/wp-json\/wp\/v2\/product_tag?post=24046"}],"curies":[{"name":"wp","href":"https:\/\/api.w.org\/{rel}","templated":true}]}}