{"id":24042,"date":"2022-07-25T12:33:19","date_gmt":"2024-12-26T14:39:05","guid":{"rendered":"https:\/\/drmazarro.com\/producto\/dual-action-scrub\/"},"modified":"2025-01-03T20:32:21","modified_gmt":"2025-01-03T19:32:21","slug":"dual-action-scrub","status":"publish","type":"product","link":"https:\/\/drmazarro.com\/fr\/producto\/dual-action-scrub\/","title":{"rendered":"Dual Action Scrub"},"content":{"rendered":"<h2><em>Indications<\/em><\/h2>\n<p style=\"text-align: justify;\">Un soin exfoliant complet qui combine exfoliation chimique et physique pour \u00e9liminer les imperfections et am\u00e9liorer l&rsquo;\u00e9clat de la peau. Nomm\u00e9 l&rsquo;un des 25 Meilleurs Exfoliants Visage par Reader&rsquo;s Digest, cette formule \u00e0 double action procure des bienfaits exceptionnels de lissage tant pour le visage que pour le corps.<\/p>\n<p>\u2022 Procure une double exfoliation chimique et physique<br \/>\n\u2022 R\u00e9duit l&rsquo;exc\u00e8s de s\u00e9bum en surface<br \/>\n\u2022 Convient pour une utilisation visage et corps<br \/>\n\u2022 Favorise une peau plus nette et plus lisse<br \/>\n\u2022 Am\u00e9liore l&rsquo;\u00e9clat naturel<br \/>\n\u2022 Aide \u00e0 pr\u00e9venir les imperfections<br \/>\n\u2022 Formule non abrasive<\/p>\n<h2><em>Format<\/em><\/h2>\n<p style=\"text-align: justify;\">116g<\/p>\n<h2><em>Ingr\u00e9dients<\/em><\/h2>\n<p>\u2022 Complexe d&rsquo;Acides<br \/>\n&#8211; Contient de l&rsquo;acide lactique<br \/>\n&#8211; Int\u00e8gre de l&rsquo;acide salicylique<br \/>\n&#8211; Exfolie chimiquement les cellules mortes<br \/>\n&#8211; D\u00e9congestionne les pores<\/p>\n<p>\u2022 Perles de Cire Rondes<br \/>\n&#8211; Procurent une exfoliation physique douce<br \/>\n&#8211; Composition respectueuse de l&rsquo;environnement<br \/>\n&#8211; Action non abrasive<\/p>\n<p>\u2022 Complexe ZO-RRS2\u00ae<br \/>\n&#8211; Technologie exclusive de cellules souches v\u00e9g\u00e9tales<br \/>\n&#8211; Neutralise les radicaux libres<br \/>\n&#8211; Apaise les rougeurs visibles<br \/>\n&#8211; Calme la peau<\/p>\n<h2><em>Comment utiliser Dual Action Scrub<\/em><\/h2>\n<p style=\"text-align: justify;\">Masser doucement une petite quantit\u00e9 sur le visage et le cou humides. Rincer abondamment \u00e0 l&rsquo;eau ti\u00e8de. Peut \u00eatre utilis\u00e9 sur le visage et le corps. Pour de meilleurs r\u00e9sultats, poursuivre avec le reste de votre R\u00e9gime Getting Skin Ready\u00ae.<\/p>\n","protected":false},"excerpt":{"rendered":"<div class=\"clearfix text-formatted field field--name-field-body-short field--type-text-long field--label-hidden field__item\">\n<p>Dual Action Scrub<\/p>\n<p>Obtenez-le au prix minimum avec livraison GRATUITE &#8211; cliquez pour en savoir plus!<\/p>\n<\/div>\n","protected":false},"featured_media":23958,"comment_status":"open","ping_status":"closed","template":"","meta":{"_acf_changed":false,"_monsterinsights_skip_tracking":false,"_monsterinsights_sitenote_active":false,"_monsterinsights_sitenote_note":"","_monsterinsights_sitenote_category":0},"product_brand":[],"product_cat":[231,252,223],"product_tag":[244],"class_list":{"0":"post-24042","1":"product","2":"type-product","3":"status-publish","4":"has-post-thumbnail","6":"product_cat-limpieza-fr","7":"product_cat-tous","8":"product_cat-zo-skin-health-fr","9":"product_tag-zo-skinhealth-by-zein-obagi-fr","11":"first","12":"instock","13":"shipping-taxable","14":"purchasable","15":"product-type-simple"},"acf":[],"yoast_head":"<!-- This site is optimized with the Yoast SEO plugin v27.3 - https:\/\/yoast.com\/product\/yoast-seo-wordpress\/ -->\n<title>Acheter Dual Action Scrub by ZO SkinHealth - Livraison Gratuite<\/title>\n<meta name=\"description\" content=\"Obtenez Dual Action Scrub au meilleur prix avec LIVRAISON GRATUITE. Commandez en ligne et recevez vos soins pr\u00e9f\u00e9r\u00e9s chez vous !\" \/>\n<meta name=\"robots\" content=\"index, follow, max-snippet:-1, max-image-preview:large, max-video-preview:-1\" \/>\n<link rel=\"canonical\" href=\"https:\/\/drmazarro.com\/fr\/producto\/dual-action-scrub\/\" \/>\n<meta property=\"og:locale\" content=\"fr_FR\" \/>\n<meta property=\"og:type\" content=\"article\" \/>\n<meta property=\"og:title\" content=\"Acheter Dual Action Scrub by ZO SkinHealth - Livraison Gratuite\" \/>\n<meta property=\"og:description\" content=\"Obtenez Dual Action Scrub au meilleur prix avec LIVRAISON GRATUITE. Commandez en ligne et recevez vos soins pr\u00e9f\u00e9r\u00e9s chez vous !\" \/>\n<meta property=\"og:url\" content=\"https:\/\/drmazarro.com\/fr\/producto\/dual-action-scrub\/\" \/>\n<meta property=\"og:site_name\" content=\"Dr. Mazarro\" \/>\n<meta property=\"article:publisher\" content=\"https:\/\/www.facebook.com\/Dr-Mazarro-Cirug%c3%ada-Est%c3%a9tica-Facial-en-Barcelona-101872084913358\/\" \/>\n<meta property=\"article:modified_time\" content=\"2025-01-03T19:32:21+00:00\" \/>\n<meta property=\"og:image\" content=\"https:\/\/drmazarro.com\/wp-content\/uploads\/2022\/07\/Dual-action-scrub-S.png\" \/>\n\t<meta property=\"og:image:width\" content=\"350\" \/>\n\t<meta property=\"og:image:height\" content=\"477\" \/>\n\t<meta property=\"og:image:type\" content=\"image\/png\" \/>\n<meta name=\"twitter:card\" content=\"summary_large_image\" \/>\n<meta name=\"twitter:label1\" content=\"Dur\u00e9e de lecture estim\u00e9e\" \/>\n\t<meta name=\"twitter:data1\" content=\"2 minutes\" \/>\n<!-- \/ Yoast SEO plugin. -->","yoast_head_json":{"title":"Acheter Dual Action Scrub by ZO SkinHealth - Livraison Gratuite","description":"Obtenez Dual Action Scrub au meilleur prix avec LIVRAISON GRATUITE. Commandez en ligne et recevez vos soins pr\u00e9f\u00e9r\u00e9s chez vous !","robots":{"index":"index","follow":"follow","max-snippet":"max-snippet:-1","max-image-preview":"max-image-preview:large","max-video-preview":"max-video-preview:-1"},"canonical":"https:\/\/drmazarro.com\/fr\/producto\/dual-action-scrub\/","og_locale":"fr_FR","og_type":"article","og_title":"Acheter Dual Action Scrub by ZO SkinHealth - Livraison Gratuite","og_description":"Obtenez Dual Action Scrub au meilleur prix avec LIVRAISON GRATUITE. Commandez en ligne et recevez vos soins pr\u00e9f\u00e9r\u00e9s chez vous !","og_url":"https:\/\/drmazarro.com\/fr\/producto\/dual-action-scrub\/","og_site_name":"Dr. Mazarro","article_publisher":"https:\/\/www.facebook.com\/Dr-Mazarro-Cirug%c3%ada-Est%c3%a9tica-Facial-en-Barcelona-101872084913358\/","article_modified_time":"2025-01-03T19:32:21+00:00","og_image":[{"width":350,"height":477,"url":"https:\/\/drmazarro.com\/wp-content\/uploads\/2022\/07\/Dual-action-scrub-S.png","type":"image\/png"}],"twitter_card":"summary_large_image","twitter_misc":{"Dur\u00e9e de lecture estim\u00e9e":"2 minutes"},"schema":{"@context":"https:\/\/schema.org","@graph":[{"@type":"WebPage","@id":"https:\/\/drmazarro.com\/fr\/producto\/dual-action-scrub\/","url":"https:\/\/drmazarro.com\/fr\/producto\/dual-action-scrub\/","name":"Acheter Dual Action Scrub by ZO SkinHealth - Livraison Gratuite","isPartOf":{"@id":"https:\/\/drmazarro.com\/fr\/#website"},"primaryImageOfPage":{"@id":"https:\/\/drmazarro.com\/fr\/producto\/dual-action-scrub\/#primaryimage"},"image":{"@id":"https:\/\/drmazarro.com\/fr\/producto\/dual-action-scrub\/#primaryimage"},"thumbnailUrl":"https:\/\/drmazarro.com\/wp-content\/uploads\/2022\/07\/Dual-action-scrub-S.png","datePublished":"2024-12-26T14:39:05+00:00","dateModified":"2025-01-03T19:32:21+00:00","description":"Obtenez Dual Action Scrub au meilleur prix avec LIVRAISON GRATUITE. Commandez en ligne et recevez vos soins pr\u00e9f\u00e9r\u00e9s chez vous !","breadcrumb":{"@id":"https:\/\/drmazarro.com\/fr\/producto\/dual-action-scrub\/#breadcrumb"},"inLanguage":"fr-FR","potentialAction":[{"@type":"ReadAction","target":["https:\/\/drmazarro.com\/fr\/producto\/dual-action-scrub\/"]}]},{"@type":"ImageObject","inLanguage":"fr-FR","@id":"https:\/\/drmazarro.com\/fr\/producto\/dual-action-scrub\/#primaryimage","url":"https:\/\/drmazarro.com\/wp-content\/uploads\/2022\/07\/Dual-action-scrub-S.png","contentUrl":"https:\/\/drmazarro.com\/wp-content\/uploads\/2022\/07\/Dual-action-scrub-S.png","width":350,"height":477,"caption":"Dual action scrub"},{"@type":"BreadcrumbList","@id":"https:\/\/drmazarro.com\/fr\/producto\/dual-action-scrub\/#breadcrumb","itemListElement":[{"@type":"ListItem","position":1,"name":"Portada","item":"https:\/\/drmazarro.com\/fr\/"},{"@type":"ListItem","position":2,"name":"Shop","item":"https:\/\/drmazarro.com\/fr\/online-shop\/"},{"@type":"ListItem","position":3,"name":"Dual Action Scrub"}]},{"@type":"WebSite","@id":"https:\/\/drmazarro.com\/fr\/#website","url":"https:\/\/drmazarro.com\/fr\/","name":"Dr. Mazarro","description":"Cirug\u00eda y Medicina Est\u00e9tica Facial en Barcelona","publisher":{"@id":"https:\/\/drmazarro.com\/fr\/#organization"},"potentialAction":[{"@type":"SearchAction","target":{"@type":"EntryPoint","urlTemplate":"https:\/\/drmazarro.com\/fr\/?s={search_term_string}"},"query-input":{"@type":"PropertyValueSpecification","valueRequired":true,"valueName":"search_term_string"}}],"inLanguage":"fr-FR"},{"@type":"Organization","@id":"https:\/\/drmazarro.com\/fr\/#organization","name":"Dr. Mazarro","url":"https:\/\/drmazarro.com\/fr\/","logo":{"@type":"ImageObject","inLanguage":"fr-FR","@id":"https:\/\/drmazarro.com\/fr\/#\/schema\/logo\/image\/","url":"https:\/\/drmazarro.com\/wp-content\/uploads\/2024\/03\/AM-576.png","contentUrl":"https:\/\/drmazarro.com\/wp-content\/uploads\/2024\/03\/AM-576.png","width":576,"height":576,"caption":"Dr. Mazarro"},"image":{"@id":"https:\/\/drmazarro.com\/fr\/#\/schema\/logo\/image\/"},"sameAs":["https:\/\/www.facebook.com\/Dr-Mazarro-Cirug\u00eda-Est\u00e9tica-Facial-en-Barcelona-101872084913358\/","https:\/\/www.instagram.com\/drmazarro_alejandro\/"]}]}},"_links":{"self":[{"href":"https:\/\/drmazarro.com\/fr\/wp-json\/wp\/v2\/product\/24042","targetHints":{"allow":["GET"]}}],"collection":[{"href":"https:\/\/drmazarro.com\/fr\/wp-json\/wp\/v2\/product"}],"about":[{"href":"https:\/\/drmazarro.com\/fr\/wp-json\/wp\/v2\/types\/product"}],"replies":[{"embeddable":true,"href":"https:\/\/drmazarro.com\/fr\/wp-json\/wp\/v2\/comments?post=24042"}],"wp:featuredmedia":[{"embeddable":true,"href":"https:\/\/drmazarro.com\/fr\/wp-json\/wp\/v2\/media\/23958"}],"wp:attachment":[{"href":"https:\/\/drmazarro.com\/fr\/wp-json\/wp\/v2\/media?parent=24042"}],"wp:term":[{"taxonomy":"product_brand","embeddable":true,"href":"https:\/\/drmazarro.com\/fr\/wp-json\/wp\/v2\/product_brand?post=24042"},{"taxonomy":"product_cat","embeddable":true,"href":"https:\/\/drmazarro.com\/fr\/wp-json\/wp\/v2\/product_cat?post=24042"},{"taxonomy":"product_tag","embeddable":true,"href":"https:\/\/drmazarro.com\/fr\/wp-json\/wp\/v2\/product_tag?post=24042"}],"curies":[{"name":"wp","href":"https:\/\/api.w.org\/{rel}","templated":true}]}}