{"id":24034,"date":"2022-07-25T12:40:24","date_gmt":"2024-12-26T14:38:57","guid":{"rendered":"https:\/\/drmazarro.com\/producto\/firming-serum\/"},"modified":"2025-01-03T20:26:18","modified_gmt":"2025-01-03T19:26:18","slug":"firming-serum","status":"publish","type":"product","link":"https:\/\/drmazarro.com\/fr\/producto\/firming-serum\/","title":{"rendered":"Firming Serum"},"content":{"rendered":"<h2><em>Indications<\/em><\/h2>\n<p style=\"text-align: justify;\">Une innovation anti-\u00e2ge r\u00e9volutionnaire con\u00e7ue pour am\u00e9liorer la structure et la forme de la peau. Cette formule douce et l\u00e9g\u00e8re convient \u00e0 tous les types de peau, y compris les zones sensibles, combinant des ingr\u00e9dients avanc\u00e9s pour am\u00e9liorer la fermet\u00e9 de la peau tout en soutenant les processus naturels de renouvellement.<\/p>\n<p>\u2022 Raffermit et tonifie visiblement la peau<br \/>\n\u2022 Am\u00e9liore l&rsquo;apparence du rel\u00e2chement et de la laxit\u00e9<br \/>\n\u2022 Aide \u00e0 d\u00e9finir les contours du visage<br \/>\n\u2022 Soutient le processus naturel de renouvellement cutan\u00e9<br \/>\n\u2022 Procure une protection antioxydante<br \/>\n\u2022 Convient aux zones de peau sensible<br \/>\n\u2022 Am\u00e9liore la sant\u00e9 g\u00e9n\u00e9rale de la peau<\/p>\n<h2><em>Format<\/em><\/h2>\n<p style=\"text-align: justify;\">47mL<\/p>\n<h2><em>Ingr\u00e9dients<\/em><\/h2>\n<p>\u2022 ADN Sodique<br \/>\n&#8211; Soutient le modelage facial visible<br \/>\n&#8211; Am\u00e9liore la d\u00e9finition de la peau<br \/>\n&#8211; Am\u00e9liore l&rsquo;apparence cutan\u00e9e<\/p>\n<p>\u2022 Complexe ZCORE&#x2122;<br \/>\n&#8211; Cible le rel\u00e2chement cutan\u00e9 visible<br \/>\n&#8211; Am\u00e9liore la fermet\u00e9 de la peau<br \/>\n&#8211; Renforce la structure cutan\u00e9e<\/p>\n<p>\u2022 Complexe ZO-RRS\u00b2\u00ae<br \/>\n&#8211; Technologie exclusive de cellules souches v\u00e9g\u00e9tales<br \/>\n&#8211; Apporte de puissants bienfaits antioxydants<br \/>\n&#8211; Prot\u00e8ge contre les dommages environnementaux<\/p>\n<h2><em>Comment utiliser Firming Serum<\/em><\/h2>\n<p style=\"text-align: justify;\">Appliquer sur peau propre et s\u00e8che matin et soir. Masser doucement jusqu&rsquo;\u00e0 absorption. Peut \u00eatre utilis\u00e9 seul ou en superposition avec d&rsquo;autres traitements ZO\u00ae selon les besoins de votre peau.<\/p>\n","protected":false},"excerpt":{"rendered":"<p>Firming Serum<\/p>\n<p>Obtenez-le au prix minimum avec livraison GRATUITE &#8211; cliquez pour en savoir plus!<\/p>\n","protected":false},"featured_media":23942,"comment_status":"open","ping_status":"closed","template":"","meta":{"_acf_changed":false,"_monsterinsights_skip_tracking":false,"_monsterinsights_sitenote_active":false,"_monsterinsights_sitenote_note":"","_monsterinsights_sitenote_category":0},"product_brand":[],"product_cat":[252,237,223],"product_tag":[244],"class_list":{"0":"post-24034","1":"product","2":"type-product","3":"status-publish","4":"has-post-thumbnail","6":"product_cat-tous","7":"product_cat-tratamientos-antiedad-fr","8":"product_cat-zo-skin-health-fr","9":"product_tag-zo-skinhealth-by-zein-obagi-fr","11":"first","12":"instock","13":"shipping-taxable","14":"purchasable","15":"product-type-simple"},"acf":[],"yoast_head":"<!-- This site is optimized with the Yoast SEO plugin v27.3 - https:\/\/yoast.com\/product\/yoast-seo-wordpress\/ -->\n<title>Acheter Firming Serum by ZO SkinHealth - Livraison Gratuite<\/title>\n<meta name=\"description\" content=\"Obtenez Firming Serum au meilleur prix avec LIVRAISON GRATUITE. Commandez en ligne et recevez vos soins pr\u00e9f\u00e9r\u00e9s chez vous !\" \/>\n<meta name=\"robots\" content=\"index, follow, max-snippet:-1, max-image-preview:large, max-video-preview:-1\" \/>\n<link rel=\"canonical\" href=\"https:\/\/drmazarro.com\/fr\/producto\/firming-serum\/\" \/>\n<meta property=\"og:locale\" content=\"fr_FR\" \/>\n<meta property=\"og:type\" content=\"article\" \/>\n<meta property=\"og:title\" content=\"Acheter Firming Serum by ZO SkinHealth - Livraison Gratuite\" \/>\n<meta property=\"og:description\" content=\"Obtenez Firming Serum au meilleur prix avec LIVRAISON GRATUITE. Commandez en ligne et recevez vos soins pr\u00e9f\u00e9r\u00e9s chez vous !\" \/>\n<meta property=\"og:url\" content=\"https:\/\/drmazarro.com\/fr\/producto\/firming-serum\/\" \/>\n<meta property=\"og:site_name\" content=\"Dr. Mazarro\" \/>\n<meta property=\"article:publisher\" content=\"https:\/\/www.facebook.com\/Dr-Mazarro-Cirug%c3%ada-Est%c3%a9tica-Facial-en-Barcelona-101872084913358\/\" \/>\n<meta property=\"article:modified_time\" content=\"2025-01-03T19:26:18+00:00\" \/>\n<meta property=\"og:image\" content=\"https:\/\/drmazarro.com\/wp-content\/uploads\/2022\/07\/Firming-Serum-S.png\" \/>\n\t<meta property=\"og:image:width\" content=\"350\" \/>\n\t<meta property=\"og:image:height\" content=\"477\" \/>\n\t<meta property=\"og:image:type\" content=\"image\/png\" \/>\n<meta name=\"twitter:card\" content=\"summary_large_image\" \/>\n<meta name=\"twitter:label1\" content=\"Dur\u00e9e de lecture estim\u00e9e\" \/>\n\t<meta name=\"twitter:data1\" content=\"1 minute\" \/>\n<!-- \/ Yoast SEO plugin. -->","yoast_head_json":{"title":"Acheter Firming Serum by ZO SkinHealth - Livraison Gratuite","description":"Obtenez Firming Serum au meilleur prix avec LIVRAISON GRATUITE. Commandez en ligne et recevez vos soins pr\u00e9f\u00e9r\u00e9s chez vous !","robots":{"index":"index","follow":"follow","max-snippet":"max-snippet:-1","max-image-preview":"max-image-preview:large","max-video-preview":"max-video-preview:-1"},"canonical":"https:\/\/drmazarro.com\/fr\/producto\/firming-serum\/","og_locale":"fr_FR","og_type":"article","og_title":"Acheter Firming Serum by ZO SkinHealth - Livraison Gratuite","og_description":"Obtenez Firming Serum au meilleur prix avec LIVRAISON GRATUITE. Commandez en ligne et recevez vos soins pr\u00e9f\u00e9r\u00e9s chez vous !","og_url":"https:\/\/drmazarro.com\/fr\/producto\/firming-serum\/","og_site_name":"Dr. Mazarro","article_publisher":"https:\/\/www.facebook.com\/Dr-Mazarro-Cirug%c3%ada-Est%c3%a9tica-Facial-en-Barcelona-101872084913358\/","article_modified_time":"2025-01-03T19:26:18+00:00","og_image":[{"width":350,"height":477,"url":"https:\/\/drmazarro.com\/wp-content\/uploads\/2022\/07\/Firming-Serum-S.png","type":"image\/png"}],"twitter_card":"summary_large_image","twitter_misc":{"Dur\u00e9e de lecture estim\u00e9e":"1 minute"},"schema":{"@context":"https:\/\/schema.org","@graph":[{"@type":"WebPage","@id":"https:\/\/drmazarro.com\/fr\/producto\/firming-serum\/","url":"https:\/\/drmazarro.com\/fr\/producto\/firming-serum\/","name":"Acheter Firming Serum by ZO SkinHealth - Livraison Gratuite","isPartOf":{"@id":"https:\/\/drmazarro.com\/fr\/#website"},"primaryImageOfPage":{"@id":"https:\/\/drmazarro.com\/fr\/producto\/firming-serum\/#primaryimage"},"image":{"@id":"https:\/\/drmazarro.com\/fr\/producto\/firming-serum\/#primaryimage"},"thumbnailUrl":"https:\/\/drmazarro.com\/wp-content\/uploads\/2022\/07\/Firming-Serum-S.png","datePublished":"2024-12-26T14:38:57+00:00","dateModified":"2025-01-03T19:26:18+00:00","description":"Obtenez Firming Serum au meilleur prix avec LIVRAISON GRATUITE. Commandez en ligne et recevez vos soins pr\u00e9f\u00e9r\u00e9s chez vous !","breadcrumb":{"@id":"https:\/\/drmazarro.com\/fr\/producto\/firming-serum\/#breadcrumb"},"inLanguage":"fr-FR","potentialAction":[{"@type":"ReadAction","target":["https:\/\/drmazarro.com\/fr\/producto\/firming-serum\/"]}]},{"@type":"ImageObject","inLanguage":"fr-FR","@id":"https:\/\/drmazarro.com\/fr\/producto\/firming-serum\/#primaryimage","url":"https:\/\/drmazarro.com\/wp-content\/uploads\/2022\/07\/Firming-Serum-S.png","contentUrl":"https:\/\/drmazarro.com\/wp-content\/uploads\/2022\/07\/Firming-Serum-S.png","width":350,"height":477,"caption":"Firming Serum"},{"@type":"BreadcrumbList","@id":"https:\/\/drmazarro.com\/fr\/producto\/firming-serum\/#breadcrumb","itemListElement":[{"@type":"ListItem","position":1,"name":"Portada","item":"https:\/\/drmazarro.com\/fr\/"},{"@type":"ListItem","position":2,"name":"Shop","item":"https:\/\/drmazarro.com\/fr\/online-shop\/"},{"@type":"ListItem","position":3,"name":"Firming Serum"}]},{"@type":"WebSite","@id":"https:\/\/drmazarro.com\/fr\/#website","url":"https:\/\/drmazarro.com\/fr\/","name":"Dr. Mazarro","description":"Cirug\u00eda y Medicina Est\u00e9tica Facial en Barcelona","publisher":{"@id":"https:\/\/drmazarro.com\/fr\/#organization"},"potentialAction":[{"@type":"SearchAction","target":{"@type":"EntryPoint","urlTemplate":"https:\/\/drmazarro.com\/fr\/?s={search_term_string}"},"query-input":{"@type":"PropertyValueSpecification","valueRequired":true,"valueName":"search_term_string"}}],"inLanguage":"fr-FR"},{"@type":"Organization","@id":"https:\/\/drmazarro.com\/fr\/#organization","name":"Dr. Mazarro","url":"https:\/\/drmazarro.com\/fr\/","logo":{"@type":"ImageObject","inLanguage":"fr-FR","@id":"https:\/\/drmazarro.com\/fr\/#\/schema\/logo\/image\/","url":"https:\/\/drmazarro.com\/wp-content\/uploads\/2024\/03\/AM-576.png","contentUrl":"https:\/\/drmazarro.com\/wp-content\/uploads\/2024\/03\/AM-576.png","width":576,"height":576,"caption":"Dr. Mazarro"},"image":{"@id":"https:\/\/drmazarro.com\/fr\/#\/schema\/logo\/image\/"},"sameAs":["https:\/\/www.facebook.com\/Dr-Mazarro-Cirug\u00eda-Est\u00e9tica-Facial-en-Barcelona-101872084913358\/","https:\/\/www.instagram.com\/drmazarro_alejandro\/"]}]}},"_links":{"self":[{"href":"https:\/\/drmazarro.com\/fr\/wp-json\/wp\/v2\/product\/24034","targetHints":{"allow":["GET"]}}],"collection":[{"href":"https:\/\/drmazarro.com\/fr\/wp-json\/wp\/v2\/product"}],"about":[{"href":"https:\/\/drmazarro.com\/fr\/wp-json\/wp\/v2\/types\/product"}],"replies":[{"embeddable":true,"href":"https:\/\/drmazarro.com\/fr\/wp-json\/wp\/v2\/comments?post=24034"}],"wp:featuredmedia":[{"embeddable":true,"href":"https:\/\/drmazarro.com\/fr\/wp-json\/wp\/v2\/media\/23942"}],"wp:attachment":[{"href":"https:\/\/drmazarro.com\/fr\/wp-json\/wp\/v2\/media?parent=24034"}],"wp:term":[{"taxonomy":"product_brand","embeddable":true,"href":"https:\/\/drmazarro.com\/fr\/wp-json\/wp\/v2\/product_brand?post=24034"},{"taxonomy":"product_cat","embeddable":true,"href":"https:\/\/drmazarro.com\/fr\/wp-json\/wp\/v2\/product_cat?post=24034"},{"taxonomy":"product_tag","embeddable":true,"href":"https:\/\/drmazarro.com\/fr\/wp-json\/wp\/v2\/product_tag?post=24034"}],"curies":[{"name":"wp","href":"https:\/\/api.w.org\/{rel}","templated":true}]}}