{"id":24031,"date":"2022-07-25T12:41:53","date_gmt":"2024-12-26T14:39:03","guid":{"rendered":"https:\/\/drmazarro.com\/producto\/gf-eye-serum\/"},"modified":"2025-01-03T20:25:04","modified_gmt":"2025-01-03T19:25:04","slug":"gf-eye-serum","status":"publish","type":"product","link":"https:\/\/drmazarro.com\/fr\/producto\/gf-eye-serum\/","title":{"rendered":"GF Eye Serum"},"content":{"rendered":"<h2><em>Indications<\/em><\/h2>\n<p style=\"text-align: justify;\">Un s\u00e9rum pour les yeux avanc\u00e9 aliment\u00e9 par la technologie des Facteurs de Croissance ZO\u00ae cliniquement prouv\u00e9e, sp\u00e9cifiquement con\u00e7u pour am\u00e9liorer l&rsquo;apparence des rides d&rsquo;expression, des plis et du creux. Pr\u00e9sente un applicateur rafra\u00eechissant qui apaise la peau et revigore le regard fatigu\u00e9 tout en apportant de puissants bienfaits anti-\u00e2ge.<\/p>\n<p>\u2022 R\u00e9duit l&rsquo;apparence des rides d&rsquo;expression et des rides du contour des yeux<br \/>\n\u2022 Am\u00e9liore visiblement le volume autour du contour de l&rsquo;\u0153il<br \/>\n\u2022 Renforce l&rsquo;hydratation cutan\u00e9e<br \/>\n\u2022 Procure une sensation rafra\u00eechissante et apaisante<br \/>\n\u2022 Revigore la vitalit\u00e9 du contour de l&rsquo;\u0153il<br \/>\n\u2022 Pr\u00e9sente un applicateur rafra\u00eechissant innovant<\/p>\n<h2><em>Format<\/em><\/h2>\n<p style=\"text-align: justify;\">15mL<\/p>\n<h2><em>Ingr\u00e9dients<\/em><\/h2>\n<p>\u2022 Technologie des Facteurs de Croissance ZO\u00ae<br \/>\n&#8211; Contient des facteurs de croissance enzymatiques<br \/>\n&#8211; Int\u00e8gre des facteurs de croissance d&rsquo;origine v\u00e9g\u00e9tale<br \/>\n&#8211; Soutient le rajeunissement cutan\u00e9<\/p>\n<p>\u2022 Complexe de Neuropeptides<br \/>\n&#8211; Procure des r\u00e9sultats rapides<br \/>\n&#8211; Am\u00e9liore l&rsquo;apparence des rides<br \/>\n&#8211; R\u00e9duit les rides visibles<\/p>\n<p>\u2022 Hyaluronate de Sodium Ac\u00e9tyl\u00e9<br \/>\n&#8211; Forme avanc\u00e9e d&rsquo;acide hyaluronique<br \/>\n&#8211; Repulpe et hydrate la peau<br \/>\n&#8211; Soutient la barri\u00e8re cutan\u00e9e saine<br \/>\n&#8211; Am\u00e9liore la r\u00e9tention d&rsquo;hydratation<\/p>\n<h2><em>Comment utiliser Growth Factor Eye Serum<\/em><\/h2>\n<p style=\"text-align: justify;\">Appliquer sur peau propre et s\u00e8che autour du contour des yeux. En utilisant l&rsquo;applicateur rafra\u00eechissant, dessiner de petits cercles doux sur la zone orbitale matin et soir, ou selon les besoins. Peut \u00eatre utilis\u00e9 seul ou dans le cadre de votre routine de soin compl\u00e8te.<\/p>\n","protected":false},"excerpt":{"rendered":"<div class=\"clearfix text-formatted field field--name-field-body-short field--type-text-long field--label-hidden field__item\">\n<p>GF Eye Serum<\/p>\n<p>Obtenez-le au prix minimum avec livraison GRATUITE &#8211; cliquez pour en savoir plus!<\/p>\n<\/div>\n","protected":false},"featured_media":23938,"comment_status":"open","ping_status":"closed","template":"","meta":{"_acf_changed":false,"_monsterinsights_skip_tracking":false,"_monsterinsights_sitenote_active":false,"_monsterinsights_sitenote_note":"","_monsterinsights_sitenote_category":0},"product_brand":[],"product_cat":[252,237,223],"product_tag":[244],"class_list":{"0":"post-24031","1":"product","2":"type-product","3":"status-publish","4":"has-post-thumbnail","6":"product_cat-tous","7":"product_cat-tratamientos-antiedad-fr","8":"product_cat-zo-skin-health-fr","9":"product_tag-zo-skinhealth-by-zein-obagi-fr","11":"first","12":"instock","13":"shipping-taxable","14":"product-type-simple"},"acf":[],"yoast_head":"<!-- This site is optimized with the Yoast SEO plugin v27.3 - https:\/\/yoast.com\/product\/yoast-seo-wordpress\/ -->\n<title>Acheter GF Eye Serum by ZO SkinHealth - Livraison Gratuite<\/title>\n<meta name=\"description\" content=\"Obtenez GF Eye Serum au meilleur prix avec LIVRAISON GRATUITE. Commandez en ligne et recevez vos soins pr\u00e9f\u00e9r\u00e9s chez vous !\" \/>\n<meta name=\"robots\" content=\"index, follow, max-snippet:-1, max-image-preview:large, max-video-preview:-1\" \/>\n<link rel=\"canonical\" href=\"https:\/\/drmazarro.com\/fr\/producto\/gf-eye-serum\/\" \/>\n<meta property=\"og:locale\" content=\"fr_FR\" \/>\n<meta property=\"og:type\" content=\"article\" \/>\n<meta property=\"og:title\" content=\"Acheter GF Eye Serum by ZO SkinHealth - Livraison Gratuite\" \/>\n<meta property=\"og:description\" content=\"Obtenez GF Eye Serum au meilleur prix avec LIVRAISON GRATUITE. Commandez en ligne et recevez vos soins pr\u00e9f\u00e9r\u00e9s chez vous !\" \/>\n<meta property=\"og:url\" content=\"https:\/\/drmazarro.com\/fr\/producto\/gf-eye-serum\/\" \/>\n<meta property=\"og:site_name\" content=\"Dr. Mazarro\" \/>\n<meta property=\"article:publisher\" content=\"https:\/\/www.facebook.com\/Dr-Mazarro-Cirug%c3%ada-Est%c3%a9tica-Facial-en-Barcelona-101872084913358\/\" \/>\n<meta property=\"article:modified_time\" content=\"2025-01-03T19:25:04+00:00\" \/>\n<meta property=\"og:image\" content=\"https:\/\/drmazarro.com\/wp-content\/uploads\/2022\/07\/GF-eye-serum-S.png\" \/>\n\t<meta property=\"og:image:width\" content=\"350\" \/>\n\t<meta property=\"og:image:height\" content=\"473\" \/>\n\t<meta property=\"og:image:type\" content=\"image\/png\" \/>\n<meta name=\"twitter:card\" content=\"summary_large_image\" \/>\n<meta name=\"twitter:label1\" content=\"Dur\u00e9e de lecture estim\u00e9e\" \/>\n\t<meta name=\"twitter:data1\" content=\"2 minutes\" \/>\n<!-- \/ Yoast SEO plugin. -->","yoast_head_json":{"title":"Acheter GF Eye Serum by ZO SkinHealth - Livraison Gratuite","description":"Obtenez GF Eye Serum au meilleur prix avec LIVRAISON GRATUITE. Commandez en ligne et recevez vos soins pr\u00e9f\u00e9r\u00e9s chez vous !","robots":{"index":"index","follow":"follow","max-snippet":"max-snippet:-1","max-image-preview":"max-image-preview:large","max-video-preview":"max-video-preview:-1"},"canonical":"https:\/\/drmazarro.com\/fr\/producto\/gf-eye-serum\/","og_locale":"fr_FR","og_type":"article","og_title":"Acheter GF Eye Serum by ZO SkinHealth - Livraison Gratuite","og_description":"Obtenez GF Eye Serum au meilleur prix avec LIVRAISON GRATUITE. Commandez en ligne et recevez vos soins pr\u00e9f\u00e9r\u00e9s chez vous !","og_url":"https:\/\/drmazarro.com\/fr\/producto\/gf-eye-serum\/","og_site_name":"Dr. Mazarro","article_publisher":"https:\/\/www.facebook.com\/Dr-Mazarro-Cirug%c3%ada-Est%c3%a9tica-Facial-en-Barcelona-101872084913358\/","article_modified_time":"2025-01-03T19:25:04+00:00","og_image":[{"width":350,"height":473,"url":"https:\/\/drmazarro.com\/wp-content\/uploads\/2022\/07\/GF-eye-serum-S.png","type":"image\/png"}],"twitter_card":"summary_large_image","twitter_misc":{"Dur\u00e9e de lecture estim\u00e9e":"2 minutes"},"schema":{"@context":"https:\/\/schema.org","@graph":[{"@type":"WebPage","@id":"https:\/\/drmazarro.com\/fr\/producto\/gf-eye-serum\/","url":"https:\/\/drmazarro.com\/fr\/producto\/gf-eye-serum\/","name":"Acheter GF Eye Serum by ZO SkinHealth - Livraison Gratuite","isPartOf":{"@id":"https:\/\/drmazarro.com\/fr\/#website"},"primaryImageOfPage":{"@id":"https:\/\/drmazarro.com\/fr\/producto\/gf-eye-serum\/#primaryimage"},"image":{"@id":"https:\/\/drmazarro.com\/fr\/producto\/gf-eye-serum\/#primaryimage"},"thumbnailUrl":"https:\/\/drmazarro.com\/wp-content\/uploads\/2022\/07\/GF-eye-serum-S.png","datePublished":"2024-12-26T14:39:03+00:00","dateModified":"2025-01-03T19:25:04+00:00","description":"Obtenez GF Eye Serum au meilleur prix avec LIVRAISON GRATUITE. Commandez en ligne et recevez vos soins pr\u00e9f\u00e9r\u00e9s chez vous !","breadcrumb":{"@id":"https:\/\/drmazarro.com\/fr\/producto\/gf-eye-serum\/#breadcrumb"},"inLanguage":"fr-FR","potentialAction":[{"@type":"ReadAction","target":["https:\/\/drmazarro.com\/fr\/producto\/gf-eye-serum\/"]}]},{"@type":"ImageObject","inLanguage":"fr-FR","@id":"https:\/\/drmazarro.com\/fr\/producto\/gf-eye-serum\/#primaryimage","url":"https:\/\/drmazarro.com\/wp-content\/uploads\/2022\/07\/GF-eye-serum-S.png","contentUrl":"https:\/\/drmazarro.com\/wp-content\/uploads\/2022\/07\/GF-eye-serum-S.png","width":350,"height":473,"caption":"GF eye serum"},{"@type":"BreadcrumbList","@id":"https:\/\/drmazarro.com\/fr\/producto\/gf-eye-serum\/#breadcrumb","itemListElement":[{"@type":"ListItem","position":1,"name":"Portada","item":"https:\/\/drmazarro.com\/fr\/"},{"@type":"ListItem","position":2,"name":"Shop","item":"https:\/\/drmazarro.com\/fr\/online-shop\/"},{"@type":"ListItem","position":3,"name":"GF Eye Serum"}]},{"@type":"WebSite","@id":"https:\/\/drmazarro.com\/fr\/#website","url":"https:\/\/drmazarro.com\/fr\/","name":"Dr. Mazarro","description":"Cirug\u00eda y Medicina Est\u00e9tica Facial en Barcelona","publisher":{"@id":"https:\/\/drmazarro.com\/fr\/#organization"},"potentialAction":[{"@type":"SearchAction","target":{"@type":"EntryPoint","urlTemplate":"https:\/\/drmazarro.com\/fr\/?s={search_term_string}"},"query-input":{"@type":"PropertyValueSpecification","valueRequired":true,"valueName":"search_term_string"}}],"inLanguage":"fr-FR"},{"@type":"Organization","@id":"https:\/\/drmazarro.com\/fr\/#organization","name":"Dr. Mazarro","url":"https:\/\/drmazarro.com\/fr\/","logo":{"@type":"ImageObject","inLanguage":"fr-FR","@id":"https:\/\/drmazarro.com\/fr\/#\/schema\/logo\/image\/","url":"https:\/\/drmazarro.com\/wp-content\/uploads\/2024\/03\/AM-576.png","contentUrl":"https:\/\/drmazarro.com\/wp-content\/uploads\/2024\/03\/AM-576.png","width":576,"height":576,"caption":"Dr. Mazarro"},"image":{"@id":"https:\/\/drmazarro.com\/fr\/#\/schema\/logo\/image\/"},"sameAs":["https:\/\/www.facebook.com\/Dr-Mazarro-Cirug\u00eda-Est\u00e9tica-Facial-en-Barcelona-101872084913358\/","https:\/\/www.instagram.com\/drmazarro_alejandro\/"]}]}},"_links":{"self":[{"href":"https:\/\/drmazarro.com\/fr\/wp-json\/wp\/v2\/product\/24031","targetHints":{"allow":["GET"]}}],"collection":[{"href":"https:\/\/drmazarro.com\/fr\/wp-json\/wp\/v2\/product"}],"about":[{"href":"https:\/\/drmazarro.com\/fr\/wp-json\/wp\/v2\/types\/product"}],"replies":[{"embeddable":true,"href":"https:\/\/drmazarro.com\/fr\/wp-json\/wp\/v2\/comments?post=24031"}],"wp:featuredmedia":[{"embeddable":true,"href":"https:\/\/drmazarro.com\/fr\/wp-json\/wp\/v2\/media\/23938"}],"wp:attachment":[{"href":"https:\/\/drmazarro.com\/fr\/wp-json\/wp\/v2\/media?parent=24031"}],"wp:term":[{"taxonomy":"product_brand","embeddable":true,"href":"https:\/\/drmazarro.com\/fr\/wp-json\/wp\/v2\/product_brand?post=24031"},{"taxonomy":"product_cat","embeddable":true,"href":"https:\/\/drmazarro.com\/fr\/wp-json\/wp\/v2\/product_cat?post=24031"},{"taxonomy":"product_tag","embeddable":true,"href":"https:\/\/drmazarro.com\/fr\/wp-json\/wp\/v2\/product_tag?post=24031"}],"curies":[{"name":"wp","href":"https:\/\/api.w.org\/{rel}","templated":true}]}}