{"id":24029,"date":"2022-07-25T12:43:12","date_gmt":"2024-12-26T14:36:57","guid":{"rendered":"https:\/\/drmazarro.com\/producto\/growth-factor-serum\/"},"modified":"2025-01-03T20:24:03","modified_gmt":"2025-01-03T19:24:03","slug":"growth-factor-serum","status":"publish","type":"product","link":"https:\/\/drmazarro.com\/fr\/producto\/growth-factor-serum\/","title":{"rendered":"Growth Factor Serum"},"content":{"rendered":"<h2><em>Indications<\/em><\/h2>\n<p style=\"text-align: justify;\">Un s\u00e9rum anti-\u00e2ge avanc\u00e9 qui int\u00e8gre des facteurs de croissance d\u00e9riv\u00e9s de plantes et d&rsquo;enzymes avec un complexe prot\u00e9ique exclusif. Cliniquement prouv\u00e9 pour restaurer l&rsquo;\u00e9paisseur visible de la peau, l&rsquo;\u00e9lasticit\u00e9, la douceur et la souplesse, avec des r\u00e9sultats montrant une peau paraissant 6 ans plus jeune apr\u00e8s 12 semaines d&rsquo;utilisation.<\/p>\n<p>\u2022 Am\u00e9liore l&rsquo;apparence de l&rsquo;\u00e9paisseur et de l&rsquo;\u00e9lasticit\u00e9 de la peau<br \/>\n\u2022 Restaure la souplesse et l&rsquo;hydratation de la peau<br \/>\n\u2022 R\u00e9duit l&rsquo;apparence des rides d&rsquo;expression<br \/>\n\u2022 Procure des r\u00e9sultats anti-\u00e2ge visibles<br \/>\n\u2022 Convient \u00e0 tous les types de peau<br \/>\n\u2022 Nomm\u00e9 l&rsquo;un des 13 Meilleurs S\u00e9rums Anti-\u00e2ge par Cosmopolitan<\/p>\n<h2><em>Format<\/em><\/h2>\n<p style=\"text-align: justify;\">30mL<\/p>\n<h2><em>Ingr\u00e9dients<\/em><\/h2>\n<p>\u2022 Complexe Avanc\u00e9 de Facteurs de Croissance<br \/>\n&#8211; Contient du phosphate d&rsquo;ac\u00e9tyl glucosamine disodique<br \/>\n&#8211; Int\u00e8gre de l&rsquo;extrait de ginseng rouge ferment\u00e9<br \/>\n&#8211; Restaure l&rsquo;hydratation<br \/>\n&#8211; Soutient l&rsquo;\u00e9lasticit\u00e9 et la fermet\u00e9<\/p>\n<p>\u2022 Technologie ZPRO\u00ae<br \/>\n&#8211; Soutient le renouvellement naturel d&rsquo;acide hyaluronique<br \/>\n&#8211; Am\u00e9liore l&rsquo;hydratation cutan\u00e9e<br \/>\n&#8211; Am\u00e9liore la texture de la peau<\/p>\n<p>\u2022 Complexe Peptidique<br \/>\n&#8211; Contient du diac\u00e9tate de dipeptide diaminobutyroyl benzylamide<br \/>\n&#8211; Minimise les rides d&rsquo;expression<br \/>\n&#8211; Procure des effets lissants visibles<\/p>\n<p>\u2022 Complexe Apaisant<br \/>\n&#8211; Int\u00e8gre du b\u00eata-glucane<br \/>\n&#8211; Contient de l&rsquo;extrait de racine d&rsquo;angelica polymorpha sinensis<br \/>\n&#8211; Apaise et calme la peau<\/p>\n<h2><em>Comment utiliser Growth Factor Serum<\/em><\/h2>\n<p style=\"text-align: justify;\">Appliquer sur peau propre et s\u00e8che le soir comme derni\u00e8re \u00e9tape de votre routine de soin. Masser doucement jusqu&rsquo;\u00e0 absorption. Pour des r\u00e9sultats optimaux, utiliser r\u00e9guli\u00e8rement dans le cadre de votre routine du soir.<\/p>\n","protected":false},"excerpt":{"rendered":"<p>Growth Factor Serum<\/p>\n<p>Obtenez-le au prix minimum avec livraison GRATUITE &#8211; cliquez pour en savoir plus!<\/p>\n","protected":false},"featured_media":23934,"comment_status":"open","ping_status":"closed","template":"","meta":{"_acf_changed":false,"_monsterinsights_skip_tracking":false,"_monsterinsights_sitenote_active":false,"_monsterinsights_sitenote_note":"","_monsterinsights_sitenote_category":0},"product_brand":[],"product_cat":[252,237,223],"product_tag":[244],"class_list":{"0":"post-24029","1":"product","2":"type-product","3":"status-publish","4":"has-post-thumbnail","6":"product_cat-tous","7":"product_cat-tratamientos-antiedad-fr","8":"product_cat-zo-skin-health-fr","9":"product_tag-zo-skinhealth-by-zein-obagi-fr","11":"first","12":"instock","13":"shipping-taxable","14":"purchasable","15":"product-type-simple"},"acf":[],"yoast_head":"<!-- This site is optimized with the Yoast SEO plugin v27.3 - https:\/\/yoast.com\/product\/yoast-seo-wordpress\/ -->\n<title>Acheter Growth Factor Serum by ZO - Livraison Gratuite<\/title>\n<meta name=\"description\" content=\"Obtenez Growth Factor Serum au meilleur prix avec LIVRAISON GRATUITE. Commandez en ligne et recevez vos soins pr\u00e9f\u00e9r\u00e9s chez vous !\" \/>\n<meta name=\"robots\" content=\"index, follow, max-snippet:-1, max-image-preview:large, max-video-preview:-1\" \/>\n<link rel=\"canonical\" href=\"https:\/\/drmazarro.com\/fr\/producto\/growth-factor-serum\/\" \/>\n<meta property=\"og:locale\" content=\"fr_FR\" \/>\n<meta property=\"og:type\" content=\"article\" \/>\n<meta property=\"og:title\" content=\"Acheter Growth Factor Serum by ZO - Livraison Gratuite\" \/>\n<meta property=\"og:description\" content=\"Obtenez Growth Factor Serum au meilleur prix avec LIVRAISON GRATUITE. Commandez en ligne et recevez vos soins pr\u00e9f\u00e9r\u00e9s chez vous !\" \/>\n<meta property=\"og:url\" content=\"https:\/\/drmazarro.com\/fr\/producto\/growth-factor-serum\/\" \/>\n<meta property=\"og:site_name\" content=\"Dr. Mazarro\" \/>\n<meta property=\"article:publisher\" content=\"https:\/\/www.facebook.com\/Dr-Mazarro-Cirug%c3%ada-Est%c3%a9tica-Facial-en-Barcelona-101872084913358\/\" \/>\n<meta property=\"article:modified_time\" content=\"2025-01-03T19:24:03+00:00\" \/>\n<meta property=\"og:image\" content=\"https:\/\/drmazarro.com\/wp-content\/uploads\/2022\/07\/growth-factor-serum-S.png\" \/>\n\t<meta property=\"og:image:width\" content=\"350\" \/>\n\t<meta property=\"og:image:height\" content=\"477\" \/>\n\t<meta property=\"og:image:type\" content=\"image\/png\" \/>\n<meta name=\"twitter:card\" content=\"summary_large_image\" \/>\n<meta name=\"twitter:label1\" content=\"Dur\u00e9e de lecture estim\u00e9e\" \/>\n\t<meta name=\"twitter:data1\" content=\"2 minutes\" \/>\n<!-- \/ Yoast SEO plugin. -->","yoast_head_json":{"title":"Acheter Growth Factor Serum by ZO - Livraison Gratuite","description":"Obtenez Growth Factor Serum au meilleur prix avec LIVRAISON GRATUITE. Commandez en ligne et recevez vos soins pr\u00e9f\u00e9r\u00e9s chez vous !","robots":{"index":"index","follow":"follow","max-snippet":"max-snippet:-1","max-image-preview":"max-image-preview:large","max-video-preview":"max-video-preview:-1"},"canonical":"https:\/\/drmazarro.com\/fr\/producto\/growth-factor-serum\/","og_locale":"fr_FR","og_type":"article","og_title":"Acheter Growth Factor Serum by ZO - Livraison Gratuite","og_description":"Obtenez Growth Factor Serum au meilleur prix avec LIVRAISON GRATUITE. Commandez en ligne et recevez vos soins pr\u00e9f\u00e9r\u00e9s chez vous !","og_url":"https:\/\/drmazarro.com\/fr\/producto\/growth-factor-serum\/","og_site_name":"Dr. Mazarro","article_publisher":"https:\/\/www.facebook.com\/Dr-Mazarro-Cirug%c3%ada-Est%c3%a9tica-Facial-en-Barcelona-101872084913358\/","article_modified_time":"2025-01-03T19:24:03+00:00","og_image":[{"width":350,"height":477,"url":"https:\/\/drmazarro.com\/wp-content\/uploads\/2022\/07\/growth-factor-serum-S.png","type":"image\/png"}],"twitter_card":"summary_large_image","twitter_misc":{"Dur\u00e9e de lecture estim\u00e9e":"2 minutes"},"schema":{"@context":"https:\/\/schema.org","@graph":[{"@type":"WebPage","@id":"https:\/\/drmazarro.com\/fr\/producto\/growth-factor-serum\/","url":"https:\/\/drmazarro.com\/fr\/producto\/growth-factor-serum\/","name":"Acheter Growth Factor Serum by ZO - Livraison Gratuite","isPartOf":{"@id":"https:\/\/drmazarro.com\/fr\/#website"},"primaryImageOfPage":{"@id":"https:\/\/drmazarro.com\/fr\/producto\/growth-factor-serum\/#primaryimage"},"image":{"@id":"https:\/\/drmazarro.com\/fr\/producto\/growth-factor-serum\/#primaryimage"},"thumbnailUrl":"https:\/\/drmazarro.com\/wp-content\/uploads\/2022\/07\/growth-factor-serum-S.png","datePublished":"2024-12-26T14:36:57+00:00","dateModified":"2025-01-03T19:24:03+00:00","description":"Obtenez Growth Factor Serum au meilleur prix avec LIVRAISON GRATUITE. Commandez en ligne et recevez vos soins pr\u00e9f\u00e9r\u00e9s chez vous !","breadcrumb":{"@id":"https:\/\/drmazarro.com\/fr\/producto\/growth-factor-serum\/#breadcrumb"},"inLanguage":"fr-FR","potentialAction":[{"@type":"ReadAction","target":["https:\/\/drmazarro.com\/fr\/producto\/growth-factor-serum\/"]}]},{"@type":"ImageObject","inLanguage":"fr-FR","@id":"https:\/\/drmazarro.com\/fr\/producto\/growth-factor-serum\/#primaryimage","url":"https:\/\/drmazarro.com\/wp-content\/uploads\/2022\/07\/growth-factor-serum-S.png","contentUrl":"https:\/\/drmazarro.com\/wp-content\/uploads\/2022\/07\/growth-factor-serum-S.png","width":350,"height":477,"caption":"growth factor serum"},{"@type":"BreadcrumbList","@id":"https:\/\/drmazarro.com\/fr\/producto\/growth-factor-serum\/#breadcrumb","itemListElement":[{"@type":"ListItem","position":1,"name":"Portada","item":"https:\/\/drmazarro.com\/fr\/"},{"@type":"ListItem","position":2,"name":"Shop","item":"https:\/\/drmazarro.com\/fr\/online-shop\/"},{"@type":"ListItem","position":3,"name":"Growth Factor Serum"}]},{"@type":"WebSite","@id":"https:\/\/drmazarro.com\/fr\/#website","url":"https:\/\/drmazarro.com\/fr\/","name":"Dr. Mazarro","description":"Cirug\u00eda y Medicina Est\u00e9tica Facial en Barcelona","publisher":{"@id":"https:\/\/drmazarro.com\/fr\/#organization"},"potentialAction":[{"@type":"SearchAction","target":{"@type":"EntryPoint","urlTemplate":"https:\/\/drmazarro.com\/fr\/?s={search_term_string}"},"query-input":{"@type":"PropertyValueSpecification","valueRequired":true,"valueName":"search_term_string"}}],"inLanguage":"fr-FR"},{"@type":"Organization","@id":"https:\/\/drmazarro.com\/fr\/#organization","name":"Dr. Mazarro","url":"https:\/\/drmazarro.com\/fr\/","logo":{"@type":"ImageObject","inLanguage":"fr-FR","@id":"https:\/\/drmazarro.com\/fr\/#\/schema\/logo\/image\/","url":"https:\/\/drmazarro.com\/wp-content\/uploads\/2024\/03\/AM-576.png","contentUrl":"https:\/\/drmazarro.com\/wp-content\/uploads\/2024\/03\/AM-576.png","width":576,"height":576,"caption":"Dr. Mazarro"},"image":{"@id":"https:\/\/drmazarro.com\/fr\/#\/schema\/logo\/image\/"},"sameAs":["https:\/\/www.facebook.com\/Dr-Mazarro-Cirug\u00eda-Est\u00e9tica-Facial-en-Barcelona-101872084913358\/","https:\/\/www.instagram.com\/drmazarro_alejandro\/"]}]}},"_links":{"self":[{"href":"https:\/\/drmazarro.com\/fr\/wp-json\/wp\/v2\/product\/24029","targetHints":{"allow":["GET"]}}],"collection":[{"href":"https:\/\/drmazarro.com\/fr\/wp-json\/wp\/v2\/product"}],"about":[{"href":"https:\/\/drmazarro.com\/fr\/wp-json\/wp\/v2\/types\/product"}],"replies":[{"embeddable":true,"href":"https:\/\/drmazarro.com\/fr\/wp-json\/wp\/v2\/comments?post=24029"}],"wp:featuredmedia":[{"embeddable":true,"href":"https:\/\/drmazarro.com\/fr\/wp-json\/wp\/v2\/media\/23934"}],"wp:attachment":[{"href":"https:\/\/drmazarro.com\/fr\/wp-json\/wp\/v2\/media?parent=24029"}],"wp:term":[{"taxonomy":"product_brand","embeddable":true,"href":"https:\/\/drmazarro.com\/fr\/wp-json\/wp\/v2\/product_brand?post=24029"},{"taxonomy":"product_cat","embeddable":true,"href":"https:\/\/drmazarro.com\/fr\/wp-json\/wp\/v2\/product_cat?post=24029"},{"taxonomy":"product_tag","embeddable":true,"href":"https:\/\/drmazarro.com\/fr\/wp-json\/wp\/v2\/product_tag?post=24029"}],"curies":[{"name":"wp","href":"https:\/\/api.w.org\/{rel}","templated":true}]}}