{"id":24027,"date":"2022-07-25T12:44:56","date_gmt":"2024-12-26T14:36:58","guid":{"rendered":"https:\/\/drmazarro.com\/producto\/hydrating-cleanser\/"},"modified":"2025-01-03T20:23:13","modified_gmt":"2025-01-03T19:23:13","slug":"hydrating-cleanser","status":"publish","type":"product","link":"https:\/\/drmazarro.com\/fr\/producto\/hydrating-cleanser\/","title":{"rendered":"Hydrating Cleanser"},"content":{"rendered":"<h2><em>Indications<\/em><\/h2>\n<p style=\"text-align: justify;\">Un nettoyant doux sans sulfates qui \u00e9limine efficacement les impuret\u00e9s tout en minimisant la s\u00e9cheresse et l&rsquo;irritation. Cette formule riche et cr\u00e9meuse combine des ingr\u00e9dients hydratants avec des agents apaisants pour maintenir l&rsquo;\u00e9quilibre hydrique de la peau pendant le nettoyage.<\/p>\n<p>\u2022 Formule sans sulfates pour un nettoyage doux<br \/>\n\u2022 Nettoie efficacement tout en maintenant l&rsquo;hydratation<br \/>\n\u2022 Adoucit et apaise la peau pendant le nettoyage<br \/>\n\u2022 Se rince sans laisser de r\u00e9sidus<br \/>\n\u2022 Soutient la fonction barri\u00e8re cutan\u00e9e<br \/>\n\u2022 Id\u00e9al pour les peaux normales \u00e0 s\u00e8ches<\/p>\n<h2><em>Format<\/em><\/h2>\n<p style=\"text-align: justify;\">200mL<\/p>\n<h2><em>Ingr\u00e9dients<\/em><\/h2>\n<p>\u2022 Complexe Multi-Humectant<br \/>\n&#8211; Contient de l&rsquo;hyaluronate de sodium<br \/>\n&#8211; Int\u00e8gre du panth\u00e9nol et de la glyc\u00e9rine<br \/>\n&#8211; Inclut du PCA sodique et de l&rsquo;ur\u00e9e<br \/>\n&#8211; Retient et reconstitue l&rsquo;hydratation<br \/>\n&#8211; Soutient la fonction barri\u00e8re cutan\u00e9e<br \/>\n&#8211; Procure un confort durable<\/p>\n<h2><em>Comment utiliser Hydrating Cleanser<\/em><\/h2>\n<p style=\"text-align: justify;\">Masser une petite quantit\u00e9 sur le visage et le cou humides matin et soir. Rincer abondamment \u00e0 l&rsquo;eau ti\u00e8de. Pour de meilleurs r\u00e9sultats, poursuivre avec le reste de votre R\u00e9gime Getting Skin Ready\u00ae.<\/p>\n","protected":false},"excerpt":{"rendered":"<p>Hydrating Cleanser<\/p>\n<p>Obtenez-le au prix minimum avec livraison GRATUITE &#8211; cliquez pour en savoir plus!<\/p>\n","protected":false},"featured_media":23930,"comment_status":"open","ping_status":"closed","template":"","meta":{"_acf_changed":false,"_monsterinsights_skip_tracking":false,"_monsterinsights_sitenote_active":false,"_monsterinsights_sitenote_note":"","_monsterinsights_sitenote_category":0},"product_brand":[],"product_cat":[231,252,223],"product_tag":[244],"class_list":{"0":"post-24027","1":"product","2":"type-product","3":"status-publish","4":"has-post-thumbnail","6":"product_cat-limpieza-fr","7":"product_cat-tous","8":"product_cat-zo-skin-health-fr","9":"product_tag-zo-skinhealth-by-zein-obagi-fr","11":"first","12":"instock","13":"shipping-taxable","14":"purchasable","15":"product-type-simple"},"acf":[],"yoast_head":"<!-- This site is optimized with the Yoast SEO plugin v27.3 - https:\/\/yoast.com\/product\/yoast-seo-wordpress\/ -->\n<title>Acheter Hydrating Cleanser by ZO SkinHealth - Livraison Gratuite<\/title>\n<meta name=\"description\" content=\"Obtenez Hydrating Cleanser au meilleur prix avec LIVRAISON GRATUITE. Commandez en ligne et recevez vos soins pr\u00e9f\u00e9r\u00e9s chez vous !\" \/>\n<meta name=\"robots\" content=\"index, follow, max-snippet:-1, max-image-preview:large, max-video-preview:-1\" \/>\n<link rel=\"canonical\" href=\"https:\/\/drmazarro.com\/fr\/producto\/hydrating-cleanser\/\" \/>\n<meta property=\"og:locale\" content=\"fr_FR\" \/>\n<meta property=\"og:type\" content=\"article\" \/>\n<meta property=\"og:title\" content=\"Acheter Hydrating Cleanser by ZO SkinHealth - Livraison Gratuite\" \/>\n<meta property=\"og:description\" content=\"Obtenez Hydrating Cleanser au meilleur prix avec LIVRAISON GRATUITE. Commandez en ligne et recevez vos soins pr\u00e9f\u00e9r\u00e9s chez vous !\" \/>\n<meta property=\"og:url\" content=\"https:\/\/drmazarro.com\/fr\/producto\/hydrating-cleanser\/\" \/>\n<meta property=\"og:site_name\" content=\"Dr. Mazarro\" \/>\n<meta property=\"article:publisher\" content=\"https:\/\/www.facebook.com\/Dr-Mazarro-Cirug%c3%ada-Est%c3%a9tica-Facial-en-Barcelona-101872084913358\/\" \/>\n<meta property=\"article:modified_time\" content=\"2025-01-03T19:23:13+00:00\" \/>\n<meta property=\"og:image\" content=\"https:\/\/drmazarro.com\/wp-content\/uploads\/2022\/07\/hydrating-cleanser-S.png\" \/>\n\t<meta property=\"og:image:width\" content=\"350\" \/>\n\t<meta property=\"og:image:height\" content=\"477\" \/>\n\t<meta property=\"og:image:type\" content=\"image\/png\" \/>\n<meta name=\"twitter:card\" content=\"summary_large_image\" \/>\n<meta name=\"twitter:label1\" content=\"Dur\u00e9e de lecture estim\u00e9e\" \/>\n\t<meta name=\"twitter:data1\" content=\"1 minute\" \/>\n<!-- \/ Yoast SEO plugin. -->","yoast_head_json":{"title":"Acheter Hydrating Cleanser by ZO SkinHealth - Livraison Gratuite","description":"Obtenez Hydrating Cleanser au meilleur prix avec LIVRAISON GRATUITE. Commandez en ligne et recevez vos soins pr\u00e9f\u00e9r\u00e9s chez vous !","robots":{"index":"index","follow":"follow","max-snippet":"max-snippet:-1","max-image-preview":"max-image-preview:large","max-video-preview":"max-video-preview:-1"},"canonical":"https:\/\/drmazarro.com\/fr\/producto\/hydrating-cleanser\/","og_locale":"fr_FR","og_type":"article","og_title":"Acheter Hydrating Cleanser by ZO SkinHealth - Livraison Gratuite","og_description":"Obtenez Hydrating Cleanser au meilleur prix avec LIVRAISON GRATUITE. Commandez en ligne et recevez vos soins pr\u00e9f\u00e9r\u00e9s chez vous !","og_url":"https:\/\/drmazarro.com\/fr\/producto\/hydrating-cleanser\/","og_site_name":"Dr. Mazarro","article_publisher":"https:\/\/www.facebook.com\/Dr-Mazarro-Cirug%c3%ada-Est%c3%a9tica-Facial-en-Barcelona-101872084913358\/","article_modified_time":"2025-01-03T19:23:13+00:00","og_image":[{"width":350,"height":477,"url":"https:\/\/drmazarro.com\/wp-content\/uploads\/2022\/07\/hydrating-cleanser-S.png","type":"image\/png"}],"twitter_card":"summary_large_image","twitter_misc":{"Dur\u00e9e de lecture estim\u00e9e":"1 minute"},"schema":{"@context":"https:\/\/schema.org","@graph":[{"@type":"WebPage","@id":"https:\/\/drmazarro.com\/fr\/producto\/hydrating-cleanser\/","url":"https:\/\/drmazarro.com\/fr\/producto\/hydrating-cleanser\/","name":"Acheter Hydrating Cleanser by ZO SkinHealth - Livraison Gratuite","isPartOf":{"@id":"https:\/\/drmazarro.com\/fr\/#website"},"primaryImageOfPage":{"@id":"https:\/\/drmazarro.com\/fr\/producto\/hydrating-cleanser\/#primaryimage"},"image":{"@id":"https:\/\/drmazarro.com\/fr\/producto\/hydrating-cleanser\/#primaryimage"},"thumbnailUrl":"https:\/\/drmazarro.com\/wp-content\/uploads\/2022\/07\/hydrating-cleanser-S.png","datePublished":"2024-12-26T14:36:58+00:00","dateModified":"2025-01-03T19:23:13+00:00","description":"Obtenez Hydrating Cleanser au meilleur prix avec LIVRAISON GRATUITE. Commandez en ligne et recevez vos soins pr\u00e9f\u00e9r\u00e9s chez vous !","breadcrumb":{"@id":"https:\/\/drmazarro.com\/fr\/producto\/hydrating-cleanser\/#breadcrumb"},"inLanguage":"fr-FR","potentialAction":[{"@type":"ReadAction","target":["https:\/\/drmazarro.com\/fr\/producto\/hydrating-cleanser\/"]}]},{"@type":"ImageObject","inLanguage":"fr-FR","@id":"https:\/\/drmazarro.com\/fr\/producto\/hydrating-cleanser\/#primaryimage","url":"https:\/\/drmazarro.com\/wp-content\/uploads\/2022\/07\/hydrating-cleanser-S.png","contentUrl":"https:\/\/drmazarro.com\/wp-content\/uploads\/2022\/07\/hydrating-cleanser-S.png","width":350,"height":477,"caption":"hydrating cleanser"},{"@type":"BreadcrumbList","@id":"https:\/\/drmazarro.com\/fr\/producto\/hydrating-cleanser\/#breadcrumb","itemListElement":[{"@type":"ListItem","position":1,"name":"Portada","item":"https:\/\/drmazarro.com\/fr\/"},{"@type":"ListItem","position":2,"name":"Shop","item":"https:\/\/drmazarro.com\/fr\/online-shop\/"},{"@type":"ListItem","position":3,"name":"Hydrating Cleanser"}]},{"@type":"WebSite","@id":"https:\/\/drmazarro.com\/fr\/#website","url":"https:\/\/drmazarro.com\/fr\/","name":"Dr. Mazarro","description":"Cirug\u00eda y Medicina Est\u00e9tica Facial en Barcelona","publisher":{"@id":"https:\/\/drmazarro.com\/fr\/#organization"},"potentialAction":[{"@type":"SearchAction","target":{"@type":"EntryPoint","urlTemplate":"https:\/\/drmazarro.com\/fr\/?s={search_term_string}"},"query-input":{"@type":"PropertyValueSpecification","valueRequired":true,"valueName":"search_term_string"}}],"inLanguage":"fr-FR"},{"@type":"Organization","@id":"https:\/\/drmazarro.com\/fr\/#organization","name":"Dr. Mazarro","url":"https:\/\/drmazarro.com\/fr\/","logo":{"@type":"ImageObject","inLanguage":"fr-FR","@id":"https:\/\/drmazarro.com\/fr\/#\/schema\/logo\/image\/","url":"https:\/\/drmazarro.com\/wp-content\/uploads\/2024\/03\/AM-576.png","contentUrl":"https:\/\/drmazarro.com\/wp-content\/uploads\/2024\/03\/AM-576.png","width":576,"height":576,"caption":"Dr. Mazarro"},"image":{"@id":"https:\/\/drmazarro.com\/fr\/#\/schema\/logo\/image\/"},"sameAs":["https:\/\/www.facebook.com\/Dr-Mazarro-Cirug\u00eda-Est\u00e9tica-Facial-en-Barcelona-101872084913358\/","https:\/\/www.instagram.com\/drmazarro_alejandro\/"]}]}},"_links":{"self":[{"href":"https:\/\/drmazarro.com\/fr\/wp-json\/wp\/v2\/product\/24027","targetHints":{"allow":["GET"]}}],"collection":[{"href":"https:\/\/drmazarro.com\/fr\/wp-json\/wp\/v2\/product"}],"about":[{"href":"https:\/\/drmazarro.com\/fr\/wp-json\/wp\/v2\/types\/product"}],"replies":[{"embeddable":true,"href":"https:\/\/drmazarro.com\/fr\/wp-json\/wp\/v2\/comments?post=24027"}],"wp:featuredmedia":[{"embeddable":true,"href":"https:\/\/drmazarro.com\/fr\/wp-json\/wp\/v2\/media\/23930"}],"wp:attachment":[{"href":"https:\/\/drmazarro.com\/fr\/wp-json\/wp\/v2\/media?parent=24027"}],"wp:term":[{"taxonomy":"product_brand","embeddable":true,"href":"https:\/\/drmazarro.com\/fr\/wp-json\/wp\/v2\/product_brand?post=24027"},{"taxonomy":"product_cat","embeddable":true,"href":"https:\/\/drmazarro.com\/fr\/wp-json\/wp\/v2\/product_cat?post=24027"},{"taxonomy":"product_tag","embeddable":true,"href":"https:\/\/drmazarro.com\/fr\/wp-json\/wp\/v2\/product_tag?post=24027"}],"curies":[{"name":"wp","href":"https:\/\/api.w.org\/{rel}","templated":true}]}}