{"id":24024,"date":"2022-07-25T12:46:16","date_gmt":"2024-12-26T14:36:57","guid":{"rendered":"https:\/\/drmazarro.com\/producto\/hydrating-creme\/"},"modified":"2025-01-03T20:22:09","modified_gmt":"2025-01-03T19:22:09","slug":"hydrating-creme","status":"publish","type":"product","link":"https:\/\/drmazarro.com\/fr\/producto\/hydrating-creme\/","title":{"rendered":"Hydrating Cr\u00e8me"},"content":{"rendered":"<h2><em>Indications<\/em><\/h2>\n<p style=\"text-align: justify;\">Une cr\u00e8me profond\u00e9ment nourrissante qui soulage temporairement les sympt\u00f4mes de la peau extr\u00eamement s\u00e8che tout en apaisant l&rsquo;irritation visible. Cette formule apaisante, r\u00e9compens\u00e9e par le Sceau d&rsquo;Acceptation de l&rsquo;Association Nationale de l&rsquo;Ecz\u00e9ma, reconstitue l&rsquo;hydratation naturelle de la peau pour aider \u00e0 sa r\u00e9cup\u00e9ration.<\/p>\n<p>\u2022 Restaure l&rsquo;hydratation essentielle<br \/>\n\u2022 Apaise les rougeurs visibles et l&rsquo;irritation<br \/>\n\u2022 Am\u00e9liore la sant\u00e9 g\u00e9n\u00e9rale et la douceur de la peau<br \/>\n\u2022 Renforce la fonction barri\u00e8re cutan\u00e9e<br \/>\n\u2022 Procure un confort longue dur\u00e9e<br \/>\n\u2022 Cliniquement prouv\u00e9 pour augmenter l&rsquo;hydratation<br \/>\n\u2022 Convient aux peaux sensibles<\/p>\n<h2><em>Format<\/em><\/h2>\n<p style=\"text-align: justify;\">113g<\/p>\n<h2><em>Ingr\u00e9dients<\/em><\/h2>\n<p>\u2022 Extrait de Racine d&rsquo;Ophiopogon Japonicus<br \/>\n&#8211; Restaure la fonction barri\u00e8re cutan\u00e9e<br \/>\n&#8211; Am\u00e9liore l&rsquo;hydratation naturelle<br \/>\n&#8211; Soutient la r\u00e9cup\u00e9ration de la peau<\/p>\n<p>\u2022 Myristoyl Pentapeptide-11<br \/>\n&#8211; Soutient la sant\u00e9 g\u00e9n\u00e9rale de la peau<br \/>\n&#8211; Am\u00e9liore l&rsquo;apparence cutan\u00e9e<br \/>\n&#8211; Renforce le confort de la peau<\/p>\n<p>\u2022 Complexe ZOX\u00b9\u00b2\u00ae<br \/>\n&#8211; Contient des vitamines A, C et E encapsul\u00e9es<br \/>\n&#8211; Procure une protection antioxydante pendant 12 heures<br \/>\n&#8211; D\u00e9fend contre les dommages environnementaux<\/p>\n<p>\u2022 Farine d&rsquo;Avoine Collo\u00efdale<br \/>\n&#8211; Procure des bienfaits apaisants \u00e0 action rapide<br \/>\n&#8211; Calme la peau irrit\u00e9e<br \/>\n&#8211; Apporte un confort imm\u00e9diat<\/p>\n<h2><em>Comment utiliser Hydrating Cr\u00e8me<\/em><\/h2>\n<p style=\"text-align: justify;\">Appliquer sur peau propre et s\u00e8che le matin ou le soir selon les besoins. Id\u00e9al pour les peaux normales \u00e0 s\u00e8ches et pour celles qui pr\u00e9sentent une sensibilit\u00e9 cutan\u00e9e. Masser doucement jusqu&rsquo;\u00e0 absorption. Peut \u00eatre utilis\u00e9 seul ou en superposition avec d&rsquo;autres traitements ZO\u00ae selon les besoins de votre peau.<\/p>\n","protected":false},"excerpt":{"rendered":"<div class=\"clearfix text-formatted field field--name-field-body-short field--type-text-long field--label-hidden field__item\">\n<p>Hydrating Cr\u00e8me<\/p>\n<p>Obtenez-le au prix minimum avec livraison GRATUITE &#8211; cliquez pour en savoir plus!<\/p>\n<\/div>\n","protected":false},"featured_media":23926,"comment_status":"open","ping_status":"closed","template":"","meta":{"_acf_changed":false,"_monsterinsights_skip_tracking":false,"_monsterinsights_sitenote_active":false,"_monsterinsights_sitenote_note":"","_monsterinsights_sitenote_category":0},"product_brand":[],"product_cat":[225,252,223],"product_tag":[244],"class_list":{"0":"post-24024","1":"product","2":"type-product","3":"status-publish","4":"has-post-thumbnail","6":"product_cat-hidratacion-y-regeneracion-cutanea-fr","7":"product_cat-tous","8":"product_cat-zo-skin-health-fr","9":"product_tag-zo-skinhealth-by-zein-obagi-fr","11":"first","12":"instock","13":"shipping-taxable","14":"purchasable","15":"product-type-simple"},"acf":[],"yoast_head":"<!-- This site is optimized with the Yoast SEO plugin v27.3 - https:\/\/yoast.com\/product\/yoast-seo-wordpress\/ -->\n<title>Acheter Hydrating Cr\u00e8me by ZO SkinHealth - Livraison Gratuite<\/title>\n<meta name=\"description\" content=\"Obtenez Hydrating Cr\u00e8me au meilleur prix avec LIVRAISON GRATUITE. Commandez en ligne et recevez vos soins pr\u00e9f\u00e9r\u00e9s chez vous !\" \/>\n<meta name=\"robots\" content=\"index, follow, max-snippet:-1, max-image-preview:large, max-video-preview:-1\" \/>\n<link rel=\"canonical\" href=\"https:\/\/drmazarro.com\/fr\/producto\/hydrating-creme\/\" \/>\n<meta property=\"og:locale\" content=\"fr_FR\" \/>\n<meta property=\"og:type\" content=\"article\" \/>\n<meta property=\"og:title\" content=\"Acheter Hydrating Cr\u00e8me by ZO SkinHealth - Livraison Gratuite\" \/>\n<meta property=\"og:description\" content=\"Obtenez Hydrating Cr\u00e8me au meilleur prix avec LIVRAISON GRATUITE. Commandez en ligne et recevez vos soins pr\u00e9f\u00e9r\u00e9s chez vous !\" \/>\n<meta property=\"og:url\" content=\"https:\/\/drmazarro.com\/fr\/producto\/hydrating-creme\/\" \/>\n<meta property=\"og:site_name\" content=\"Dr. Mazarro\" \/>\n<meta property=\"article:publisher\" content=\"https:\/\/www.facebook.com\/Dr-Mazarro-Cirug%c3%ada-Est%c3%a9tica-Facial-en-Barcelona-101872084913358\/\" \/>\n<meta property=\"article:modified_time\" content=\"2025-01-03T19:22:09+00:00\" \/>\n<meta property=\"og:image\" content=\"https:\/\/drmazarro.com\/wp-content\/uploads\/2022\/07\/hydrating-creme-S.png\" \/>\n\t<meta property=\"og:image:width\" content=\"350\" \/>\n\t<meta property=\"og:image:height\" content=\"477\" \/>\n\t<meta property=\"og:image:type\" content=\"image\/png\" \/>\n<meta name=\"twitter:card\" content=\"summary_large_image\" \/>\n<meta name=\"twitter:label1\" content=\"Dur\u00e9e de lecture estim\u00e9e\" \/>\n\t<meta name=\"twitter:data1\" content=\"2 minutes\" \/>\n<!-- \/ Yoast SEO plugin. -->","yoast_head_json":{"title":"Acheter Hydrating Cr\u00e8me by ZO SkinHealth - Livraison Gratuite","description":"Obtenez Hydrating Cr\u00e8me au meilleur prix avec LIVRAISON GRATUITE. Commandez en ligne et recevez vos soins pr\u00e9f\u00e9r\u00e9s chez vous !","robots":{"index":"index","follow":"follow","max-snippet":"max-snippet:-1","max-image-preview":"max-image-preview:large","max-video-preview":"max-video-preview:-1"},"canonical":"https:\/\/drmazarro.com\/fr\/producto\/hydrating-creme\/","og_locale":"fr_FR","og_type":"article","og_title":"Acheter Hydrating Cr\u00e8me by ZO SkinHealth - Livraison Gratuite","og_description":"Obtenez Hydrating Cr\u00e8me au meilleur prix avec LIVRAISON GRATUITE. Commandez en ligne et recevez vos soins pr\u00e9f\u00e9r\u00e9s chez vous !","og_url":"https:\/\/drmazarro.com\/fr\/producto\/hydrating-creme\/","og_site_name":"Dr. Mazarro","article_publisher":"https:\/\/www.facebook.com\/Dr-Mazarro-Cirug%c3%ada-Est%c3%a9tica-Facial-en-Barcelona-101872084913358\/","article_modified_time":"2025-01-03T19:22:09+00:00","og_image":[{"width":350,"height":477,"url":"https:\/\/drmazarro.com\/wp-content\/uploads\/2022\/07\/hydrating-creme-S.png","type":"image\/png"}],"twitter_card":"summary_large_image","twitter_misc":{"Dur\u00e9e de lecture estim\u00e9e":"2 minutes"},"schema":{"@context":"https:\/\/schema.org","@graph":[{"@type":"WebPage","@id":"https:\/\/drmazarro.com\/fr\/producto\/hydrating-creme\/","url":"https:\/\/drmazarro.com\/fr\/producto\/hydrating-creme\/","name":"Acheter Hydrating Cr\u00e8me by ZO SkinHealth - Livraison Gratuite","isPartOf":{"@id":"https:\/\/drmazarro.com\/fr\/#website"},"primaryImageOfPage":{"@id":"https:\/\/drmazarro.com\/fr\/producto\/hydrating-creme\/#primaryimage"},"image":{"@id":"https:\/\/drmazarro.com\/fr\/producto\/hydrating-creme\/#primaryimage"},"thumbnailUrl":"https:\/\/drmazarro.com\/wp-content\/uploads\/2022\/07\/hydrating-creme-S.png","datePublished":"2024-12-26T14:36:57+00:00","dateModified":"2025-01-03T19:22:09+00:00","description":"Obtenez Hydrating Cr\u00e8me au meilleur prix avec LIVRAISON GRATUITE. Commandez en ligne et recevez vos soins pr\u00e9f\u00e9r\u00e9s chez vous !","breadcrumb":{"@id":"https:\/\/drmazarro.com\/fr\/producto\/hydrating-creme\/#breadcrumb"},"inLanguage":"fr-FR","potentialAction":[{"@type":"ReadAction","target":["https:\/\/drmazarro.com\/fr\/producto\/hydrating-creme\/"]}]},{"@type":"ImageObject","inLanguage":"fr-FR","@id":"https:\/\/drmazarro.com\/fr\/producto\/hydrating-creme\/#primaryimage","url":"https:\/\/drmazarro.com\/wp-content\/uploads\/2022\/07\/hydrating-creme-S.png","contentUrl":"https:\/\/drmazarro.com\/wp-content\/uploads\/2022\/07\/hydrating-creme-S.png","width":350,"height":477,"caption":"Hydrating Creme ZO SkinHealth"},{"@type":"BreadcrumbList","@id":"https:\/\/drmazarro.com\/fr\/producto\/hydrating-creme\/#breadcrumb","itemListElement":[{"@type":"ListItem","position":1,"name":"Portada","item":"https:\/\/drmazarro.com\/fr\/"},{"@type":"ListItem","position":2,"name":"Shop","item":"https:\/\/drmazarro.com\/fr\/online-shop\/"},{"@type":"ListItem","position":3,"name":"Hydrating Cr\u00e8me"}]},{"@type":"WebSite","@id":"https:\/\/drmazarro.com\/fr\/#website","url":"https:\/\/drmazarro.com\/fr\/","name":"Dr. Mazarro","description":"Cirug\u00eda y Medicina Est\u00e9tica Facial en Barcelona","publisher":{"@id":"https:\/\/drmazarro.com\/fr\/#organization"},"potentialAction":[{"@type":"SearchAction","target":{"@type":"EntryPoint","urlTemplate":"https:\/\/drmazarro.com\/fr\/?s={search_term_string}"},"query-input":{"@type":"PropertyValueSpecification","valueRequired":true,"valueName":"search_term_string"}}],"inLanguage":"fr-FR"},{"@type":"Organization","@id":"https:\/\/drmazarro.com\/fr\/#organization","name":"Dr. Mazarro","url":"https:\/\/drmazarro.com\/fr\/","logo":{"@type":"ImageObject","inLanguage":"fr-FR","@id":"https:\/\/drmazarro.com\/fr\/#\/schema\/logo\/image\/","url":"https:\/\/drmazarro.com\/wp-content\/uploads\/2024\/03\/AM-576.png","contentUrl":"https:\/\/drmazarro.com\/wp-content\/uploads\/2024\/03\/AM-576.png","width":576,"height":576,"caption":"Dr. Mazarro"},"image":{"@id":"https:\/\/drmazarro.com\/fr\/#\/schema\/logo\/image\/"},"sameAs":["https:\/\/www.facebook.com\/Dr-Mazarro-Cirug\u00eda-Est\u00e9tica-Facial-en-Barcelona-101872084913358\/","https:\/\/www.instagram.com\/drmazarro_alejandro\/"]}]}},"_links":{"self":[{"href":"https:\/\/drmazarro.com\/fr\/wp-json\/wp\/v2\/product\/24024","targetHints":{"allow":["GET"]}}],"collection":[{"href":"https:\/\/drmazarro.com\/fr\/wp-json\/wp\/v2\/product"}],"about":[{"href":"https:\/\/drmazarro.com\/fr\/wp-json\/wp\/v2\/types\/product"}],"replies":[{"embeddable":true,"href":"https:\/\/drmazarro.com\/fr\/wp-json\/wp\/v2\/comments?post=24024"}],"wp:featuredmedia":[{"embeddable":true,"href":"https:\/\/drmazarro.com\/fr\/wp-json\/wp\/v2\/media\/23926"}],"wp:attachment":[{"href":"https:\/\/drmazarro.com\/fr\/wp-json\/wp\/v2\/media?parent=24024"}],"wp:term":[{"taxonomy":"product_brand","embeddable":true,"href":"https:\/\/drmazarro.com\/fr\/wp-json\/wp\/v2\/product_brand?post=24024"},{"taxonomy":"product_cat","embeddable":true,"href":"https:\/\/drmazarro.com\/fr\/wp-json\/wp\/v2\/product_cat?post=24024"},{"taxonomy":"product_tag","embeddable":true,"href":"https:\/\/drmazarro.com\/fr\/wp-json\/wp\/v2\/product_tag?post=24024"}],"curies":[{"name":"wp","href":"https:\/\/api.w.org\/{rel}","templated":true}]}}