{"id":24020,"date":"2022-07-26T10:15:53","date_gmt":"2024-12-26T14:36:57","guid":{"rendered":"https:\/\/drmazarro.com\/producto\/radical-night-repair\/"},"modified":"2025-01-03T20:16:29","modified_gmt":"2025-01-03T19:16:29","slug":"radical-night-repair","status":"publish","type":"product","link":"https:\/\/drmazarro.com\/fr\/producto\/radical-night-repair\/","title":{"rendered":"Radical Night Repair"},"content":{"rendered":"<h2><em>Indications<\/em><\/h2>\n<p style=\"text-align: justify;\">Un soin de nuit haute performance formul\u00e9 avec <strong>1% de r\u00e9tinol<\/strong> pour am\u00e9liorer la texture de la peau, la pigmentation irr\u00e9guli\u00e8re et les signes du vieillissement. Cette formule avanc\u00e9e combine un r\u00e9tinol puissant avec des ingr\u00e9dients apaisants pour des r\u00e9sultats optimaux et une meilleure tol\u00e9rance.<\/p>\n<p>\u2022 Am\u00e9liore la luminosit\u00e9 de la peau et uniformise le teint<br \/>\n\u2022 Aide \u00e0 calmer et apaiser la peau<br \/>\n\u2022 Minimise l&rsquo;apparence des rides et ridules<br \/>\n\u2022 Am\u00e9liore la texture g\u00e9n\u00e9rale de la peau<br \/>\n\u2022 Procure une protection antioxydante<br \/>\n\u2022 Soutient la fonction barri\u00e8re cutan\u00e9e<\/p>\n<h2><em>Format<\/em><\/h2>\n<p style=\"text-align: justify;\">60mL<\/p>\n<h2><em>Ingr\u00e9dients<\/em><\/h2>\n<p>\u2022 1% de R\u00e9tinol Encapsul\u00e9<br \/>\n&#8211; Att\u00e9nue les rides et ridules<br \/>\n&#8211; Am\u00e9liore la douceur de la peau<br \/>\n&#8211; Favorise le renouvellement cellulaire<\/p>\n<p>\u2022 Vitamines C, E et A<br \/>\n&#8211; Procure une protection antioxydante<br \/>\n&#8211; Soutient le renouvellement cutan\u00e9<br \/>\n&#8211; Am\u00e9liore les r\u00e9sultats<\/p>\n<p>\u2022 Complexe Botanique<br \/>\n&#8211; Contient de l&rsquo;extrait de fruit de poivre du Sichuan<br \/>\n&#8211; Int\u00e8gre des extraits de graines de tournesol et de feuilles de romarin<br \/>\n&#8211; Minimise les rougeurs visibles<\/p>\n<p>\u2022 M\u00e9lange Hydratant<br \/>\n&#8211; Inclut de la glyc\u00e9rine et des lipides essentiels<br \/>\n&#8211; Contient de l&rsquo;huile de graines de plukenetia volubilis<br \/>\n&#8211; Soutient la fonction barri\u00e8re cutan\u00e9e<\/p>\n<h2><em>Comment utiliser Radical Night Repair<\/em><\/h2>\n<p style=\"text-align: justify;\">Suivre les conseils de votre m\u00e9decin.<\/p>\n<p><em>Remarques importantes:<\/em><br \/>\n\u2022 Les r\u00e9actions initiales peuvent inclure rougeurs, desquamation, s\u00e9cheresse ou picotements l\u00e9gers<br \/>\n\u2022 La peau s&rsquo;adaptera avec une utilisation r\u00e9guli\u00e8re<br \/>\n\u2022 Combiner avec un hydratant ZO\u00ae pour minimiser les r\u00e9actions<br \/>\n\u2022 Toujours utiliser une protection solaire SPF 30+ pendant la journ\u00e9e<br \/>\n\u2022 Consulter un m\u00e9decin pour un protocole personnalis\u00e9<\/p>\n","protected":false},"excerpt":{"rendered":"<p>Radical Night Repair 1% Retinol<\/p>\n<p>Obtenez-le au prix minimum avec livraison GRATUITE &#8211; cliquez pour en savoir plus!<\/p>\n","protected":false},"featured_media":23917,"comment_status":"open","ping_status":"closed","template":"","meta":{"_acf_changed":false,"_monsterinsights_skip_tracking":false,"_monsterinsights_sitenote_active":false,"_monsterinsights_sitenote_note":"","_monsterinsights_sitenote_category":0},"product_brand":[],"product_cat":[252,237,223],"product_tag":[244],"class_list":{"0":"post-24020","1":"product","2":"type-product","3":"status-publish","4":"has-post-thumbnail","6":"product_cat-tous","7":"product_cat-tratamientos-antiedad-fr","8":"product_cat-zo-skin-health-fr","9":"product_tag-zo-skinhealth-by-zein-obagi-fr","11":"first","12":"instock","13":"shipping-taxable","14":"purchasable","15":"product-type-simple"},"acf":[],"yoast_head":"<!-- This site is optimized with the Yoast SEO plugin v27.3 - https:\/\/yoast.com\/product\/yoast-seo-wordpress\/ -->\n<title>Acheter Radical Night Repair by ZO SkinHealth - Livraison Gratuite<\/title>\n<meta name=\"description\" content=\"Obtenez Radical Night Repair au meilleur prix avec LIVRAISON GRATUITE. Commandez en ligne et recevez vos soins pr\u00e9f\u00e9r\u00e9s chez vous !\" \/>\n<meta name=\"robots\" content=\"index, follow, max-snippet:-1, max-image-preview:large, max-video-preview:-1\" \/>\n<link rel=\"canonical\" href=\"https:\/\/drmazarro.com\/fr\/producto\/radical-night-repair\/\" \/>\n<meta property=\"og:locale\" content=\"fr_FR\" \/>\n<meta property=\"og:type\" content=\"article\" \/>\n<meta property=\"og:title\" content=\"Acheter Radical Night Repair by ZO SkinHealth - Livraison Gratuite\" \/>\n<meta property=\"og:description\" content=\"Obtenez Radical Night Repair au meilleur prix avec LIVRAISON GRATUITE. Commandez en ligne et recevez vos soins pr\u00e9f\u00e9r\u00e9s chez vous !\" \/>\n<meta property=\"og:url\" content=\"https:\/\/drmazarro.com\/fr\/producto\/radical-night-repair\/\" \/>\n<meta property=\"og:site_name\" content=\"Dr. Mazarro\" \/>\n<meta property=\"article:publisher\" content=\"https:\/\/www.facebook.com\/Dr-Mazarro-Cirug%c3%ada-Est%c3%a9tica-Facial-en-Barcelona-101872084913358\/\" \/>\n<meta property=\"article:modified_time\" content=\"2025-01-03T19:16:29+00:00\" \/>\n<meta property=\"og:image\" content=\"https:\/\/drmazarro.com\/wp-content\/uploads\/2022\/07\/Radical-S.png\" \/>\n\t<meta property=\"og:image:width\" content=\"350\" \/>\n\t<meta property=\"og:image:height\" content=\"479\" \/>\n\t<meta property=\"og:image:type\" content=\"image\/png\" \/>\n<meta name=\"twitter:card\" content=\"summary_large_image\" \/>\n<meta name=\"twitter:label1\" content=\"Dur\u00e9e de lecture estim\u00e9e\" \/>\n\t<meta name=\"twitter:data1\" content=\"2 minutes\" \/>\n<!-- \/ Yoast SEO plugin. -->","yoast_head_json":{"title":"Acheter Radical Night Repair by ZO SkinHealth - Livraison Gratuite","description":"Obtenez Radical Night Repair au meilleur prix avec LIVRAISON GRATUITE. Commandez en ligne et recevez vos soins pr\u00e9f\u00e9r\u00e9s chez vous !","robots":{"index":"index","follow":"follow","max-snippet":"max-snippet:-1","max-image-preview":"max-image-preview:large","max-video-preview":"max-video-preview:-1"},"canonical":"https:\/\/drmazarro.com\/fr\/producto\/radical-night-repair\/","og_locale":"fr_FR","og_type":"article","og_title":"Acheter Radical Night Repair by ZO SkinHealth - Livraison Gratuite","og_description":"Obtenez Radical Night Repair au meilleur prix avec LIVRAISON GRATUITE. Commandez en ligne et recevez vos soins pr\u00e9f\u00e9r\u00e9s chez vous !","og_url":"https:\/\/drmazarro.com\/fr\/producto\/radical-night-repair\/","og_site_name":"Dr. Mazarro","article_publisher":"https:\/\/www.facebook.com\/Dr-Mazarro-Cirug%c3%ada-Est%c3%a9tica-Facial-en-Barcelona-101872084913358\/","article_modified_time":"2025-01-03T19:16:29+00:00","og_image":[{"width":350,"height":479,"url":"https:\/\/drmazarro.com\/wp-content\/uploads\/2022\/07\/Radical-S.png","type":"image\/png"}],"twitter_card":"summary_large_image","twitter_misc":{"Dur\u00e9e de lecture estim\u00e9e":"2 minutes"},"schema":{"@context":"https:\/\/schema.org","@graph":[{"@type":"WebPage","@id":"https:\/\/drmazarro.com\/fr\/producto\/radical-night-repair\/","url":"https:\/\/drmazarro.com\/fr\/producto\/radical-night-repair\/","name":"Acheter Radical Night Repair by ZO SkinHealth - Livraison Gratuite","isPartOf":{"@id":"https:\/\/drmazarro.com\/fr\/#website"},"primaryImageOfPage":{"@id":"https:\/\/drmazarro.com\/fr\/producto\/radical-night-repair\/#primaryimage"},"image":{"@id":"https:\/\/drmazarro.com\/fr\/producto\/radical-night-repair\/#primaryimage"},"thumbnailUrl":"https:\/\/drmazarro.com\/wp-content\/uploads\/2022\/07\/Radical-S.png","datePublished":"2024-12-26T14:36:57+00:00","dateModified":"2025-01-03T19:16:29+00:00","description":"Obtenez Radical Night Repair au meilleur prix avec LIVRAISON GRATUITE. Commandez en ligne et recevez vos soins pr\u00e9f\u00e9r\u00e9s chez vous !","breadcrumb":{"@id":"https:\/\/drmazarro.com\/fr\/producto\/radical-night-repair\/#breadcrumb"},"inLanguage":"fr-FR","potentialAction":[{"@type":"ReadAction","target":["https:\/\/drmazarro.com\/fr\/producto\/radical-night-repair\/"]}]},{"@type":"ImageObject","inLanguage":"fr-FR","@id":"https:\/\/drmazarro.com\/fr\/producto\/radical-night-repair\/#primaryimage","url":"https:\/\/drmazarro.com\/wp-content\/uploads\/2022\/07\/Radical-S.png","contentUrl":"https:\/\/drmazarro.com\/wp-content\/uploads\/2022\/07\/Radical-S.png","width":350,"height":479,"caption":"Radical Night Repair"},{"@type":"BreadcrumbList","@id":"https:\/\/drmazarro.com\/fr\/producto\/radical-night-repair\/#breadcrumb","itemListElement":[{"@type":"ListItem","position":1,"name":"Portada","item":"https:\/\/drmazarro.com\/fr\/"},{"@type":"ListItem","position":2,"name":"Shop","item":"https:\/\/drmazarro.com\/fr\/online-shop\/"},{"@type":"ListItem","position":3,"name":"Radical Night Repair"}]},{"@type":"WebSite","@id":"https:\/\/drmazarro.com\/fr\/#website","url":"https:\/\/drmazarro.com\/fr\/","name":"Dr. Mazarro","description":"Cirug\u00eda y Medicina Est\u00e9tica Facial en Barcelona","publisher":{"@id":"https:\/\/drmazarro.com\/fr\/#organization"},"potentialAction":[{"@type":"SearchAction","target":{"@type":"EntryPoint","urlTemplate":"https:\/\/drmazarro.com\/fr\/?s={search_term_string}"},"query-input":{"@type":"PropertyValueSpecification","valueRequired":true,"valueName":"search_term_string"}}],"inLanguage":"fr-FR"},{"@type":"Organization","@id":"https:\/\/drmazarro.com\/fr\/#organization","name":"Dr. Mazarro","url":"https:\/\/drmazarro.com\/fr\/","logo":{"@type":"ImageObject","inLanguage":"fr-FR","@id":"https:\/\/drmazarro.com\/fr\/#\/schema\/logo\/image\/","url":"https:\/\/drmazarro.com\/wp-content\/uploads\/2024\/03\/AM-576.png","contentUrl":"https:\/\/drmazarro.com\/wp-content\/uploads\/2024\/03\/AM-576.png","width":576,"height":576,"caption":"Dr. Mazarro"},"image":{"@id":"https:\/\/drmazarro.com\/fr\/#\/schema\/logo\/image\/"},"sameAs":["https:\/\/www.facebook.com\/Dr-Mazarro-Cirug\u00eda-Est\u00e9tica-Facial-en-Barcelona-101872084913358\/","https:\/\/www.instagram.com\/drmazarro_alejandro\/"]}]}},"_links":{"self":[{"href":"https:\/\/drmazarro.com\/fr\/wp-json\/wp\/v2\/product\/24020","targetHints":{"allow":["GET"]}}],"collection":[{"href":"https:\/\/drmazarro.com\/fr\/wp-json\/wp\/v2\/product"}],"about":[{"href":"https:\/\/drmazarro.com\/fr\/wp-json\/wp\/v2\/types\/product"}],"replies":[{"embeddable":true,"href":"https:\/\/drmazarro.com\/fr\/wp-json\/wp\/v2\/comments?post=24020"}],"wp:featuredmedia":[{"embeddable":true,"href":"https:\/\/drmazarro.com\/fr\/wp-json\/wp\/v2\/media\/23917"}],"wp:attachment":[{"href":"https:\/\/drmazarro.com\/fr\/wp-json\/wp\/v2\/media?parent=24020"}],"wp:term":[{"taxonomy":"product_brand","embeddable":true,"href":"https:\/\/drmazarro.com\/fr\/wp-json\/wp\/v2\/product_brand?post=24020"},{"taxonomy":"product_cat","embeddable":true,"href":"https:\/\/drmazarro.com\/fr\/wp-json\/wp\/v2\/product_cat?post=24020"},{"taxonomy":"product_tag","embeddable":true,"href":"https:\/\/drmazarro.com\/fr\/wp-json\/wp\/v2\/product_tag?post=24020"}],"curies":[{"name":"wp","href":"https:\/\/api.w.org\/{rel}","templated":true}]}}