{"id":24016,"date":"2022-07-26T10:19:20","date_gmt":"2024-12-26T14:35:16","guid":{"rendered":"https:\/\/drmazarro.com\/producto\/renewal-creme\/"},"modified":"2025-01-03T20:15:10","modified_gmt":"2025-01-03T19:15:10","slug":"renewal-creme","status":"publish","type":"product","link":"https:\/\/drmazarro.com\/fr\/producto\/renewal-creme\/","title":{"rendered":"Renewal Cr\u00e8me"},"content":{"rendered":"<h2><em>Indications<\/em><\/h2>\n<p style=\"text-align: justify;\">Un hydratant l\u00e9ger \u00e0 absorption rapide sp\u00e9cifiquement formul\u00e9 pour la s\u00e9cheresse l\u00e9g\u00e8re et les rougeurs. Cette formule cliniquement prouv\u00e9e revitalise l&rsquo;apparence de la peau stress\u00e9e tout en apportant une hydratation essentielle sans effet de lourdeur.<\/p>\n<p>\u2022 Procure un r\u00e9approvisionnement rapide en hydratation avec une sensation de l\u00e9g\u00e8ret\u00e9<br \/>\n\u2022 Soutient et renforce la barri\u00e8re protectrice de la peau<br \/>\n\u2022 Adoucit visiblement les rides fines et dynamiques<br \/>\n\u2022 Formule sans parfum<br \/>\n\u2022 Favorise une apparence plus uniforme et saine<br \/>\n\u2022 Id\u00e9al pour les peaux stress\u00e9es et d\u00e9shydrat\u00e9es<\/p>\n<h2><em>Format<\/em><\/h2>\n<p style=\"text-align: justify;\">50mL<\/p>\n<h2><em>Ingr\u00e9dients<\/em><\/h2>\n<p>\u2022 Ac\u00e9tyl Hexapeptide-8<br \/>\n&#8211; Am\u00e9liore les signes du vieillissement acc\u00e9l\u00e9r\u00e9<br \/>\n&#8211; Adoucit les rides d&rsquo;expression<br \/>\n&#8211; Am\u00e9liore l&rsquo;apparence de la peau<\/p>\n<p>\u2022 Lysat de Ferment de Lactococcus<br \/>\n&#8211; Technologie d\u00e9riv\u00e9e des probiotiques<br \/>\n&#8211; Renforce la barri\u00e8re protectrice<br \/>\n&#8211; Favorise une apparence uniforme<\/p>\n<p>\u2022 Acide Polyglutamique<br \/>\n&#8211; Humectant naturel<br \/>\n&#8211; Procure une hydratation profonde<br \/>\n&#8211; Cr\u00e9e un effet repulpant<\/p>\n<p>\u2022 M\u00e9lange d&rsquo;\u00c9mollients L\u00e9gers<br \/>\n&#8211; Contient des esters de jojoba et de l&rsquo;hyaluronate de sodium<br \/>\n&#8211; Procure un r\u00e9approvisionnement lipidique l\u00e9ger<br \/>\n&#8211; Soutient la restauration de la barri\u00e8re<\/p>\n<h2><em>Comment utiliser Renewal Creme<\/em><\/h2>\n<p style=\"text-align: justify;\">Appliquer sur peau propre et s\u00e8che le matin ou le soir selon les besoins. Masser doucement jusqu&rsquo;\u00e0 absorption. Peut \u00eatre utilis\u00e9 seul ou en superposition avec d&rsquo;autres traitements ZO\u00ae selon les besoins de votre peau.<\/p>\n","protected":false},"excerpt":{"rendered":"<p>Renewal Cr\u00e8me<\/p>\n<p>Obtenez-le au prix minimum avec livraison GRATUITE &#8211; cliquez pour en savoir plus!<\/p>\n","protected":false},"featured_media":23908,"comment_status":"open","ping_status":"closed","template":"","meta":{"_acf_changed":false,"_monsterinsights_skip_tracking":false,"_monsterinsights_sitenote_active":false,"_monsterinsights_sitenote_note":"","_monsterinsights_sitenote_category":0},"product_brand":[],"product_cat":[225,252,223],"product_tag":[244],"class_list":{"0":"post-24016","1":"product","2":"type-product","3":"status-publish","4":"has-post-thumbnail","6":"product_cat-hidratacion-y-regeneracion-cutanea-fr","7":"product_cat-tous","8":"product_cat-zo-skin-health-fr","9":"product_tag-zo-skinhealth-by-zein-obagi-fr","11":"first","12":"instock","13":"shipping-taxable","14":"purchasable","15":"product-type-simple"},"acf":[],"yoast_head":"<!-- This site is optimized with the Yoast SEO plugin v27.3 - https:\/\/yoast.com\/product\/yoast-seo-wordpress\/ -->\n<title>Acheter Renewal Cr\u00e8me by ZO SkinHealth - Livraison Gratuite<\/title>\n<meta name=\"description\" content=\"Obtenez Renewal Cr\u00e8me au meilleur prix avec LIVRAISON GRATUITE. Commandez en ligne et recevez vos soins pr\u00e9f\u00e9r\u00e9s chez vous !\" \/>\n<meta name=\"robots\" content=\"index, follow, max-snippet:-1, max-image-preview:large, max-video-preview:-1\" \/>\n<link rel=\"canonical\" href=\"https:\/\/drmazarro.com\/fr\/producto\/renewal-creme\/\" \/>\n<meta property=\"og:locale\" content=\"fr_FR\" \/>\n<meta property=\"og:type\" content=\"article\" \/>\n<meta property=\"og:title\" content=\"Acheter Renewal Cr\u00e8me by ZO SkinHealth - Livraison Gratuite\" \/>\n<meta property=\"og:description\" content=\"Obtenez Renewal Cr\u00e8me au meilleur prix avec LIVRAISON GRATUITE. Commandez en ligne et recevez vos soins pr\u00e9f\u00e9r\u00e9s chez vous !\" \/>\n<meta property=\"og:url\" content=\"https:\/\/drmazarro.com\/fr\/producto\/renewal-creme\/\" \/>\n<meta property=\"og:site_name\" content=\"Dr. Mazarro\" \/>\n<meta property=\"article:publisher\" content=\"https:\/\/www.facebook.com\/Dr-Mazarro-Cirug%c3%ada-Est%c3%a9tica-Facial-en-Barcelona-101872084913358\/\" \/>\n<meta property=\"article:modified_time\" content=\"2025-01-03T19:15:10+00:00\" \/>\n<meta property=\"og:image\" content=\"https:\/\/drmazarro.com\/wp-content\/uploads\/2022\/07\/renewal-creme-S.png\" \/>\n\t<meta property=\"og:image:width\" content=\"350\" \/>\n\t<meta property=\"og:image:height\" content=\"477\" \/>\n\t<meta property=\"og:image:type\" content=\"image\/png\" \/>\n<meta name=\"twitter:card\" content=\"summary_large_image\" \/>\n<meta name=\"twitter:label1\" content=\"Dur\u00e9e de lecture estim\u00e9e\" \/>\n\t<meta name=\"twitter:data1\" content=\"2 minutes\" \/>\n<!-- \/ Yoast SEO plugin. -->","yoast_head_json":{"title":"Acheter Renewal Cr\u00e8me by ZO SkinHealth - Livraison Gratuite","description":"Obtenez Renewal Cr\u00e8me au meilleur prix avec LIVRAISON GRATUITE. Commandez en ligne et recevez vos soins pr\u00e9f\u00e9r\u00e9s chez vous !","robots":{"index":"index","follow":"follow","max-snippet":"max-snippet:-1","max-image-preview":"max-image-preview:large","max-video-preview":"max-video-preview:-1"},"canonical":"https:\/\/drmazarro.com\/fr\/producto\/renewal-creme\/","og_locale":"fr_FR","og_type":"article","og_title":"Acheter Renewal Cr\u00e8me by ZO SkinHealth - Livraison Gratuite","og_description":"Obtenez Renewal Cr\u00e8me au meilleur prix avec LIVRAISON GRATUITE. Commandez en ligne et recevez vos soins pr\u00e9f\u00e9r\u00e9s chez vous !","og_url":"https:\/\/drmazarro.com\/fr\/producto\/renewal-creme\/","og_site_name":"Dr. Mazarro","article_publisher":"https:\/\/www.facebook.com\/Dr-Mazarro-Cirug%c3%ada-Est%c3%a9tica-Facial-en-Barcelona-101872084913358\/","article_modified_time":"2025-01-03T19:15:10+00:00","og_image":[{"width":350,"height":477,"url":"https:\/\/drmazarro.com\/wp-content\/uploads\/2022\/07\/renewal-creme-S.png","type":"image\/png"}],"twitter_card":"summary_large_image","twitter_misc":{"Dur\u00e9e de lecture estim\u00e9e":"2 minutes"},"schema":{"@context":"https:\/\/schema.org","@graph":[{"@type":"WebPage","@id":"https:\/\/drmazarro.com\/fr\/producto\/renewal-creme\/","url":"https:\/\/drmazarro.com\/fr\/producto\/renewal-creme\/","name":"Acheter Renewal Cr\u00e8me by ZO SkinHealth - Livraison Gratuite","isPartOf":{"@id":"https:\/\/drmazarro.com\/fr\/#website"},"primaryImageOfPage":{"@id":"https:\/\/drmazarro.com\/fr\/producto\/renewal-creme\/#primaryimage"},"image":{"@id":"https:\/\/drmazarro.com\/fr\/producto\/renewal-creme\/#primaryimage"},"thumbnailUrl":"https:\/\/drmazarro.com\/wp-content\/uploads\/2022\/07\/renewal-creme-S.png","datePublished":"2024-12-26T14:35:16+00:00","dateModified":"2025-01-03T19:15:10+00:00","description":"Obtenez Renewal Cr\u00e8me au meilleur prix avec LIVRAISON GRATUITE. Commandez en ligne et recevez vos soins pr\u00e9f\u00e9r\u00e9s chez vous !","breadcrumb":{"@id":"https:\/\/drmazarro.com\/fr\/producto\/renewal-creme\/#breadcrumb"},"inLanguage":"fr-FR","potentialAction":[{"@type":"ReadAction","target":["https:\/\/drmazarro.com\/fr\/producto\/renewal-creme\/"]}]},{"@type":"ImageObject","inLanguage":"fr-FR","@id":"https:\/\/drmazarro.com\/fr\/producto\/renewal-creme\/#primaryimage","url":"https:\/\/drmazarro.com\/wp-content\/uploads\/2022\/07\/renewal-creme-S.png","contentUrl":"https:\/\/drmazarro.com\/wp-content\/uploads\/2022\/07\/renewal-creme-S.png","width":350,"height":477,"caption":"Renewal Creme"},{"@type":"BreadcrumbList","@id":"https:\/\/drmazarro.com\/fr\/producto\/renewal-creme\/#breadcrumb","itemListElement":[{"@type":"ListItem","position":1,"name":"Portada","item":"https:\/\/drmazarro.com\/fr\/"},{"@type":"ListItem","position":2,"name":"Shop","item":"https:\/\/drmazarro.com\/fr\/online-shop\/"},{"@type":"ListItem","position":3,"name":"Renewal Cr\u00e8me"}]},{"@type":"WebSite","@id":"https:\/\/drmazarro.com\/fr\/#website","url":"https:\/\/drmazarro.com\/fr\/","name":"Dr. Mazarro","description":"Cirug\u00eda y Medicina Est\u00e9tica Facial en Barcelona","publisher":{"@id":"https:\/\/drmazarro.com\/fr\/#organization"},"potentialAction":[{"@type":"SearchAction","target":{"@type":"EntryPoint","urlTemplate":"https:\/\/drmazarro.com\/fr\/?s={search_term_string}"},"query-input":{"@type":"PropertyValueSpecification","valueRequired":true,"valueName":"search_term_string"}}],"inLanguage":"fr-FR"},{"@type":"Organization","@id":"https:\/\/drmazarro.com\/fr\/#organization","name":"Dr. Mazarro","url":"https:\/\/drmazarro.com\/fr\/","logo":{"@type":"ImageObject","inLanguage":"fr-FR","@id":"https:\/\/drmazarro.com\/fr\/#\/schema\/logo\/image\/","url":"https:\/\/drmazarro.com\/wp-content\/uploads\/2024\/03\/AM-576.png","contentUrl":"https:\/\/drmazarro.com\/wp-content\/uploads\/2024\/03\/AM-576.png","width":576,"height":576,"caption":"Dr. Mazarro"},"image":{"@id":"https:\/\/drmazarro.com\/fr\/#\/schema\/logo\/image\/"},"sameAs":["https:\/\/www.facebook.com\/Dr-Mazarro-Cirug\u00eda-Est\u00e9tica-Facial-en-Barcelona-101872084913358\/","https:\/\/www.instagram.com\/drmazarro_alejandro\/"]}]}},"_links":{"self":[{"href":"https:\/\/drmazarro.com\/fr\/wp-json\/wp\/v2\/product\/24016","targetHints":{"allow":["GET"]}}],"collection":[{"href":"https:\/\/drmazarro.com\/fr\/wp-json\/wp\/v2\/product"}],"about":[{"href":"https:\/\/drmazarro.com\/fr\/wp-json\/wp\/v2\/types\/product"}],"replies":[{"embeddable":true,"href":"https:\/\/drmazarro.com\/fr\/wp-json\/wp\/v2\/comments?post=24016"}],"wp:featuredmedia":[{"embeddable":true,"href":"https:\/\/drmazarro.com\/fr\/wp-json\/wp\/v2\/media\/23908"}],"wp:attachment":[{"href":"https:\/\/drmazarro.com\/fr\/wp-json\/wp\/v2\/media?parent=24016"}],"wp:term":[{"taxonomy":"product_brand","embeddable":true,"href":"https:\/\/drmazarro.com\/fr\/wp-json\/wp\/v2\/product_brand?post=24016"},{"taxonomy":"product_cat","embeddable":true,"href":"https:\/\/drmazarro.com\/fr\/wp-json\/wp\/v2\/product_cat?post=24016"},{"taxonomy":"product_tag","embeddable":true,"href":"https:\/\/drmazarro.com\/fr\/wp-json\/wp\/v2\/product_tag?post=24016"}],"curies":[{"name":"wp","href":"https:\/\/api.w.org\/{rel}","templated":true}]}}