{"id":24011,"date":"2022-07-26T10:22:38","date_gmt":"2024-12-26T14:35:15","guid":{"rendered":"https:\/\/drmazarro.com\/producto\/retinol-skin-brightener-05\/"},"modified":"2025-01-03T20:13:44","modified_gmt":"2025-01-03T19:13:44","slug":"retinol-skin-brightener-05","status":"publish","type":"product","link":"https:\/\/drmazarro.com\/fr\/producto\/retinol-skin-brightener-05\/","title":{"rendered":"Retinol Skin Brightener 0.5%"},"content":{"rendered":"<h2><em>Indications<\/em><\/h2>\n<p style=\"text-align: justify;\">Une solution de r\u00e9tinol de grade professionnel pr\u00e9sentant une technologie \u00e9claircissante cibl\u00e9e et un syst\u00e8me de lib\u00e9ration contr\u00f4l\u00e9e. Cette formule avanc\u00e9e est con\u00e7ue pour am\u00e9liorer le teint irr\u00e9gulier tout en assurant une stabilit\u00e9 optimale et une tol\u00e9rance cutan\u00e9e.<\/p>\n<p>\u2022 Favorise une exfoliation douce pour am\u00e9liorer le teint et la douceur<br \/>\n\u2022 Renforce la r\u00e9sistance de la peau contre les d\u00e9clencheurs de d\u00e9coloration<br \/>\n\u2022 Pr\u00e9sente une encapsulation sp\u00e9cialis\u00e9e pour une lib\u00e9ration contr\u00f4l\u00e9e du r\u00e9tinol<br \/>\n\u2022 Inclut des agents apaisants pour un meilleur confort pendant l&rsquo;utilisation<br \/>\n\u2022 Procure des r\u00e9sultats d&rsquo;\u00e9claircissement visibles<br \/>\n\u2022 Am\u00e9liore la clart\u00e9 et la texture g\u00e9n\u00e9rale de la peau<\/p>\n<h2><em>Format<\/em><\/h2>\n<p style=\"text-align: justify;\">50mL<\/p>\n<h2><em>Ingr\u00e9dients<\/em><\/h2>\n<p>\u2022 R\u00e9tinol Haute Puissance 0,5%<br \/>\n&#8211; Am\u00e9liore la texture de la peau<br \/>\n&#8211; R\u00e9duit la d\u00e9coloration visible<br \/>\n&#8211; Rehausse la luminosit\u00e9 et la douceur<\/p>\n<p>\u2022 Technologie Oleosome<br \/>\n&#8211; Permet une lib\u00e9ration cibl\u00e9e<br \/>\n&#8211; Procure une lib\u00e9ration contr\u00f4l\u00e9e du r\u00e9tinol<br \/>\n&#8211; Maximise les bienfaits \u00e9claircissants<\/p>\n<p>\u2022 Bakuchiol<br \/>\n&#8211; Agent conditionneur naturel de la peau<br \/>\n&#8211; Apaise et calme la peau<br \/>\n&#8211; Am\u00e9liore la tol\u00e9rance<\/p>\n<p>\u2022 Complexe \u00c9claircissant Exclusif<br \/>\n&#8211; Soutient l&rsquo;uniformit\u00e9 du teint<br \/>\n&#8211; Favorise la normalisation du teint<\/p>\n<h2><em>Comment utiliser Retinol Skin Brightener 0,5%<\/em><\/h2>\n<p style=\"text-align: justify;\">Suivre les conseils de votre m\u00e9decin.<\/p>\n<p><em>Remarques importantes:<\/em><br \/>\n\u2022 Les r\u00e9actions initiales peuvent inclure rougeurs, desquamation, s\u00e9cheresse ou picotements l\u00e9gers<br \/>\n\u2022 La peau s&rsquo;adaptera avec une utilisation r\u00e9guli\u00e8re<br \/>\n\u2022 Combiner avec un hydratant ZO\u00ae pour minimiser les r\u00e9actions<br \/>\n\u2022 Toujours utiliser une protection solaire SPF 30+ pendant la journ\u00e9e<br \/>\n\u2022 Consulter un m\u00e9decin pour un protocole personnalis\u00e9<\/p>\n","protected":false},"excerpt":{"rendered":"<div class=\"clearfix text-formatted field field--name-field-body-short field--type-text-long field--label-hidden field__item\">\n<p>Retinol Skin Brightener 0.5%<\/p>\n<p>Obtenez-le au prix minimum avec livraison GRATUITE &#8211; cliquez pour en savoir plus!<\/p>\n<\/div>\n","protected":false},"featured_media":23899,"comment_status":"open","ping_status":"closed","template":"","meta":{"_acf_changed":false,"_monsterinsights_skip_tracking":false,"_monsterinsights_sitenote_active":false,"_monsterinsights_sitenote_note":"","_monsterinsights_sitenote_category":0},"product_brand":[],"product_cat":[228,252,223],"product_tag":[244],"class_list":{"0":"post-24011","1":"product","2":"type-product","3":"status-publish","4":"has-post-thumbnail","6":"product_cat-hiperpigmentacion-fr","7":"product_cat-tous","8":"product_cat-zo-skin-health-fr","9":"product_tag-zo-skinhealth-by-zein-obagi-fr","11":"first","12":"instock","13":"shipping-taxable","14":"purchasable","15":"product-type-simple"},"acf":[],"yoast_head":"<!-- This site is optimized with the Yoast SEO plugin v27.3 - https:\/\/yoast.com\/product\/yoast-seo-wordpress\/ -->\n<title>Acheter Retinol Skin Brightener 0.5% by ZO - Livraison Gratuite<\/title>\n<meta name=\"description\" content=\"Obtenez Retinol Skin Brightener 0.5% au meilleur prix avec LIVRAISON GRATUITE. Commandez en ligne et recevez vos soins pr\u00e9f\u00e9r\u00e9s chez vous !\" \/>\n<meta name=\"robots\" content=\"index, follow, max-snippet:-1, max-image-preview:large, max-video-preview:-1\" \/>\n<link rel=\"canonical\" href=\"https:\/\/drmazarro.com\/fr\/producto\/retinol-skin-brightener-05\/\" \/>\n<meta property=\"og:locale\" content=\"fr_FR\" \/>\n<meta property=\"og:type\" content=\"article\" \/>\n<meta property=\"og:title\" content=\"Acheter Retinol Skin Brightener 0.5% by ZO - Livraison Gratuite\" \/>\n<meta property=\"og:description\" content=\"Obtenez Retinol Skin Brightener 0.5% au meilleur prix avec LIVRAISON GRATUITE. Commandez en ligne et recevez vos soins pr\u00e9f\u00e9r\u00e9s chez vous !\" \/>\n<meta property=\"og:url\" content=\"https:\/\/drmazarro.com\/fr\/producto\/retinol-skin-brightener-05\/\" \/>\n<meta property=\"og:site_name\" content=\"Dr. Mazarro\" \/>\n<meta property=\"article:publisher\" content=\"https:\/\/www.facebook.com\/Dr-Mazarro-Cirug%c3%ada-Est%c3%a9tica-Facial-en-Barcelona-101872084913358\/\" \/>\n<meta property=\"article:modified_time\" content=\"2025-01-03T19:13:44+00:00\" \/>\n<meta property=\"og:image\" content=\"https:\/\/drmazarro.com\/wp-content\/uploads\/2022\/07\/RSB-05-S.png\" \/>\n\t<meta property=\"og:image:width\" content=\"350\" \/>\n\t<meta property=\"og:image:height\" content=\"477\" \/>\n\t<meta property=\"og:image:type\" content=\"image\/png\" \/>\n<meta name=\"twitter:card\" content=\"summary_large_image\" \/>\n<meta name=\"twitter:label1\" content=\"Dur\u00e9e de lecture estim\u00e9e\" \/>\n\t<meta name=\"twitter:data1\" content=\"2 minutes\" \/>\n<!-- \/ Yoast SEO plugin. -->","yoast_head_json":{"title":"Acheter Retinol Skin Brightener 0.5% by ZO - Livraison Gratuite","description":"Obtenez Retinol Skin Brightener 0.5% au meilleur prix avec LIVRAISON GRATUITE. Commandez en ligne et recevez vos soins pr\u00e9f\u00e9r\u00e9s chez vous !","robots":{"index":"index","follow":"follow","max-snippet":"max-snippet:-1","max-image-preview":"max-image-preview:large","max-video-preview":"max-video-preview:-1"},"canonical":"https:\/\/drmazarro.com\/fr\/producto\/retinol-skin-brightener-05\/","og_locale":"fr_FR","og_type":"article","og_title":"Acheter Retinol Skin Brightener 0.5% by ZO - Livraison Gratuite","og_description":"Obtenez Retinol Skin Brightener 0.5% au meilleur prix avec LIVRAISON GRATUITE. Commandez en ligne et recevez vos soins pr\u00e9f\u00e9r\u00e9s chez vous !","og_url":"https:\/\/drmazarro.com\/fr\/producto\/retinol-skin-brightener-05\/","og_site_name":"Dr. Mazarro","article_publisher":"https:\/\/www.facebook.com\/Dr-Mazarro-Cirug%c3%ada-Est%c3%a9tica-Facial-en-Barcelona-101872084913358\/","article_modified_time":"2025-01-03T19:13:44+00:00","og_image":[{"width":350,"height":477,"url":"https:\/\/drmazarro.com\/wp-content\/uploads\/2022\/07\/RSB-05-S.png","type":"image\/png"}],"twitter_card":"summary_large_image","twitter_misc":{"Dur\u00e9e de lecture estim\u00e9e":"2 minutes"},"schema":{"@context":"https:\/\/schema.org","@graph":[{"@type":"WebPage","@id":"https:\/\/drmazarro.com\/fr\/producto\/retinol-skin-brightener-05\/","url":"https:\/\/drmazarro.com\/fr\/producto\/retinol-skin-brightener-05\/","name":"Acheter Retinol Skin Brightener 0.5% by ZO - Livraison Gratuite","isPartOf":{"@id":"https:\/\/drmazarro.com\/fr\/#website"},"primaryImageOfPage":{"@id":"https:\/\/drmazarro.com\/fr\/producto\/retinol-skin-brightener-05\/#primaryimage"},"image":{"@id":"https:\/\/drmazarro.com\/fr\/producto\/retinol-skin-brightener-05\/#primaryimage"},"thumbnailUrl":"https:\/\/drmazarro.com\/wp-content\/uploads\/2022\/07\/RSB-05-S.png","datePublished":"2024-12-26T14:35:15+00:00","dateModified":"2025-01-03T19:13:44+00:00","description":"Obtenez Retinol Skin Brightener 0.5% au meilleur prix avec LIVRAISON GRATUITE. Commandez en ligne et recevez vos soins pr\u00e9f\u00e9r\u00e9s chez vous !","breadcrumb":{"@id":"https:\/\/drmazarro.com\/fr\/producto\/retinol-skin-brightener-05\/#breadcrumb"},"inLanguage":"fr-FR","potentialAction":[{"@type":"ReadAction","target":["https:\/\/drmazarro.com\/fr\/producto\/retinol-skin-brightener-05\/"]}]},{"@type":"ImageObject","inLanguage":"fr-FR","@id":"https:\/\/drmazarro.com\/fr\/producto\/retinol-skin-brightener-05\/#primaryimage","url":"https:\/\/drmazarro.com\/wp-content\/uploads\/2022\/07\/RSB-05-S.png","contentUrl":"https:\/\/drmazarro.com\/wp-content\/uploads\/2022\/07\/RSB-05-S.png","width":350,"height":477,"caption":"Retinol Skin Brightener 0.5%"},{"@type":"BreadcrumbList","@id":"https:\/\/drmazarro.com\/fr\/producto\/retinol-skin-brightener-05\/#breadcrumb","itemListElement":[{"@type":"ListItem","position":1,"name":"Portada","item":"https:\/\/drmazarro.com\/fr\/"},{"@type":"ListItem","position":2,"name":"Shop","item":"https:\/\/drmazarro.com\/fr\/online-shop\/"},{"@type":"ListItem","position":3,"name":"Retinol Skin Brightener 0.5%"}]},{"@type":"WebSite","@id":"https:\/\/drmazarro.com\/fr\/#website","url":"https:\/\/drmazarro.com\/fr\/","name":"Dr. Mazarro","description":"Cirug\u00eda y Medicina Est\u00e9tica Facial en Barcelona","publisher":{"@id":"https:\/\/drmazarro.com\/fr\/#organization"},"potentialAction":[{"@type":"SearchAction","target":{"@type":"EntryPoint","urlTemplate":"https:\/\/drmazarro.com\/fr\/?s={search_term_string}"},"query-input":{"@type":"PropertyValueSpecification","valueRequired":true,"valueName":"search_term_string"}}],"inLanguage":"fr-FR"},{"@type":"Organization","@id":"https:\/\/drmazarro.com\/fr\/#organization","name":"Dr. Mazarro","url":"https:\/\/drmazarro.com\/fr\/","logo":{"@type":"ImageObject","inLanguage":"fr-FR","@id":"https:\/\/drmazarro.com\/fr\/#\/schema\/logo\/image\/","url":"https:\/\/drmazarro.com\/wp-content\/uploads\/2024\/03\/AM-576.png","contentUrl":"https:\/\/drmazarro.com\/wp-content\/uploads\/2024\/03\/AM-576.png","width":576,"height":576,"caption":"Dr. Mazarro"},"image":{"@id":"https:\/\/drmazarro.com\/fr\/#\/schema\/logo\/image\/"},"sameAs":["https:\/\/www.facebook.com\/Dr-Mazarro-Cirug\u00eda-Est\u00e9tica-Facial-en-Barcelona-101872084913358\/","https:\/\/www.instagram.com\/drmazarro_alejandro\/"]}]}},"_links":{"self":[{"href":"https:\/\/drmazarro.com\/fr\/wp-json\/wp\/v2\/product\/24011","targetHints":{"allow":["GET"]}}],"collection":[{"href":"https:\/\/drmazarro.com\/fr\/wp-json\/wp\/v2\/product"}],"about":[{"href":"https:\/\/drmazarro.com\/fr\/wp-json\/wp\/v2\/types\/product"}],"replies":[{"embeddable":true,"href":"https:\/\/drmazarro.com\/fr\/wp-json\/wp\/v2\/comments?post=24011"}],"wp:featuredmedia":[{"embeddable":true,"href":"https:\/\/drmazarro.com\/fr\/wp-json\/wp\/v2\/media\/23899"}],"wp:attachment":[{"href":"https:\/\/drmazarro.com\/fr\/wp-json\/wp\/v2\/media?parent=24011"}],"wp:term":[{"taxonomy":"product_brand","embeddable":true,"href":"https:\/\/drmazarro.com\/fr\/wp-json\/wp\/v2\/product_brand?post=24011"},{"taxonomy":"product_cat","embeddable":true,"href":"https:\/\/drmazarro.com\/fr\/wp-json\/wp\/v2\/product_cat?post=24011"},{"taxonomy":"product_tag","embeddable":true,"href":"https:\/\/drmazarro.com\/fr\/wp-json\/wp\/v2\/product_tag?post=24011"}],"curies":[{"name":"wp","href":"https:\/\/api.w.org\/{rel}","templated":true}]}}