{"id":24001,"date":"2022-07-26T10:26:32","date_gmt":"2024-12-26T14:35:17","guid":{"rendered":"https:\/\/drmazarro.com\/producto\/skin-brightening-program\/"},"modified":"2025-07-17T09:19:55","modified_gmt":"2025-07-17T07:19:55","slug":"skin-brightening-program","status":"publish","type":"product","link":"https:\/\/drmazarro.com\/fr\/producto\/skin-brightening-program\/","title":{"rendered":"Skin Brightening Program + Texture"},"content":{"rendered":"<h2><em>Avertissement<\/em><\/h2>\n<p style=\"text-align: justify;\">Le programme Skin Brightening Program + Texture est retir\u00e9 de la vente.<br data-start=\"183\" data-end=\"186\" \/>Consultez ici les produits qui le composent:<\/p>\n<p><a href=\"https:\/\/drmazarro.com\/fr\/producto\/retinol-skin-brightener\/\">&#8211; Retinol Skin Brightener 1% &#8211; 30 mL<\/a><br \/>\n<a href=\"https:\/\/drmazarro.com\/fr\/producto\/daily-power-defense\/\">&#8211; Daily Power Defense &#8211; 30 mL<\/a><br \/>\n<a href=\"https:\/\/drmazarro.com\/fr\/producto\/wrinkle-texture-repair\/\">&#8211; Wrinkle + Texture Repair &#8211; 30 mL<\/a><br \/>\n<a href=\"https:\/\/drmazarro.com\/fr\/producto\/brightalive-skin-brightener\/\">&#8211; Brightalive &#8211; 30 mL<\/a><\/p>\n<p>&nbsp;<\/p>\n<h2><em>Indications<\/em><\/h2>\n<p style=\"text-align: justify;\">Id\u00e9al pour am\u00e9liorer l&rsquo;apparence du teint irr\u00e9gulier<br \/>\n\u2022 Am\u00e9liore le teint irr\u00e9gulier sans hydroquinone<br \/>\n\u2022 Cible la d\u00e9coloration non sp\u00e9cifique (taches de rousseur, taches de vieillesse, teint irr\u00e9gulier)<br \/>\n\u2022 Procure un \u00e9claircissement cutan\u00e9 intensif et efficace<\/p>\n<h2><em>Format<\/em><\/h2>\n<p style=\"text-align: justify;\">4 produits :<br \/>\n&#8211; Retinol Skin Brightener 1% &#8211; 30 mL<br \/>\n&#8211; Daily Power Defense &#8211; 30 mL<br \/>\n&#8211; Wrinkle + Texture Repair &#8211; 30 mL<br \/>\n&#8211; Brightalive &#8211; 30 mL<\/p>\n<h2><em>Comment utiliser Skin Brightening Program<\/em><\/h2>\n<p>\u00c9tape 1 : NETTOYER (<strong>Nettoyant Doux<\/strong>) MATIN + SOIR<br \/>\n\u00c9tape 2 : EXFOLIER (Exfoliant Polish) MATIN ou SOIR<br \/>\n\u00c9tape 3 : TONIFIER (Disques de Renouvellement du Teint) MATIN + SOIR<br \/>\n\u00c9tape 4 : PR\u00c9VENIR + CORRIGER (<strong>Daily Power Defense<\/strong>) MATIN + SOIR<br \/>\n\u00c9tape 5 : \u00c9CLAIRCIR (<strong>Brightalive\u00ae<\/strong>) MATIN \/ (<strong>Retinol Skin Brightener &#8211; Wrinkle + Texture Repair<\/strong>) SOIR<\/p>\n","protected":false},"excerpt":{"rendered":"<p>Skin Brightening Program + Texture<\/p>\n<p>Obtenez-le au prix minimum avec livraison GRATUITE &#8211; cliquez pour en savoir plus!<\/p>\n","protected":false},"featured_media":6552,"comment_status":"open","ping_status":"closed","template":"","meta":{"_acf_changed":false,"_monsterinsights_skip_tracking":false,"_monsterinsights_sitenote_active":false,"_monsterinsights_sitenote_note":"","_monsterinsights_sitenote_category":0},"product_brand":[],"product_cat":[228,229,252,223],"product_tag":[244],"class_list":{"0":"post-24001","1":"product","2":"type-product","3":"status-publish","4":"has-post-thumbnail","6":"product_cat-hiperpigmentacion-fr","7":"product_cat-kits-zo-skin-health-fr","8":"product_cat-tous","9":"product_cat-zo-skin-health-fr","10":"product_tag-zo-skinhealth-by-zein-obagi-fr","12":"first","13":"outofstock","14":"shipping-taxable","15":"product-type-simple"},"acf":[],"yoast_head":"<!-- This site is optimized with the Yoast SEO plugin v27.3 - https:\/\/yoast.com\/product\/yoast-seo-wordpress\/ -->\n<title>Acheter Skin Brightening Program + Texture - Livraison Gratuite<\/title>\n<meta name=\"description\" content=\"Obtenez Skin Brightening Program + Texture au meilleur prix avec LIVRAISON GRATUITE. Commandez en ligne et recevez vos soins pr\u00e9f\u00e9r\u00e9s chez vous !\" \/>\n<meta name=\"robots\" content=\"index, follow, max-snippet:-1, max-image-preview:large, max-video-preview:-1\" \/>\n<link rel=\"canonical\" href=\"https:\/\/drmazarro.com\/fr\/producto\/skin-brightening-program\/\" \/>\n<meta property=\"og:locale\" content=\"fr_FR\" \/>\n<meta property=\"og:type\" content=\"article\" \/>\n<meta property=\"og:title\" content=\"Acheter Skin Brightening Program + Texture - Livraison Gratuite\" \/>\n<meta property=\"og:description\" content=\"Obtenez Skin Brightening Program + Texture au meilleur prix avec LIVRAISON GRATUITE. Commandez en ligne et recevez vos soins pr\u00e9f\u00e9r\u00e9s chez vous !\" \/>\n<meta property=\"og:url\" content=\"https:\/\/drmazarro.com\/fr\/producto\/skin-brightening-program\/\" \/>\n<meta property=\"og:site_name\" content=\"Dr. Mazarro\" \/>\n<meta property=\"article:publisher\" content=\"https:\/\/www.facebook.com\/Dr-Mazarro-Cirug%c3%ada-Est%c3%a9tica-Facial-en-Barcelona-101872084913358\/\" \/>\n<meta property=\"article:modified_time\" content=\"2025-07-17T07:19:55+00:00\" \/>\n<meta property=\"og:image\" content=\"https:\/\/drmazarro.com\/wp-content\/uploads\/2022\/07\/2018-Kit_Skin-Brightening-Program-Texture-Repair.png\" \/>\n\t<meta property=\"og:image:width\" content=\"480\" \/>\n\t<meta property=\"og:image:height\" content=\"371\" \/>\n\t<meta property=\"og:image:type\" content=\"image\/png\" \/>\n<meta name=\"twitter:card\" content=\"summary_large_image\" \/>\n<meta name=\"twitter:label1\" content=\"Dur\u00e9e de lecture estim\u00e9e\" \/>\n\t<meta name=\"twitter:data1\" content=\"1 minute\" \/>\n<!-- \/ Yoast SEO plugin. -->","yoast_head_json":{"title":"Acheter Skin Brightening Program + Texture - Livraison Gratuite","description":"Obtenez Skin Brightening Program + Texture au meilleur prix avec LIVRAISON GRATUITE. Commandez en ligne et recevez vos soins pr\u00e9f\u00e9r\u00e9s chez vous !","robots":{"index":"index","follow":"follow","max-snippet":"max-snippet:-1","max-image-preview":"max-image-preview:large","max-video-preview":"max-video-preview:-1"},"canonical":"https:\/\/drmazarro.com\/fr\/producto\/skin-brightening-program\/","og_locale":"fr_FR","og_type":"article","og_title":"Acheter Skin Brightening Program + Texture - Livraison Gratuite","og_description":"Obtenez Skin Brightening Program + Texture au meilleur prix avec LIVRAISON GRATUITE. Commandez en ligne et recevez vos soins pr\u00e9f\u00e9r\u00e9s chez vous !","og_url":"https:\/\/drmazarro.com\/fr\/producto\/skin-brightening-program\/","og_site_name":"Dr. Mazarro","article_publisher":"https:\/\/www.facebook.com\/Dr-Mazarro-Cirug%c3%ada-Est%c3%a9tica-Facial-en-Barcelona-101872084913358\/","article_modified_time":"2025-07-17T07:19:55+00:00","og_image":[{"width":480,"height":371,"url":"https:\/\/drmazarro.com\/wp-content\/uploads\/2022\/07\/2018-Kit_Skin-Brightening-Program-Texture-Repair.png","type":"image\/png"}],"twitter_card":"summary_large_image","twitter_misc":{"Dur\u00e9e de lecture estim\u00e9e":"1 minute"},"schema":{"@context":"https:\/\/schema.org","@graph":[{"@type":"WebPage","@id":"https:\/\/drmazarro.com\/fr\/producto\/skin-brightening-program\/","url":"https:\/\/drmazarro.com\/fr\/producto\/skin-brightening-program\/","name":"Acheter Skin Brightening Program + Texture - Livraison Gratuite","isPartOf":{"@id":"https:\/\/drmazarro.com\/fr\/#website"},"primaryImageOfPage":{"@id":"https:\/\/drmazarro.com\/fr\/producto\/skin-brightening-program\/#primaryimage"},"image":{"@id":"https:\/\/drmazarro.com\/fr\/producto\/skin-brightening-program\/#primaryimage"},"thumbnailUrl":"https:\/\/drmazarro.com\/wp-content\/uploads\/2022\/07\/2018-Kit_Skin-Brightening-Program-Texture-Repair.png","datePublished":"2024-12-26T14:35:17+00:00","dateModified":"2025-07-17T07:19:55+00:00","description":"Obtenez Skin Brightening Program + Texture au meilleur prix avec LIVRAISON GRATUITE. Commandez en ligne et recevez vos soins pr\u00e9f\u00e9r\u00e9s chez vous !","breadcrumb":{"@id":"https:\/\/drmazarro.com\/fr\/producto\/skin-brightening-program\/#breadcrumb"},"inLanguage":"fr-FR","potentialAction":[{"@type":"ReadAction","target":["https:\/\/drmazarro.com\/fr\/producto\/skin-brightening-program\/"]}]},{"@type":"ImageObject","inLanguage":"fr-FR","@id":"https:\/\/drmazarro.com\/fr\/producto\/skin-brightening-program\/#primaryimage","url":"https:\/\/drmazarro.com\/wp-content\/uploads\/2022\/07\/2018-Kit_Skin-Brightening-Program-Texture-Repair.png","contentUrl":"https:\/\/drmazarro.com\/wp-content\/uploads\/2022\/07\/2018-Kit_Skin-Brightening-Program-Texture-Repair.png","width":480,"height":371},{"@type":"BreadcrumbList","@id":"https:\/\/drmazarro.com\/fr\/producto\/skin-brightening-program\/#breadcrumb","itemListElement":[{"@type":"ListItem","position":1,"name":"Portada","item":"https:\/\/drmazarro.com\/fr\/"},{"@type":"ListItem","position":2,"name":"Shop","item":"https:\/\/drmazarro.com\/fr\/online-shop\/"},{"@type":"ListItem","position":3,"name":"Skin Brightening Program + Texture"}]},{"@type":"WebSite","@id":"https:\/\/drmazarro.com\/fr\/#website","url":"https:\/\/drmazarro.com\/fr\/","name":"Dr. Mazarro","description":"Cirug\u00eda y Medicina Est\u00e9tica Facial en Barcelona","publisher":{"@id":"https:\/\/drmazarro.com\/fr\/#organization"},"potentialAction":[{"@type":"SearchAction","target":{"@type":"EntryPoint","urlTemplate":"https:\/\/drmazarro.com\/fr\/?s={search_term_string}"},"query-input":{"@type":"PropertyValueSpecification","valueRequired":true,"valueName":"search_term_string"}}],"inLanguage":"fr-FR"},{"@type":"Organization","@id":"https:\/\/drmazarro.com\/fr\/#organization","name":"Dr. Mazarro","url":"https:\/\/drmazarro.com\/fr\/","logo":{"@type":"ImageObject","inLanguage":"fr-FR","@id":"https:\/\/drmazarro.com\/fr\/#\/schema\/logo\/image\/","url":"https:\/\/drmazarro.com\/wp-content\/uploads\/2024\/03\/AM-576.png","contentUrl":"https:\/\/drmazarro.com\/wp-content\/uploads\/2024\/03\/AM-576.png","width":576,"height":576,"caption":"Dr. Mazarro"},"image":{"@id":"https:\/\/drmazarro.com\/fr\/#\/schema\/logo\/image\/"},"sameAs":["https:\/\/www.facebook.com\/Dr-Mazarro-Cirug\u00eda-Est\u00e9tica-Facial-en-Barcelona-101872084913358\/","https:\/\/www.instagram.com\/drmazarro_alejandro\/"]}]}},"_links":{"self":[{"href":"https:\/\/drmazarro.com\/fr\/wp-json\/wp\/v2\/product\/24001","targetHints":{"allow":["GET"]}}],"collection":[{"href":"https:\/\/drmazarro.com\/fr\/wp-json\/wp\/v2\/product"}],"about":[{"href":"https:\/\/drmazarro.com\/fr\/wp-json\/wp\/v2\/types\/product"}],"replies":[{"embeddable":true,"href":"https:\/\/drmazarro.com\/fr\/wp-json\/wp\/v2\/comments?post=24001"}],"wp:featuredmedia":[{"embeddable":true,"href":"https:\/\/drmazarro.com\/fr\/wp-json\/wp\/v2\/media\/6552"}],"wp:attachment":[{"href":"https:\/\/drmazarro.com\/fr\/wp-json\/wp\/v2\/media?parent=24001"}],"wp:term":[{"taxonomy":"product_brand","embeddable":true,"href":"https:\/\/drmazarro.com\/fr\/wp-json\/wp\/v2\/product_brand?post=24001"},{"taxonomy":"product_cat","embeddable":true,"href":"https:\/\/drmazarro.com\/fr\/wp-json\/wp\/v2\/product_cat?post=24001"},{"taxonomy":"product_tag","embeddable":true,"href":"https:\/\/drmazarro.com\/fr\/wp-json\/wp\/v2\/product_tag?post=24001"}],"curies":[{"name":"wp","href":"https:\/\/api.w.org\/{rel}","templated":true}]}}