{"id":23994,"date":"2022-07-26T10:29:09","date_gmt":"2024-12-26T14:35:17","guid":{"rendered":"https:\/\/drmazarro.com\/producto\/wrinkle-texture-repair\/"},"modified":"2025-06-30T01:00:36","modified_gmt":"2025-06-29T23:00:36","slug":"wrinkle-texture-repair","status":"publish","type":"product","link":"https:\/\/drmazarro.com\/fr\/producto\/wrinkle-texture-repair\/","title":{"rendered":"Wrinkle + Texture Repair"},"content":{"rendered":"<h2><em>Indications<\/em><\/h2>\n<p style=\"text-align: justify;\">\u00c9mulsion \u00e0 base de R\u00e9tinol (0,5%) con\u00e7ue pour les peaux irr\u00e9guli\u00e8res afin d&rsquo;am\u00e9liorer la texture cutan\u00e9e et stimuler le processus de renouvellement de la peau.<\/p>\n<p>\u2022 Diminue les signes visibles du vieillissement et les rides fines<br \/>\n\u2022 Am\u00e9liore la texture de la peau et favorise la douceur<br \/>\n\u2022 Optimise la fonction barri\u00e8re cutan\u00e9e et la r\u00e9tention d&rsquo;hydratation<\/p>\n<h2><em>Format<\/em><\/h2>\n<p style=\"text-align: justify;\">50mL<\/p>\n<h2><em>Ingr\u00e9dients<\/em><\/h2>\n<p style=\"text-align: justify;\">R\u00e9tinol Micronis\u00e9 <strong>(0,5%)<\/strong><br \/>\nZCORE : peptides biomim\u00e9tiques favorisant l&rsquo;ancrage des structures \u00e0 la jonction dermo-\u00e9pidermique<br \/>\nCellules souches de Buddleja D., vitamines C et E : procurent une protection antioxydante.<br \/>\nHydrolysat de s\u00e9ricine : pr\u00e9curseur du collag\u00e8ne.<br \/>\nExtraits v\u00e9g\u00e9taux (Brocoli et huile de graines de tournesol) : aux propri\u00e9t\u00e9s anti-irritantes.<\/p>\n<h2><em>Comment utiliser<\/em><\/h2>\n<p style=\"text-align: justify;\">Suivre les conseils de votre m\u00e9decin.<\/p>\n<p>Les r\u00e9actions cutan\u00e9es initiales peuvent inclure rougeurs l\u00e9g\u00e8res, desquamation, s\u00e9cheresse ou picotements &#8211; ce sont des signes normaux d&rsquo;adaptation au r\u00e9tinol. Votre peau s&rsquo;ajustera avec une utilisation r\u00e9guli\u00e8re, r\u00e9v\u00e9lant une apparence plus raffin\u00e9e, uniforme et jeune. Pour un confort optimal, combiner avec un hydratant sp\u00e9cialis\u00e9. Toujours utiliser une protection solaire \u00e0 large spectre SPF 30+ pendant la journ\u00e9e, car le r\u00e9tinol augmente la sensibilit\u00e9 au soleil.<\/p>\n","protected":false},"excerpt":{"rendered":"<p>Wrinkle + Texture Repair 0,5% Retinol<\/p>\n<p>Obtenez-le au prix minimum avec livraison GRATUITE &#8211; cliquez pour en savoir plus!<\/p>\n","protected":false},"featured_media":23882,"comment_status":"open","ping_status":"closed","template":"","meta":{"_acf_changed":false,"_monsterinsights_skip_tracking":false,"_monsterinsights_sitenote_active":false,"_monsterinsights_sitenote_note":"","_monsterinsights_sitenote_category":0},"product_brand":[],"product_cat":[252,237,223],"product_tag":[244],"class_list":{"0":"post-23994","1":"product","2":"type-product","3":"status-publish","4":"has-post-thumbnail","6":"product_cat-tous","7":"product_cat-tratamientos-antiedad-fr","8":"product_cat-zo-skin-health-fr","9":"product_tag-zo-skinhealth-by-zein-obagi-fr","11":"first","12":"instock","13":"shipping-taxable","14":"purchasable","15":"product-type-simple"},"acf":[],"yoast_head":"<!-- This site is optimized with the Yoast SEO plugin v27.3 - https:\/\/yoast.com\/product\/yoast-seo-wordpress\/ -->\n<title>Acheter Wrinkle + Texture Repair by ZO - Livraison Gratuite<\/title>\n<meta name=\"description\" content=\"Obtenez Wrinkle + Texture Repair au meilleur prix avec LIVRAISON GRATUITE. Commandez en ligne et recevez vos soins pr\u00e9f\u00e9r\u00e9s chez vous !\" \/>\n<meta name=\"robots\" content=\"index, follow, max-snippet:-1, max-image-preview:large, max-video-preview:-1\" \/>\n<link rel=\"canonical\" href=\"https:\/\/drmazarro.com\/fr\/producto\/wrinkle-texture-repair\/\" \/>\n<meta property=\"og:locale\" content=\"fr_FR\" \/>\n<meta property=\"og:type\" content=\"article\" \/>\n<meta property=\"og:title\" content=\"Acheter Wrinkle + Texture Repair by ZO - Livraison Gratuite\" \/>\n<meta property=\"og:description\" content=\"Obtenez Wrinkle + Texture Repair au meilleur prix avec LIVRAISON GRATUITE. Commandez en ligne et recevez vos soins pr\u00e9f\u00e9r\u00e9s chez vous !\" \/>\n<meta property=\"og:url\" content=\"https:\/\/drmazarro.com\/fr\/producto\/wrinkle-texture-repair\/\" \/>\n<meta property=\"og:site_name\" content=\"Dr. Mazarro\" \/>\n<meta property=\"article:publisher\" content=\"https:\/\/www.facebook.com\/Dr-Mazarro-Cirug%c3%ada-Est%c3%a9tica-Facial-en-Barcelona-101872084913358\/\" \/>\n<meta property=\"article:modified_time\" content=\"2025-06-29T23:00:36+00:00\" \/>\n<meta property=\"og:image\" content=\"https:\/\/drmazarro.com\/wp-content\/uploads\/2022\/07\/WT-repair-transparente-S.png\" \/>\n\t<meta property=\"og:image:width\" content=\"350\" \/>\n\t<meta property=\"og:image:height\" content=\"477\" \/>\n\t<meta property=\"og:image:type\" content=\"image\/png\" \/>\n<meta name=\"twitter:card\" content=\"summary_large_image\" \/>\n<meta name=\"twitter:label1\" content=\"Dur\u00e9e de lecture estim\u00e9e\" \/>\n\t<meta name=\"twitter:data1\" content=\"2 minutes\" \/>\n<!-- \/ Yoast SEO plugin. -->","yoast_head_json":{"title":"Acheter Wrinkle + Texture Repair by ZO - Livraison Gratuite","description":"Obtenez Wrinkle + Texture Repair au meilleur prix avec LIVRAISON GRATUITE. Commandez en ligne et recevez vos soins pr\u00e9f\u00e9r\u00e9s chez vous !","robots":{"index":"index","follow":"follow","max-snippet":"max-snippet:-1","max-image-preview":"max-image-preview:large","max-video-preview":"max-video-preview:-1"},"canonical":"https:\/\/drmazarro.com\/fr\/producto\/wrinkle-texture-repair\/","og_locale":"fr_FR","og_type":"article","og_title":"Acheter Wrinkle + Texture Repair by ZO - Livraison Gratuite","og_description":"Obtenez Wrinkle + Texture Repair au meilleur prix avec LIVRAISON GRATUITE. Commandez en ligne et recevez vos soins pr\u00e9f\u00e9r\u00e9s chez vous !","og_url":"https:\/\/drmazarro.com\/fr\/producto\/wrinkle-texture-repair\/","og_site_name":"Dr. Mazarro","article_publisher":"https:\/\/www.facebook.com\/Dr-Mazarro-Cirug%c3%ada-Est%c3%a9tica-Facial-en-Barcelona-101872084913358\/","article_modified_time":"2025-06-29T23:00:36+00:00","og_image":[{"width":350,"height":477,"url":"https:\/\/drmazarro.com\/wp-content\/uploads\/2022\/07\/WT-repair-transparente-S.png","type":"image\/png"}],"twitter_card":"summary_large_image","twitter_misc":{"Dur\u00e9e de lecture estim\u00e9e":"2 minutes"},"schema":{"@context":"https:\/\/schema.org","@graph":[{"@type":"WebPage","@id":"https:\/\/drmazarro.com\/fr\/producto\/wrinkle-texture-repair\/","url":"https:\/\/drmazarro.com\/fr\/producto\/wrinkle-texture-repair\/","name":"Acheter Wrinkle + Texture Repair by ZO - Livraison Gratuite","isPartOf":{"@id":"https:\/\/drmazarro.com\/fr\/#website"},"primaryImageOfPage":{"@id":"https:\/\/drmazarro.com\/fr\/producto\/wrinkle-texture-repair\/#primaryimage"},"image":{"@id":"https:\/\/drmazarro.com\/fr\/producto\/wrinkle-texture-repair\/#primaryimage"},"thumbnailUrl":"https:\/\/drmazarro.com\/wp-content\/uploads\/2022\/07\/WT-repair-transparente-S.png","datePublished":"2024-12-26T14:35:17+00:00","dateModified":"2025-06-29T23:00:36+00:00","description":"Obtenez Wrinkle + Texture Repair au meilleur prix avec LIVRAISON GRATUITE. Commandez en ligne et recevez vos soins pr\u00e9f\u00e9r\u00e9s chez vous !","breadcrumb":{"@id":"https:\/\/drmazarro.com\/fr\/producto\/wrinkle-texture-repair\/#breadcrumb"},"inLanguage":"fr-FR","potentialAction":[{"@type":"ReadAction","target":["https:\/\/drmazarro.com\/fr\/producto\/wrinkle-texture-repair\/"]}]},{"@type":"ImageObject","inLanguage":"fr-FR","@id":"https:\/\/drmazarro.com\/fr\/producto\/wrinkle-texture-repair\/#primaryimage","url":"https:\/\/drmazarro.com\/wp-content\/uploads\/2022\/07\/WT-repair-transparente-S.png","contentUrl":"https:\/\/drmazarro.com\/wp-content\/uploads\/2022\/07\/WT-repair-transparente-S.png","width":350,"height":477,"caption":"Wrinkle + Texture Repair ZO SkinHealth"},{"@type":"BreadcrumbList","@id":"https:\/\/drmazarro.com\/fr\/producto\/wrinkle-texture-repair\/#breadcrumb","itemListElement":[{"@type":"ListItem","position":1,"name":"Portada","item":"https:\/\/drmazarro.com\/fr\/"},{"@type":"ListItem","position":2,"name":"Shop","item":"https:\/\/drmazarro.com\/fr\/online-shop\/"},{"@type":"ListItem","position":3,"name":"Wrinkle + Texture Repair"}]},{"@type":"WebSite","@id":"https:\/\/drmazarro.com\/fr\/#website","url":"https:\/\/drmazarro.com\/fr\/","name":"Dr. Mazarro","description":"Cirug\u00eda y Medicina Est\u00e9tica Facial en Barcelona","publisher":{"@id":"https:\/\/drmazarro.com\/fr\/#organization"},"potentialAction":[{"@type":"SearchAction","target":{"@type":"EntryPoint","urlTemplate":"https:\/\/drmazarro.com\/fr\/?s={search_term_string}"},"query-input":{"@type":"PropertyValueSpecification","valueRequired":true,"valueName":"search_term_string"}}],"inLanguage":"fr-FR"},{"@type":"Organization","@id":"https:\/\/drmazarro.com\/fr\/#organization","name":"Dr. Mazarro","url":"https:\/\/drmazarro.com\/fr\/","logo":{"@type":"ImageObject","inLanguage":"fr-FR","@id":"https:\/\/drmazarro.com\/fr\/#\/schema\/logo\/image\/","url":"https:\/\/drmazarro.com\/wp-content\/uploads\/2024\/03\/AM-576.png","contentUrl":"https:\/\/drmazarro.com\/wp-content\/uploads\/2024\/03\/AM-576.png","width":576,"height":576,"caption":"Dr. Mazarro"},"image":{"@id":"https:\/\/drmazarro.com\/fr\/#\/schema\/logo\/image\/"},"sameAs":["https:\/\/www.facebook.com\/Dr-Mazarro-Cirug\u00eda-Est\u00e9tica-Facial-en-Barcelona-101872084913358\/","https:\/\/www.instagram.com\/drmazarro_alejandro\/"]}]}},"_links":{"self":[{"href":"https:\/\/drmazarro.com\/fr\/wp-json\/wp\/v2\/product\/23994","targetHints":{"allow":["GET"]}}],"collection":[{"href":"https:\/\/drmazarro.com\/fr\/wp-json\/wp\/v2\/product"}],"about":[{"href":"https:\/\/drmazarro.com\/fr\/wp-json\/wp\/v2\/types\/product"}],"replies":[{"embeddable":true,"href":"https:\/\/drmazarro.com\/fr\/wp-json\/wp\/v2\/comments?post=23994"}],"wp:featuredmedia":[{"embeddable":true,"href":"https:\/\/drmazarro.com\/fr\/wp-json\/wp\/v2\/media\/23882"}],"wp:attachment":[{"href":"https:\/\/drmazarro.com\/fr\/wp-json\/wp\/v2\/media?parent=23994"}],"wp:term":[{"taxonomy":"product_brand","embeddable":true,"href":"https:\/\/drmazarro.com\/fr\/wp-json\/wp\/v2\/product_brand?post=23994"},{"taxonomy":"product_cat","embeddable":true,"href":"https:\/\/drmazarro.com\/fr\/wp-json\/wp\/v2\/product_cat?post=23994"},{"taxonomy":"product_tag","embeddable":true,"href":"https:\/\/drmazarro.com\/fr\/wp-json\/wp\/v2\/product_tag?post=23994"}],"curies":[{"name":"wp","href":"https:\/\/api.w.org\/{rel}","templated":true}]}}