{"id":23562,"date":"2024-12-26T12:26:51","date_gmt":"2024-12-26T11:26:51","guid":{"rendered":"https:\/\/drmazarro.com\/?page_id=23562"},"modified":"2025-06-30T01:03:01","modified_gmt":"2025-06-29T23:03:01","slug":"politique-de-confidentialite","status":"publish","type":"page","link":"https:\/\/drmazarro.com\/fr\/politique-de-confidentialite\/","title":{"rendered":"Politique de Confidentialit\u00e9"},"content":{"rendered":"<div>\n<h1 style=\"text-align: center;\">POLITIQUE DE CONFIDENTIALIT\u00c9<\/h1>\n<\/div>\n<ul>\n<li>\n<h3>Politique de Confidentialit\u00e9<\/h3>\n<div>\n<div class=\"fusion-text fusion-text-2\">\n<p>Chez drmazarro.com, le respect et la protection des donn\u00e9es personnelles des utilisateurs est une priorit\u00e9. Nous vous invitons \u00e0 prendre connaissance de ces conditions avant de fournir toute information personnelle.<\/p>\n<\/div>\n<\/div>\n<\/li>\n<li>\n<h3>Informations g\u00e9n\u00e9rales<\/h3>\n<div>\n<p>La pr\u00e9sente Politique de Confidentialit\u00e9 fournit des informations d\u00e9taill\u00e9es sur le traitement des donn\u00e9es personnelles des utilisateurs collect\u00e9es lors de leur interaction avec le site web. Cette Politique peut \u00eatre modifi\u00e9e en fonction des exigences l\u00e9gislatives ou d&rsquo;autor\u00e9gulation.<\/p>\n<p>Pour les mineurs de moins de treize ans, le consentement des parents ou tuteurs est requis pour le traitement de leurs donn\u00e9es personnelles. Si vous avez moins de treize ans et que vous avez acc\u00e9d\u00e9 \u00e0 ce site sans en informer vos parents, vous ne devez transmettre aucune donn\u00e9e personnelle via le formulaire.<\/p>\n<\/div>\n<\/li>\n<li>\n<h3>Cadre Juridique<\/h3>\n<div>\n<div class=\"fusion-text fusion-text-6\">\n<div id=\"comp-jkmf73n8\" class=\"txtNew\" data-packed=\"true\">\n<div id=\"comp-jkmfkw2m\" class=\"txtNew\" data-packed=\"true\">\n<p class=\"font_8\">Alejandro Mazarro Campos (ci-apr\u00e8s AMC) a adapt\u00e9 ce site aux exigences de la Loi Organique 15\/1999 du 13 d\u00e9cembre sur la Protection des Donn\u00e9es \u00e0 Caract\u00e8re Personnel (LOPD), au D\u00e9cret Royal 1720\/2007 du 21 d\u00e9cembre, au R\u00e8glement (UE) 2016\/679 (RGPD), et \u00e0 la Loi 34\/2002 du 11 juillet sur les Services de la Soci\u00e9t\u00e9 de l&rsquo;Information et du Commerce \u00c9lectronique (LSSICE).<\/p>\n<\/div>\n<\/div>\n<\/div>\n<\/div>\n<\/li>\n<li>\n<h3>Origine des Donn\u00e9es<\/h3>\n<div>\n<p class=\"font_8\">Les donn\u00e9es personnelles trait\u00e9es par AMC proviennent :<br \/>\u2022 Des formulaires de contact du site www.drmazarro.com<br \/>\u2022 Des formulaires de contact des cliniques\/plateformes affili\u00e9es<br \/>\u2022 Des communications par e-mail (info@drmazarro.com)<br \/>\u2022 Des interactions sur les r\u00e9seaux sociaux (Facebook, Instagram, etc.)<\/p>\n<\/div>\n<\/li>\n<li>\n<h3>Finalit\u00e9 du Traitement des Donn\u00e9es<\/h3>\n<div>\n<p>La collecte et le traitement des donn\u00e9es \u00e0 caract\u00e8re personnel ont pour finalit\u00e9 le maintien de la relation commerciale et l&rsquo;ex\u00e9cution des t\u00e2ches d&rsquo;information, de conseil et autres activit\u00e9s propres \u00e0 AMC. Cela inclut l&rsquo;envoi d&rsquo;informations demand\u00e9es via les formulaires du site www.drmazarro.com, l&rsquo;envoi de newsletters et de communications commerciales li\u00e9es \u00e0 AMC.<\/p>\n<p>En soumettant ses donn\u00e9es personnelles, l&rsquo;utilisateur accepte d&rsquo;\u00eatre contact\u00e9 par t\u00e9l\u00e9phone (appel, SMS, messagerie type WhatsApp\u00ae) ou e-mail par AMC ou tout collaborateur des cliniques affili\u00e9es.<\/p>\n<p>L&rsquo;utilisateur peut exercer son droit d&rsquo;opposition \u00e0 l&rsquo;envoi de communications commerciales \u00e0 tout moment en envoyant un e-mail \u00e0 info@drmazarro.com.<\/p>\n<\/div>\n<\/li>\n<li>\n<h3>Base Juridique du traitement de donn\u00e9es<\/h3>\n<div>\n<p class=\"font_8\">La base juridique du traitement de vos donn\u00e9es est votre acceptation sans \u00e9quivoque et \u00e9clair\u00e9e de la pr\u00e9sente Politique de Confidentialit\u00e9. La soumission de donn\u00e9es personnelles n\u00e9cessite le consentement explicite \u00e0 cette politique, manifest\u00e9 par le cochage actif d&rsquo;une case pr\u00e9vue \u00e0 cet effet.<\/p>\n<\/div>\n<\/li>\n<li>\n<h3>Conservation des Donn\u00e9es<\/h3>\n<div>\n<div class=\"fusion-text fusion-text-14\">\n<div id=\"comp-jkmff1s3\" class=\"txtNew\" data-packed=\"true\">\n<div id=\"comp-jkmfmqkq\" class=\"txtNew\" data-packed=\"true\">\n<div id=\"comp-jkmfophs\" class=\"txtNew\" data-packed=\"true\">\n<p class=\"font_8\">Les donn\u00e9es personnelles fournies sont conserv\u00e9es pendant la dur\u00e9e de la relation commerciale ou jusqu&rsquo;\u00e0 la demande de suppression, et pendant la p\u00e9riode durant laquelle des responsabilit\u00e9s l\u00e9gales pourraient d\u00e9couler des services fournis.<\/p>\n<\/div>\n<\/div>\n<\/div>\n<\/div>\n<\/div>\n<\/li>\n<li>\n<h3>Destinataires des Donn\u00e9es<\/h3>\n<div>\n<p>AMC ne vend ni ne loue de donn\u00e9es personnelles permettant d&rsquo;identifier les utilisateurs. Les donn\u00e9es personnelles seront communiqu\u00e9es aux cliniques affili\u00e9es \u00e0 AMC pour permettre le contact avec l&rsquo;utilisateur.<\/p>\n<p>Lors de la navigation sur www.drmazarro.com, des donn\u00e9es non identifiables peuvent \u00eatre collect\u00e9es, incluant les adresses IP, la localisation g\u00e9ographique approximative, et l&rsquo;utilisation des services. Ce site utilise Google Analytics.<\/p>\n<\/div>\n<\/li>\n<li>\n<h3>Droits des Personnes Concern\u00e9es<\/h3>\n<div>\n<p>Les utilisateurs disposent des droits suivants concernant leurs donn\u00e9es personnelles :<br \/>\u2022 Droit d&rsquo;acc\u00e8s<br \/>\u2022 Droit de rectification ou d&rsquo;effacement<br \/>\u2022 Droit \u00e0 la limitation du traitement<br \/>\u2022 Droit d&rsquo;opposition<br \/>\u2022 Droit \u00e0 la portabilit\u00e9 des donn\u00e9es<\/p>\n<p>Les personnes concern\u00e9es peuvent acc\u00e9der \u00e0 leurs donn\u00e9es, demander leur rectification ou leur suppression, notamment lorsque les donn\u00e9es ne sont plus n\u00e9cessaires aux fins pour lesquelles elles ont \u00e9t\u00e9 collect\u00e9es. Dans certaines circonstances, elles peuvent demander la limitation du traitement ou la <br \/>portabilit\u00e9 des donn\u00e9es.<\/p>\n<p>Les personnes concern\u00e9es peuvent s&rsquo;opposer au traitement de leurs donn\u00e9es pour des raisons tenant \u00e0 leur situation particuli\u00e8re. Dans ce cas, AMC cessera le traitement, sauf pour des motifs l\u00e9gitimes imp\u00e9rieux ou l&rsquo;exercice de droits en justice.<\/p>\n<p>Les personnes concern\u00e9es ont le droit d&rsquo;introduire une r\u00e9clamation aupr\u00e8s de l&rsquo;autorit\u00e9 de contr\u00f4le comp\u00e9tente si elles consid\u00e8rent que le traitement de\u00a0 leurs donn\u00e9es enfreint le R\u00e8glement.<\/p>\n<\/div>\n<\/li>\n<\/ul>\n<div>\n<h2 style=\"text-align: center;\">E-mail<\/h2>\n<h3 style=\"text-align: center;\"><em><a href=\"mailto:info@drmazarro.com\">info@drmazarro.com<\/a><\/em><\/h3>\n<\/div>\n<div>\n<h2 style=\"text-align: center;\">T\u00e9l\u00e9phone<\/h2>\n<h3 style=\"text-align: center;\"><em>644 534 515<\/em><\/h3>\n<\/div>\n<div>\n<h2 style=\"text-align: center;\">WhatsApp<\/h2>\n<h3 style=\"text-align: center;\"><a href=\"whatsapp:\/\/send\/?phone=+34644534515\"><i>644 534 515<\/i><\/a><\/h3>\n<\/div>\n<p><!--more--><br \/>\n<!-- {\"type\":\"layout\",\"children\":[{\"type\":\"section\",\"props\":{\"image_position\":\"center-center\",\"style\":\"default\",\"title_breakpoint\":\"xl\",\"title_position\":\"top-left\",\"title_rotation\":\"left\",\"vertical_align\":\"\",\"width\":\"default\"},\"children\":[{\"type\":\"row\",\"children\":[{\"type\":\"column\",\"props\":{\"image_position\":\"center-center\",\"position_sticky_breakpoint\":\"m\"},\"children\":[{\"type\":\"headline\",\"props\":{\"content\":\"\n\n<h1 style=\\\"text-align: center;\\\">POLITIQUE DE CONFIDENTIALIT\\u00c9<\\\/h1>\",\"title_element\":\"div\"}}]}]},{\"type\":\"row\",\"props\":{\"layout\":\"1-2,1-2\"},\"children\":[{\"type\":\"column\",\"props\":{\"image_position\":\"center-center\",\"position_sticky_breakpoint\":\"m\",\"style\":\"tile-primary\",\"width_medium\":\"1-2\"},\"children\":[{\"type\":\"accordion\",\"props\":{\"collapsible\":true,\"content_column_breakpoint\":\"m\",\"image_align\":\"top\",\"image_grid_breakpoint\":\"m\",\"image_grid_width\":\"1-2\",\"image_svg_color\":\"emphasis\",\"link_style\":\"default\",\"link_text\":\"Read more\",\"show_image\":true,\"show_link\":true},\"children\":[{\"type\":\"accordion_item\",\"props\":{\"content\":\"\n\n<div class=\\\"fusion-text fusion-text-2\\\">\\n\n\n<p>Chez drmazarro.com, le respect et la protection des donn\\u00e9es personnelles des utilisateurs est une priorit\\u00e9. Nous vous invitons \\u00e0 prendre connaissance de ces conditions avant de fournir toute information personnelle.<\\\/p>\\n<\\\/div>\",\"title\":\"Politique de Confidentialit\\u00e9\"}},{\"type\":\"accordion_item\",\"props\":{\"content\":\"\n\n<p>La pr\\u00e9sente Politique de Confidentialit\\u00e9 fournit des informations d\\u00e9taill\\u00e9es sur le traitement des donn\\u00e9es personnelles des utilisateurs collect\\u00e9es lors de leur interaction avec le site web. Cette Politique peut \\u00eatre modifi\\u00e9e en fonction des exigences l\\u00e9gislatives ou d'autor\\u00e9gulation.<\\\/p>\\n\n\n<p>Pour les mineurs de moins de treize ans, le consentement des parents ou tuteurs est requis pour le traitement de leurs donn\\u00e9es personnelles. Si vous avez moins de treize ans et que vous avez acc\\u00e9d\\u00e9 \\u00e0 ce site sans en informer vos parents, vous ne devez transmettre aucune donn\\u00e9e personnelle via le formulaire.<\\\/p>\",\"title\":\"Informations g\\u00e9n\\u00e9rales\"}},{\"type\":\"accordion_item\",\"props\":{\"content\":\"\n\n<div class=\\\"fusion-text fusion-text-6\\\">\\n\n\n<div id=\\\"comp-jkmf73n8\\\" class=\\\"txtNew\\\" data-packed=\\\"true\\\">\\n\n\n<div id=\\\"comp-jkmfkw2m\\\" class=\\\"txtNew\\\" data-packed=\\\"true\\\">\\n\n\n<p class=\\\"font_8\\\">Alejandro Mazarro Campos (ci-apr\\u00e8s AMC) a adapt\\u00e9 ce site aux exigences de la Loi Organique 15\\\/1999 du 13 d\\u00e9cembre sur la Protection des Donn\\u00e9es \\u00e0 Caract\\u00e8re Personnel (LOPD), au D\\u00e9cret Royal 1720\\\/2007 du 21 d\\u00e9cembre, au R\\u00e8glement (UE) 2016\\\/679 (RGPD), et \\u00e0 la Loi 34\\\/2002 du 11 juillet sur les Services de la Soci\\u00e9t\\u00e9 de l'Information et du Commerce \\u00c9lectronique (LSSICE).<\\\/p>\\n<\\\/div>\\n<\\\/div>\\n<\\\/div>\",\"title\":\"Cadre Juridique\"}},{\"type\":\"accordion_item\",\"props\":{\"content\":\"\n\n<p class=\\\"font_8\\\">Les donn\\u00e9es personnelles trait\\u00e9es par AMC proviennent :<br \\\/>\\u2022 Des formulaires de contact du site www.drmazarro.com<br \\\/>\\u2022 Des formulaires de contact des cliniques\\\/plateformes affili\\u00e9es<br \\\/>\\u2022 Des communications par e-mail (info@drmazarro.com)<br \\\/>\\u2022 Des interactions sur les r\\u00e9seaux sociaux (Facebook, Instagram, etc.)<\\\/p>\",\"title\":\"Origine des Donn\\u00e9es\"}},{\"type\":\"accordion_item\",\"props\":{\"content\":\"\n\n<p>La collecte et le traitement des donn\\u00e9es \\u00e0 caract\\u00e8re personnel ont pour finalit\\u00e9 le maintien de la relation commerciale et l'ex\\u00e9cution des t\\u00e2ches d'information, de conseil et autres activit\\u00e9s propres \\u00e0 AMC. Cela inclut l'envoi d'informations demand\\u00e9es via les formulaires du site www.drmazarro.com, l'envoi de newsletters et de communications commerciales li\\u00e9es \\u00e0 AMC.<\\\/p>\\n\n\n<p>En soumettant ses donn\\u00e9es personnelles, l'utilisateur accepte d'\\u00eatre contact\\u00e9 par t\\u00e9l\\u00e9phone (appel, SMS, messagerie type WhatsApp\\u00ae) ou e-mail par AMC ou tout collaborateur des cliniques affili\\u00e9es.<\\\/p>\\n\n\n<p>L'utilisateur peut exercer son droit d'opposition \\u00e0 l'envoi de communications commerciales \\u00e0 tout moment en envoyant un e-mail \\u00e0 info@drmazarro.com.<\\\/p>\",\"title\":\"Finalit\\u00e9 du Traitement des Donn\\u00e9es\"}},{\"type\":\"accordion_item\",\"props\":{\"content\":\"\n\n<p class=\\\"font_8\\\">La base juridique du traitement de vos donn\\u00e9es est votre acceptation sans \\u00e9quivoque et \\u00e9clair\\u00e9e de la pr\\u00e9sente Politique de Confidentialit\\u00e9. La soumission de donn\\u00e9es personnelles n\\u00e9cessite le consentement explicite \\u00e0 cette politique, manifest\\u00e9 par le cochage actif d'une case pr\\u00e9vue \\u00e0 cet effet.<\\\/p>\",\"title\":\"Base Juridique du traitement de donn\\u00e9es\"}},{\"type\":\"accordion_item\",\"props\":{\"content\":\"\n\n<div class=\\\"fusion-text fusion-text-14\\\">\\n\n\n<div id=\\\"comp-jkmff1s3\\\" class=\\\"txtNew\\\" data-packed=\\\"true\\\">\\n\n\n<div id=\\\"comp-jkmfmqkq\\\" class=\\\"txtNew\\\" data-packed=\\\"true\\\">\\n\n\n<div id=\\\"comp-jkmfophs\\\" class=\\\"txtNew\\\" data-packed=\\\"true\\\">\\n\n\n<p class=\\\"font_8\\\">Les donn\\u00e9es personnelles fournies sont conserv\\u00e9es pendant la dur\\u00e9e de la relation commerciale ou jusqu'\\u00e0 la demande de suppression, et pendant la p\\u00e9riode durant laquelle des responsabilit\\u00e9s l\\u00e9gales pourraient d\\u00e9couler des services fournis.<\\\/p>\\n<\\\/div>\\n<\\\/div>\\n<\\\/div>\\n<\\\/div>\",\"title\":\"Conservation des Donn\\u00e9es\"}},{\"type\":\"accordion_item\",\"props\":{\"content\":\"\n\n<p>AMC ne vend ni ne loue de donn\\u00e9es personnelles permettant d'identifier les utilisateurs. Les donn\\u00e9es personnelles seront communiqu\\u00e9es aux cliniques affili\\u00e9es \\u00e0 AMC pour permettre le contact avec l'utilisateur.<\\\/p>\\n\n\n<p>Lors de la navigation sur www.drmazarro.com, des donn\\u00e9es non identifiables peuvent \\u00eatre collect\\u00e9es, incluant les adresses IP, la localisation g\\u00e9ographique approximative, et l'utilisation des services. Ce site utilise Google Analytics.<\\\/p>\",\"title\":\"Destinataires des Donn\\u00e9es\"}},{\"type\":\"accordion_item\",\"props\":{\"content\":\"\n\n<p>Les utilisateurs disposent des droits suivants concernant leurs donn\\u00e9es personnelles :<br \\\/>\\u2022 Droit d'acc\\u00e8s<br \\\/>\\u2022 Droit de rectification ou d'effacement<br \\\/>\\u2022 Droit \\u00e0 la limitation du traitement<br \\\/>\\u2022 Droit d'opposition<br \\\/>\\u2022 Droit \\u00e0 la portabilit\\u00e9 des donn\\u00e9es<\\\/p>\\n\n\n<p>Les personnes concern\\u00e9es peuvent acc\\u00e9der \\u00e0 leurs donn\\u00e9es, demander leur rectification ou leur suppression, notamment lorsque les donn\\u00e9es ne sont plus n\\u00e9cessaires aux fins pour lesquelles elles ont \\u00e9t\\u00e9 collect\\u00e9es. Dans certaines circonstances, elles peuvent demander la limitation du traitement ou la <br \\\/>portabilit\\u00e9 des donn\\u00e9es.<\\\/p>\\n\n\n<p>Les personnes concern\\u00e9es peuvent s'opposer au traitement de leurs donn\\u00e9es pour des raisons tenant \\u00e0 leur situation particuli\\u00e8re. Dans ce cas, AMC cessera le traitement, sauf pour des motifs l\\u00e9gitimes imp\\u00e9rieux ou l'exercice de droits en justice.<\\\/p>\\n\n\n<p>Les personnes concern\\u00e9es ont le droit d'introduire une r\\u00e9clamation aupr\\u00e8s de l'autorit\\u00e9 de contr\\u00f4le comp\\u00e9tente si elles consid\\u00e8rent que le traitement de\\u00a0 leurs donn\\u00e9es enfreint le R\\u00e8glement.<\\\/p>\",\"title\":\"Droits des Personnes Concern\\u00e9es\"}}]}]},{\"type\":\"column\",\"props\":{\"image_position\":\"center-center\",\"position_sticky_breakpoint\":\"m\",\"vertical_align\":\"middle\",\"width_medium\":\"1-2\"},\"children\":[{\"type\":\"headline\",\"props\":{\"content\":\"\n\n<h2 style=\\\"text-align: center;\\\">E-mail<\\\/h2>\\n\n\n<h3 style=\\\"text-align: center;\\\"><em><a href=\\\"mailto:info@drmazarro.com\\\">info@drmazarro.com<\\\/a><\\\/em><\\\/h3>\",\"title_element\":\"div\"}},{\"type\":\"headline\",\"props\":{\"content\":\"\n\n<h2 style=\\\"text-align: center;\\\">T\\u00e9l\\u00e9phone<\\\/h2>\\n\n\n<h3 style=\\\"text-align: center;\\\"><em>644 534 515<\\\/em><\\\/h3>\",\"title_element\":\"div\"}},{\"type\":\"headline\",\"props\":{\"content\":\"\n\n<h2 style=\\\"text-align: center;\\\">WhatsApp<\\\/h2>\\n\n\n<h3 style=\\\"text-align: center;\\\"><a href=\\\"whatsapp:\\\/\\\/send\\\/?phone=+34644534515\\\"><i>644 534 515<\\\/i><\\\/a><\\\/h3>\",\"title_element\":\"div\"}}]}]}],\"name\":\"section - contacto\"}],\"version\":\"4.5.5\"} --><\/p>\n","protected":false},"excerpt":{"rendered":"<p>POLITIQUE DE CONFIDENTIALIT\u00c9 Politique de Confidentialit\u00e9 Chez drmazarro.com, le respect et la protection des donn\u00e9es personnelles des utilisateurs est une priorit\u00e9. Nous vous invitons \u00e0 prendre connaissance de ces conditions avant de fournir toute information personnelle. Informations g\u00e9n\u00e9rales La pr\u00e9sente Politique de Confidentialit\u00e9 fournit des informations d\u00e9taill\u00e9es sur le traitement des donn\u00e9es personnelles des utilisateurs [&hellip;]<\/p>\n","protected":false},"author":1,"featured_media":0,"parent":0,"menu_order":0,"comment_status":"closed","ping_status":"closed","template":"","meta":{"_acf_changed":false,"_monsterinsights_skip_tracking":false,"_monsterinsights_sitenote_active":false,"_monsterinsights_sitenote_note":"","_monsterinsights_sitenote_category":0,"footnotes":""},"class_list":["post-23562","page","type-page","status-publish","hentry"],"acf":[],"yoast_head":"<!-- This site is optimized with the Yoast SEO plugin v27.3 - https:\/\/yoast.com\/product\/yoast-seo-wordpress\/ -->\n<title>Politique de Confidentialit\u00e9 | Dr. Mazarro<\/title>\n<meta name=\"description\" content=\"Politique de confidentialit\u00e9 du site web | Contact via: +34 644 534 515 \/ info@drmazarro.com | Dr. Mazarro\" \/>\n<meta name=\"robots\" content=\"index, follow, max-snippet:-1, max-image-preview:large, max-video-preview:-1\" \/>\n<link rel=\"canonical\" href=\"https:\/\/drmazarro.com\/fr\/politique-de-confidentialite\/\" \/>\n<meta property=\"og:locale\" content=\"fr_FR\" \/>\n<meta property=\"og:type\" content=\"article\" \/>\n<meta property=\"og:title\" content=\"Politique de Confidentialit\u00e9 | Dr. Mazarro\" \/>\n<meta property=\"og:description\" content=\"Politique de confidentialit\u00e9 du site web | Contact via: +34 644 534 515 \/ info@drmazarro.com | Dr. Mazarro\" \/>\n<meta property=\"og:url\" content=\"https:\/\/drmazarro.com\/fr\/politique-de-confidentialite\/\" \/>\n<meta property=\"og:site_name\" content=\"Dr. Mazarro\" \/>\n<meta property=\"article:publisher\" content=\"https:\/\/www.facebook.com\/Dr-Mazarro-Cirug%c3%ada-Est%c3%a9tica-Facial-en-Barcelona-101872084913358\/\" \/>\n<meta property=\"article:modified_time\" content=\"2025-06-29T23:03:01+00:00\" \/>\n<meta property=\"og:image\" content=\"https:\/\/drmazarro.com\/wp-content\/uploads\/2024\/03\/AM-576.png\" \/>\n\t<meta property=\"og:image:width\" content=\"576\" \/>\n\t<meta property=\"og:image:height\" content=\"576\" \/>\n\t<meta property=\"og:image:type\" content=\"image\/png\" \/>\n<meta name=\"twitter:card\" content=\"summary_large_image\" \/>\n<meta name=\"twitter:label1\" content=\"Dur\u00e9e de lecture estim\u00e9e\" \/>\n\t<meta name=\"twitter:data1\" content=\"3 minutes\" \/>\n<!-- \/ Yoast SEO plugin. -->","yoast_head_json":{"title":"Politique de Confidentialit\u00e9 | Dr. Mazarro","description":"Politique de confidentialit\u00e9 du site web | Contact via: +34 644 534 515 \/ info@drmazarro.com | Dr. Mazarro","robots":{"index":"index","follow":"follow","max-snippet":"max-snippet:-1","max-image-preview":"max-image-preview:large","max-video-preview":"max-video-preview:-1"},"canonical":"https:\/\/drmazarro.com\/fr\/politique-de-confidentialite\/","og_locale":"fr_FR","og_type":"article","og_title":"Politique de Confidentialit\u00e9 | Dr. Mazarro","og_description":"Politique de confidentialit\u00e9 du site web | Contact via: +34 644 534 515 \/ info@drmazarro.com | Dr. Mazarro","og_url":"https:\/\/drmazarro.com\/fr\/politique-de-confidentialite\/","og_site_name":"Dr. Mazarro","article_publisher":"https:\/\/www.facebook.com\/Dr-Mazarro-Cirug%c3%ada-Est%c3%a9tica-Facial-en-Barcelona-101872084913358\/","article_modified_time":"2025-06-29T23:03:01+00:00","og_image":[{"width":576,"height":576,"url":"https:\/\/drmazarro.com\/wp-content\/uploads\/2024\/03\/AM-576.png","type":"image\/png"}],"twitter_card":"summary_large_image","twitter_misc":{"Dur\u00e9e de lecture estim\u00e9e":"3 minutes"},"schema":{"@context":"https:\/\/schema.org","@graph":[{"@type":"WebPage","@id":"https:\/\/drmazarro.com\/fr\/politique-de-confidentialite\/","url":"https:\/\/drmazarro.com\/fr\/politique-de-confidentialite\/","name":"Politique de Confidentialit\u00e9 | Dr. Mazarro","isPartOf":{"@id":"https:\/\/drmazarro.com\/fr\/#website"},"datePublished":"2024-12-26T11:26:51+00:00","dateModified":"2025-06-29T23:03:01+00:00","description":"Politique de confidentialit\u00e9 du site web | Contact via: +34 644 534 515 \/ info@drmazarro.com | Dr. Mazarro","breadcrumb":{"@id":"https:\/\/drmazarro.com\/fr\/politique-de-confidentialite\/#breadcrumb"},"inLanguage":"fr-FR","potentialAction":[{"@type":"ReadAction","target":["https:\/\/drmazarro.com\/fr\/politique-de-confidentialite\/"]}]},{"@type":"BreadcrumbList","@id":"https:\/\/drmazarro.com\/fr\/politique-de-confidentialite\/#breadcrumb","itemListElement":[{"@type":"ListItem","position":1,"name":"Portada","item":"https:\/\/drmazarro.com\/fr\/"},{"@type":"ListItem","position":2,"name":"Politique de Confidentialit\u00e9"}]},{"@type":"WebSite","@id":"https:\/\/drmazarro.com\/fr\/#website","url":"https:\/\/drmazarro.com\/fr\/","name":"Dr. Mazarro","description":"Cirug\u00eda y Medicina Est\u00e9tica Facial en Barcelona","publisher":{"@id":"https:\/\/drmazarro.com\/fr\/#organization"},"potentialAction":[{"@type":"SearchAction","target":{"@type":"EntryPoint","urlTemplate":"https:\/\/drmazarro.com\/fr\/?s={search_term_string}"},"query-input":{"@type":"PropertyValueSpecification","valueRequired":true,"valueName":"search_term_string"}}],"inLanguage":"fr-FR"},{"@type":"Organization","@id":"https:\/\/drmazarro.com\/fr\/#organization","name":"Dr. Mazarro","url":"https:\/\/drmazarro.com\/fr\/","logo":{"@type":"ImageObject","inLanguage":"fr-FR","@id":"https:\/\/drmazarro.com\/fr\/#\/schema\/logo\/image\/","url":"https:\/\/drmazarro.com\/wp-content\/uploads\/2024\/03\/AM-576.png","contentUrl":"https:\/\/drmazarro.com\/wp-content\/uploads\/2024\/03\/AM-576.png","width":576,"height":576,"caption":"Dr. Mazarro"},"image":{"@id":"https:\/\/drmazarro.com\/fr\/#\/schema\/logo\/image\/"},"sameAs":["https:\/\/www.facebook.com\/Dr-Mazarro-Cirug\u00eda-Est\u00e9tica-Facial-en-Barcelona-101872084913358\/","https:\/\/www.instagram.com\/drmazarro_alejandro\/"]}]}},"_links":{"self":[{"href":"https:\/\/drmazarro.com\/fr\/wp-json\/wp\/v2\/pages\/23562","targetHints":{"allow":["GET"]}}],"collection":[{"href":"https:\/\/drmazarro.com\/fr\/wp-json\/wp\/v2\/pages"}],"about":[{"href":"https:\/\/drmazarro.com\/fr\/wp-json\/wp\/v2\/types\/page"}],"author":[{"embeddable":true,"href":"https:\/\/drmazarro.com\/fr\/wp-json\/wp\/v2\/users\/1"}],"replies":[{"embeddable":true,"href":"https:\/\/drmazarro.com\/fr\/wp-json\/wp\/v2\/comments?post=23562"}],"version-history":[{"count":6,"href":"https:\/\/drmazarro.com\/fr\/wp-json\/wp\/v2\/pages\/23562\/revisions"}],"predecessor-version":[{"id":25152,"href":"https:\/\/drmazarro.com\/fr\/wp-json\/wp\/v2\/pages\/23562\/revisions\/25152"}],"wp:attachment":[{"href":"https:\/\/drmazarro.com\/fr\/wp-json\/wp\/v2\/media?parent=23562"}],"curies":[{"name":"wp","href":"https:\/\/api.w.org\/{rel}","templated":true}]}}