{"id":23552,"date":"2024-12-26T12:08:55","date_gmt":"2024-12-26T11:08:55","guid":{"rendered":"https:\/\/drmazarro.com\/?page_id=23552"},"modified":"2024-12-26T12:12:46","modified_gmt":"2024-12-26T11:12:46","slug":"mentions-legales","status":"publish","type":"page","link":"https:\/\/drmazarro.com\/fr\/mentions-legales\/","title":{"rendered":"Mentions L\u00e9gales"},"content":{"rendered":"<h1>\n<h1 style=\"text-align: center;\">MENTIONS L\u00c9GALES<\/h1>\n<\/h1>\n<ul>\n<li>\n<h3>Mentions l\u00e9gales<\/h3>\n<div>\n<div class=\"fusion-text fusion-text-2\">\n<div class=\"fusion-text fusion-text-2\">\n<p>Ce site web est conforme \u00e0 la Loi Organique 15\/1999 du 13 d\u00e9cembre sur la Protection des Donn\u00e9es \u00e0 Caract\u00e8re Personnel (LOPD), au D\u00e9cret Royal 1720\/2007 du 21 d\u00e9cembre, connu comme le R\u00e8glement de d\u00e9veloppement de la LOPD. Il est \u00e9galement conforme au R\u00e8glement (UE) 2016\/679 du Parlement Europ\u00e9en et du Conseil du 27 avril 2016 relatif \u00e0 la protection des personnes physiques (RGPD), ainsi qu&rsquo;\u00e0 la Loi 34\/2002 du 11 juillet sur les Services de la Soci\u00e9t\u00e9 de l&rsquo;Information et du Commerce \u00c9lectronique (LSSICE ou LSSI).<\/p>\n<\/div>\n<\/div>\n<\/div>\n<\/li>\n<li>\n<h3>Responsable du traitement<\/h3>\n<div>\n<div id=\"comp-jkmf73n8\" class=\"txtNew\" data-packed=\"true\">\n<p class=\"font_2\">Identit\u00e9 du responsable : Alejandro Mazarro Campos<\/p>\n<p class=\"font_2\">NIF: 47867253K<\/p>\n<p class=\"font_2\">Courriel : info@drmazarro.com<\/p>\n<\/div>\n<\/div>\n<\/li>\n<li>\n<h3>Conditions d&rsquo;utilisation<\/h3>\n<div>\n<div class=\"fusion-text fusion-text-6\">\n<div id=\"comp-jkmf73n8\" class=\"txtNew\" data-packed=\"true\">\n<div id=\"comp-jkmfkw2m\" class=\"txtNew\" data-packed=\"true\">\n<p>Les pr\u00e9sentes Conditions G\u00e9n\u00e9rales r\u00e9gissent l&rsquo;utilisation (y compris le simple acc\u00e8s) des pages web du site www.drmazarro.com, incluant les contenus et services mis \u00e0 disposition. Toute personne acc\u00e9dant \u00e0 ce site (ci-apr\u00e8s \u00ab\u00a0l&rsquo;utilisateur\u00a0\u00bb) accepte de se soumettre aux Conditions G\u00e9n\u00e9rales en vigueur du portail www.drmazarro.com<\/p>\n<p>Les contenus et informations ne lient pas Alejandro Mazarro Campos (ci-apr\u00e8s AMC) et ne constituent pas un service de conseil m\u00e9dical ou de t\u00e9l\u00e9m\u00e9decine, s&rsquo;agissant uniquement d&rsquo;un service \u00e0 caract\u00e8re informatif et \u00e9ducatif. Les cliniques o\u00f9 collabore le Dr Mazarro sont \u00e9trang\u00e8res \u00e0 ces informations et ne sont donc pas tenues d&rsquo;en r\u00e9pondre.<\/p>\n<p>Le site Internet www.drmazarro.com peut contenir des liens vers d&rsquo;autres sites tiers qu&rsquo;AMC ne peut pas contr\u00f4ler. Par cons\u00e9quent, AMC ne peut assumer aucune responsabilit\u00e9 quant au contenu pouvant appara\u00eetre sur les sites tiers.<\/p>\n<p>Les textes, images et autres contenus inclus sur ce site sont la propri\u00e9t\u00e9 exclusive d&rsquo;AMC ou de ses conc\u00e9dants. Tout acte de transmission, distribution, cession, reproduction, stockage ou communication publique totale ou partielle doit faire l&rsquo;objet d&rsquo;un consentement expr\u00e8s d&rsquo;AMC. Les photographies de patients apparaissant sur le site ont \u00e9t\u00e9 obtenues et reproduites avec le consentement \u00e9clair\u00e9 du patient.<\/p>\n<p>De plus, pour acc\u00e9der \u00e0 certains services propos\u00e9s par AMC via le site, l&rsquo;utilisateur devra fournir certaines donn\u00e9es \u00e0 caract\u00e8re personnel. Conform\u00e9ment au R\u00e8glement (UE) 2016\/679 du Parlement Europ\u00e9en et du Conseil du 27 avril 2016 relatif \u00e0 la protection des personnes physiques \u00e0 l&rsquo;\u00e9gard du traitement des donn\u00e9es \u00e0 caract\u00e8re personnel et \u00e0 la libre circulation de ces donn\u00e9es, nous vous informons que vos donn\u00e9es personnelles seront incorpor\u00e9es et trait\u00e9es dans les fichiers d&rsquo;AMC afin de pouvoir fournir et offrir nos services ainsi que pour vous informer des am\u00e9liorations du site web. Nous vous informons \u00e9galement de votre droit d&rsquo;acc\u00e8s, de rectification, d&rsquo;effacement, de portabilit\u00e9 et d&rsquo;opposition concernant vos donn\u00e9es personnelles, par email \u00e0 <a href=\"mailto:info@drmazarro.com\">info@drmazarro.com<\/a>. Vous pouvez consulter <a href=\"https:\/\/drmazarro.com\/politicadeprivacidad\">ici<\/a> la Politique de Confidentialit\u00e9 du site.<\/p>\n<\/div>\n<\/div>\n<\/div>\n<\/div>\n<\/li>\n<li>\n<h3>Mesures de s\u00e9curit\u00e9<\/h3>\n<div>\n<p>Le site web www.drmazarro.com dispose d&rsquo;un protocole de s\u00e9curit\u00e9 https, garantissant les meilleures conditions de s\u00e9curit\u00e9 pour que la confidentialit\u00e9 des utilisateurs soit prot\u00e9g\u00e9e. N\u00e9anmoins, l&rsquo;utilisateur doit \u00eatre conscient que les mesures de s\u00e9curit\u00e9 des syst\u00e8mes informatiques sur Internet ne sont pas enti\u00e8rement fiables et que, par cons\u00e9quent, AMC ne peut garantir la s\u00e9curit\u00e9 absolue de ces donn\u00e9es ni l&rsquo;absence de logiciels malveillants ou d&rsquo;autres \u00e9l\u00e9ments susceptibles de produire des alt\u00e9rations dans les syst\u00e8mes informatiques (logiciels et mat\u00e9riels) de l&rsquo;utilisateur ou dans ses documents \u00e9lectroniques et fichiers qu&rsquo;ils contiennent, bien que nous mettions en \u0153uvre tous les moyens n\u00e9cessaires et les mesures de s\u00e9curit\u00e9 appropri\u00e9es pour \u00e9viter la pr\u00e9sence de ces \u00e9l\u00e9ments nuisibles.<\/p>\n<\/div>\n<\/li>\n<li>\n<h3>Exclusion de garanties<\/h3>\n<div>\n<p class=\"font_8\">AMC n&rsquo;accorde aucune garantie et n&rsquo;assume aucune responsabilit\u00e9, en aucun cas, pour les dommages et pr\u00e9judices de toute nature qui pourraient r\u00e9sulter de :<\/p>\n<ul class=\"font_8\">\n<li>\n<p class=\"font_8\">L&rsquo;indisponibilit\u00e9, la maintenance et le fonctionnement effectif du site ou de ses services et contenus;<\/p>\n<\/li>\n<li>\n<p class=\"font_8\">L&rsquo;existence de logiciels malveillants, programmes malicieux ou nuisibles dans les contenus;<\/p>\n<\/li>\n<li>\n<p class=\"font_8\">L&rsquo;utilisation illicite, n\u00e9gligente, frauduleuse ou contraire aux pr\u00e9sentes Mentions L\u00e9gales;<\/p>\n<\/li>\n<li>\n<p class=\"font_8\">Le manque de lic\u00e9it\u00e9, qualit\u00e9, fiabilit\u00e9, utilit\u00e9 et disponibilit\u00e9 des services fournis par des tiers <br \/>et mis \u00e0 la disposition des utilisateurs sur le site web.<\/p>\n<\/li>\n<\/ul>\n<p class=\"font_8\">Le prestataire n&rsquo;assume aucune responsabilit\u00e9 pour les dommages pouvant r\u00e9sulter de l&rsquo;utilisation ill\u00e9gale ou inappropri\u00e9e du pr\u00e9sent site web.<\/p>\n<\/div>\n<\/li>\n<\/ul>\n<h1>\n<h2 style=\"text-align: center;\">E-mail<\/h2>\n<h3 style=\"text-align: center;\"><em><a href=\"mailto:info@drmazarro.com\">info@drmazarro.com<\/a><\/em><\/h3>\n<\/h1>\n<h1>\n<h2 style=\"text-align: center;\">T\u00e9l\u00e9phone<\/h2>\n<h3 style=\"text-align: center;\"><em>644 534 515<\/em><\/h3>\n<\/h1>\n<h1>\n<h2 style=\"text-align: center;\">WhatsApp<\/h2>\n<h3 style=\"text-align: center;\"><a href=\"whatsapp:\/\/send\/?phone=+34644534515\"><i>644 534 515<\/i><\/a><\/h3>\n<\/h1>\n<p><!--more--><br \/>\n<!-- {\"type\":\"layout\",\"children\":[{\"type\":\"section\",\"props\":{\"image_position\":\"center-center\",\"style\":\"default\",\"title_breakpoint\":\"xl\",\"title_position\":\"top-left\",\"title_rotation\":\"left\",\"vertical_align\":\"middle\",\"width\":\"default\"},\"children\":[{\"type\":\"row\",\"children\":[{\"type\":\"column\",\"props\":{\"image_position\":\"center-center\",\"position_sticky_breakpoint\":\"m\"},\"children\":[{\"type\":\"headline\",\"props\":{\"content\":\"\n\n<h1 style=\\\"text-align: center;\\\">MENTIONS L\\u00c9GALES<\\\/h1>\",\"title_element\":\"h1\"}}]}]},{\"type\":\"row\",\"props\":{\"layout\":\"1-2,1-2\"},\"children\":[{\"type\":\"column\",\"props\":{\"image_position\":\"center-center\",\"position_sticky_breakpoint\":\"m\",\"style\":\"tile-primary\",\"width_medium\":\"1-2\"},\"children\":[{\"type\":\"accordion\",\"props\":{\"collapsible\":true,\"content_column_breakpoint\":\"m\",\"image_align\":\"top\",\"image_grid_breakpoint\":\"m\",\"image_grid_width\":\"1-2\",\"image_svg_color\":\"emphasis\",\"link_style\":\"default\",\"link_text\":\"Read more\",\"show_image\":true,\"show_link\":true},\"children\":[{\"type\":\"accordion_item\",\"props\":{\"content\":\"\n\n<div class=\\\"fusion-text fusion-text-2\\\">\\n\n\n<div class=\\\"fusion-text fusion-text-2\\\">\\n\n\n<p>Ce site web est conforme \\u00e0 la Loi Organique 15\\\/1999 du 13 d\\u00e9cembre sur la Protection des Donn\\u00e9es \\u00e0 Caract\\u00e8re Personnel (LOPD), au D\\u00e9cret Royal 1720\\\/2007 du 21 d\\u00e9cembre, connu comme le R\\u00e8glement de d\\u00e9veloppement de la LOPD. Il est \\u00e9galement conforme au R\\u00e8glement (UE) 2016\\\/679 du Parlement Europ\\u00e9en et du Conseil du 27 avril 2016 relatif \\u00e0 la protection des personnes physiques (RGPD), ainsi qu'\\u00e0 la Loi 34\\\/2002 du 11 juillet sur les Services de la Soci\\u00e9t\\u00e9 de l'Information et du Commerce \\u00c9lectronique (LSSICE ou LSSI).<\\\/p>\\n<\\\/div>\\n<\\\/div>\",\"title\":\"Mentions l\\u00e9gales\"}},{\"type\":\"accordion_item\",\"props\":{\"content\":\"\n\n<div id=\\\"comp-jkmf73n8\\\" class=\\\"txtNew\\\" data-packed=\\\"true\\\">\\n\n\n<p class=\\\"font_2\\\">Identit\\u00e9 du responsable : Alejandro Mazarro Campos<\\\/p>\\n\n\n<p class=\\\"font_2\\\">NIF: 47867253K<\\\/p>\\n\n\n<p class=\\\"font_2\\\">Courriel : info@drmazarro.com<\\\/p>\\n<\\\/div>\",\"title\":\"Responsable du traitement\"}},{\"type\":\"accordion_item\",\"props\":{\"content\":\"\n\n<div class=\\\"fusion-text fusion-text-6\\\">\\n\n\n<div id=\\\"comp-jkmf73n8\\\" class=\\\"txtNew\\\" data-packed=\\\"true\\\">\\n\n\n<div id=\\\"comp-jkmfkw2m\\\" class=\\\"txtNew\\\" data-packed=\\\"true\\\">\\n\n\n<p>Les pr\\u00e9sentes Conditions G\\u00e9n\\u00e9rales r\\u00e9gissent l'utilisation (y compris le simple acc\\u00e8s) des pages web du site www.drmazarro.com, incluant les contenus et services mis \\u00e0 disposition. Toute personne acc\\u00e9dant \\u00e0 ce site (ci-apr\\u00e8s \\\"l'utilisateur\\\") accepte de se soumettre aux Conditions G\\u00e9n\\u00e9rales en vigueur du portail www.drmazarro.com<\\\/p>\\n\n\n<p>Les contenus et informations ne lient pas Alejandro Mazarro Campos (ci-apr\\u00e8s AMC) et ne constituent pas un service de conseil m\\u00e9dical ou de t\\u00e9l\\u00e9m\\u00e9decine, s'agissant uniquement d'un service \\u00e0 caract\\u00e8re informatif et \\u00e9ducatif. Les cliniques o\\u00f9 collabore le Dr Mazarro sont \\u00e9trang\\u00e8res \\u00e0 ces informations et ne sont donc pas tenues d'en r\\u00e9pondre.<\\\/p>\\n\n\n<p>Le site Internet www.drmazarro.com peut contenir des liens vers d'autres sites tiers qu'AMC ne peut pas contr\\u00f4ler. Par cons\\u00e9quent, AMC ne peut assumer aucune responsabilit\\u00e9 quant au contenu pouvant appara\\u00eetre sur les sites tiers.<\\\/p>\\n\n\n<p>Les textes, images et autres contenus inclus sur ce site sont la propri\\u00e9t\\u00e9 exclusive d'AMC ou de ses conc\\u00e9dants. Tout acte de transmission, distribution, cession, reproduction, stockage ou communication publique totale ou partielle doit faire l'objet d'un consentement expr\\u00e8s d'AMC. Les photographies de patients apparaissant sur le site ont \\u00e9t\\u00e9 obtenues et reproduites avec le consentement \\u00e9clair\\u00e9 du patient.<\\\/p>\\n\n\n<p>De plus, pour acc\\u00e9der \\u00e0 certains services propos\\u00e9s par AMC via le site, l'utilisateur devra fournir certaines donn\\u00e9es \\u00e0 caract\\u00e8re personnel. Conform\\u00e9ment au R\\u00e8glement (UE) 2016\\\/679 du Parlement Europ\\u00e9en et du Conseil du 27 avril 2016 relatif \\u00e0 la protection des personnes physiques \\u00e0 l'\\u00e9gard du traitement des donn\\u00e9es \\u00e0 caract\\u00e8re personnel et \\u00e0 la libre circulation de ces donn\\u00e9es, nous vous informons que vos donn\\u00e9es personnelles seront incorpor\\u00e9es et trait\\u00e9es dans les fichiers d'AMC afin de pouvoir fournir et offrir nos services ainsi que pour vous informer des am\\u00e9liorations du site web. Nous vous informons \\u00e9galement de votre droit d'acc\\u00e8s, de rectification, d'effacement, de portabilit\\u00e9 et d'opposition concernant vos donn\\u00e9es personnelles, par email \\u00e0 <a href=\\\"mailto:info@drmazarro.com\\\">info@drmazarro.com<\\\/a>. Vous pouvez consulter <a href=\\\"https:\\\/\\\/drmazarro.com\\\/politicadeprivacidad\\\">ici<\\\/a> la Politique de Confidentialit\\u00e9 du site.<\\\/p>\\n<\\\/div>\\n<\\\/div>\\n<\\\/div>\",\"title\":\"Conditions d'utilisation\"}},{\"type\":\"accordion_item\",\"props\":{\"content\":\"\n\n<p>Le site web www.drmazarro.com dispose d'un protocole de s\\u00e9curit\\u00e9 https, garantissant les meilleures conditions de s\\u00e9curit\\u00e9 pour que la confidentialit\\u00e9 des utilisateurs soit prot\\u00e9g\\u00e9e. N\\u00e9anmoins, l'utilisateur doit \\u00eatre conscient que les mesures de s\\u00e9curit\\u00e9 des syst\\u00e8mes informatiques sur Internet ne sont pas enti\\u00e8rement fiables et que, par cons\\u00e9quent, AMC ne peut garantir la s\\u00e9curit\\u00e9 absolue de ces donn\\u00e9es ni l'absence de logiciels malveillants ou d'autres \\u00e9l\\u00e9ments susceptibles de produire des alt\\u00e9rations dans les syst\\u00e8mes informatiques (logiciels et mat\\u00e9riels) de l'utilisateur ou dans ses documents \\u00e9lectroniques et fichiers qu'ils contiennent, bien que nous mettions en \\u0153uvre tous les moyens n\\u00e9cessaires et les mesures de s\\u00e9curit\\u00e9 appropri\\u00e9es pour \\u00e9viter la pr\\u00e9sence de ces \\u00e9l\\u00e9ments nuisibles.<\\\/p>\",\"title\":\"Mesures de s\\u00e9curit\\u00e9\"}},{\"type\":\"accordion_item\",\"props\":{\"content\":\"\n\n<p class=\\\"font_8\\\">AMC n'accorde aucune garantie et n'assume aucune responsabilit\\u00e9, en aucun cas, pour les dommages et pr\\u00e9judices de toute nature qui pourraient r\\u00e9sulter de :<\\\/p>\\n\n\n<ul class=\\\"font_8\\\">\\n\n\n<li>\\n\n\n<p class=\\\"font_8\\\">L'indisponibilit\\u00e9, la maintenance et le fonctionnement effectif du site ou de ses services et contenus;<\\\/p>\\n<\\\/li>\\n\n\n<li>\\n\n\n<p class=\\\"font_8\\\">L'existence de logiciels malveillants, programmes malicieux ou nuisibles dans les contenus;<\\\/p>\\n<\\\/li>\\n\n\n<li>\\n\n\n<p class=\\\"font_8\\\">L'utilisation illicite, n\\u00e9gligente, frauduleuse ou contraire aux pr\\u00e9sentes Mentions L\\u00e9gales;<\\\/p>\\n<\\\/li>\\n\n\n<li>\\n\n\n<p class=\\\"font_8\\\">Le manque de lic\\u00e9it\\u00e9, qualit\\u00e9, fiabilit\\u00e9, utilit\\u00e9 et disponibilit\\u00e9 des services fournis par des tiers <br \\\/>et mis \\u00e0 la disposition des utilisateurs sur le site web.<\\\/p>\\n<\\\/li>\\n<\\\/ul>\\n\n\n<p class=\\\"font_8\\\">Le prestataire n'assume aucune responsabilit\\u00e9 pour les dommages pouvant r\\u00e9sulter de l'utilisation ill\\u00e9gale ou inappropri\\u00e9e du pr\\u00e9sent site web.<\\\/p>\",\"title\":\"Exclusion de garanties\"}}]}]},{\"type\":\"column\",\"props\":{\"image_position\":\"center-center\",\"position_sticky_breakpoint\":\"m\",\"vertical_align\":\"middle\",\"width_medium\":\"1-2\"},\"children\":[{\"type\":\"headline\",\"props\":{\"content\":\"\n\n<h2 style=\\\"text-align: center;\\\">E-mail<\\\/h2>\\n\n\n<h3 style=\\\"text-align: center;\\\"><em><a href=\\\"mailto:info@drmazarro.com\\\">info@drmazarro.com<\\\/a><\\\/em><\\\/h3>\",\"title_element\":\"h1\"}},{\"type\":\"headline\",\"props\":{\"content\":\"\n\n<h2 style=\\\"text-align: center;\\\">T\\u00e9l\\u00e9phone<\\\/h2>\\n\n\n<h3 style=\\\"text-align: center;\\\"><em>644 534 515<\\\/em><\\\/h3>\",\"title_element\":\"h1\"}},{\"type\":\"headline\",\"props\":{\"content\":\"\n\n<h2 style=\\\"text-align: center;\\\">WhatsApp<\\\/h2>\\n\n\n<h3 style=\\\"text-align: center;\\\"><a href=\\\"whatsapp:\\\/\\\/send\\\/?phone=+34644534515\\\"><i>644 534 515<\\\/i><\\\/a><\\\/h3>\",\"title_element\":\"h1\"}}]}]}],\"name\":\"Politica de privacidad\"}],\"version\":\"4.3.13\"} --><\/p>\n","protected":false},"excerpt":{"rendered":"<p>MENTIONS L\u00c9GALES Mentions l\u00e9gales Ce site web est conforme \u00e0 la Loi Organique 15\/1999 du 13 d\u00e9cembre sur la Protection des Donn\u00e9es \u00e0 Caract\u00e8re Personnel (LOPD), au D\u00e9cret Royal 1720\/2007 du 21 d\u00e9cembre, connu comme le R\u00e8glement de d\u00e9veloppement de la LOPD. Il est \u00e9galement conforme au R\u00e8glement (UE) 2016\/679 du Parlement Europ\u00e9en et du [&hellip;]<\/p>\n","protected":false},"author":1,"featured_media":0,"parent":0,"menu_order":0,"comment_status":"closed","ping_status":"closed","template":"","meta":{"_acf_changed":false,"_monsterinsights_skip_tracking":false,"_monsterinsights_sitenote_active":false,"_monsterinsights_sitenote_note":"","_monsterinsights_sitenote_category":0,"footnotes":""},"class_list":["post-23552","page","type-page","status-publish","hentry"],"acf":[],"yoast_head":"<!-- This site is optimized with the Yoast SEO plugin v24.6 - https:\/\/yoast.com\/wordpress\/plugins\/seo\/ -->\n<title>Mentions L\u00e9gales| Dr. Mazarro<\/title>\n<meta name=\"description\" content=\"Dr. Mazarro, sp\u00e9cialiste du Lifting Deep Plane. Prenez rendez-vous au : +34 644 534 515 \/ info@drmazarro.com\" \/>\n<meta name=\"robots\" content=\"noindex, follow\" \/>\n<meta property=\"og:locale\" content=\"fr_FR\" \/>\n<meta property=\"og:type\" content=\"article\" \/>\n<meta property=\"og:title\" content=\"Mentions L\u00e9gales| Dr. Mazarro\" \/>\n<meta property=\"og:description\" content=\"Dr. Mazarro, sp\u00e9cialiste du Lifting Deep Plane. Prenez rendez-vous au : +34 644 534 515 \/ info@drmazarro.com\" \/>\n<meta property=\"og:url\" content=\"https:\/\/drmazarro.com\/fr\/mentions-legales\/\" \/>\n<meta property=\"og:site_name\" content=\"Dr. Mazarro\" \/>\n<meta property=\"article:publisher\" content=\"https:\/\/www.facebook.com\/Dr-Mazarro-Cirug%c3%ada-Est%c3%a9tica-Facial-en-Barcelona-101872084913358\/\" \/>\n<meta property=\"article:modified_time\" content=\"2024-12-26T11:12:46+00:00\" \/>\n<meta property=\"og:image\" content=\"https:\/\/drmazarro.com\/wp-content\/uploads\/2024\/03\/AM-576.png\" \/>\n\t<meta property=\"og:image:width\" content=\"576\" \/>\n\t<meta property=\"og:image:height\" content=\"576\" \/>\n\t<meta property=\"og:image:type\" content=\"image\/png\" \/>\n<meta name=\"twitter:card\" content=\"summary_large_image\" \/>\n<!-- \/ Yoast SEO plugin. -->","yoast_head_json":{"title":"Mentions L\u00e9gales| Dr. Mazarro","description":"Dr. Mazarro, sp\u00e9cialiste du Lifting Deep Plane. Prenez rendez-vous au : +34 644 534 515 \/ info@drmazarro.com","robots":{"index":"noindex","follow":"follow"},"og_locale":"fr_FR","og_type":"article","og_title":"Mentions L\u00e9gales| Dr. Mazarro","og_description":"Dr. Mazarro, sp\u00e9cialiste du Lifting Deep Plane. Prenez rendez-vous au : +34 644 534 515 \/ info@drmazarro.com","og_url":"https:\/\/drmazarro.com\/fr\/mentions-legales\/","og_site_name":"Dr. Mazarro","article_publisher":"https:\/\/www.facebook.com\/Dr-Mazarro-Cirug%c3%ada-Est%c3%a9tica-Facial-en-Barcelona-101872084913358\/","article_modified_time":"2024-12-26T11:12:46+00:00","og_image":[{"width":576,"height":576,"url":"https:\/\/drmazarro.com\/wp-content\/uploads\/2024\/03\/AM-576.png","type":"image\/png"}],"twitter_card":"summary_large_image","schema":{"@context":"https:\/\/schema.org","@graph":[{"@type":"WebPage","@id":"https:\/\/drmazarro.com\/fr\/mentions-legales\/","url":"https:\/\/drmazarro.com\/fr\/mentions-legales\/","name":"Mentions L\u00e9gales| Dr. Mazarro","isPartOf":{"@id":"https:\/\/drmazarro.com\/fr\/#website"},"datePublished":"2024-12-26T11:08:55+00:00","dateModified":"2024-12-26T11:12:46+00:00","description":"Dr. Mazarro, sp\u00e9cialiste du Lifting Deep Plane. Prenez rendez-vous au : +34 644 534 515 \/ info@drmazarro.com","breadcrumb":{"@id":"https:\/\/drmazarro.com\/fr\/mentions-legales\/#breadcrumb"},"inLanguage":"fr-FR","potentialAction":[{"@type":"ReadAction","target":["https:\/\/drmazarro.com\/fr\/mentions-legales\/"]}]},{"@type":"BreadcrumbList","@id":"https:\/\/drmazarro.com\/fr\/mentions-legales\/#breadcrumb","itemListElement":[{"@type":"ListItem","position":1,"name":"Portada","item":"https:\/\/drmazarro.com\/fr\/"},{"@type":"ListItem","position":2,"name":"Mentions L\u00e9gales"}]},{"@type":"WebSite","@id":"https:\/\/drmazarro.com\/fr\/#website","url":"https:\/\/drmazarro.com\/fr\/","name":"Dr. Mazarro","description":"Cirug\u00eda y Medicina Est\u00e9tica Facial en Barcelona","publisher":{"@id":"https:\/\/drmazarro.com\/fr\/#organization"},"potentialAction":[{"@type":"SearchAction","target":{"@type":"EntryPoint","urlTemplate":"https:\/\/drmazarro.com\/fr\/?s={search_term_string}"},"query-input":{"@type":"PropertyValueSpecification","valueRequired":true,"valueName":"search_term_string"}}],"inLanguage":"fr-FR"},{"@type":"Organization","@id":"https:\/\/drmazarro.com\/fr\/#organization","name":"Dr. Mazarro","url":"https:\/\/drmazarro.com\/fr\/","logo":{"@type":"ImageObject","inLanguage":"fr-FR","@id":"https:\/\/drmazarro.com\/fr\/#\/schema\/logo\/image\/","url":"https:\/\/drmazarro.com\/wp-content\/uploads\/2024\/03\/AM-576.png","contentUrl":"https:\/\/drmazarro.com\/wp-content\/uploads\/2024\/03\/AM-576.png","width":576,"height":576,"caption":"Dr. Mazarro"},"image":{"@id":"https:\/\/drmazarro.com\/fr\/#\/schema\/logo\/image\/"},"sameAs":["https:\/\/www.facebook.com\/Dr-Mazarro-Cirug\u00eda-Est\u00e9tica-Facial-en-Barcelona-101872084913358\/","https:\/\/www.instagram.com\/drmazarro_alejandro\/"]}]}},"_links":{"self":[{"href":"https:\/\/drmazarro.com\/fr\/wp-json\/wp\/v2\/pages\/23552","targetHints":{"allow":["GET"]}}],"collection":[{"href":"https:\/\/drmazarro.com\/fr\/wp-json\/wp\/v2\/pages"}],"about":[{"href":"https:\/\/drmazarro.com\/fr\/wp-json\/wp\/v2\/types\/page"}],"author":[{"embeddable":true,"href":"https:\/\/drmazarro.com\/fr\/wp-json\/wp\/v2\/users\/1"}],"replies":[{"embeddable":true,"href":"https:\/\/drmazarro.com\/fr\/wp-json\/wp\/v2\/comments?post=23552"}],"version-history":[{"count":2,"href":"https:\/\/drmazarro.com\/fr\/wp-json\/wp\/v2\/pages\/23552\/revisions"}],"predecessor-version":[{"id":23554,"href":"https:\/\/drmazarro.com\/fr\/wp-json\/wp\/v2\/pages\/23552\/revisions\/23554"}],"wp:attachment":[{"href":"https:\/\/drmazarro.com\/fr\/wp-json\/wp\/v2\/media?parent=23552"}],"curies":[{"name":"wp","href":"https:\/\/api.w.org\/{rel}","templated":true}]}}