{"id":23520,"date":"2024-12-25T23:41:27","date_gmt":"2024-12-25T22:41:27","guid":{"rendered":"https:\/\/drmazarro.com\/?page_id=23520"},"modified":"2025-06-30T01:02:24","modified_gmt":"2025-06-29T23:02:24","slug":"medecine-esthetique","status":"publish","type":"page","link":"https:\/\/drmazarro.com\/fr\/medecine-esthetique\/","title":{"rendered":"M\u00e9decine esth\u00e9tique"},"content":{"rendered":"<h1>M\u00e9decine Esth\u00e9tique<\/h1>\n<hr>\n<ul>\n<li>\n<p><a href=\"\/medicina-estetica\/toxina-botulinica\/\"><\/p>\n<p>Neuromodulation<\/p>\n<p><\/a><\/p>\n<\/li>\n<li>\n<p><a href=\"\/medicina-estetica\/aumento-de-labios\/\"><\/p>\n<p>L\u00e8vres<\/p>\n<p><\/a><\/p>\n<\/li>\n<li>\n<p><a href=\"\/medicina-estetica\/rinomodelacion\/\"><\/p>\n<p>Rhinomodulation<\/p>\n<p><\/a><\/p>\n<\/li>\n<li>\n<p><a href=\"\/unidad-tratamientos-laser\/\"><\/p>\n<p>Traitements LASER<\/p>\n<p><\/a><\/p>\n<\/li>\n<li>\n<p><a href=\"\/medicina-estetica\/hiperhidrosis\/\"><\/p>\n<p>Hyperhidrose<\/p>\n<p><\/a><\/p>\n<\/li>\n<li>\n<p><a href=\"\/medicina-estetica\/toxina-botulinica-para-el-bruxismo\/\"><\/p>\n<p>Bruxisme<\/p>\n<p><\/a><\/p>\n<\/li>\n<\/ul>\n<p><img decoding=\"async\" src=\"\/wp-content\/uploads\/2016\/08\/PORTFOLIO-CE-1000-7.jpg\" alt=\"\"><\/p>\n<p><!--more--><br \/>\n<!-- {\"type\":\"layout\",\"children\":[{\"type\":\"section\",\"props\":{\"height\":\"viewport\",\"image_position\":\"center-center\",\"style\":\"muted\",\"title_breakpoint\":\"xl\",\"title_position\":\"top-left\",\"title_rotation\":\"left\",\"vertical_align\":\"middle\",\"width\":\"default\"},\"children\":[{\"type\":\"row\",\"children\":[{\"type\":\"column\",\"props\":{\"image_position\":\"center-center\",\"position_sticky_breakpoint\":\"m\",\"width_medium\":\"2-3\"},\"children\":[{\"type\":\"headline\",\"props\":{\"content\":\"M\\u00e9decine Esth\\u00e9tique\",\"text_align\":\"center\",\"title_element\":\"h1\",\"title_style\":\"heading-medium\"}},{\"type\":\"divider\",\"props\":{\"divider_element\":\"hr\"}},{\"type\":\"list\",\"props\":{\"column_breakpoint\":\"m\",\"image_align\":\"left\",\"image_svg_color\":\"emphasis\",\"image_vertical_align\":true,\"list_element\":\"ul\",\"list_horizontal_separator\":\", \",\"list_type\":\"vertical\",\"show_image\":true,\"show_link\":true,\"text_align\":\"center\"},\"children\":[{\"type\":\"list_item\",\"props\":{\"content\":\"\n\n<p>Neuromodulation<\\\/p>\",\"icon\":\"\",\"icon_color\":\"emphasis\",\"link\":\"medicina-estetica\\\/toxina-botulinica\\\/\"}},{\"type\":\"list_item\",\"props\":{\"content\":\"\n\n<p>L\\u00e8vres<\\\/p>\",\"icon\":\"\",\"icon_color\":\"emphasis\",\"link\":\"medicina-estetica\\\/aumento-de-labios\\\/\"}},{\"type\":\"list_item\",\"props\":{\"content\":\"\n\n<p>Rhinomodulation<\\\/p>\",\"icon\":\"\",\"icon_color\":\"emphasis\",\"link\":\"medicina-estetica\\\/rinomodelacion\\\/\"}},{\"type\":\"list_item\",\"props\":{\"content\":\"\n\n<p>Traitements LASER<\\\/p>\",\"icon\":\"\",\"icon_color\":\"emphasis\",\"link\":\"unidad-tratamientos-laser\\\/\"}},{\"type\":\"list_item\",\"props\":{\"content\":\"\n\n<p>Hyperhidrose<\\\/p>\",\"icon\":\"\",\"icon_color\":\"emphasis\",\"link\":\"medicina-estetica\\\/hiperhidrosis\\\/\"}},{\"type\":\"list_item\",\"props\":{\"content\":\"\n\n<p>Bruxisme<\\\/p>\",\"icon\":\"\",\"icon_color\":\"emphasis\",\"link\":\"medicina-estetica\\\/toxina-botulinica-para-el-bruxismo\\\/\"}},{\"type\":\"list_item\",\"props\":{\"content\":\"\n\n<p>Belkyra<\\\/p>\",\"icon\":\"chevron-double-right\",\"icon_color\":\"emphasis\",\"link\":\"medicina-estetica\\\/belkyra\\\/\",\"status\":\"disabled\"}},{\"type\":\"list_item\",\"props\":{\"content\":\"\n\n<p>Biorrevitalizaci\\u00f3n<\\\/p>\",\"icon\":\"chevron-double-right\",\"icon_color\":\"emphasis\",\"link\":\"medicina-estetica\\\/biorrevitalizacion\\\/\",\"status\":\"disabled\"}},{\"type\":\"list_item\",\"props\":{\"content\":\"\n\n<p>Peeling Qu\\u00edmico<\\\/p>\",\"icon\":\"chevron-double-right\",\"icon_color\":\"emphasis\",\"link\":\"medicina-estetica\\\/peeling-quimico\\\/\",\"status\":\"disabled\"}}]}]},{\"type\":\"column\",\"props\":{\"image_position\":\"center-center\",\"position_sticky_breakpoint\":\"m\",\"width_medium\":\"1-3\"},\"children\":[{\"type\":\"image\",\"props\":{\"class\":\"uk-visible@l\",\"image\":\"wp-content\\\/uploads\\\/2016\\\/08\\\/PORTFOLIO-CE-1000-7.jpg\",\"image_box_decoration\":\"mask\",\"image_svg_color\":\"emphasis\",\"margin\":\"default\"}}]}],\"props\":{\"layout\":\"2-3,1-3\"}}]}],\"version\":\"4.3.13\"} --><\/p>\n","protected":false},"excerpt":{"rendered":"<p>M\u00e9decine Esth\u00e9tique Neuromodulation L\u00e8vres Rhinomodulation Traitements LASER Hyperhidrose Bruxisme<\/p>\n","protected":false},"author":1,"featured_media":0,"parent":0,"menu_order":5,"comment_status":"closed","ping_status":"closed","template":"","meta":{"_acf_changed":false,"_monsterinsights_skip_tracking":false,"_monsterinsights_sitenote_active":false,"_monsterinsights_sitenote_note":"","_monsterinsights_sitenote_category":0,"footnotes":""},"class_list":["post-23520","page","type-page","status-publish","hentry"],"acf":[],"yoast_head":"<!-- This site is optimized with the Yoast SEO plugin v27.3 - https:\/\/yoast.com\/product\/yoast-seo-wordpress\/ -->\n<title>M\u00e9decine Esth\u00e9tique | Dr. Mazarro - Sp\u00e9cialiste Deep Plane Facelift<\/title>\n<meta name=\"description\" content=\"M\u00e9decine Esth\u00e9tique \u00e0 Barcelone - Dr. Mazarro, sp\u00e9cialiste du Lifting Deep Plane. Prenez RDV au : +34 644 534 515 \/ info@drmazarro.com\" \/>\n<meta name=\"robots\" content=\"index, follow, max-snippet:-1, max-image-preview:large, max-video-preview:-1\" \/>\n<link rel=\"canonical\" href=\"https:\/\/drmazarro.com\/fr\/medecine-esthetique\/\" \/>\n<meta property=\"og:locale\" content=\"fr_FR\" \/>\n<meta property=\"og:type\" content=\"article\" \/>\n<meta property=\"og:title\" content=\"M\u00e9decine Esth\u00e9tique | Dr. Mazarro - Sp\u00e9cialiste Deep Plane Facelift\" \/>\n<meta property=\"og:description\" content=\"M\u00e9decine Esth\u00e9tique \u00e0 Barcelone - Dr. Mazarro, sp\u00e9cialiste du Lifting Deep Plane. Prenez RDV au : +34 644 534 515 \/ info@drmazarro.com\" \/>\n<meta property=\"og:url\" content=\"https:\/\/drmazarro.com\/fr\/medecine-esthetique\/\" \/>\n<meta property=\"og:site_name\" content=\"Dr. Mazarro\" \/>\n<meta property=\"article:publisher\" content=\"https:\/\/www.facebook.com\/Dr-Mazarro-Cirug%c3%ada-Est%c3%a9tica-Facial-en-Barcelona-101872084913358\/\" \/>\n<meta property=\"article:modified_time\" content=\"2025-06-29T23:02:24+00:00\" \/>\n<meta property=\"og:image\" content=\"https:\/\/drmazarro.com\/wp-content\/uploads\/2024\/03\/AM-576.png\" \/>\n\t<meta property=\"og:image:width\" content=\"576\" \/>\n\t<meta property=\"og:image:height\" content=\"576\" \/>\n\t<meta property=\"og:image:type\" content=\"image\/png\" \/>\n<meta name=\"twitter:card\" content=\"summary_large_image\" \/>\n<meta name=\"twitter:label1\" content=\"Dur\u00e9e de lecture estim\u00e9e\" \/>\n\t<meta name=\"twitter:data1\" content=\"1 minute\" \/>\n<!-- \/ Yoast SEO plugin. -->","yoast_head_json":{"title":"M\u00e9decine Esth\u00e9tique | Dr. Mazarro - Sp\u00e9cialiste Deep Plane Facelift","description":"M\u00e9decine Esth\u00e9tique \u00e0 Barcelone - Dr. Mazarro, sp\u00e9cialiste du Lifting Deep Plane. Prenez RDV au : +34 644 534 515 \/ info@drmazarro.com","robots":{"index":"index","follow":"follow","max-snippet":"max-snippet:-1","max-image-preview":"max-image-preview:large","max-video-preview":"max-video-preview:-1"},"canonical":"https:\/\/drmazarro.com\/fr\/medecine-esthetique\/","og_locale":"fr_FR","og_type":"article","og_title":"M\u00e9decine Esth\u00e9tique | Dr. Mazarro - Sp\u00e9cialiste Deep Plane Facelift","og_description":"M\u00e9decine Esth\u00e9tique \u00e0 Barcelone - Dr. Mazarro, sp\u00e9cialiste du Lifting Deep Plane. Prenez RDV au : +34 644 534 515 \/ info@drmazarro.com","og_url":"https:\/\/drmazarro.com\/fr\/medecine-esthetique\/","og_site_name":"Dr. Mazarro","article_publisher":"https:\/\/www.facebook.com\/Dr-Mazarro-Cirug%c3%ada-Est%c3%a9tica-Facial-en-Barcelona-101872084913358\/","article_modified_time":"2025-06-29T23:02:24+00:00","og_image":[{"width":576,"height":576,"url":"https:\/\/drmazarro.com\/wp-content\/uploads\/2024\/03\/AM-576.png","type":"image\/png"}],"twitter_card":"summary_large_image","twitter_misc":{"Dur\u00e9e de lecture estim\u00e9e":"1 minute"},"schema":{"@context":"https:\/\/schema.org","@graph":[{"@type":"WebPage","@id":"https:\/\/drmazarro.com\/fr\/medecine-esthetique\/","url":"https:\/\/drmazarro.com\/fr\/medecine-esthetique\/","name":"M\u00e9decine Esth\u00e9tique | Dr. Mazarro - Sp\u00e9cialiste Deep Plane Facelift","isPartOf":{"@id":"https:\/\/drmazarro.com\/fr\/#website"},"datePublished":"2024-12-25T22:41:27+00:00","dateModified":"2025-06-29T23:02:24+00:00","description":"M\u00e9decine Esth\u00e9tique \u00e0 Barcelone - Dr. Mazarro, sp\u00e9cialiste du Lifting Deep Plane. Prenez RDV au : +34 644 534 515 \/ info@drmazarro.com","breadcrumb":{"@id":"https:\/\/drmazarro.com\/fr\/medecine-esthetique\/#breadcrumb"},"inLanguage":"fr-FR","potentialAction":[{"@type":"ReadAction","target":["https:\/\/drmazarro.com\/fr\/medecine-esthetique\/"]}]},{"@type":"BreadcrumbList","@id":"https:\/\/drmazarro.com\/fr\/medecine-esthetique\/#breadcrumb","itemListElement":[{"@type":"ListItem","position":1,"name":"Portada","item":"https:\/\/drmazarro.com\/fr\/"},{"@type":"ListItem","position":2,"name":"M\u00e9decine esth\u00e9tique"}]},{"@type":"WebSite","@id":"https:\/\/drmazarro.com\/fr\/#website","url":"https:\/\/drmazarro.com\/fr\/","name":"Dr. Mazarro","description":"Cirug\u00eda y Medicina Est\u00e9tica Facial en Barcelona","publisher":{"@id":"https:\/\/drmazarro.com\/fr\/#organization"},"potentialAction":[{"@type":"SearchAction","target":{"@type":"EntryPoint","urlTemplate":"https:\/\/drmazarro.com\/fr\/?s={search_term_string}"},"query-input":{"@type":"PropertyValueSpecification","valueRequired":true,"valueName":"search_term_string"}}],"inLanguage":"fr-FR"},{"@type":"Organization","@id":"https:\/\/drmazarro.com\/fr\/#organization","name":"Dr. Mazarro","url":"https:\/\/drmazarro.com\/fr\/","logo":{"@type":"ImageObject","inLanguage":"fr-FR","@id":"https:\/\/drmazarro.com\/fr\/#\/schema\/logo\/image\/","url":"https:\/\/drmazarro.com\/wp-content\/uploads\/2024\/03\/AM-576.png","contentUrl":"https:\/\/drmazarro.com\/wp-content\/uploads\/2024\/03\/AM-576.png","width":576,"height":576,"caption":"Dr. Mazarro"},"image":{"@id":"https:\/\/drmazarro.com\/fr\/#\/schema\/logo\/image\/"},"sameAs":["https:\/\/www.facebook.com\/Dr-Mazarro-Cirug\u00eda-Est\u00e9tica-Facial-en-Barcelona-101872084913358\/","https:\/\/www.instagram.com\/drmazarro_alejandro\/"]}]}},"_links":{"self":[{"href":"https:\/\/drmazarro.com\/fr\/wp-json\/wp\/v2\/pages\/23520","targetHints":{"allow":["GET"]}}],"collection":[{"href":"https:\/\/drmazarro.com\/fr\/wp-json\/wp\/v2\/pages"}],"about":[{"href":"https:\/\/drmazarro.com\/fr\/wp-json\/wp\/v2\/types\/page"}],"author":[{"embeddable":true,"href":"https:\/\/drmazarro.com\/fr\/wp-json\/wp\/v2\/users\/1"}],"replies":[{"embeddable":true,"href":"https:\/\/drmazarro.com\/fr\/wp-json\/wp\/v2\/comments?post=23520"}],"version-history":[{"count":4,"href":"https:\/\/drmazarro.com\/fr\/wp-json\/wp\/v2\/pages\/23520\/revisions"}],"predecessor-version":[{"id":23784,"href":"https:\/\/drmazarro.com\/fr\/wp-json\/wp\/v2\/pages\/23520\/revisions\/23784"}],"wp:attachment":[{"href":"https:\/\/drmazarro.com\/fr\/wp-json\/wp\/v2\/media?parent=23520"}],"curies":[{"name":"wp","href":"https:\/\/api.w.org\/{rel}","templated":true}]}}