{"id":27270,"date":"2025-06-25T23:08:31","date_gmt":"2025-06-25T21:08:31","guid":{"rendered":"https:\/\/drmazarro.com\/producto\/purifying-renewal-scrub\/"},"modified":"2025-09-15T07:24:15","modified_gmt":"2025-09-15T05:24:15","slug":"purifying-renewal-scrub","status":"publish","type":"product","link":"https:\/\/drmazarro.com\/en\/producto\/purifying-renewal-scrub\/","title":{"rendered":"Purifying Renewal Scrub"},"content":{"rendered":"<h3><em>Indications<\/em><\/h3>\n<p style=\"text-align: justify;\"><strong>Purifying Renewal Scrub<\/strong> by AllSkinMed is an exfoliant that combines alpha-hydroxy acids (glycolic, lactic and citric acid) with exfoliating microparticles to revitalize and smooth skin texture.<\/p>\n<h3><em>Format<\/em><\/h3>\n<p style=\"text-align: justify;\">50g<\/p>\n<h3><em>Composition<\/em><\/h3>\n<p style=\"text-align: justify;\">AHAs<br \/>\nNatural origin mechanical exfoliants<br \/>\nEzine from pomegranate extract<\/p>\n<h3><em>How to use Purifying Scrub<\/em><\/h3>\n<p style=\"text-align: justify;\">Apply 2-3 times per week using gentle massages for 40 seconds on damp face. Avoid eye contour area. Rinse thoroughly with water.<\/p>\n<div class=\"doctor-opinion\" style=\"background-color: #fafafa; padding: 2rem; border: 1px solid #eaeaea; margin: 2.5rem 0;\">\n<div style=\"display: flex; align-items: flex-start; gap: 1.5rem;\">\n<p><img decoding=\"async\" style=\"width: 80px; height: 80px; border-radius: 50%; object-fit: cover;\" src=\"https:\/\/drmazarro.com\/wp-content\/uploads\/2025\/09\/alejandro-mazarro-specialiste-lifting-visage-barcelone.jpg\" alt=\"Dr. Alejandro Mazarro - Facelift Specialist\" \/><\/p>\n<div style=\"flex: 1;\">\n<h3 style=\"margin: 0 0 0.5rem 0; color: #333; font-weight: 500; font-size: 1.0rem;\">Dr. Mazarro&#8217;s Recommendation<\/h3>\n<p style=\"margin: 0; font-style: italic; color: #555; line-height: 1.6;\">&#8220;Proper exfoliation is a crucial step in virtually any dermocosmetic routine. It doesn&#8217;t just remove the first layer of dead cells, restoring luminosity to the skin, but it also helps the products in your routine penetrate better and become more effective. Usually 2-3 times per week is sufficient, but the protocol needs to be individualized based on your skin type. Tell me about your case and I&#8217;ll advise you.&#8221;<\/p>\n<div style=\"margin-top: 1rem;\"><a href=\"https:\/\/drmazarro.com\/en\/dr-alejandro-mazarro-facelift-specialist-barcelona\/\">Alejandro Mazarro<\/a> <a href=\"https:\/\/drmazarro.com\/en\/deep-plane\/\">| Deep Plane Facelift Specialist<\/a><\/div>\n<\/div>\n<\/div>\n<\/div>\n<p>&nbsp;<\/p>\n<p>&nbsp;<\/p>\n","protected":false},"excerpt":{"rendered":"<p>Exfoliante renovador de triple acci\u00f3n (f\u00edsica, qu\u00edmica y enzim\u00e1tica) para dejar la piel lisa y luminosa.<\/p>\n","protected":false},"featured_media":27267,"comment_status":"closed","ping_status":"closed","template":"","meta":{"_acf_changed":false,"_monsterinsights_skip_tracking":false,"_monsterinsights_sitenote_active":false,"_monsterinsights_sitenote_note":"","_monsterinsights_sitenote_category":0},"product_brand":[],"product_cat":[251,192,197],"product_tag":[238],"class_list":{"0":"post-27270","1":"product","2":"type-product","3":"status-publish","4":"has-post-thumbnail","6":"product_cat-all","7":"product_cat-allskin-med-en-2","8":"product_cat-limpieza-2-en","9":"product_tag-all-skin-med-en","11":"first","12":"instock","13":"shipping-taxable","14":"purchasable","15":"product-type-simple"},"acf":[],"yoast_head":"<!-- This site is optimized with the Yoast SEO plugin v27.3 - https:\/\/yoast.com\/product\/yoast-seo-wordpress\/ -->\n<title>Buy Purifying Renewal Scrub by AllSkinMed - FREE Shipping<\/title>\n<meta name=\"description\" content=\"Get Purifying Renewal Scrub at the best price with FREE SHIPPING. Order online and receive your favourite skincare products at home!\" \/>\n<meta name=\"robots\" content=\"index, follow, max-snippet:-1, max-image-preview:large, max-video-preview:-1\" \/>\n<link rel=\"canonical\" href=\"https:\/\/drmazarro.com\/en\/producto\/purifying-renewal-scrub\/\" \/>\n<meta property=\"og:locale\" content=\"en_US\" \/>\n<meta property=\"og:type\" content=\"article\" \/>\n<meta property=\"og:title\" content=\"Buy Purifying Renewal Scrub by AllSkinMed - FREE Shipping\" \/>\n<meta property=\"og:description\" content=\"Get Purifying Renewal Scrub at the best price with FREE SHIPPING. Order online and receive your favourite skincare products at home!\" \/>\n<meta property=\"og:url\" content=\"https:\/\/drmazarro.com\/en\/producto\/purifying-renewal-scrub\/\" \/>\n<meta property=\"og:site_name\" content=\"Dr. Mazarro\" \/>\n<meta property=\"article:publisher\" content=\"https:\/\/www.facebook.com\/Dr-Mazarro-Cirug%c3%ada-Est%c3%a9tica-Facial-en-Barcelona-101872084913358\/\" \/>\n<meta property=\"article:modified_time\" content=\"2025-09-15T05:24:15+00:00\" \/>\n<meta property=\"og:image\" content=\"https:\/\/drmazarro.com\/wp-content\/uploads\/2025\/06\/Preparation-Renewal-Scrub.jpg\" \/>\n\t<meta property=\"og:image:width\" content=\"912\" \/>\n\t<meta property=\"og:image:height\" content=\"608\" \/>\n\t<meta property=\"og:image:type\" content=\"image\/jpeg\" \/>\n<meta name=\"twitter:card\" content=\"summary_large_image\" \/>\n<meta name=\"twitter:label1\" content=\"Est. reading time\" \/>\n\t<meta name=\"twitter:data1\" content=\"2 minutes\" \/>\n<!-- \/ Yoast SEO plugin. -->","yoast_head_json":{"title":"Buy Purifying Renewal Scrub by AllSkinMed - FREE Shipping","description":"Get Purifying Renewal Scrub at the best price with FREE SHIPPING. Order online and receive your favourite skincare products at home!","robots":{"index":"index","follow":"follow","max-snippet":"max-snippet:-1","max-image-preview":"max-image-preview:large","max-video-preview":"max-video-preview:-1"},"canonical":"https:\/\/drmazarro.com\/en\/producto\/purifying-renewal-scrub\/","og_locale":"en_US","og_type":"article","og_title":"Buy Purifying Renewal Scrub by AllSkinMed - FREE Shipping","og_description":"Get Purifying Renewal Scrub at the best price with FREE SHIPPING. Order online and receive your favourite skincare products at home!","og_url":"https:\/\/drmazarro.com\/en\/producto\/purifying-renewal-scrub\/","og_site_name":"Dr. Mazarro","article_publisher":"https:\/\/www.facebook.com\/Dr-Mazarro-Cirug%c3%ada-Est%c3%a9tica-Facial-en-Barcelona-101872084913358\/","article_modified_time":"2025-09-15T05:24:15+00:00","og_image":[{"width":912,"height":608,"url":"https:\/\/drmazarro.com\/wp-content\/uploads\/2025\/06\/Preparation-Renewal-Scrub.jpg","type":"image\/jpeg"}],"twitter_card":"summary_large_image","twitter_misc":{"Est. reading time":"2 minutes"},"schema":{"@context":"https:\/\/schema.org","@graph":[{"@type":"WebPage","@id":"https:\/\/drmazarro.com\/en\/producto\/purifying-renewal-scrub\/","url":"https:\/\/drmazarro.com\/en\/producto\/purifying-renewal-scrub\/","name":"Buy Purifying Renewal Scrub by AllSkinMed - FREE Shipping","isPartOf":{"@id":"https:\/\/drmazarro.com\/en\/#website"},"primaryImageOfPage":{"@id":"https:\/\/drmazarro.com\/en\/producto\/purifying-renewal-scrub\/#primaryimage"},"image":{"@id":"https:\/\/drmazarro.com\/en\/producto\/purifying-renewal-scrub\/#primaryimage"},"thumbnailUrl":"https:\/\/drmazarro.com\/wp-content\/uploads\/2025\/06\/Preparation-Renewal-Scrub.jpg","datePublished":"2025-06-25T21:08:31+00:00","dateModified":"2025-09-15T05:24:15+00:00","description":"Get Purifying Renewal Scrub at the best price with FREE SHIPPING. Order online and receive your favourite skincare products at home!","breadcrumb":{"@id":"https:\/\/drmazarro.com\/en\/producto\/purifying-renewal-scrub\/#breadcrumb"},"inLanguage":"en-US","potentialAction":[{"@type":"ReadAction","target":["https:\/\/drmazarro.com\/en\/producto\/purifying-renewal-scrub\/"]}]},{"@type":"ImageObject","inLanguage":"en-US","@id":"https:\/\/drmazarro.com\/en\/producto\/purifying-renewal-scrub\/#primaryimage","url":"https:\/\/drmazarro.com\/wp-content\/uploads\/2025\/06\/Preparation-Renewal-Scrub.jpg","contentUrl":"https:\/\/drmazarro.com\/wp-content\/uploads\/2025\/06\/Preparation-Renewal-Scrub.jpg","width":912,"height":608,"caption":"Renewal Scrub de AllSkinMed"},{"@type":"BreadcrumbList","@id":"https:\/\/drmazarro.com\/en\/producto\/purifying-renewal-scrub\/#breadcrumb","itemListElement":[{"@type":"ListItem","position":1,"name":"Portada","item":"https:\/\/drmazarro.com\/en\/"},{"@type":"ListItem","position":2,"name":"Online store","item":"https:\/\/drmazarro.com\/en\/store\/"},{"@type":"ListItem","position":3,"name":"Purifying Renewal Scrub"}]},{"@type":"WebSite","@id":"https:\/\/drmazarro.com\/en\/#website","url":"https:\/\/drmazarro.com\/en\/","name":"Dr. Mazarro","description":"Cirug\u00eda y Medicina Est\u00e9tica Facial en Barcelona","publisher":{"@id":"https:\/\/drmazarro.com\/en\/#organization"},"potentialAction":[{"@type":"SearchAction","target":{"@type":"EntryPoint","urlTemplate":"https:\/\/drmazarro.com\/en\/?s={search_term_string}"},"query-input":{"@type":"PropertyValueSpecification","valueRequired":true,"valueName":"search_term_string"}}],"inLanguage":"en-US"},{"@type":"Organization","@id":"https:\/\/drmazarro.com\/en\/#organization","name":"Dr. Mazarro","url":"https:\/\/drmazarro.com\/en\/","logo":{"@type":"ImageObject","inLanguage":"en-US","@id":"https:\/\/drmazarro.com\/en\/#\/schema\/logo\/image\/","url":"https:\/\/drmazarro.com\/wp-content\/uploads\/2024\/03\/AM-576.png","contentUrl":"https:\/\/drmazarro.com\/wp-content\/uploads\/2024\/03\/AM-576.png","width":576,"height":576,"caption":"Dr. Mazarro"},"image":{"@id":"https:\/\/drmazarro.com\/en\/#\/schema\/logo\/image\/"},"sameAs":["https:\/\/www.facebook.com\/Dr-Mazarro-Cirug\u00eda-Est\u00e9tica-Facial-en-Barcelona-101872084913358\/","https:\/\/www.instagram.com\/drmazarro_alejandro\/"]}]}},"_links":{"self":[{"href":"https:\/\/drmazarro.com\/en\/wp-json\/wp\/v2\/product\/27270","targetHints":{"allow":["GET"]}}],"collection":[{"href":"https:\/\/drmazarro.com\/en\/wp-json\/wp\/v2\/product"}],"about":[{"href":"https:\/\/drmazarro.com\/en\/wp-json\/wp\/v2\/types\/product"}],"replies":[{"embeddable":true,"href":"https:\/\/drmazarro.com\/en\/wp-json\/wp\/v2\/comments?post=27270"}],"wp:featuredmedia":[{"embeddable":true,"href":"https:\/\/drmazarro.com\/en\/wp-json\/wp\/v2\/media\/27267"}],"wp:attachment":[{"href":"https:\/\/drmazarro.com\/en\/wp-json\/wp\/v2\/media?parent=27270"}],"wp:term":[{"taxonomy":"product_brand","embeddable":true,"href":"https:\/\/drmazarro.com\/en\/wp-json\/wp\/v2\/product_brand?post=27270"},{"taxonomy":"product_cat","embeddable":true,"href":"https:\/\/drmazarro.com\/en\/wp-json\/wp\/v2\/product_cat?post=27270"},{"taxonomy":"product_tag","embeddable":true,"href":"https:\/\/drmazarro.com\/en\/wp-json\/wp\/v2\/product_tag?post=27270"}],"curies":[{"name":"wp","href":"https:\/\/api.w.org\/{rel}","templated":true}]}}