{"id":23487,"date":"2024-12-25T15:54:50","date_gmt":"2024-12-25T14:54:50","guid":{"rendered":"https:\/\/drmazarro.com\/?page_id=23487"},"modified":"2025-06-30T00:59:01","modified_gmt":"2025-06-29T22:59:01","slug":"financing","status":"publish","type":"page","link":"https:\/\/drmazarro.com\/en\/financing\/","title":{"rendered":"Financing"},"content":{"rendered":"<h1>Financing<\/h1>\n<hr>\n<div>\n<p style=\"text-align: center;\">We want you to achieve your goals in the most convenient way possible.<\/p>\n<p style=\"text-align: center;\">As a Premium Center for <em>Tu Medicina Financiada<\/em>, we can offer you the best conditions to make your dream <br \/>come true.<\/p>\n<\/div>\n<p><img decoding=\"async\" src=\"\/wp-content\/uploads\/2023\/10\/tmf-logo2.png\" alt=\"consulta lifting Barcelona\"><\/p>\n<div>\n<p style=\"text-align: center;\"><strong>Easy, Agile, and Secure financing<\/strong><\/p>\n<\/div>\n<div>\n<p>As a PREMIUM TMF CENTER, we provide access to the most favorable conditions to make your dream a reality.<\/p>\n<p>Ask about our advantageous financing conditions for patients. TU MEDICINA FINANCIADA will facilitate <br \/>access to your medical procedure when needed, adapting to your requirements and providing quick responses through a secure process.<\/p>\n<\/div>\n<div>\n<p style=\"text-align: center; font-size: 1.2rem;\">Get an instant, no-obligation quote by clicking the button below!<\/p>\n<\/div>\n<p><img decoding=\"async\" src=\"\/wp-content\/uploads\/2023\/11\/applet-copia.png\" alt=\"applet TMF\"><\/p>\n<div>\n<p style=\"text-align: center;\"><strong>Want more information?<\/strong><\/p>\n<\/div>\n<div>\n<p style=\"text-align: center;\">Contact Tu Medicina Financiada via:<\/p>\n<p style=\"text-align: center;\">phone\u00a0<a href=\"tel:+34936476424\">936 476 424<\/a> &#8211; <a href=\"tel:+34673764859\">673 764 859<\/a><\/p>\n<p style=\"text-align: center;\">or email\u00a0<a href=\"mailto:info@tumedicinafinanciada.com\">info@tumedicinafinanciada.com<\/a><\/p>\n<\/div>\n<div>\n<p style=\"text-align: center;\">Or, if you prefer, reach out via <a href=\"https:\/\/api.whatsapp.com\/send\/?phone=+34644534515&amp;text=Hello,%20I%20want%20to%20book%20an%20appointment%20with%20Dr.%20Mazarro\">WhatsApp<\/a>, <a href=\"mailto:info@drmazarro.com\">email<\/a>, or fill out our form and we&#8217;ll contact you.<\/p>\n<\/div>\n<div>\n\n<div class=\"wpcf7 no-js\" id=\"wpcf7-f23380-o1\" lang=\"en-US\" dir=\"ltr\" data-wpcf7-id=\"23380\">\n<div class=\"screen-reader-response\"><p role=\"status\" aria-live=\"polite\" aria-atomic=\"true\"><\/p> <ul><\/ul><\/div>\n<form action=\"\/en\/wp-json\/wp\/v2\/pages\/23487#wpcf7-f23380-o1\" method=\"post\" class=\"wpcf7-form init\" aria-label=\"Contact form\" novalidate=\"novalidate\" data-status=\"init\">\n<fieldset class=\"hidden-fields-container\"><input type=\"hidden\" name=\"_wpcf7\" value=\"23380\" \/><input type=\"hidden\" name=\"_wpcf7_version\" value=\"6.1.5\" \/><input type=\"hidden\" name=\"_wpcf7_locale\" value=\"en_US\" \/><input type=\"hidden\" name=\"_wpcf7_unit_tag\" value=\"wpcf7-f23380-o1\" \/><input type=\"hidden\" name=\"_wpcf7_container_post\" value=\"0\" \/><input type=\"hidden\" name=\"_wpcf7_posted_data_hash\" value=\"\" \/><input type=\"hidden\" name=\"_wpcf7_recaptcha_response\" value=\"\" \/>\n<\/fieldset>\n<div class=\"uk-grid-small\" uk-grid>\n\t<div class=\"uk-width-1-2@m\">\n\t\t<p><span class=\"wpcf7-form-control-wrap\" data-name=\"nombre\"><input size=\"40\" maxlength=\"400\" class=\"wpcf7-form-control wpcf7-text uk-input\" aria-invalid=\"false\" placeholder=\"Full Name*\" value=\"\" type=\"text\" name=\"nombre\" \/><\/span>\n\t\t<\/p>\n\t<\/div>\n\t<div class=\"uk-width-1-2@m\">\n\t\t<p><span class=\"wpcf7-form-control-wrap\" data-name=\"email\"><input size=\"40\" maxlength=\"400\" class=\"wpcf7-form-control wpcf7-email wpcf7-validates-as-required wpcf7-text wpcf7-validates-as-email uk-input\" aria-required=\"true\" aria-invalid=\"false\" placeholder=\"Email*\" value=\"\" type=\"email\" name=\"email\" \/><\/span>\n\t\t<\/p>\n\t<\/div>\n\t<div class=\"uk-width-1-2@m\">\n\t\t<p><span class=\"wpcf7-form-control-wrap\" data-name=\"telefono\"><input size=\"40\" maxlength=\"400\" class=\"wpcf7-form-control wpcf7-text wpcf7-validates-as-required uk-input\" aria-required=\"true\" aria-invalid=\"false\" placeholder=\"Phone number*\" value=\"\" type=\"text\" name=\"telefono\" \/><\/span>\n\t\t<\/p>\n\t<\/div>\n\t<div class=\"uk-width-1-2@m\">\n\t\t<p><span class=\"wpcf7-form-control-wrap\" data-name=\"pais\"><input size=\"40\" maxlength=\"400\" class=\"wpcf7-form-control wpcf7-text wpcf7-validates-as-required uk-input\" aria-required=\"true\" aria-invalid=\"false\" placeholder=\"Country*\" value=\"\" type=\"text\" name=\"pais\" \/><\/span>\n\t\t<\/p>\n\t<\/div>\n\t<div class=\"uk-width-1-1@m\">\n\t\t<p><span class=\"wpcf7-form-control-wrap\" data-name=\"mensaje\"><textarea cols=\"40\" rows=\"3\" maxlength=\"2000\" class=\"wpcf7-form-control wpcf7-textarea uk-textarea\" aria-invalid=\"false\" placeholder=\"Message*\" name=\"mensaje\"><\/textarea><\/span>\n\t\t<\/p>\n\t<\/div>\n\t<div class=\"uk-legal\">\n\t\t<p><span class=\"wpcf7-form-control-wrap\" data-name=\"acceptance-279\"><span class=\"wpcf7-form-control wpcf7-acceptance\"><span class=\"wpcf7-list-item\"><input type=\"checkbox\" name=\"acceptance-279\" value=\"1\" aria-invalid=\"false\" \/><\/span><\/span><\/span>I have read the&nbsp;<a target=\"_blank\" rel=\"nofollow noopener noreferrer\" href=\"https:\/\/drmazarro.com\/aviso_legal\/\">Legal Notice<\/a>&nbsp;and the &nbsp;<a target=\"_blank\" rel=\"nofollow noopener noreferrer\" href=\"https:\/\/drmazarro.com\/politicadeprivacidad\/\">Privacy policy<\/a>.\n\t\t<\/p>\n\t<\/div>\n\t<div>\n\t\t<p><input class=\"wpcf7-form-control wpcf7-submit has-spinner uk-button uk-button-primary\" type=\"submit\" value=\"Send\" \/>\n\t\t<\/p>\n\t<\/div>\n<\/div><div class=\"wpcf7-response-output\" aria-hidden=\"true\"><\/div>\n<\/form>\n<\/div>\n<\/div>\n<div>\n<p style=\"font-size: 8px;\">Le informamos que los datos de car\u00e1cter personal que nos proporcione rellenado el presente formulario ser\u00e1n tratados por ALEJANDRO MAZARRO CAMPOS. La finalidad de la recogida y tratamiento de los datos personales solicitados es el env\u00edo de informaci\u00f3n relacionado con el motivo de consulta, ya sea v\u00eda e-mail, SMS, Whatsapp\u00ae o llamada telef\u00f3nica. Los datos personales y de contacto podr\u00e1n ser cedidos a los respectivos equipos de marketing \/ atenci\u00f3n al cliente de la(s) cl\u00ednica(s) donde colabora el Dr. Mazarro para contactar con el solicitante. El usuario consiente adem\u00e1s que sus datos de contacto sean tratados por ALEJANDRO MAZARRO CAMPOS con la finalidad de informarle por medios electr\u00f3nicos u otros sobre nuevos productos y servicios relacionados con su actividad con finalidades publicitarias y promocionales. Al marcar la casilla de aceptaci\u00f3n est\u00e1 dando su expreso y leg\u00edtimo consentimiento para que sus datos sean tratados conforme a las finalidades de este formulario descritas en la pol\u00edtica de privacidad. Podr\u00e1 ejercer sus derechos de acceso, rectificaci\u00f3n, limitaci\u00f3n y supresi\u00f3n a trav\u00e9s del correo electr\u00f3nico info@drmazarro.com.<\/p>\n<\/div>\n<div>\n<h3>+<\/h3>\n<div>\n<p><strong>Responsable:<\/strong> Alejandro Mazarro Campos.<br \/><strong>Finalidad:<\/strong> responder a su consulta.<br \/><strong>Legitimaci\u00f3n:<\/strong> consentimiento del usuario\/a.<br \/><strong>Destinatarios:<\/strong> los datos que me facilita estar\u00e1n almacenados en los servidores de Google Workspace (mi proveedor de email).<br \/><strong>Derechos:<\/strong> siempre podr\u00e1 acceder, rectificar, limitar y suprimir sus datos personales<\/p>\n<\/div>\n<\/div>\n<p><!--more--><br \/>\n<!-- {\"type\":\"layout\",\"children\":[{\"type\":\"section\",\"props\":{\"header_transparent\":true,\"header_transparent_noplaceholder\":false,\"header_transparent_text_color\":\"dark\",\"image_position\":\"center-center\",\"padding\":\"large\",\"style\":\"default\",\"title_breakpoint\":\"xl\",\"title_position\":\"top-left\",\"title_rotation\":\"left\",\"vertical_align\":\"\",\"width\":\"xlarge\"},\"children\":[{\"type\":\"row\",\"children\":[{\"type\":\"column\",\"props\":{\"image_position\":\"center-center\",\"position_sticky_breakpoint\":\"m\",\"vertical_align\":\"middle\"},\"children\":[{\"type\":\"headline\",\"props\":{\"block_align\":\"center\",\"content\":\"Financing\",\"maxwidth\":\"2xlarge\",\"position_z_index\":\"1\",\"text_align\":\"center\",\"text_align_breakpoint\":\"m\",\"text_align_fallback\":\"center\",\"title_element\":\"h1\",\"title_style\":\"heading-medium\"}}]}]},{\"type\":\"row\",\"props\":{\"row_gap\":\"large\"},\"children\":[{\"type\":\"column\",\"props\":{\"image_position\":\"center-center\",\"position_sticky_breakpoint\":\"m\"},\"children\":[{\"type\":\"divider\",\"props\":{\"divider_element\":\"hr\"}},{\"type\":\"text\",\"props\":{\"column_breakpoint\":\"m\",\"content\":\"\n\n<p style=\\\"text-align: center;\\\">We want you to achieve your goals in the most convenient way possible.<\\\/p>\\n\n\n<p style=\\\"text-align: center;\\\">As a Premium Center for <em>Tu Medicina Financiada<\\\/em>, we can offer you the best conditions to make your dream <br \\\/>come true.<\\\/p>\",\"margin\":\"default\"}}]}]},{\"type\":\"row\",\"children\":[{\"type\":\"column\",\"props\":{\"image_position\":\"center-center\",\"position_sticky_breakpoint\":\"m\"},\"children\":[{\"type\":\"image\",\"props\":{\"container_padding_remove\":true,\"image\":\"wp-content\\\/uploads\\\/2023\\\/10\\\/tmf-logo2.png\",\"image_alt\":\"consulta lifting Barcelona\",\"image_loading\":true,\"image_svg_color\":\"emphasis\",\"image_width\":\"300\",\"margin\":\"default\",\"text_align\":\"center\"}}]}]}],\"name\":\"PORTADA\"},{\"type\":\"section\",\"props\":{\"image_position\":\"center-center\",\"style\":\"muted\",\"title_breakpoint\":\"xl\",\"title_position\":\"top-left\",\"title_rotation\":\"left\",\"vertical_align\":\"\",\"width\":\"default\"},\"children\":[{\"type\":\"row\",\"children\":[{\"type\":\"column\",\"props\":{\"image_position\":\"center-center\",\"position_sticky_breakpoint\":\"m\"},\"children\":[{\"type\":\"headline\",\"props\":{\"content\":\"\n\n<p style=\\\"text-align: center;\\\"><strong>Easy, Agile, and Secure financing<\\\/strong><\\\/p>\",\"text_align\":\"center\",\"title_element\":\"div\",\"title_style\":\"h1\"}}]}]},{\"type\":\"row\",\"props\":{\"layout\":\"1-2,1-2\"},\"children\":[{\"type\":\"column\",\"props\":{\"image_position\":\"center-center\",\"position_sticky_breakpoint\":\"m\",\"width_medium\":\"1-2\"},\"children\":[{\"type\":\"text\",\"props\":{\"column_breakpoint\":\"m\",\"content\":\"\n\n<p>As a PREMIUM TMF CENTER, we provide access to the most favorable conditions to make your dream a reality.<\\\/p>\\n\n\n<p>Ask about our advantageous financing conditions for patients. TU MEDICINA FINANCIADA will facilitate <br \\\/>access to your medical procedure when needed, adapting to your requirements and providing quick responses through a secure process.<\\\/p>\",\"margin\":\"default\"}}]},{\"type\":\"column\",\"props\":{\"image_position\":\"center-center\",\"position_sticky_breakpoint\":\"m\",\"vertical_align\":\"middle\",\"width_medium\":\"1-2\"},\"children\":[{\"type\":\"text\",\"props\":{\"column_breakpoint\":\"m\",\"content\":\"\n\n<p style=\\\"text-align: center; font-size: 1.2rem;\\\">Get an instant, no-obligation quote by clicking the button below!<\\\/p>\",\"margin\":\"default\"}},{\"type\":\"image\",\"props\":{\"image\":\"wp-content\\\/uploads\\\/2023\\\/11\\\/applet-copia.png\",\"image_alt\":\"applet TMF\",\"image_svg_color\":\"emphasis\",\"image_width\":\"250\",\"margin\":\"default\",\"text_align\":\"center\"}}]}]}]},{\"type\":\"section\",\"props\":{\"image_position\":\"center-center\",\"style\":\"default\",\"title_breakpoint\":\"xl\",\"title_position\":\"top-left\",\"title_rotation\":\"left\",\"vertical_align\":\"\",\"width\":\"small\"},\"children\":[{\"type\":\"row\",\"props\":{\"column_gap\":\"large\",\"divider\":true,\"width\":\"xsmall\"},\"children\":[{\"type\":\"column\",\"props\":{\"image_position\":\"center-center\",\"position_sticky_breakpoint\":\"m\",\"vertical_align\":\"middle\"},\"children\":[{\"type\":\"text\",\"props\":{\"column_breakpoint\":\"m\",\"content\":\"\n\n<p style=\\\"text-align: center;\\\"><strong>Want more information?<\\\/strong><\\\/p>\",\"margin\":\"large\"}},{\"type\":\"text\",\"props\":{\"column_breakpoint\":\"m\",\"content\":\"\n\n<p style=\\\"text-align: center;\\\">Contact Tu Medicina Financiada via:<\\\/p>\\n\n\n<p style=\\\"text-align: center;\\\">phone\\u00a0<a href=\\\"tel:+34936476424\\\">936 476 424<\\\/a> - <a href=\\\"tel:+34673764859\\\">673 764 859<\\\/a><\\\/p>\\n\n\n<p style=\\\"text-align: center;\\\">or email\\u00a0<a href=\\\"mailto:info@tumedicinafinanciada.com\\\">info@tumedicinafinanciada.com<\\\/a><\\\/p>\",\"margin\":\"default\"}},{\"type\":\"text\",\"props\":{\"column_breakpoint\":\"m\",\"content\":\"\n\n<p style=\\\"text-align: center;\\\">Or, if you prefer, reach out via <a href=\\\"https:\\\/\\\/api.whatsapp.com\\\/send\\\/?phone=+34644534515&amp;text=Hello,%20I%20want%20to%20book%20an%20appointment%20with%20Dr.%20Mazarro\\\">WhatsApp<\\\/a>, <a href=\\\"mailto:info@drmazarro.com\\\">email<\\\/a>, or fill out our form and we'll contact you.<\\\/p>\",\"margin\":\"large\"}},{\"type\":\"html\",\"props\":{\"content\":\"[contact-form-7 id=\\\"8322f7b\\\" title=\\\"Contact-English\\\"]\"}},{\"type\":\"text\",\"props\":{\"column_breakpoint\":\"m\",\"content\":\"\n\n<p style=\\\"font-size: 8px;\\\">Le informamos que los datos de car\\u00e1cter personal que nos proporcione rellenado el presente formulario ser\\u00e1n tratados por ALEJANDRO MAZARRO CAMPOS. La finalidad de la recogida y tratamiento de los datos personales solicitados es el env\\u00edo de informaci\\u00f3n relacionado con el motivo de consulta, ya sea v\\u00eda e-mail, SMS, Whatsapp\\u00ae o llamada telef\\u00f3nica. Los datos personales y de contacto podr\\u00e1n ser cedidos a los respectivos equipos de marketing \\\/ atenci\\u00f3n al cliente de la(s) cl\\u00ednica(s) donde colabora el Dr. Mazarro para contactar con el solicitante. El usuario consiente adem\\u00e1s que sus datos de contacto sean tratados por ALEJANDRO MAZARRO CAMPOS con la finalidad de informarle por medios electr\\u00f3nicos u otros sobre nuevos productos y servicios relacionados con su actividad con finalidades publicitarias y promocionales. Al marcar la casilla de aceptaci\\u00f3n est\\u00e1 dando su expreso y leg\\u00edtimo consentimiento para que sus datos sean tratados conforme a las finalidades de este formulario descritas en la pol\\u00edtica de privacidad. Podr\\u00e1 ejercer sus derechos de acceso, rectificaci\\u00f3n, limitaci\\u00f3n y supresi\\u00f3n a trav\\u00e9s del correo electr\\u00f3nico info@drmazarro.com.<\\\/p>\",\"margin\":\"default\",\"margin_remove_bottom\":true,\"margin_remove_top\":false,\"text_align\":\"justify\",\"text_style\":\"meta\"},\"name\":\"texto legal formulario\"},{\"type\":\"accordion\",\"props\":{\"collapsible\":true,\"content_column_breakpoint\":\"m\",\"content_margin\":\"small\",\"content_style\":\"meta\",\"image_align\":\"top\",\"image_grid_breakpoint\":\"m\",\"image_grid_width\":\"1-2\",\"image_svg_color\":\"emphasis\",\"link_style\":\"default\",\"link_text\":\"+\",\"show_image\":false,\"show_link\":false},\"children\":[{\"type\":\"accordion_item\",\"props\":{\"content\":\"\n\n<p><strong>Responsable:<\\\/strong> Alejandro Mazarro Campos.<br \\\/><strong>Finalidad:<\\\/strong> responder a su consulta.<br \\\/><strong>Legitimaci\\u00f3n:<\\\/strong> consentimiento del usuario\\\/a.<br \\\/><strong>Destinatarios:<\\\/strong> los datos que me facilita estar\\u00e1n almacenados en los servidores de Google Workspace (mi proveedor de email).<br \\\/><strong>Derechos:<\\\/strong> siempre podr\\u00e1 acceder, rectificar, limitar y suprimir sus datos personales<\\\/p>\",\"title\":\"+\"}}]}]}]}],\"name\":\"PIDE CITA 2024\"}],\"version\":\"4.5.5\"} --><\/p>\n","protected":false},"excerpt":{"rendered":"<p>Financing We want you to achieve your goals in the most convenient way possible. As a Premium Center for Tu Medicina Financiada, we can offer you the best conditions to make your dream come true. Easy, Agile, and Secure financing As a PREMIUM TMF CENTER, we provide access to the most favorable conditions to make [&hellip;]<\/p>\n","protected":false},"author":1,"featured_media":0,"parent":0,"menu_order":0,"comment_status":"closed","ping_status":"closed","template":"","meta":{"_acf_changed":false,"_monsterinsights_skip_tracking":false,"_monsterinsights_sitenote_active":false,"_monsterinsights_sitenote_note":"","_monsterinsights_sitenote_category":0,"footnotes":""},"class_list":["post-23487","page","type-page","status-publish","hentry"],"acf":[],"yoast_head":"<!-- This site is optimized with the Yoast SEO plugin v27.3 - https:\/\/yoast.com\/product\/yoast-seo-wordpress\/ -->\n<title>Financing - Dr. Mazarro | Deep Plane Facelift Specialist<\/title>\n<meta name=\"description\" content=\"Special Financing conditions for your Facelift Surgery - Contact v\u00eda WhatsApp (644 534 515) or email (info@drmazarro.com)\" \/>\n<meta name=\"robots\" content=\"index, follow, max-snippet:-1, max-image-preview:large, max-video-preview:-1\" \/>\n<link rel=\"canonical\" href=\"https:\/\/drmazarro.com\/en\/financing\/\" \/>\n<meta property=\"og:locale\" content=\"en_US\" \/>\n<meta property=\"og:type\" content=\"article\" \/>\n<meta property=\"og:title\" content=\"Financing - Dr. Mazarro | Deep Plane Facelift Specialist\" \/>\n<meta property=\"og:description\" content=\"Special Financing conditions for your Facelift Surgery - Contact v\u00eda WhatsApp (644 534 515) or email (info@drmazarro.com)\" \/>\n<meta property=\"og:url\" content=\"https:\/\/drmazarro.com\/en\/financing\/\" \/>\n<meta property=\"og:site_name\" content=\"Dr. Mazarro\" \/>\n<meta property=\"article:publisher\" content=\"https:\/\/www.facebook.com\/Dr-Mazarro-Cirug%c3%ada-Est%c3%a9tica-Facial-en-Barcelona-101872084913358\/\" \/>\n<meta property=\"article:modified_time\" content=\"2025-06-29T22:59:01+00:00\" \/>\n<meta property=\"og:image\" content=\"https:\/\/drmazarro.com\/wp-content\/uploads\/2024\/03\/AM-576.png\" \/>\n\t<meta property=\"og:image:width\" content=\"576\" \/>\n\t<meta property=\"og:image:height\" content=\"576\" \/>\n\t<meta property=\"og:image:type\" content=\"image\/png\" \/>\n<meta name=\"twitter:card\" content=\"summary_large_image\" \/>\n<meta name=\"twitter:label1\" content=\"Est. reading time\" \/>\n\t<meta name=\"twitter:data1\" content=\"3 minutes\" \/>\n<!-- \/ Yoast SEO plugin. -->","yoast_head_json":{"title":"Financing - Dr. Mazarro | Deep Plane Facelift Specialist","description":"Special Financing conditions for your Facelift Surgery - Contact v\u00eda WhatsApp (644 534 515) or email (info@drmazarro.com)","robots":{"index":"index","follow":"follow","max-snippet":"max-snippet:-1","max-image-preview":"max-image-preview:large","max-video-preview":"max-video-preview:-1"},"canonical":"https:\/\/drmazarro.com\/en\/financing\/","og_locale":"en_US","og_type":"article","og_title":"Financing - Dr. Mazarro | Deep Plane Facelift Specialist","og_description":"Special Financing conditions for your Facelift Surgery - Contact v\u00eda WhatsApp (644 534 515) or email (info@drmazarro.com)","og_url":"https:\/\/drmazarro.com\/en\/financing\/","og_site_name":"Dr. Mazarro","article_publisher":"https:\/\/www.facebook.com\/Dr-Mazarro-Cirug%c3%ada-Est%c3%a9tica-Facial-en-Barcelona-101872084913358\/","article_modified_time":"2025-06-29T22:59:01+00:00","og_image":[{"width":576,"height":576,"url":"https:\/\/drmazarro.com\/wp-content\/uploads\/2024\/03\/AM-576.png","type":"image\/png"}],"twitter_card":"summary_large_image","twitter_misc":{"Est. reading time":"3 minutes"},"schema":{"@context":"https:\/\/schema.org","@graph":[{"@type":"WebPage","@id":"https:\/\/drmazarro.com\/en\/financing\/","url":"https:\/\/drmazarro.com\/en\/financing\/","name":"Financing - Dr. Mazarro | Deep Plane Facelift Specialist","isPartOf":{"@id":"https:\/\/drmazarro.com\/en\/#website"},"datePublished":"2024-12-25T14:54:50+00:00","dateModified":"2025-06-29T22:59:01+00:00","description":"Special Financing conditions for your Facelift Surgery - Contact v\u00eda WhatsApp (644 534 515) or email (info@drmazarro.com)","breadcrumb":{"@id":"https:\/\/drmazarro.com\/en\/financing\/#breadcrumb"},"inLanguage":"en-US","potentialAction":[{"@type":"ReadAction","target":["https:\/\/drmazarro.com\/en\/financing\/"]}]},{"@type":"BreadcrumbList","@id":"https:\/\/drmazarro.com\/en\/financing\/#breadcrumb","itemListElement":[{"@type":"ListItem","position":1,"name":"Portada","item":"https:\/\/drmazarro.com\/en\/"},{"@type":"ListItem","position":2,"name":"Financing"}]},{"@type":"WebSite","@id":"https:\/\/drmazarro.com\/en\/#website","url":"https:\/\/drmazarro.com\/en\/","name":"Dr. Mazarro","description":"Cirug\u00eda y Medicina Est\u00e9tica Facial en Barcelona","publisher":{"@id":"https:\/\/drmazarro.com\/en\/#organization"},"potentialAction":[{"@type":"SearchAction","target":{"@type":"EntryPoint","urlTemplate":"https:\/\/drmazarro.com\/en\/?s={search_term_string}"},"query-input":{"@type":"PropertyValueSpecification","valueRequired":true,"valueName":"search_term_string"}}],"inLanguage":"en-US"},{"@type":"Organization","@id":"https:\/\/drmazarro.com\/en\/#organization","name":"Dr. Mazarro","url":"https:\/\/drmazarro.com\/en\/","logo":{"@type":"ImageObject","inLanguage":"en-US","@id":"https:\/\/drmazarro.com\/en\/#\/schema\/logo\/image\/","url":"https:\/\/drmazarro.com\/wp-content\/uploads\/2024\/03\/AM-576.png","contentUrl":"https:\/\/drmazarro.com\/wp-content\/uploads\/2024\/03\/AM-576.png","width":576,"height":576,"caption":"Dr. Mazarro"},"image":{"@id":"https:\/\/drmazarro.com\/en\/#\/schema\/logo\/image\/"},"sameAs":["https:\/\/www.facebook.com\/Dr-Mazarro-Cirug\u00eda-Est\u00e9tica-Facial-en-Barcelona-101872084913358\/","https:\/\/www.instagram.com\/drmazarro_alejandro\/"]}]}},"_links":{"self":[{"href":"https:\/\/drmazarro.com\/en\/wp-json\/wp\/v2\/pages\/23487","targetHints":{"allow":["GET"]}}],"collection":[{"href":"https:\/\/drmazarro.com\/en\/wp-json\/wp\/v2\/pages"}],"about":[{"href":"https:\/\/drmazarro.com\/en\/wp-json\/wp\/v2\/types\/page"}],"author":[{"embeddable":true,"href":"https:\/\/drmazarro.com\/en\/wp-json\/wp\/v2\/users\/1"}],"replies":[{"embeddable":true,"href":"https:\/\/drmazarro.com\/en\/wp-json\/wp\/v2\/comments?post=23487"}],"version-history":[{"count":8,"href":"https:\/\/drmazarro.com\/en\/wp-json\/wp\/v2\/pages\/23487\/revisions"}],"predecessor-version":[{"id":25628,"href":"https:\/\/drmazarro.com\/en\/wp-json\/wp\/v2\/pages\/23487\/revisions\/25628"}],"wp:attachment":[{"href":"https:\/\/drmazarro.com\/en\/wp-json\/wp\/v2\/media?parent=23487"}],"curies":[{"name":"wp","href":"https:\/\/api.w.org\/{rel}","templated":true}]}}