{"id":24193,"date":"2022-07-26T11:35:10","date_gmt":"2024-12-26T14:32:03","guid":{"rendered":"https:\/\/drmazarro.com\/producto\/maslinic-antiox-day-fluid-cream-spf-20\/"},"modified":"2025-01-03T19:04:26","modified_gmt":"2025-01-03T18:04:26","slug":"maslinic-antiox-day-fluid-cream-spf-20","status":"publish","type":"product","link":"https:\/\/drmazarro.com\/ca\/producto\/maslinic-antiox-day-fluid-cream-spf-20\/","title":{"rendered":"Maslinic Antiox Day Fluid Cream"},"content":{"rendered":"<h2><em>Indicacions<\/em><\/h2>\n<p style=\"text-align: justify;\">Maslinic Antiox Day Fluid Cream SPF 20 \u00e9s una crema fluida protectora que protegeix contra la radiaci\u00f3 nociva UVA i UVB. Aquesta f\u00f3rmula avan\u00e7ada hidrata i nodreix la pell mentre proporciona confort i protecci\u00f3, deixant-la cuidada i suau.<\/p>\n<p>\u2022 Proporciona protecci\u00f3 UVA\/UVB<br \/>\n\u2022 Aporta hidrataci\u00f3 di\u00e0ria<br \/>\n\u2022 Millora la nutrici\u00f3 de la pell<br \/>\n\u2022 Assegura confort durador<br \/>\n\u2022 Ofereix beneficis antioxidants<br \/>\n\u2022 Millora la suavitat de la pell<br \/>\n\u2022 Inclou protecci\u00f3 SPF 20<\/p>\n<h2><em>Format<\/em><\/h2>\n<p style=\"text-align: justify;\">30mL<\/p>\n<h2><em>Ingredients<\/em><\/h2>\n<p>\u2022 \u00c0cid Masl\u00ednic<br \/>\n&#8211; Proporciona protecci\u00f3 antioxidant<br \/>\n&#8211; Dona suport a la salut cut\u00e0nia<br \/>\n&#8211; Millora la defensa di\u00e0ria<\/p>\n<p>\u2022 Complex Avan\u00e7at<br \/>\n&#8211; Cont\u00e9 Proteum 89+<br \/>\n&#8211; Incorpora Reishi Biofermentat<br \/>\n&#8211; Dona suport a la renovaci\u00f3 cut\u00e0nia<\/p>\n<p>\u2022 Sistema Hidratant<br \/>\n&#8211; Cont\u00e9 \u00e0cid hialur\u00f2nic<br \/>\n&#8211; Mant\u00e9 la hidrataci\u00f3 \u00f2ptima<br \/>\n&#8211; Assegura confort durador<\/p>\n<h2><em>Com utilitzar Maslinic Antiox Day Fluid Cream SPF 20<\/em><\/h2>\n<p style=\"text-align: justify;\">Aplicar al mat\u00ed despr\u00e9s de la rutina habitual de cura de la pell. Per a una protecci\u00f3 \u00f2ptima, tornar a aplicar segons sigui necessari durant el dia, especialment despr\u00e9s d&#8217;una exposici\u00f3 solar prolongada.<\/p>\n","protected":false},"excerpt":{"rendered":"<p><strong>Maslinic Antiox Day Fluid Cream SPF 20<\/strong><\/p>\n<p>Aconsegueix-lo al preu m\u00ednim amb enviament GRATU\u00cfT &#8211; clica per saber-ne m\u00e9s!<\/p>\n","protected":false},"featured_media":23834,"comment_status":"open","ping_status":"closed","template":"","meta":{"_acf_changed":false,"_monsterinsights_skip_tracking":false,"_monsterinsights_sitenote_active":false,"_monsterinsights_sitenote_note":"","_monsterinsights_sitenote_category":0},"product_brand":[],"product_cat":[219,250],"product_tag":[241],"class_list":{"0":"post-24193","1":"product","2":"type-product","3":"status-publish","4":"has-post-thumbnail","6":"product_cat-bmed-by-martiderm-ca","7":"product_cat-tots","8":"product_tag-bmed-by-martiderm-ca","10":"first","11":"outofstock","12":"shipping-taxable","13":"purchasable","14":"product-type-simple"},"acf":[],"yoast_head":"<!-- This site is optimized with the Yoast SEO plugin v27.3 - https:\/\/yoast.com\/product\/yoast-seo-wordpress\/ -->\n<title>Comprar Maslinic Antiox Day Fluid by BMed - Enviament Gratu\u00eft<\/title>\n<meta name=\"description\" content=\"Comprar Maslinic Antiox Day Fluid Cream al millor preu amb ENVIAMENT GRATU\u00cfT. Encarrega online i rep els teus productes preferits a casa!\" \/>\n<meta name=\"robots\" content=\"index, follow, max-snippet:-1, max-image-preview:large, max-video-preview:-1\" \/>\n<link rel=\"canonical\" href=\"https:\/\/drmazarro.com\/ca\/producto\/maslinic-antiox-day-fluid-cream-spf-20\/\" \/>\n<meta property=\"og:locale\" content=\"ca_ES\" \/>\n<meta property=\"og:type\" content=\"article\" \/>\n<meta property=\"og:title\" content=\"Comprar Maslinic Antiox Day Fluid by BMed - Enviament Gratu\u00eft\" \/>\n<meta property=\"og:description\" content=\"Comprar Maslinic Antiox Day Fluid Cream al millor preu amb ENVIAMENT GRATU\u00cfT. Encarrega online i rep els teus productes preferits a casa!\" \/>\n<meta property=\"og:url\" content=\"https:\/\/drmazarro.com\/ca\/producto\/maslinic-antiox-day-fluid-cream-spf-20\/\" \/>\n<meta property=\"og:site_name\" content=\"Dr. Mazarro\" \/>\n<meta property=\"article:publisher\" content=\"https:\/\/www.facebook.com\/Dr-Mazarro-Cirug%c3%ada-Est%c3%a9tica-Facial-en-Barcelona-101872084913358\/\" \/>\n<meta property=\"article:modified_time\" content=\"2025-01-03T18:04:26+00:00\" \/>\n<meta property=\"og:image\" content=\"https:\/\/drmazarro.com\/wp-content\/uploads\/2022\/07\/maslinic.jpg\" \/>\n\t<meta property=\"og:image:width\" content=\"524\" \/>\n\t<meta property=\"og:image:height\" content=\"787\" \/>\n\t<meta property=\"og:image:type\" content=\"image\/jpeg\" \/>\n<meta name=\"twitter:card\" content=\"summary_large_image\" \/>\n<meta name=\"twitter:label1\" content=\"Temps estimat de lectura\" \/>\n\t<meta name=\"twitter:data1\" content=\"1 minut\" \/>\n<!-- \/ Yoast SEO plugin. -->","yoast_head_json":{"title":"Comprar Maslinic Antiox Day Fluid by BMed - Enviament Gratu\u00eft","description":"Comprar Maslinic Antiox Day Fluid Cream al millor preu amb ENVIAMENT GRATU\u00cfT. Encarrega online i rep els teus productes preferits a casa!","robots":{"index":"index","follow":"follow","max-snippet":"max-snippet:-1","max-image-preview":"max-image-preview:large","max-video-preview":"max-video-preview:-1"},"canonical":"https:\/\/drmazarro.com\/ca\/producto\/maslinic-antiox-day-fluid-cream-spf-20\/","og_locale":"ca_ES","og_type":"article","og_title":"Comprar Maslinic Antiox Day Fluid by BMed - Enviament Gratu\u00eft","og_description":"Comprar Maslinic Antiox Day Fluid Cream al millor preu amb ENVIAMENT GRATU\u00cfT. Encarrega online i rep els teus productes preferits a casa!","og_url":"https:\/\/drmazarro.com\/ca\/producto\/maslinic-antiox-day-fluid-cream-spf-20\/","og_site_name":"Dr. Mazarro","article_publisher":"https:\/\/www.facebook.com\/Dr-Mazarro-Cirug%c3%ada-Est%c3%a9tica-Facial-en-Barcelona-101872084913358\/","article_modified_time":"2025-01-03T18:04:26+00:00","og_image":[{"width":524,"height":787,"url":"https:\/\/drmazarro.com\/wp-content\/uploads\/2022\/07\/maslinic.jpg","type":"image\/jpeg"}],"twitter_card":"summary_large_image","twitter_misc":{"Temps estimat de lectura":"1 minut"},"schema":{"@context":"https:\/\/schema.org","@graph":[{"@type":"WebPage","@id":"https:\/\/drmazarro.com\/ca\/producto\/maslinic-antiox-day-fluid-cream-spf-20\/","url":"https:\/\/drmazarro.com\/ca\/producto\/maslinic-antiox-day-fluid-cream-spf-20\/","name":"Comprar Maslinic Antiox Day Fluid by BMed - Enviament Gratu\u00eft","isPartOf":{"@id":"https:\/\/drmazarro.com\/ca\/#website"},"primaryImageOfPage":{"@id":"https:\/\/drmazarro.com\/ca\/producto\/maslinic-antiox-day-fluid-cream-spf-20\/#primaryimage"},"image":{"@id":"https:\/\/drmazarro.com\/ca\/producto\/maslinic-antiox-day-fluid-cream-spf-20\/#primaryimage"},"thumbnailUrl":"https:\/\/drmazarro.com\/wp-content\/uploads\/2022\/07\/maslinic.jpg","datePublished":"2024-12-26T14:32:03+00:00","dateModified":"2025-01-03T18:04:26+00:00","description":"Comprar Maslinic Antiox Day Fluid Cream al millor preu amb ENVIAMENT GRATU\u00cfT. Encarrega online i rep els teus productes preferits a casa!","breadcrumb":{"@id":"https:\/\/drmazarro.com\/ca\/producto\/maslinic-antiox-day-fluid-cream-spf-20\/#breadcrumb"},"inLanguage":"ca","potentialAction":[{"@type":"ReadAction","target":["https:\/\/drmazarro.com\/ca\/producto\/maslinic-antiox-day-fluid-cream-spf-20\/"]}]},{"@type":"ImageObject","inLanguage":"ca","@id":"https:\/\/drmazarro.com\/ca\/producto\/maslinic-antiox-day-fluid-cream-spf-20\/#primaryimage","url":"https:\/\/drmazarro.com\/wp-content\/uploads\/2022\/07\/maslinic.jpg","contentUrl":"https:\/\/drmazarro.com\/wp-content\/uploads\/2022\/07\/maslinic.jpg","width":524,"height":787,"caption":"Maslinic Antiox Fluid Cream SPF 20 Bmed"},{"@type":"BreadcrumbList","@id":"https:\/\/drmazarro.com\/ca\/producto\/maslinic-antiox-day-fluid-cream-spf-20\/#breadcrumb","itemListElement":[{"@type":"ListItem","position":1,"name":"Portada","item":"https:\/\/drmazarro.com\/ca\/"},{"@type":"ListItem","position":2,"name":"Botiga on-line","item":"https:\/\/drmazarro.com\/ca\/botiga-online\/"},{"@type":"ListItem","position":3,"name":"Maslinic Antiox Day Fluid Cream"}]},{"@type":"WebSite","@id":"https:\/\/drmazarro.com\/ca\/#website","url":"https:\/\/drmazarro.com\/ca\/","name":"Dr. Mazarro","description":"Cirug\u00eda y Medicina Est\u00e9tica Facial en Barcelona","publisher":{"@id":"https:\/\/drmazarro.com\/ca\/#organization"},"potentialAction":[{"@type":"SearchAction","target":{"@type":"EntryPoint","urlTemplate":"https:\/\/drmazarro.com\/ca\/?s={search_term_string}"},"query-input":{"@type":"PropertyValueSpecification","valueRequired":true,"valueName":"search_term_string"}}],"inLanguage":"ca"},{"@type":"Organization","@id":"https:\/\/drmazarro.com\/ca\/#organization","name":"Dr. Mazarro","url":"https:\/\/drmazarro.com\/ca\/","logo":{"@type":"ImageObject","inLanguage":"ca","@id":"https:\/\/drmazarro.com\/ca\/#\/schema\/logo\/image\/","url":"https:\/\/drmazarro.com\/wp-content\/uploads\/2024\/03\/AM-576.png","contentUrl":"https:\/\/drmazarro.com\/wp-content\/uploads\/2024\/03\/AM-576.png","width":576,"height":576,"caption":"Dr. Mazarro"},"image":{"@id":"https:\/\/drmazarro.com\/ca\/#\/schema\/logo\/image\/"},"sameAs":["https:\/\/www.facebook.com\/Dr-Mazarro-Cirug\u00eda-Est\u00e9tica-Facial-en-Barcelona-101872084913358\/","https:\/\/www.instagram.com\/drmazarro_alejandro\/"]}]}},"_links":{"self":[{"href":"https:\/\/drmazarro.com\/ca\/wp-json\/wp\/v2\/product\/24193","targetHints":{"allow":["GET"]}}],"collection":[{"href":"https:\/\/drmazarro.com\/ca\/wp-json\/wp\/v2\/product"}],"about":[{"href":"https:\/\/drmazarro.com\/ca\/wp-json\/wp\/v2\/types\/product"}],"replies":[{"embeddable":true,"href":"https:\/\/drmazarro.com\/ca\/wp-json\/wp\/v2\/comments?post=24193"}],"wp:featuredmedia":[{"embeddable":true,"href":"https:\/\/drmazarro.com\/ca\/wp-json\/wp\/v2\/media\/23834"}],"wp:attachment":[{"href":"https:\/\/drmazarro.com\/ca\/wp-json\/wp\/v2\/media?parent=24193"}],"wp:term":[{"taxonomy":"product_brand","embeddable":true,"href":"https:\/\/drmazarro.com\/ca\/wp-json\/wp\/v2\/product_brand?post=24193"},{"taxonomy":"product_cat","embeddable":true,"href":"https:\/\/drmazarro.com\/ca\/wp-json\/wp\/v2\/product_cat?post=24193"},{"taxonomy":"product_tag","embeddable":true,"href":"https:\/\/drmazarro.com\/ca\/wp-json\/wp\/v2\/product_tag?post=24193"}],"curies":[{"name":"wp","href":"https:\/\/api.w.org\/{rel}","templated":true}]}}