{"id":24191,"date":"2022-07-26T11:36:22","date_gmt":"2024-12-26T14:32:04","guid":{"rendered":"https:\/\/drmazarro.com\/producto\/maslinic-booster-ampoules\/"},"modified":"2025-01-03T19:01:33","modified_gmt":"2025-01-03T18:01:33","slug":"maslinic-booster-ampoules","status":"publish","type":"product","link":"https:\/\/drmazarro.com\/ca\/producto\/maslinic-booster-ampoules\/","title":{"rendered":"Maslinic Booster Ampoules"},"content":{"rendered":"<h2><em>Indicacions<\/em><\/h2>\n<p style=\"text-align: justify;\">Maslinic Booster Ampoules \u00e9s un tractament avan\u00e7at redensificant i regenerador que cont\u00e9 ingredients d&#8217;avantguarda que promouen la reparaci\u00f3 i regeneraci\u00f3 cut\u00e0nia. Aquesta potent f\u00f3rmula ajuda a prevenir el fotoenveilliment mentre proporciona una potent protecci\u00f3 antioxidant.<\/p>\n<p>\u2022 Millora la densitat cut\u00e0nia<br \/>\n\u2022 Promou la regeneraci\u00f3 de la pell<br \/>\n\u2022 Prev\u00e9 el fotoenveilliment<br \/>\n\u2022 Proporciona protecci\u00f3 antioxidant<br \/>\n\u2022 Dona suport a la reparaci\u00f3 cut\u00e0nia<br \/>\n\u2022 Millora la resist\u00e8ncia de la pell<br \/>\n\u2022 Ofereix beneficis intensius<\/p>\n<h2><em>Format<\/em><\/h2>\n<p style=\"text-align: justify;\">30 ampolles<\/p>\n<h2><em>Ingredients<\/em><\/h2>\n<p>\u2022 \u00c0cid Masl\u00ednic<br \/>\n&#8211; Dona suport a la regeneraci\u00f3 cut\u00e0nia<br \/>\n&#8211; Millora el proc\u00e9s de reparaci\u00f3<br \/>\n&#8211; Proporciona beneficis protectors<\/p>\n<p>\u2022 Complex Avan\u00e7at<br \/>\n&#8211; Cont\u00e9 Proteum 89+<br \/>\n&#8211; Incorpora \u00e0cid glicirret\u00ednic<br \/>\n&#8211; Promou la renovaci\u00f3 cut\u00e0nia<\/p>\n<p>\u2022 Complex Vitam\u00ednic<br \/>\n&#8211; Vitamina A per a la renovaci\u00f3<br \/>\n&#8211; Vitamina C per a la lluminositat<br \/>\n&#8211; Vitamina E per a la protecci\u00f3<br \/>\n&#8211; Vitamina F per a la nutrici\u00f3<\/p>\n<h2><em>Com utilitzar Maslinic Booster Ampoules<\/em><\/h2>\n<p style=\"text-align: justify;\">Aplicar mat\u00ed o nit sobre la pell neta. Utilitzar una ampolla per aplicaci\u00f3. Per a resultats \u00f2ptims, continuar amb la rutina habitual de cura de la pell.<\/p>\n","protected":false},"excerpt":{"rendered":"<p>Maslinic Booster Ampoules<\/p>\n<p>Aconsegueix-lo al preu m\u00ednim amb enviament GRATU\u00cfT &#8211; clica per saber-ne m\u00e9s!<\/p>\n","protected":false},"featured_media":23830,"comment_status":"open","ping_status":"closed","template":"","meta":{"_acf_changed":false,"_monsterinsights_skip_tracking":false,"_monsterinsights_sitenote_active":false,"_monsterinsights_sitenote_note":"","_monsterinsights_sitenote_category":0},"product_brand":[],"product_cat":[219,250],"product_tag":[241],"class_list":{"0":"post-24191","1":"product","2":"type-product","3":"status-publish","4":"has-post-thumbnail","6":"product_cat-bmed-by-martiderm-ca","7":"product_cat-tots","8":"product_tag-bmed-by-martiderm-ca","10":"first","11":"instock","12":"shipping-taxable","13":"purchasable","14":"product-type-simple"},"acf":[],"yoast_head":"<!-- This site is optimized with the Yoast SEO plugin v27.3 - https:\/\/yoast.com\/product\/yoast-seo-wordpress\/ -->\n<title>Comprar Maslinic Booster Ampoules by BMed - Enviament Gratu\u00eft<\/title>\n<meta name=\"description\" content=\"Comprar Maslinic Booster Ampoules al millor preu amb ENVIAMENT GRATU\u00cfT. Encarrega online i rep els teus productes preferits a casa!\" \/>\n<meta name=\"robots\" content=\"index, follow, max-snippet:-1, max-image-preview:large, max-video-preview:-1\" \/>\n<link rel=\"canonical\" href=\"https:\/\/drmazarro.com\/ca\/producto\/maslinic-booster-ampoules\/\" \/>\n<meta property=\"og:locale\" content=\"ca_ES\" \/>\n<meta property=\"og:type\" content=\"article\" \/>\n<meta property=\"og:title\" content=\"Comprar Maslinic Booster Ampoules by BMed - Enviament Gratu\u00eft\" \/>\n<meta property=\"og:description\" content=\"Comprar Maslinic Booster Ampoules al millor preu amb ENVIAMENT GRATU\u00cfT. Encarrega online i rep els teus productes preferits a casa!\" \/>\n<meta property=\"og:url\" content=\"https:\/\/drmazarro.com\/ca\/producto\/maslinic-booster-ampoules\/\" \/>\n<meta property=\"og:site_name\" content=\"Dr. Mazarro\" \/>\n<meta property=\"article:publisher\" content=\"https:\/\/www.facebook.com\/Dr-Mazarro-Cirug%c3%ada-Est%c3%a9tica-Facial-en-Barcelona-101872084913358\/\" \/>\n<meta property=\"article:modified_time\" content=\"2025-01-03T18:01:33+00:00\" \/>\n<meta property=\"og:image\" content=\"https:\/\/drmazarro.com\/wp-content\/uploads\/2022\/07\/ampollas-maslinic.jpg\" \/>\n\t<meta property=\"og:image:width\" content=\"519\" \/>\n\t<meta property=\"og:image:height\" content=\"781\" \/>\n\t<meta property=\"og:image:type\" content=\"image\/jpeg\" \/>\n<meta name=\"twitter:card\" content=\"summary_large_image\" \/>\n<meta name=\"twitter:label1\" content=\"Temps estimat de lectura\" \/>\n\t<meta name=\"twitter:data1\" content=\"1 minut\" \/>\n<!-- \/ Yoast SEO plugin. -->","yoast_head_json":{"title":"Comprar Maslinic Booster Ampoules by BMed - Enviament Gratu\u00eft","description":"Comprar Maslinic Booster Ampoules al millor preu amb ENVIAMENT GRATU\u00cfT. Encarrega online i rep els teus productes preferits a casa!","robots":{"index":"index","follow":"follow","max-snippet":"max-snippet:-1","max-image-preview":"max-image-preview:large","max-video-preview":"max-video-preview:-1"},"canonical":"https:\/\/drmazarro.com\/ca\/producto\/maslinic-booster-ampoules\/","og_locale":"ca_ES","og_type":"article","og_title":"Comprar Maslinic Booster Ampoules by BMed - Enviament Gratu\u00eft","og_description":"Comprar Maslinic Booster Ampoules al millor preu amb ENVIAMENT GRATU\u00cfT. Encarrega online i rep els teus productes preferits a casa!","og_url":"https:\/\/drmazarro.com\/ca\/producto\/maslinic-booster-ampoules\/","og_site_name":"Dr. Mazarro","article_publisher":"https:\/\/www.facebook.com\/Dr-Mazarro-Cirug%c3%ada-Est%c3%a9tica-Facial-en-Barcelona-101872084913358\/","article_modified_time":"2025-01-03T18:01:33+00:00","og_image":[{"width":519,"height":781,"url":"https:\/\/drmazarro.com\/wp-content\/uploads\/2022\/07\/ampollas-maslinic.jpg","type":"image\/jpeg"}],"twitter_card":"summary_large_image","twitter_misc":{"Temps estimat de lectura":"1 minut"},"schema":{"@context":"https:\/\/schema.org","@graph":[{"@type":"WebPage","@id":"https:\/\/drmazarro.com\/ca\/producto\/maslinic-booster-ampoules\/","url":"https:\/\/drmazarro.com\/ca\/producto\/maslinic-booster-ampoules\/","name":"Comprar Maslinic Booster Ampoules by BMed - Enviament Gratu\u00eft","isPartOf":{"@id":"https:\/\/drmazarro.com\/ca\/#website"},"primaryImageOfPage":{"@id":"https:\/\/drmazarro.com\/ca\/producto\/maslinic-booster-ampoules\/#primaryimage"},"image":{"@id":"https:\/\/drmazarro.com\/ca\/producto\/maslinic-booster-ampoules\/#primaryimage"},"thumbnailUrl":"https:\/\/drmazarro.com\/wp-content\/uploads\/2022\/07\/ampollas-maslinic.jpg","datePublished":"2024-12-26T14:32:04+00:00","dateModified":"2025-01-03T18:01:33+00:00","description":"Comprar Maslinic Booster Ampoules al millor preu amb ENVIAMENT GRATU\u00cfT. Encarrega online i rep els teus productes preferits a casa!","breadcrumb":{"@id":"https:\/\/drmazarro.com\/ca\/producto\/maslinic-booster-ampoules\/#breadcrumb"},"inLanguage":"ca","potentialAction":[{"@type":"ReadAction","target":["https:\/\/drmazarro.com\/ca\/producto\/maslinic-booster-ampoules\/"]}]},{"@type":"ImageObject","inLanguage":"ca","@id":"https:\/\/drmazarro.com\/ca\/producto\/maslinic-booster-ampoules\/#primaryimage","url":"https:\/\/drmazarro.com\/wp-content\/uploads\/2022\/07\/ampollas-maslinic.jpg","contentUrl":"https:\/\/drmazarro.com\/wp-content\/uploads\/2022\/07\/ampollas-maslinic.jpg","width":519,"height":781,"caption":"Maslinic Booster Ampoulse BMed"},{"@type":"BreadcrumbList","@id":"https:\/\/drmazarro.com\/ca\/producto\/maslinic-booster-ampoules\/#breadcrumb","itemListElement":[{"@type":"ListItem","position":1,"name":"Portada","item":"https:\/\/drmazarro.com\/ca\/"},{"@type":"ListItem","position":2,"name":"Botiga on-line","item":"https:\/\/drmazarro.com\/ca\/botiga-online\/"},{"@type":"ListItem","position":3,"name":"Maslinic Booster Ampoules"}]},{"@type":"WebSite","@id":"https:\/\/drmazarro.com\/ca\/#website","url":"https:\/\/drmazarro.com\/ca\/","name":"Dr. Mazarro","description":"Cirug\u00eda y Medicina Est\u00e9tica Facial en Barcelona","publisher":{"@id":"https:\/\/drmazarro.com\/ca\/#organization"},"potentialAction":[{"@type":"SearchAction","target":{"@type":"EntryPoint","urlTemplate":"https:\/\/drmazarro.com\/ca\/?s={search_term_string}"},"query-input":{"@type":"PropertyValueSpecification","valueRequired":true,"valueName":"search_term_string"}}],"inLanguage":"ca"},{"@type":"Organization","@id":"https:\/\/drmazarro.com\/ca\/#organization","name":"Dr. Mazarro","url":"https:\/\/drmazarro.com\/ca\/","logo":{"@type":"ImageObject","inLanguage":"ca","@id":"https:\/\/drmazarro.com\/ca\/#\/schema\/logo\/image\/","url":"https:\/\/drmazarro.com\/wp-content\/uploads\/2024\/03\/AM-576.png","contentUrl":"https:\/\/drmazarro.com\/wp-content\/uploads\/2024\/03\/AM-576.png","width":576,"height":576,"caption":"Dr. Mazarro"},"image":{"@id":"https:\/\/drmazarro.com\/ca\/#\/schema\/logo\/image\/"},"sameAs":["https:\/\/www.facebook.com\/Dr-Mazarro-Cirug\u00eda-Est\u00e9tica-Facial-en-Barcelona-101872084913358\/","https:\/\/www.instagram.com\/drmazarro_alejandro\/"]}]}},"_links":{"self":[{"href":"https:\/\/drmazarro.com\/ca\/wp-json\/wp\/v2\/product\/24191","targetHints":{"allow":["GET"]}}],"collection":[{"href":"https:\/\/drmazarro.com\/ca\/wp-json\/wp\/v2\/product"}],"about":[{"href":"https:\/\/drmazarro.com\/ca\/wp-json\/wp\/v2\/types\/product"}],"replies":[{"embeddable":true,"href":"https:\/\/drmazarro.com\/ca\/wp-json\/wp\/v2\/comments?post=24191"}],"wp:featuredmedia":[{"embeddable":true,"href":"https:\/\/drmazarro.com\/ca\/wp-json\/wp\/v2\/media\/23830"}],"wp:attachment":[{"href":"https:\/\/drmazarro.com\/ca\/wp-json\/wp\/v2\/media?parent=24191"}],"wp:term":[{"taxonomy":"product_brand","embeddable":true,"href":"https:\/\/drmazarro.com\/ca\/wp-json\/wp\/v2\/product_brand?post=24191"},{"taxonomy":"product_cat","embeddable":true,"href":"https:\/\/drmazarro.com\/ca\/wp-json\/wp\/v2\/product_cat?post=24191"},{"taxonomy":"product_tag","embeddable":true,"href":"https:\/\/drmazarro.com\/ca\/wp-json\/wp\/v2\/product_tag?post=24191"}],"curies":[{"name":"wp","href":"https:\/\/api.w.org\/{rel}","templated":true}]}}