{"id":24189,"date":"2022-07-26T11:37:23","date_gmt":"2022-07-26T09:37:23","guid":{"rendered":"https:\/\/drmazarro.com\/producto\/maslinic-micellar-cleansing-solution\/"},"modified":"2025-01-03T18:58:30","modified_gmt":"2025-01-03T17:58:30","slug":"maslinic-micellar-cleansing-solution","status":"publish","type":"product","link":"https:\/\/drmazarro.com\/ca\/producto\/maslinic-micellar-cleansing-solution\/","title":{"rendered":"Maslinic Micellar Cleansing Solution"},"content":{"rendered":"<h2><em>Indicacions<\/em><\/h2>\n<p style=\"text-align: justify;\">Maslinic Micellar Cleansing Solution \u00e9s una soluci\u00f3 micel\u00b7lar de neteja profunda que elimina efica\u00e7ment les impureses i els residus de maquillatge. Enriquida amb actius hidratants, calmants i protectors, aquesta f\u00f3rmula suau proporciona confort immediat mentre mant\u00e9 l&#8217;equilibri de la pell.<\/p>\n<p>\u2022 Proporciona neteja profunda<br \/>\n\u2022 Elimina el maquillatge efica\u00e7ment<br \/>\n\u2022 Mant\u00e9 la hidrataci\u00f3 de la pell<br \/>\n\u2022 Aporta beneficis calmants<br \/>\n\u2022 Ofereix propietats protectores<br \/>\n\u2022 Assegura el confort cutani<br \/>\n\u2022 Adequada per a \u00fas diari<\/p>\n<h2><em>Format<\/em><\/h2>\n<p style=\"text-align: justify;\">200mL<\/p>\n<h2><em>Ingredients<\/em><\/h2>\n<p>\u2022 \u00c0cid Masl\u00ednic<br \/>\n&#8211; Dona suport a la protecci\u00f3 cut\u00e0nia<br \/>\n&#8211; Millora els beneficis de neteja<br \/>\n&#8211; Mant\u00e9 l&#8217;equilibri de la pell<\/p>\n<p>\u2022 \u00c0cid Glicirret\u00ednic<br \/>\n&#8211; Proporciona propietats calmants<br \/>\n&#8211; Calma la pell<br \/>\n&#8211; Afavoreix el confort<\/p>\n<p>\u2022 Extracte de Camamilla<br \/>\n&#8211; Aporta beneficis calmants<br \/>\n&#8211; Millora el confort cutani<br \/>\n&#8211; Proporciona cura suau<\/p>\n<h2><em>Com utilitzar Maslinic Micellar Cleansing Solution<\/em><\/h2>\n<p style=\"text-align: justify;\">Utilitzar mat\u00ed i nit com a soluci\u00f3 netejadora. Aplicar amb un disc de cot\u00f3, passant suaument per la cara i el coll. No cal esbandir. Per a resultats \u00f2ptims, utilitzar com a primer pas en la rutina de cura de la pell.<\/p>\n","protected":false},"excerpt":{"rendered":"<p>Maslinic Micellar Cleansing Solution<\/p>\n<p>Aconsegueix-lo al preu m\u00ednim amb enviament GRATU\u00cfT &#8211; clica per saber-ne m\u00e9s!<\/p>\n","protected":false},"featured_media":6651,"comment_status":"open","ping_status":"closed","template":"","meta":{"_acf_changed":false,"_monsterinsights_skip_tracking":false,"_monsterinsights_sitenote_active":false,"_monsterinsights_sitenote_note":"","_monsterinsights_sitenote_category":0},"product_brand":[],"product_cat":[219,250],"product_tag":[241],"class_list":{"0":"post-24189","1":"product","2":"type-product","3":"status-publish","4":"has-post-thumbnail","6":"product_cat-bmed-by-martiderm-ca","7":"product_cat-tots","8":"product_tag-bmed-by-martiderm-ca","10":"first","11":"outofstock","12":"shipping-taxable","13":"purchasable","14":"product-type-simple"},"acf":[],"yoast_head":"<!-- This site is optimized with the Yoast SEO plugin v27.3 - https:\/\/yoast.com\/product\/yoast-seo-wordpress\/ -->\n<title>Comprar Maslinic Micellar Cleansing Solution - Enviament Gratu\u00eft<\/title>\n<meta name=\"description\" content=\"Comprar Maslinic Micellar Cleansing Solution al millor preu amb ENVIAMENT GRATU\u00cfT. Encarrega online i rep els teus productes preferits a casa!\" \/>\n<meta name=\"robots\" content=\"index, follow, max-snippet:-1, max-image-preview:large, max-video-preview:-1\" \/>\n<link rel=\"canonical\" href=\"https:\/\/drmazarro.com\/ca\/producto\/maslinic-micellar-cleansing-solution\/\" \/>\n<meta property=\"og:locale\" content=\"ca_ES\" \/>\n<meta property=\"og:type\" content=\"article\" \/>\n<meta property=\"og:title\" content=\"Comprar Maslinic Micellar Cleansing Solution - Enviament Gratu\u00eft\" \/>\n<meta property=\"og:description\" content=\"Comprar Maslinic Micellar Cleansing Solution al millor preu amb ENVIAMENT GRATU\u00cfT. Encarrega online i rep els teus productes preferits a casa!\" \/>\n<meta property=\"og:url\" content=\"https:\/\/drmazarro.com\/ca\/producto\/maslinic-micellar-cleansing-solution\/\" \/>\n<meta property=\"og:site_name\" content=\"Dr. Mazarro\" \/>\n<meta property=\"article:publisher\" content=\"https:\/\/www.facebook.com\/Dr-Mazarro-Cirug%c3%ada-Est%c3%a9tica-Facial-en-Barcelona-101872084913358\/\" \/>\n<meta property=\"article:modified_time\" content=\"2025-01-03T17:58:30+00:00\" \/>\n<meta property=\"og:image\" content=\"https:\/\/drmazarro.com\/wp-content\/uploads\/2022\/07\/191119_HOME_MASLINIC-MICELLAR-CLEANSING-SOLUTION_200ml_3D-1.jpg\" \/>\n\t<meta property=\"og:image:width\" content=\"277\" \/>\n\t<meta property=\"og:image:height\" content=\"480\" \/>\n\t<meta property=\"og:image:type\" content=\"image\/jpeg\" \/>\n<meta name=\"twitter:card\" content=\"summary_large_image\" \/>\n<meta name=\"twitter:label1\" content=\"Temps estimat de lectura\" \/>\n\t<meta name=\"twitter:data1\" content=\"1 minut\" \/>\n<!-- \/ Yoast SEO plugin. -->","yoast_head_json":{"title":"Comprar Maslinic Micellar Cleansing Solution - Enviament Gratu\u00eft","description":"Comprar Maslinic Micellar Cleansing Solution al millor preu amb ENVIAMENT GRATU\u00cfT. Encarrega online i rep els teus productes preferits a casa!","robots":{"index":"index","follow":"follow","max-snippet":"max-snippet:-1","max-image-preview":"max-image-preview:large","max-video-preview":"max-video-preview:-1"},"canonical":"https:\/\/drmazarro.com\/ca\/producto\/maslinic-micellar-cleansing-solution\/","og_locale":"ca_ES","og_type":"article","og_title":"Comprar Maslinic Micellar Cleansing Solution - Enviament Gratu\u00eft","og_description":"Comprar Maslinic Micellar Cleansing Solution al millor preu amb ENVIAMENT GRATU\u00cfT. Encarrega online i rep els teus productes preferits a casa!","og_url":"https:\/\/drmazarro.com\/ca\/producto\/maslinic-micellar-cleansing-solution\/","og_site_name":"Dr. Mazarro","article_publisher":"https:\/\/www.facebook.com\/Dr-Mazarro-Cirug%c3%ada-Est%c3%a9tica-Facial-en-Barcelona-101872084913358\/","article_modified_time":"2025-01-03T17:58:30+00:00","og_image":[{"width":277,"height":480,"url":"https:\/\/drmazarro.com\/wp-content\/uploads\/2022\/07\/191119_HOME_MASLINIC-MICELLAR-CLEANSING-SOLUTION_200ml_3D-1.jpg","type":"image\/jpeg"}],"twitter_card":"summary_large_image","twitter_misc":{"Temps estimat de lectura":"1 minut"},"schema":{"@context":"https:\/\/schema.org","@graph":[{"@type":"WebPage","@id":"https:\/\/drmazarro.com\/ca\/producto\/maslinic-micellar-cleansing-solution\/","url":"https:\/\/drmazarro.com\/ca\/producto\/maslinic-micellar-cleansing-solution\/","name":"Comprar Maslinic Micellar Cleansing Solution - Enviament Gratu\u00eft","isPartOf":{"@id":"https:\/\/drmazarro.com\/ca\/#website"},"primaryImageOfPage":{"@id":"https:\/\/drmazarro.com\/ca\/producto\/maslinic-micellar-cleansing-solution\/#primaryimage"},"image":{"@id":"https:\/\/drmazarro.com\/ca\/producto\/maslinic-micellar-cleansing-solution\/#primaryimage"},"thumbnailUrl":"https:\/\/drmazarro.com\/wp-content\/uploads\/2022\/07\/191119_HOME_MASLINIC-MICELLAR-CLEANSING-SOLUTION_200ml_3D-1.jpg","datePublished":"2022-07-26T09:37:23+00:00","dateModified":"2025-01-03T17:58:30+00:00","description":"Comprar Maslinic Micellar Cleansing Solution al millor preu amb ENVIAMENT GRATU\u00cfT. Encarrega online i rep els teus productes preferits a casa!","breadcrumb":{"@id":"https:\/\/drmazarro.com\/ca\/producto\/maslinic-micellar-cleansing-solution\/#breadcrumb"},"inLanguage":"ca","potentialAction":[{"@type":"ReadAction","target":["https:\/\/drmazarro.com\/ca\/producto\/maslinic-micellar-cleansing-solution\/"]}]},{"@type":"ImageObject","inLanguage":"ca","@id":"https:\/\/drmazarro.com\/ca\/producto\/maslinic-micellar-cleansing-solution\/#primaryimage","url":"https:\/\/drmazarro.com\/wp-content\/uploads\/2022\/07\/191119_HOME_MASLINIC-MICELLAR-CLEANSING-SOLUTION_200ml_3D-1.jpg","contentUrl":"https:\/\/drmazarro.com\/wp-content\/uploads\/2022\/07\/191119_HOME_MASLINIC-MICELLAR-CLEANSING-SOLUTION_200ml_3D-1.jpg","width":277,"height":480},{"@type":"BreadcrumbList","@id":"https:\/\/drmazarro.com\/ca\/producto\/maslinic-micellar-cleansing-solution\/#breadcrumb","itemListElement":[{"@type":"ListItem","position":1,"name":"Portada","item":"https:\/\/drmazarro.com\/ca\/"},{"@type":"ListItem","position":2,"name":"Botiga on-line","item":"https:\/\/drmazarro.com\/ca\/botiga-online\/"},{"@type":"ListItem","position":3,"name":"Maslinic Micellar Cleansing Solution"}]},{"@type":"WebSite","@id":"https:\/\/drmazarro.com\/ca\/#website","url":"https:\/\/drmazarro.com\/ca\/","name":"Dr. Mazarro","description":"Cirug\u00eda y Medicina Est\u00e9tica Facial en Barcelona","publisher":{"@id":"https:\/\/drmazarro.com\/ca\/#organization"},"potentialAction":[{"@type":"SearchAction","target":{"@type":"EntryPoint","urlTemplate":"https:\/\/drmazarro.com\/ca\/?s={search_term_string}"},"query-input":{"@type":"PropertyValueSpecification","valueRequired":true,"valueName":"search_term_string"}}],"inLanguage":"ca"},{"@type":"Organization","@id":"https:\/\/drmazarro.com\/ca\/#organization","name":"Dr. Mazarro","url":"https:\/\/drmazarro.com\/ca\/","logo":{"@type":"ImageObject","inLanguage":"ca","@id":"https:\/\/drmazarro.com\/ca\/#\/schema\/logo\/image\/","url":"https:\/\/drmazarro.com\/wp-content\/uploads\/2024\/03\/AM-576.png","contentUrl":"https:\/\/drmazarro.com\/wp-content\/uploads\/2024\/03\/AM-576.png","width":576,"height":576,"caption":"Dr. Mazarro"},"image":{"@id":"https:\/\/drmazarro.com\/ca\/#\/schema\/logo\/image\/"},"sameAs":["https:\/\/www.facebook.com\/Dr-Mazarro-Cirug\u00eda-Est\u00e9tica-Facial-en-Barcelona-101872084913358\/","https:\/\/www.instagram.com\/drmazarro_alejandro\/"]}]}},"_links":{"self":[{"href":"https:\/\/drmazarro.com\/ca\/wp-json\/wp\/v2\/product\/24189","targetHints":{"allow":["GET"]}}],"collection":[{"href":"https:\/\/drmazarro.com\/ca\/wp-json\/wp\/v2\/product"}],"about":[{"href":"https:\/\/drmazarro.com\/ca\/wp-json\/wp\/v2\/types\/product"}],"replies":[{"embeddable":true,"href":"https:\/\/drmazarro.com\/ca\/wp-json\/wp\/v2\/comments?post=24189"}],"wp:featuredmedia":[{"embeddable":true,"href":"https:\/\/drmazarro.com\/ca\/wp-json\/wp\/v2\/media\/6651"}],"wp:attachment":[{"href":"https:\/\/drmazarro.com\/ca\/wp-json\/wp\/v2\/media?parent=24189"}],"wp:term":[{"taxonomy":"product_brand","embeddable":true,"href":"https:\/\/drmazarro.com\/ca\/wp-json\/wp\/v2\/product_brand?post=24189"},{"taxonomy":"product_cat","embeddable":true,"href":"https:\/\/drmazarro.com\/ca\/wp-json\/wp\/v2\/product_cat?post=24189"},{"taxonomy":"product_tag","embeddable":true,"href":"https:\/\/drmazarro.com\/ca\/wp-json\/wp\/v2\/product_tag?post=24189"}],"curies":[{"name":"wp","href":"https:\/\/api.w.org\/{rel}","templated":true}]}}