{"id":24186,"date":"2022-07-26T11:38:37","date_gmt":"2024-12-26T14:31:24","guid":{"rendered":"https:\/\/drmazarro.com\/producto\/maslinic-night-restore-fluid-cream-bmed\/"},"modified":"2025-01-03T18:54:22","modified_gmt":"2025-01-03T17:54:22","slug":"maslinic-night-restore-fluid-cream-bmed","status":"publish","type":"product","link":"https:\/\/drmazarro.com\/ca\/producto\/maslinic-night-restore-fluid-cream-bmed\/","title":{"rendered":"Maslinic Night Restore Fluid Cream"},"content":{"rendered":"<h2><em>Indicacions<\/em><\/h2>\n<p style=\"text-align: justify;\">Maslinic Night Restore Fluid Cream \u00e9s una crema fluida hidratant detoxificant que ajuda a recuperar i desintoxicar la pell de l&#8217;estr\u00e8s diari i les agressions ambientals. Aquesta f\u00f3rmula avan\u00e7ada combina actius potents per donar suport a la restauraci\u00f3 nocturna de la pell.<\/p>\n<p> \u2022 Proporciona desintoxicaci\u00f3 nocturna \u2022 Restaura l&#8217;equilibri cutani \u2022 Aporta hidrataci\u00f3 essencial \u2022 Combat l&#8217;estr\u00e8s ambiental \u2022 Dona suport a la recuperaci\u00f3 \u2022 Millora la reparaci\u00f3 natural \u2022 Promou la renovaci\u00f3 cut\u00e0nia <\/p>\n<h2><em>Format<\/em><\/h2>\n<p style=\"text-align: justify;\">30mL<\/p>\n<h2><em>Ingredients<\/em><\/h2>\n<p> \u2022 \u00c0cid Masl\u00ednic &#8211; Dona suport a la restauraci\u00f3 cut\u00e0nia &#8211; Millora la recuperaci\u00f3 &#8211; Proporciona beneficis detoxificants<br \/>\n\u2022 Complex Actiu<\/p>\n<p>Cont\u00e9 Proteum 89+<br \/>\nIncorpora Reishi Biofermentat<br \/>\nPromou la renovaci\u00f3 cut\u00e0nia<br \/>\n\u2022 Barreja Bot\u00e0nica<\/p>\n<p>Extracte d&#8217;oliva<br \/>\nExtracte de jujuba<br \/>\nDona suport a la salut cut\u00e0nia<\/p>\n<h2><em>Com utilitzar Maslinic Night Restore Fluid Cream<\/em><\/h2>\n<p style=\"text-align: justify;\">Aplicar a la nit despr\u00e9s de la neteja habitual. Massatjar suaument fins a la seva absorci\u00f3. Per a resultats \u00f2ptims, utilitzar de manera consistent com a part de la rutina nocturna de cura de la pell.<\/p>\n<h2><em>Indications<\/em><\/h2>\n<p style=\"text-align: justify;\">Maslinic Night Restore Fluid Cream est une cr\u00e8me fluide hydratante d\u00e9toxifiante qui aide \u00e0 restaurer et \u00e0 d\u00e9toxifier la peau du stress quotidien et des agressions environnementales. Cette formule avanc\u00e9e combine des actifs puissants pour soutenir la restauration nocturne de la peau.<\/p>\n<p> \u2022 Assure une d\u00e9toxification nocturne \u2022 Restaure l&#8217;\u00e9quilibre cutan\u00e9 \u2022 Apporte une hydratation essentielle \u2022 Combat le stress environnemental \u2022 Soutient la r\u00e9cup\u00e9ration cutan\u00e9e \u2022 Am\u00e9liore la r\u00e9paration naturelle \u2022 Favorise le renouvellement cutan\u00e9 <\/p>\n<h2><em>Format<\/em><\/h2>\n<p style=\"text-align: justify;\">30mL<\/p>\n<h2><em>Ingr\u00e9dients<\/em><\/h2>\n<p> \u2022 Acide Maslinique &#8211; Soutient la restauration cutan\u00e9e &#8211; Am\u00e9liore la r\u00e9cup\u00e9ration &#8211; Procure des bienfaits d\u00e9toxifiants<br \/>\n\u2022 Complexe Actif<\/p>\n<p>Contient Proteum 89+<br \/>\nEnrichi en Reishi Bioferment\u00e9<br \/>\nFavorise le renouvellement cutan\u00e9<br \/>\n\u2022 M\u00e9lange Botanique<\/p>\n<p>Extrait d&#8217;olive<br \/>\nExtrait de jujube<br \/>\nSoutient la sant\u00e9 cutan\u00e9e<\/p>\n<h2><em>Comment utiliser Maslinic Night Restore Fluid Cream<\/em><\/h2>\n<p style=\"text-align: justify;\">Appliquer le soir apr\u00e8s le nettoyage habituel. Masser doucement jusqu&#8217;\u00e0 absorption. Pour des r\u00e9sultats optimaux, utiliser r\u00e9guli\u00e8rement dans le cadre de votre routine de soin du soir.<\/p>\n","protected":false},"excerpt":{"rendered":"<p>Maslinic Restore Fluid Cream<\/p>\n<p>Aconsegueix-lo al preu m\u00ednim amb enviament GRATU\u00cfT &#8211; clica per saber-ne m\u00e9s!<\/p>\n","protected":false},"featured_media":23814,"comment_status":"open","ping_status":"closed","template":"","meta":{"_acf_changed":false,"_monsterinsights_skip_tracking":false,"_monsterinsights_sitenote_active":false,"_monsterinsights_sitenote_note":"","_monsterinsights_sitenote_category":0},"product_brand":[],"product_cat":[219,250],"product_tag":[241],"class_list":{"0":"post-24186","1":"product","2":"type-product","3":"status-publish","4":"has-post-thumbnail","6":"product_cat-bmed-by-martiderm-ca","7":"product_cat-tots","8":"product_tag-bmed-by-martiderm-ca","10":"first","11":"outofstock","12":"shipping-taxable","13":"purchasable","14":"product-type-simple"},"acf":[],"yoast_head":"<!-- This site is optimized with the Yoast SEO plugin v27.3 - https:\/\/yoast.com\/product\/yoast-seo-wordpress\/ -->\n<title>Comprar Maslinic Night Restore Fluid Cream - Enviament Gratu\u00eft<\/title>\n<meta name=\"description\" content=\"Comprar Maslinic Night Restore Fluid Cream al millor preu amb ENVIAMENT GRATU\u00cfT. Encarrega online i rep els teus productes preferits a casa!\" \/>\n<meta name=\"robots\" content=\"index, follow, max-snippet:-1, max-image-preview:large, max-video-preview:-1\" \/>\n<link rel=\"canonical\" href=\"https:\/\/drmazarro.com\/ca\/producto\/maslinic-night-restore-fluid-cream-bmed\/\" \/>\n<meta property=\"og:locale\" content=\"ca_ES\" \/>\n<meta property=\"og:type\" content=\"article\" \/>\n<meta property=\"og:title\" content=\"Comprar Maslinic Night Restore Fluid Cream - Enviament Gratu\u00eft\" \/>\n<meta property=\"og:description\" content=\"Comprar Maslinic Night Restore Fluid Cream al millor preu amb ENVIAMENT GRATU\u00cfT. Encarrega online i rep els teus productes preferits a casa!\" \/>\n<meta property=\"og:url\" content=\"https:\/\/drmazarro.com\/ca\/producto\/maslinic-night-restore-fluid-cream-bmed\/\" \/>\n<meta property=\"og:site_name\" content=\"Dr. Mazarro\" \/>\n<meta property=\"article:publisher\" content=\"https:\/\/www.facebook.com\/Dr-Mazarro-Cirug%c3%ada-Est%c3%a9tica-Facial-en-Barcelona-101872084913358\/\" \/>\n<meta property=\"article:modified_time\" content=\"2025-01-03T17:54:22+00:00\" \/>\n<meta property=\"og:image\" content=\"https:\/\/drmazarro.com\/wp-content\/uploads\/2022\/07\/maslinica-night.jpg\" \/>\n\t<meta property=\"og:image:width\" content=\"520\" \/>\n\t<meta property=\"og:image:height\" content=\"782\" \/>\n\t<meta property=\"og:image:type\" content=\"image\/jpeg\" \/>\n<meta name=\"twitter:card\" content=\"summary_large_image\" \/>\n<meta name=\"twitter:label1\" content=\"Temps estimat de lectura\" \/>\n\t<meta name=\"twitter:data1\" content=\"1 minut\" \/>\n<!-- \/ Yoast SEO plugin. -->","yoast_head_json":{"title":"Comprar Maslinic Night Restore Fluid Cream - Enviament Gratu\u00eft","description":"Comprar Maslinic Night Restore Fluid Cream al millor preu amb ENVIAMENT GRATU\u00cfT. Encarrega online i rep els teus productes preferits a casa!","robots":{"index":"index","follow":"follow","max-snippet":"max-snippet:-1","max-image-preview":"max-image-preview:large","max-video-preview":"max-video-preview:-1"},"canonical":"https:\/\/drmazarro.com\/ca\/producto\/maslinic-night-restore-fluid-cream-bmed\/","og_locale":"ca_ES","og_type":"article","og_title":"Comprar Maslinic Night Restore Fluid Cream - Enviament Gratu\u00eft","og_description":"Comprar Maslinic Night Restore Fluid Cream al millor preu amb ENVIAMENT GRATU\u00cfT. Encarrega online i rep els teus productes preferits a casa!","og_url":"https:\/\/drmazarro.com\/ca\/producto\/maslinic-night-restore-fluid-cream-bmed\/","og_site_name":"Dr. Mazarro","article_publisher":"https:\/\/www.facebook.com\/Dr-Mazarro-Cirug%c3%ada-Est%c3%a9tica-Facial-en-Barcelona-101872084913358\/","article_modified_time":"2025-01-03T17:54:22+00:00","og_image":[{"width":520,"height":782,"url":"https:\/\/drmazarro.com\/wp-content\/uploads\/2022\/07\/maslinica-night.jpg","type":"image\/jpeg"}],"twitter_card":"summary_large_image","twitter_misc":{"Temps estimat de lectura":"1 minut"},"schema":{"@context":"https:\/\/schema.org","@graph":[{"@type":"WebPage","@id":"https:\/\/drmazarro.com\/ca\/producto\/maslinic-night-restore-fluid-cream-bmed\/","url":"https:\/\/drmazarro.com\/ca\/producto\/maslinic-night-restore-fluid-cream-bmed\/","name":"Comprar Maslinic Night Restore Fluid Cream - Enviament Gratu\u00eft","isPartOf":{"@id":"https:\/\/drmazarro.com\/ca\/#website"},"primaryImageOfPage":{"@id":"https:\/\/drmazarro.com\/ca\/producto\/maslinic-night-restore-fluid-cream-bmed\/#primaryimage"},"image":{"@id":"https:\/\/drmazarro.com\/ca\/producto\/maslinic-night-restore-fluid-cream-bmed\/#primaryimage"},"thumbnailUrl":"https:\/\/drmazarro.com\/wp-content\/uploads\/2022\/07\/maslinica-night.jpg","datePublished":"2024-12-26T14:31:24+00:00","dateModified":"2025-01-03T17:54:22+00:00","description":"Comprar Maslinic Night Restore Fluid Cream al millor preu amb ENVIAMENT GRATU\u00cfT. Encarrega online i rep els teus productes preferits a casa!","breadcrumb":{"@id":"https:\/\/drmazarro.com\/ca\/producto\/maslinic-night-restore-fluid-cream-bmed\/#breadcrumb"},"inLanguage":"ca","potentialAction":[{"@type":"ReadAction","target":["https:\/\/drmazarro.com\/ca\/producto\/maslinic-night-restore-fluid-cream-bmed\/"]}]},{"@type":"ImageObject","inLanguage":"ca","@id":"https:\/\/drmazarro.com\/ca\/producto\/maslinic-night-restore-fluid-cream-bmed\/#primaryimage","url":"https:\/\/drmazarro.com\/wp-content\/uploads\/2022\/07\/maslinica-night.jpg","contentUrl":"https:\/\/drmazarro.com\/wp-content\/uploads\/2022\/07\/maslinica-night.jpg","width":520,"height":782,"caption":"Maslinic Night Restore Fluid Cream BMed"},{"@type":"BreadcrumbList","@id":"https:\/\/drmazarro.com\/ca\/producto\/maslinic-night-restore-fluid-cream-bmed\/#breadcrumb","itemListElement":[{"@type":"ListItem","position":1,"name":"Portada","item":"https:\/\/drmazarro.com\/ca\/"},{"@type":"ListItem","position":2,"name":"Botiga on-line","item":"https:\/\/drmazarro.com\/ca\/botiga-online\/"},{"@type":"ListItem","position":3,"name":"Maslinic Night Restore Fluid Cream"}]},{"@type":"WebSite","@id":"https:\/\/drmazarro.com\/ca\/#website","url":"https:\/\/drmazarro.com\/ca\/","name":"Dr. Mazarro","description":"Cirug\u00eda y Medicina Est\u00e9tica Facial en Barcelona","publisher":{"@id":"https:\/\/drmazarro.com\/ca\/#organization"},"potentialAction":[{"@type":"SearchAction","target":{"@type":"EntryPoint","urlTemplate":"https:\/\/drmazarro.com\/ca\/?s={search_term_string}"},"query-input":{"@type":"PropertyValueSpecification","valueRequired":true,"valueName":"search_term_string"}}],"inLanguage":"ca"},{"@type":"Organization","@id":"https:\/\/drmazarro.com\/ca\/#organization","name":"Dr. Mazarro","url":"https:\/\/drmazarro.com\/ca\/","logo":{"@type":"ImageObject","inLanguage":"ca","@id":"https:\/\/drmazarro.com\/ca\/#\/schema\/logo\/image\/","url":"https:\/\/drmazarro.com\/wp-content\/uploads\/2024\/03\/AM-576.png","contentUrl":"https:\/\/drmazarro.com\/wp-content\/uploads\/2024\/03\/AM-576.png","width":576,"height":576,"caption":"Dr. Mazarro"},"image":{"@id":"https:\/\/drmazarro.com\/ca\/#\/schema\/logo\/image\/"},"sameAs":["https:\/\/www.facebook.com\/Dr-Mazarro-Cirug\u00eda-Est\u00e9tica-Facial-en-Barcelona-101872084913358\/","https:\/\/www.instagram.com\/drmazarro_alejandro\/"]}]}},"_links":{"self":[{"href":"https:\/\/drmazarro.com\/ca\/wp-json\/wp\/v2\/product\/24186","targetHints":{"allow":["GET"]}}],"collection":[{"href":"https:\/\/drmazarro.com\/ca\/wp-json\/wp\/v2\/product"}],"about":[{"href":"https:\/\/drmazarro.com\/ca\/wp-json\/wp\/v2\/types\/product"}],"replies":[{"embeddable":true,"href":"https:\/\/drmazarro.com\/ca\/wp-json\/wp\/v2\/comments?post=24186"}],"wp:featuredmedia":[{"embeddable":true,"href":"https:\/\/drmazarro.com\/ca\/wp-json\/wp\/v2\/media\/23814"}],"wp:attachment":[{"href":"https:\/\/drmazarro.com\/ca\/wp-json\/wp\/v2\/media?parent=24186"}],"wp:term":[{"taxonomy":"product_brand","embeddable":true,"href":"https:\/\/drmazarro.com\/ca\/wp-json\/wp\/v2\/product_brand?post=24186"},{"taxonomy":"product_cat","embeddable":true,"href":"https:\/\/drmazarro.com\/ca\/wp-json\/wp\/v2\/product_cat?post=24186"},{"taxonomy":"product_tag","embeddable":true,"href":"https:\/\/drmazarro.com\/ca\/wp-json\/wp\/v2\/product_tag?post=24186"}],"curies":[{"name":"wp","href":"https:\/\/api.w.org\/{rel}","templated":true}]}}