{"id":24183,"date":"2022-07-26T11:39:36","date_gmt":"2024-12-26T14:31:23","guid":{"rendered":"https:\/\/drmazarro.com\/producto\/moisturising-repair-cream-bmed\/"},"modified":"2025-01-03T19:06:22","modified_gmt":"2025-01-03T18:06:22","slug":"moisturising-repair-cream-bmed","status":"publish","type":"product","link":"https:\/\/drmazarro.com\/ca\/producto\/moisturising-repair-cream-bmed\/","title":{"rendered":"BMed Moisturising Repair Cream"},"content":{"rendered":"<h2><em>Indicacions<\/em><\/h2>\n<p style=\"text-align: justify;\">Moisturising Repair Cream \u00e9s un tractament ultrahidratant i reparador que cont\u00e9 ingredients actius que promouen la reepitelitzaci\u00f3 i restauren l&#8217;elasticitat cut\u00e0nia. Aquesta f\u00f3rmula avan\u00e7ada proporciona confort immediat mentre dona suport al proc\u00e9s natural de reparaci\u00f3 de la pell.<\/p>\n<p>\u2022 Proporciona hidrataci\u00f3 intensa \u2022 Promou la reparaci\u00f3 cut\u00e0nia \u2022 Restaura l&#8217;elasticitat de la pell \u2022 Millora el confort \u2022 Afavoreix la reepitelitzaci\u00f3 \u2022 Ofereix alleujament immediat \u2022 Adequada per a pell compromesa<\/p>\n<h2><em>Format<\/em><\/h2>\n<p style=\"text-align: justify;\">50mL<\/p>\n<h2><em>Ingredients<\/em><\/h2>\n<p>\u2022 \u00c0cid Glicirret\u00ednic &#8211; Dona suport a la reparaci\u00f3 cut\u00e0nia &#8211; Proporciona beneficis calmants &#8211; Millora el confort<br \/>\n\u2022 Reishi Biofermentat<\/p>\n<p>Promou la restauraci\u00f3 cut\u00e0nia<br \/>\nMillora l&#8217;elasticitat<br \/>\nAfavoreix la curaci\u00f3 natural<\/p>\n<h2><em>Com utilitzar Moisturising Repair Cream<\/em><\/h2>\n<p style=\"text-align: justify;\">Aplicar a la nit despr\u00e9s de la neteja habitual. Massatjar suaument fins a la seva absorci\u00f3. Per a resultats \u00f2ptims, utilitzar de manera consistent com a part de la rutina nocturna de cura de la pell.<\/p>\n","protected":false},"excerpt":{"rendered":"<p>Moisturising Repair Cream &#8211; BMed<\/p>\n<p>Aconsegueix-lo al preu m\u00ednim amb enviament GRATU\u00cfT &#8211; clica per saber-ne m\u00e9s!<\/p>\n","protected":false},"featured_media":23810,"comment_status":"open","ping_status":"closed","template":"","meta":{"_acf_changed":false,"_monsterinsights_skip_tracking":false,"_monsterinsights_sitenote_active":false,"_monsterinsights_sitenote_note":"","_monsterinsights_sitenote_category":0},"product_brand":[],"product_cat":[219,250],"product_tag":[241],"class_list":{"0":"post-24183","1":"product","2":"type-product","3":"status-publish","4":"has-post-thumbnail","6":"product_cat-bmed-by-martiderm-ca","7":"product_cat-tots","8":"product_tag-bmed-by-martiderm-ca","10":"first","11":"outofstock","12":"shipping-taxable","13":"purchasable","14":"product-type-simple"},"acf":[],"yoast_head":"<!-- This site is optimized with the Yoast SEO plugin v27.3 - https:\/\/yoast.com\/product\/yoast-seo-wordpress\/ -->\n<title>Comprar BMed Moisturising Repair Cream - Enviament Gratu\u00eft<\/title>\n<meta name=\"description\" content=\"Comprar BMed Moisturising Repair Cream al millor preu amb ENVIAMENT GRATU\u00cfT. Encarrega online i rep els teus productes preferits a casa!\" \/>\n<meta name=\"robots\" content=\"index, follow, max-snippet:-1, max-image-preview:large, max-video-preview:-1\" \/>\n<link rel=\"canonical\" href=\"https:\/\/drmazarro.com\/ca\/producto\/moisturising-repair-cream-bmed\/\" \/>\n<meta property=\"og:locale\" content=\"ca_ES\" \/>\n<meta property=\"og:type\" content=\"article\" \/>\n<meta property=\"og:title\" content=\"Comprar BMed Moisturising Repair Cream - Enviament Gratu\u00eft\" \/>\n<meta property=\"og:description\" content=\"Comprar BMed Moisturising Repair Cream al millor preu amb ENVIAMENT GRATU\u00cfT. Encarrega online i rep els teus productes preferits a casa!\" \/>\n<meta property=\"og:url\" content=\"https:\/\/drmazarro.com\/ca\/producto\/moisturising-repair-cream-bmed\/\" \/>\n<meta property=\"og:site_name\" content=\"Dr. Mazarro\" \/>\n<meta property=\"article:publisher\" content=\"https:\/\/www.facebook.com\/Dr-Mazarro-Cirug%c3%ada-Est%c3%a9tica-Facial-en-Barcelona-101872084913358\/\" \/>\n<meta property=\"article:modified_time\" content=\"2025-01-03T18:06:22+00:00\" \/>\n<meta property=\"og:image\" content=\"https:\/\/drmazarro.com\/wp-content\/uploads\/2022\/07\/moisturising_repair_cream-1-1.webp\" \/>\n\t<meta property=\"og:image:width\" content=\"524\" \/>\n\t<meta property=\"og:image:height\" content=\"786\" \/>\n\t<meta property=\"og:image:type\" content=\"image\/webp\" \/>\n<meta name=\"twitter:card\" content=\"summary_large_image\" \/>\n<meta name=\"twitter:label1\" content=\"Temps estimat de lectura\" \/>\n\t<meta name=\"twitter:data1\" content=\"1 minut\" \/>\n<!-- \/ Yoast SEO plugin. -->","yoast_head_json":{"title":"Comprar BMed Moisturising Repair Cream - Enviament Gratu\u00eft","description":"Comprar BMed Moisturising Repair Cream al millor preu amb ENVIAMENT GRATU\u00cfT. Encarrega online i rep els teus productes preferits a casa!","robots":{"index":"index","follow":"follow","max-snippet":"max-snippet:-1","max-image-preview":"max-image-preview:large","max-video-preview":"max-video-preview:-1"},"canonical":"https:\/\/drmazarro.com\/ca\/producto\/moisturising-repair-cream-bmed\/","og_locale":"ca_ES","og_type":"article","og_title":"Comprar BMed Moisturising Repair Cream - Enviament Gratu\u00eft","og_description":"Comprar BMed Moisturising Repair Cream al millor preu amb ENVIAMENT GRATU\u00cfT. Encarrega online i rep els teus productes preferits a casa!","og_url":"https:\/\/drmazarro.com\/ca\/producto\/moisturising-repair-cream-bmed\/","og_site_name":"Dr. Mazarro","article_publisher":"https:\/\/www.facebook.com\/Dr-Mazarro-Cirug%c3%ada-Est%c3%a9tica-Facial-en-Barcelona-101872084913358\/","article_modified_time":"2025-01-03T18:06:22+00:00","og_image":[{"width":524,"height":786,"url":"https:\/\/drmazarro.com\/wp-content\/uploads\/2022\/07\/moisturising_repair_cream-1-1.webp","type":"image\/webp"}],"twitter_card":"summary_large_image","twitter_misc":{"Temps estimat de lectura":"1 minut"},"schema":{"@context":"https:\/\/schema.org","@graph":[{"@type":"WebPage","@id":"https:\/\/drmazarro.com\/ca\/producto\/moisturising-repair-cream-bmed\/","url":"https:\/\/drmazarro.com\/ca\/producto\/moisturising-repair-cream-bmed\/","name":"Comprar BMed Moisturising Repair Cream - Enviament Gratu\u00eft","isPartOf":{"@id":"https:\/\/drmazarro.com\/ca\/#website"},"primaryImageOfPage":{"@id":"https:\/\/drmazarro.com\/ca\/producto\/moisturising-repair-cream-bmed\/#primaryimage"},"image":{"@id":"https:\/\/drmazarro.com\/ca\/producto\/moisturising-repair-cream-bmed\/#primaryimage"},"thumbnailUrl":"https:\/\/drmazarro.com\/wp-content\/uploads\/2022\/07\/moisturising_repair_cream-1-1.webp","datePublished":"2024-12-26T14:31:23+00:00","dateModified":"2025-01-03T18:06:22+00:00","description":"Comprar BMed Moisturising Repair Cream al millor preu amb ENVIAMENT GRATU\u00cfT. Encarrega online i rep els teus productes preferits a casa!","breadcrumb":{"@id":"https:\/\/drmazarro.com\/ca\/producto\/moisturising-repair-cream-bmed\/#breadcrumb"},"inLanguage":"ca","potentialAction":[{"@type":"ReadAction","target":["https:\/\/drmazarro.com\/ca\/producto\/moisturising-repair-cream-bmed\/"]}]},{"@type":"ImageObject","inLanguage":"ca","@id":"https:\/\/drmazarro.com\/ca\/producto\/moisturising-repair-cream-bmed\/#primaryimage","url":"https:\/\/drmazarro.com\/wp-content\/uploads\/2022\/07\/moisturising_repair_cream-1-1.webp","contentUrl":"https:\/\/drmazarro.com\/wp-content\/uploads\/2022\/07\/moisturising_repair_cream-1-1.webp","width":524,"height":786,"caption":"Moisturising Repair Crea m BMed"},{"@type":"BreadcrumbList","@id":"https:\/\/drmazarro.com\/ca\/producto\/moisturising-repair-cream-bmed\/#breadcrumb","itemListElement":[{"@type":"ListItem","position":1,"name":"Portada","item":"https:\/\/drmazarro.com\/ca\/"},{"@type":"ListItem","position":2,"name":"Botiga on-line","item":"https:\/\/drmazarro.com\/ca\/botiga-online\/"},{"@type":"ListItem","position":3,"name":"BMed Moisturising Repair Cream"}]},{"@type":"WebSite","@id":"https:\/\/drmazarro.com\/ca\/#website","url":"https:\/\/drmazarro.com\/ca\/","name":"Dr. Mazarro","description":"Cirug\u00eda y Medicina Est\u00e9tica Facial en Barcelona","publisher":{"@id":"https:\/\/drmazarro.com\/ca\/#organization"},"potentialAction":[{"@type":"SearchAction","target":{"@type":"EntryPoint","urlTemplate":"https:\/\/drmazarro.com\/ca\/?s={search_term_string}"},"query-input":{"@type":"PropertyValueSpecification","valueRequired":true,"valueName":"search_term_string"}}],"inLanguage":"ca"},{"@type":"Organization","@id":"https:\/\/drmazarro.com\/ca\/#organization","name":"Dr. Mazarro","url":"https:\/\/drmazarro.com\/ca\/","logo":{"@type":"ImageObject","inLanguage":"ca","@id":"https:\/\/drmazarro.com\/ca\/#\/schema\/logo\/image\/","url":"https:\/\/drmazarro.com\/wp-content\/uploads\/2024\/03\/AM-576.png","contentUrl":"https:\/\/drmazarro.com\/wp-content\/uploads\/2024\/03\/AM-576.png","width":576,"height":576,"caption":"Dr. Mazarro"},"image":{"@id":"https:\/\/drmazarro.com\/ca\/#\/schema\/logo\/image\/"},"sameAs":["https:\/\/www.facebook.com\/Dr-Mazarro-Cirug\u00eda-Est\u00e9tica-Facial-en-Barcelona-101872084913358\/","https:\/\/www.instagram.com\/drmazarro_alejandro\/"]}]}},"_links":{"self":[{"href":"https:\/\/drmazarro.com\/ca\/wp-json\/wp\/v2\/product\/24183","targetHints":{"allow":["GET"]}}],"collection":[{"href":"https:\/\/drmazarro.com\/ca\/wp-json\/wp\/v2\/product"}],"about":[{"href":"https:\/\/drmazarro.com\/ca\/wp-json\/wp\/v2\/types\/product"}],"replies":[{"embeddable":true,"href":"https:\/\/drmazarro.com\/ca\/wp-json\/wp\/v2\/comments?post=24183"}],"wp:featuredmedia":[{"embeddable":true,"href":"https:\/\/drmazarro.com\/ca\/wp-json\/wp\/v2\/media\/23810"}],"wp:attachment":[{"href":"https:\/\/drmazarro.com\/ca\/wp-json\/wp\/v2\/media?parent=24183"}],"wp:term":[{"taxonomy":"product_brand","embeddable":true,"href":"https:\/\/drmazarro.com\/ca\/wp-json\/wp\/v2\/product_brand?post=24183"},{"taxonomy":"product_cat","embeddable":true,"href":"https:\/\/drmazarro.com\/ca\/wp-json\/wp\/v2\/product_cat?post=24183"},{"taxonomy":"product_tag","embeddable":true,"href":"https:\/\/drmazarro.com\/ca\/wp-json\/wp\/v2\/product_tag?post=24183"}],"curies":[{"name":"wp","href":"https:\/\/api.w.org\/{rel}","templated":true}]}}