{"id":24175,"date":"2023-11-12T19:19:49","date_gmt":"2024-12-26T13:39:26","guid":{"rendered":"https:\/\/drmazarro.com\/producto\/retinol-resurface-cream-0-5\/"},"modified":"2025-01-03T19:06:40","modified_gmt":"2025-01-03T18:06:40","slug":"retinol-resurface-cream-0-5","status":"publish","type":"product","link":"https:\/\/drmazarro.com\/ca\/producto\/retinol-resurface-cream-0-5\/","title":{"rendered":"Retinol Resurface Cream  0.5%"},"content":{"rendered":"<h2><em>Indicacions<\/em><\/h2>\n<p style=\"text-align: justify;\">Retinol Resurface Cream \u00e9s un tractament espec\u00edfic amb 0,5% de retinol dissenyat per tractar taques fosques, marques i arrugues. Aquesta f\u00f3rmula avan\u00e7ada aconsegueix una pell m\u00e9s lluminosa i redensificada, proporcionant beneficis integrals anti-envelliment.<\/p>\n<p>\u2022 Redueix l&#8217;aparen\u00e7a de les taques fosques<br \/>\n\u2022 Minimitza les arrugues visibles<br \/>\n\u2022 Millora la lluminositat de la pell<br \/>\n\u2022 Augmenta la densitat cut\u00e0nia<br \/>\n\u2022 Proporciona una renovaci\u00f3 suau<br \/>\n\u2022 Ofereix una renovaci\u00f3 constant<br \/>\n\u2022 Promou la transformaci\u00f3 de la pell<\/p>\n<h2><em>Format<\/em><\/h2>\n<p style=\"text-align: justify;\">40mL<\/p>\n<h2><em>Ingredients<\/em><\/h2>\n<p>\u2022 Retinol Pur 0,5%<br \/>\n&#8211; Promou la renovaci\u00f3 cel\u00b7lular<br \/>\n&#8211; Actua sobre l&#8217;envelliment<br \/>\n&#8211; Millora la renovaci\u00f3<\/p>\n<p>\u2022 \u00c0cid Masl\u00ednic<br \/>\n&#8211; Dona suport a la millora cut\u00e0nia<br \/>\n&#8211; Potencia els resultats<br \/>\n&#8211; Aporta beneficis addicionals<\/p>\n<p>\u2022 Complex Exfoliant<br \/>\n&#8211; Cont\u00e9 \u00e0cid glic\u00f2lic<br \/>\n&#8211; Incorpora \u00e0cid l\u00e0ctic<br \/>\n&#8211; Millora la textura de la pell<\/p>\n<h2><em>Com utilitzar Retinol Resurface Cream<\/em><\/h2>\n<p style=\"text-align: justify;\">Seguiu les indicacions del vostre metge.<\/p>\n<p><em>Notes importants:<\/em><br \/>\n\u2022 Les reaccions inicials poden incloure envermelliment, descamaci\u00f3, sequedat o pessigolleig lleu<br \/>\n\u2022 La pell s&#8217;adaptar\u00e0 amb l&#8217;\u00fas continuat<br \/>\n\u2022 Combinar amb un hidratant per minimitzar les reaccions<br \/>\n\u2022 Utilitzar sempre protecci\u00f3 solar SPF 30+ durant el dia<br \/>\n\u2022 Consultar amb el metge per a un protocol personalitzat<\/p>\n","protected":false},"excerpt":{"rendered":"<p>Retinol Resurface Cream<\/p>\n<p>Aconsegueix-lo al preu m\u00ednim amb enviament GRATU\u00cfT &#8211; clica per saber-ne m\u00e9s!<\/p>\n","protected":false},"featured_media":23801,"comment_status":"closed","ping_status":"closed","template":"","meta":{"_acf_changed":false,"_monsterinsights_skip_tracking":false,"_monsterinsights_sitenote_active":false,"_monsterinsights_sitenote_note":"","_monsterinsights_sitenote_category":0},"product_brand":[],"product_cat":[219,250],"product_tag":[241],"class_list":{"0":"post-24175","1":"product","2":"type-product","3":"status-publish","4":"has-post-thumbnail","6":"product_cat-bmed-by-martiderm-ca","7":"product_cat-tots","8":"product_tag-bmed-by-martiderm-ca","10":"first","11":"outofstock","12":"shipping-taxable","13":"purchasable","14":"product-type-simple"},"acf":[],"yoast_head":"<!-- This site is optimized with the Yoast SEO plugin v27.3 - https:\/\/yoast.com\/product\/yoast-seo-wordpress\/ -->\n<title>Comprar Retinol Resurface Cream 0.5% - Enviament Gratu\u00eft<\/title>\n<meta name=\"description\" content=\"Comprar Retinol Resurface Cream 0.5% al millor preu amb ENVIAMENT GRATU\u00cfT. Encarrega online i rep els teus productes preferits a casa!\" \/>\n<meta name=\"robots\" content=\"index, follow, max-snippet:-1, max-image-preview:large, max-video-preview:-1\" \/>\n<link rel=\"canonical\" href=\"https:\/\/drmazarro.com\/ca\/producto\/retinol-resurface-cream-0-5\/\" \/>\n<meta property=\"og:locale\" content=\"ca_ES\" \/>\n<meta property=\"og:type\" content=\"article\" \/>\n<meta property=\"og:title\" content=\"Comprar Retinol Resurface Cream 0.5% - Enviament Gratu\u00eft\" \/>\n<meta property=\"og:description\" content=\"Comprar Retinol Resurface Cream 0.5% al millor preu amb ENVIAMENT GRATU\u00cfT. Encarrega online i rep els teus productes preferits a casa!\" \/>\n<meta property=\"og:url\" content=\"https:\/\/drmazarro.com\/ca\/producto\/retinol-resurface-cream-0-5\/\" \/>\n<meta property=\"og:site_name\" content=\"Dr. Mazarro\" \/>\n<meta property=\"article:publisher\" content=\"https:\/\/www.facebook.com\/Dr-Mazarro-Cirug%c3%ada-Est%c3%a9tica-Facial-en-Barcelona-101872084913358\/\" \/>\n<meta property=\"article:modified_time\" content=\"2025-01-03T18:06:40+00:00\" \/>\n<meta property=\"og:image\" content=\"https:\/\/drmazarro.com\/wp-content\/uploads\/2023\/11\/RETINOL-RESURFACE-CREAM-BMED-1.png\" \/>\n\t<meta property=\"og:image:width\" content=\"277\" \/>\n\t<meta property=\"og:image:height\" content=\"513\" \/>\n\t<meta property=\"og:image:type\" content=\"image\/png\" \/>\n<meta name=\"twitter:card\" content=\"summary_large_image\" \/>\n<meta name=\"twitter:label1\" content=\"Temps estimat de lectura\" \/>\n\t<meta name=\"twitter:data1\" content=\"2 minuts\" \/>\n<!-- \/ Yoast SEO plugin. -->","yoast_head_json":{"title":"Comprar Retinol Resurface Cream 0.5% - Enviament Gratu\u00eft","description":"Comprar Retinol Resurface Cream 0.5% al millor preu amb ENVIAMENT GRATU\u00cfT. Encarrega online i rep els teus productes preferits a casa!","robots":{"index":"index","follow":"follow","max-snippet":"max-snippet:-1","max-image-preview":"max-image-preview:large","max-video-preview":"max-video-preview:-1"},"canonical":"https:\/\/drmazarro.com\/ca\/producto\/retinol-resurface-cream-0-5\/","og_locale":"ca_ES","og_type":"article","og_title":"Comprar Retinol Resurface Cream 0.5% - Enviament Gratu\u00eft","og_description":"Comprar Retinol Resurface Cream 0.5% al millor preu amb ENVIAMENT GRATU\u00cfT. Encarrega online i rep els teus productes preferits a casa!","og_url":"https:\/\/drmazarro.com\/ca\/producto\/retinol-resurface-cream-0-5\/","og_site_name":"Dr. Mazarro","article_publisher":"https:\/\/www.facebook.com\/Dr-Mazarro-Cirug%c3%ada-Est%c3%a9tica-Facial-en-Barcelona-101872084913358\/","article_modified_time":"2025-01-03T18:06:40+00:00","og_image":[{"width":277,"height":513,"url":"https:\/\/drmazarro.com\/wp-content\/uploads\/2023\/11\/RETINOL-RESURFACE-CREAM-BMED-1.png","type":"image\/png"}],"twitter_card":"summary_large_image","twitter_misc":{"Temps estimat de lectura":"2 minuts"},"schema":{"@context":"https:\/\/schema.org","@graph":[{"@type":"WebPage","@id":"https:\/\/drmazarro.com\/ca\/producto\/retinol-resurface-cream-0-5\/","url":"https:\/\/drmazarro.com\/ca\/producto\/retinol-resurface-cream-0-5\/","name":"Comprar Retinol Resurface Cream 0.5% - Enviament Gratu\u00eft","isPartOf":{"@id":"https:\/\/drmazarro.com\/ca\/#website"},"primaryImageOfPage":{"@id":"https:\/\/drmazarro.com\/ca\/producto\/retinol-resurface-cream-0-5\/#primaryimage"},"image":{"@id":"https:\/\/drmazarro.com\/ca\/producto\/retinol-resurface-cream-0-5\/#primaryimage"},"thumbnailUrl":"https:\/\/drmazarro.com\/wp-content\/uploads\/2023\/11\/RETINOL-RESURFACE-CREAM-BMED-1.png","datePublished":"2024-12-26T13:39:26+00:00","dateModified":"2025-01-03T18:06:40+00:00","description":"Comprar Retinol Resurface Cream 0.5% al millor preu amb ENVIAMENT GRATU\u00cfT. Encarrega online i rep els teus productes preferits a casa!","breadcrumb":{"@id":"https:\/\/drmazarro.com\/ca\/producto\/retinol-resurface-cream-0-5\/#breadcrumb"},"inLanguage":"ca","potentialAction":[{"@type":"ReadAction","target":["https:\/\/drmazarro.com\/ca\/producto\/retinol-resurface-cream-0-5\/"]}]},{"@type":"ImageObject","inLanguage":"ca","@id":"https:\/\/drmazarro.com\/ca\/producto\/retinol-resurface-cream-0-5\/#primaryimage","url":"https:\/\/drmazarro.com\/wp-content\/uploads\/2023\/11\/RETINOL-RESURFACE-CREAM-BMED-1.png","contentUrl":"https:\/\/drmazarro.com\/wp-content\/uploads\/2023\/11\/RETINOL-RESURFACE-CREAM-BMED-1.png","width":277,"height":513,"caption":"Retinol Resurface Cream"},{"@type":"BreadcrumbList","@id":"https:\/\/drmazarro.com\/ca\/producto\/retinol-resurface-cream-0-5\/#breadcrumb","itemListElement":[{"@type":"ListItem","position":1,"name":"Portada","item":"https:\/\/drmazarro.com\/ca\/"},{"@type":"ListItem","position":2,"name":"Botiga on-line","item":"https:\/\/drmazarro.com\/ca\/botiga-online\/"},{"@type":"ListItem","position":3,"name":"Retinol Resurface Cream 0.5%"}]},{"@type":"WebSite","@id":"https:\/\/drmazarro.com\/ca\/#website","url":"https:\/\/drmazarro.com\/ca\/","name":"Dr. Mazarro","description":"Cirug\u00eda y Medicina Est\u00e9tica Facial en Barcelona","publisher":{"@id":"https:\/\/drmazarro.com\/ca\/#organization"},"potentialAction":[{"@type":"SearchAction","target":{"@type":"EntryPoint","urlTemplate":"https:\/\/drmazarro.com\/ca\/?s={search_term_string}"},"query-input":{"@type":"PropertyValueSpecification","valueRequired":true,"valueName":"search_term_string"}}],"inLanguage":"ca"},{"@type":"Organization","@id":"https:\/\/drmazarro.com\/ca\/#organization","name":"Dr. Mazarro","url":"https:\/\/drmazarro.com\/ca\/","logo":{"@type":"ImageObject","inLanguage":"ca","@id":"https:\/\/drmazarro.com\/ca\/#\/schema\/logo\/image\/","url":"https:\/\/drmazarro.com\/wp-content\/uploads\/2024\/03\/AM-576.png","contentUrl":"https:\/\/drmazarro.com\/wp-content\/uploads\/2024\/03\/AM-576.png","width":576,"height":576,"caption":"Dr. Mazarro"},"image":{"@id":"https:\/\/drmazarro.com\/ca\/#\/schema\/logo\/image\/"},"sameAs":["https:\/\/www.facebook.com\/Dr-Mazarro-Cirug\u00eda-Est\u00e9tica-Facial-en-Barcelona-101872084913358\/","https:\/\/www.instagram.com\/drmazarro_alejandro\/"]}]}},"_links":{"self":[{"href":"https:\/\/drmazarro.com\/ca\/wp-json\/wp\/v2\/product\/24175","targetHints":{"allow":["GET"]}}],"collection":[{"href":"https:\/\/drmazarro.com\/ca\/wp-json\/wp\/v2\/product"}],"about":[{"href":"https:\/\/drmazarro.com\/ca\/wp-json\/wp\/v2\/types\/product"}],"replies":[{"embeddable":true,"href":"https:\/\/drmazarro.com\/ca\/wp-json\/wp\/v2\/comments?post=24175"}],"wp:featuredmedia":[{"embeddable":true,"href":"https:\/\/drmazarro.com\/ca\/wp-json\/wp\/v2\/media\/23801"}],"wp:attachment":[{"href":"https:\/\/drmazarro.com\/ca\/wp-json\/wp\/v2\/media?parent=24175"}],"wp:term":[{"taxonomy":"product_brand","embeddable":true,"href":"https:\/\/drmazarro.com\/ca\/wp-json\/wp\/v2\/product_brand?post=24175"},{"taxonomy":"product_cat","embeddable":true,"href":"https:\/\/drmazarro.com\/ca\/wp-json\/wp\/v2\/product_cat?post=24175"},{"taxonomy":"product_tag","embeddable":true,"href":"https:\/\/drmazarro.com\/ca\/wp-json\/wp\/v2\/product_tag?post=24175"}],"curies":[{"name":"wp","href":"https:\/\/api.w.org\/{rel}","templated":true}]}}