{"id":24164,"date":"2022-07-25T12:57:22","date_gmt":"2024-12-26T14:36:56","guid":{"rendered":"https:\/\/drmazarro.com\/producto\/illuminating-ampoules\/"},"modified":"2025-01-03T19:50:27","modified_gmt":"2025-01-03T18:50:27","slug":"illuminating-ampoules","status":"publish","type":"product","link":"https:\/\/drmazarro.com\/ca\/producto\/illuminating-ampoules\/","title":{"rendered":"Illuminating Ampoules"},"content":{"rendered":"<h2><em>Indicacions<\/em><\/h2>\n<p style=\"text-align: justify;\">Ampollas Iluminadoras \u00e9s un tractament intensiu il\u00b7luminador i antienvelliment que cont\u00e9 vitamina C estabilitzada i tecnologia patentada SCA PRO\u00ae. Aquesta f\u00f3rmula sense olis ajuda a prevenir i reduir els signes visibles del fotoenvelliment mentre millora la lluminositat de la pell, combinant una potent protecci\u00f3 antioxidant amb beneficis regeneratius.<\/p>\n<p>\u2022 Potencia la lluminositat de la pell<br \/>\n\u2022 Proporciona protecci\u00f3 antioxidant<br \/>\n\u2022 Redueix els signes del fotoenvelliment<br \/>\n\u2022 Millora la fermesa de la pell<br \/>\n\u2022 Suavitza les l\u00ednies d&#8217;expressi\u00f3<br \/>\n\u2022 Millora la hidrataci\u00f3 cut\u00e0nia<br \/>\n\u2022 Adequat per a tots els tipus de pell<\/p>\n<h2><em>Format<\/em><\/h2>\n<p style=\"text-align: justify;\">28 x 1mL ampolles<\/p>\n<h2><em>Ingredients<\/em><\/h2>\n<p>\u2022 Vitamina C Estabilitzada<br \/>\n&#8211; Proporciona potents beneficis antioxidants<br \/>\n&#8211; Millora la lluminositat de la pell<br \/>\n&#8211; Perfecciona el to cutani<\/p>\n<p>\u2022 Tecnologia SCA\u00ae PRO<br \/>\n&#8211; Rica en factors de creixement<br \/>\n&#8211; Promou la regeneraci\u00f3 cut\u00e0nia<br \/>\n&#8211; Redueix les l\u00ednies fines<br \/>\n&#8211; Augmenta la fermesa<\/p>\n<p>\u2022 Proteoglicans<br \/>\n&#8211; Milloren l&#8217;aparen\u00e7a de la pell<br \/>\n&#8211; Potencien la hidrataci\u00f3<br \/>\n&#8211; Donen suport a l&#8217;estructura cut\u00e0nia<\/p>\n<h2><em>Com utilitzar Ampollas Iluminadoras<\/em><\/h2>\n<p style=\"text-align: justify;\">Agitar b\u00e9 abans d&#8217;usar fins que la f\u00f3rmula estigui homogene\u00eftzada. Aplicar el contingut d&#8217;una ampolla mat\u00ed i nit sobre la pell neta del rostre, o segons les indicacions del vostre professional sanitari. Presenta una f\u00f3rmula lleugera sense olis adequada per a \u00fas diari.<\/p>\n","protected":false},"excerpt":{"rendered":"<p>Illuminating Ampoules<\/p>\n<p>Aconsegueix-lo al preu m\u00ednim amb enviament GRATU\u00cfT &#8211; clica per saber-ne m\u00e9s!<\/p>\n","protected":false},"featured_media":5869,"comment_status":"open","ping_status":"closed","template":"","meta":{"_acf_changed":false,"_monsterinsights_skip_tracking":false,"_monsterinsights_sitenote_active":false,"_monsterinsights_sitenote_note":"","_monsterinsights_sitenote_category":0},"product_brand":[],"product_cat":[208,211,250],"product_tag":[239],"class_list":{"0":"post-24164","1":"product","2":"type-product","3":"status-publish","4":"has-post-thumbnail","6":"product_cat-allskin-med-ca","7":"product_cat-complementos-ca","8":"product_cat-tots","9":"product_tag-all-skin-med-ca","11":"first","12":"instock","13":"shipping-taxable","14":"purchasable","15":"product-type-simple"},"acf":[],"yoast_head":"<!-- This site is optimized with the Yoast SEO plugin v27.3 - https:\/\/yoast.com\/product\/yoast-seo-wordpress\/ -->\n<title>Comprar Illuminating Ampoules by AllSkinMed- Enviament Gratu\u00eft<\/title>\n<meta name=\"description\" content=\"Comprar Illuminating Ampoules al millor preu amb ENVIAMENT GRATU\u00cfT. Encarrega online i rep els teus productes preferits a casa!\" \/>\n<meta name=\"robots\" content=\"index, follow, max-snippet:-1, max-image-preview:large, max-video-preview:-1\" \/>\n<link rel=\"canonical\" href=\"https:\/\/drmazarro.com\/ca\/producto\/illuminating-ampoules\/\" \/>\n<meta property=\"og:locale\" content=\"ca_ES\" \/>\n<meta property=\"og:type\" content=\"article\" \/>\n<meta property=\"og:title\" content=\"Comprar Illuminating Ampoules by AllSkinMed- Enviament Gratu\u00eft\" \/>\n<meta property=\"og:description\" content=\"Comprar Illuminating Ampoules al millor preu amb ENVIAMENT GRATU\u00cfT. Encarrega online i rep els teus productes preferits a casa!\" \/>\n<meta property=\"og:url\" content=\"https:\/\/drmazarro.com\/ca\/producto\/illuminating-ampoules\/\" \/>\n<meta property=\"og:site_name\" content=\"Dr. Mazarro\" \/>\n<meta property=\"article:publisher\" content=\"https:\/\/www.facebook.com\/Dr-Mazarro-Cirug%c3%ada-Est%c3%a9tica-Facial-en-Barcelona-101872084913358\/\" \/>\n<meta property=\"article:modified_time\" content=\"2025-01-03T18:50:27+00:00\" \/>\n<meta property=\"og:image\" content=\"https:\/\/drmazarro.com\/wp-content\/uploads\/2022\/01\/AllSkinMed-Ampollas-Iluminadoras.png\" \/>\n\t<meta property=\"og:image:width\" content=\"1040\" \/>\n\t<meta property=\"og:image:height\" content=\"659\" \/>\n\t<meta property=\"og:image:type\" content=\"image\/png\" \/>\n<meta name=\"twitter:card\" content=\"summary_large_image\" \/>\n<meta name=\"twitter:label1\" content=\"Temps estimat de lectura\" \/>\n\t<meta name=\"twitter:data1\" content=\"1 minut\" \/>\n<!-- \/ Yoast SEO plugin. -->","yoast_head_json":{"title":"Comprar Illuminating Ampoules by AllSkinMed- Enviament Gratu\u00eft","description":"Comprar Illuminating Ampoules al millor preu amb ENVIAMENT GRATU\u00cfT. Encarrega online i rep els teus productes preferits a casa!","robots":{"index":"index","follow":"follow","max-snippet":"max-snippet:-1","max-image-preview":"max-image-preview:large","max-video-preview":"max-video-preview:-1"},"canonical":"https:\/\/drmazarro.com\/ca\/producto\/illuminating-ampoules\/","og_locale":"ca_ES","og_type":"article","og_title":"Comprar Illuminating Ampoules by AllSkinMed- Enviament Gratu\u00eft","og_description":"Comprar Illuminating Ampoules al millor preu amb ENVIAMENT GRATU\u00cfT. Encarrega online i rep els teus productes preferits a casa!","og_url":"https:\/\/drmazarro.com\/ca\/producto\/illuminating-ampoules\/","og_site_name":"Dr. Mazarro","article_publisher":"https:\/\/www.facebook.com\/Dr-Mazarro-Cirug%c3%ada-Est%c3%a9tica-Facial-en-Barcelona-101872084913358\/","article_modified_time":"2025-01-03T18:50:27+00:00","og_image":[{"width":1040,"height":659,"url":"https:\/\/drmazarro.com\/wp-content\/uploads\/2022\/01\/AllSkinMed-Ampollas-Iluminadoras.png","type":"image\/png"}],"twitter_card":"summary_large_image","twitter_misc":{"Temps estimat de lectura":"1 minut"},"schema":{"@context":"https:\/\/schema.org","@graph":[{"@type":"WebPage","@id":"https:\/\/drmazarro.com\/ca\/producto\/illuminating-ampoules\/","url":"https:\/\/drmazarro.com\/ca\/producto\/illuminating-ampoules\/","name":"Comprar Illuminating Ampoules by AllSkinMed- Enviament Gratu\u00eft","isPartOf":{"@id":"https:\/\/drmazarro.com\/ca\/#website"},"primaryImageOfPage":{"@id":"https:\/\/drmazarro.com\/ca\/producto\/illuminating-ampoules\/#primaryimage"},"image":{"@id":"https:\/\/drmazarro.com\/ca\/producto\/illuminating-ampoules\/#primaryimage"},"thumbnailUrl":"https:\/\/drmazarro.com\/wp-content\/uploads\/2022\/01\/AllSkinMed-Ampollas-Iluminadoras.png","datePublished":"2024-12-26T14:36:56+00:00","dateModified":"2025-01-03T18:50:27+00:00","description":"Comprar Illuminating Ampoules al millor preu amb ENVIAMENT GRATU\u00cfT. Encarrega online i rep els teus productes preferits a casa!","breadcrumb":{"@id":"https:\/\/drmazarro.com\/ca\/producto\/illuminating-ampoules\/#breadcrumb"},"inLanguage":"ca","potentialAction":[{"@type":"ReadAction","target":["https:\/\/drmazarro.com\/ca\/producto\/illuminating-ampoules\/"]}]},{"@type":"ImageObject","inLanguage":"ca","@id":"https:\/\/drmazarro.com\/ca\/producto\/illuminating-ampoules\/#primaryimage","url":"https:\/\/drmazarro.com\/wp-content\/uploads\/2022\/01\/AllSkinMed-Ampollas-Iluminadoras.png","contentUrl":"https:\/\/drmazarro.com\/wp-content\/uploads\/2022\/01\/AllSkinMed-Ampollas-Iluminadoras.png","width":1040,"height":659,"caption":"Ampollas Iluminadoras - Comprar Online - Dr. Mazarro by AllSkin Med"},{"@type":"BreadcrumbList","@id":"https:\/\/drmazarro.com\/ca\/producto\/illuminating-ampoules\/#breadcrumb","itemListElement":[{"@type":"ListItem","position":1,"name":"Portada","item":"https:\/\/drmazarro.com\/ca\/"},{"@type":"ListItem","position":2,"name":"Botiga on-line","item":"https:\/\/drmazarro.com\/ca\/botiga-online\/"},{"@type":"ListItem","position":3,"name":"Illuminating Ampoules"}]},{"@type":"WebSite","@id":"https:\/\/drmazarro.com\/ca\/#website","url":"https:\/\/drmazarro.com\/ca\/","name":"Dr. Mazarro","description":"Cirug\u00eda y Medicina Est\u00e9tica Facial en Barcelona","publisher":{"@id":"https:\/\/drmazarro.com\/ca\/#organization"},"potentialAction":[{"@type":"SearchAction","target":{"@type":"EntryPoint","urlTemplate":"https:\/\/drmazarro.com\/ca\/?s={search_term_string}"},"query-input":{"@type":"PropertyValueSpecification","valueRequired":true,"valueName":"search_term_string"}}],"inLanguage":"ca"},{"@type":"Organization","@id":"https:\/\/drmazarro.com\/ca\/#organization","name":"Dr. Mazarro","url":"https:\/\/drmazarro.com\/ca\/","logo":{"@type":"ImageObject","inLanguage":"ca","@id":"https:\/\/drmazarro.com\/ca\/#\/schema\/logo\/image\/","url":"https:\/\/drmazarro.com\/wp-content\/uploads\/2024\/03\/AM-576.png","contentUrl":"https:\/\/drmazarro.com\/wp-content\/uploads\/2024\/03\/AM-576.png","width":576,"height":576,"caption":"Dr. Mazarro"},"image":{"@id":"https:\/\/drmazarro.com\/ca\/#\/schema\/logo\/image\/"},"sameAs":["https:\/\/www.facebook.com\/Dr-Mazarro-Cirug\u00eda-Est\u00e9tica-Facial-en-Barcelona-101872084913358\/","https:\/\/www.instagram.com\/drmazarro_alejandro\/"]}]}},"_links":{"self":[{"href":"https:\/\/drmazarro.com\/ca\/wp-json\/wp\/v2\/product\/24164","targetHints":{"allow":["GET"]}}],"collection":[{"href":"https:\/\/drmazarro.com\/ca\/wp-json\/wp\/v2\/product"}],"about":[{"href":"https:\/\/drmazarro.com\/ca\/wp-json\/wp\/v2\/types\/product"}],"replies":[{"embeddable":true,"href":"https:\/\/drmazarro.com\/ca\/wp-json\/wp\/v2\/comments?post=24164"}],"wp:featuredmedia":[{"embeddable":true,"href":"https:\/\/drmazarro.com\/ca\/wp-json\/wp\/v2\/media\/5869"}],"wp:attachment":[{"href":"https:\/\/drmazarro.com\/ca\/wp-json\/wp\/v2\/media?parent=24164"}],"wp:term":[{"taxonomy":"product_brand","embeddable":true,"href":"https:\/\/drmazarro.com\/ca\/wp-json\/wp\/v2\/product_brand?post=24164"},{"taxonomy":"product_cat","embeddable":true,"href":"https:\/\/drmazarro.com\/ca\/wp-json\/wp\/v2\/product_cat?post=24164"},{"taxonomy":"product_tag","embeddable":true,"href":"https:\/\/drmazarro.com\/ca\/wp-json\/wp\/v2\/product_tag?post=24164"}],"curies":[{"name":"wp","href":"https:\/\/api.w.org\/{rel}","templated":true}]}}