{"id":24148,"date":"2022-07-26T10:48:54","date_gmt":"2024-12-26T14:34:03","guid":{"rendered":"https:\/\/drmazarro.com\/producto\/firming-cream\/"},"modified":"2025-01-03T19:46:56","modified_gmt":"2025-01-03T18:46:56","slug":"firming-cream","status":"publish","type":"product","link":"https:\/\/drmazarro.com\/ca\/producto\/firming-cream\/","title":{"rendered":"Firming Cream"},"content":{"rendered":"<h2><em>Indicacions<\/em><\/h2>\n<p style=\"text-align: justify;\">Firming Cream \u00e9s un tractament nutritiu formulat amb la tecnologia patentada SCA PRO\u00ae, rica en factors de creixement. Aquesta f\u00f3rmula avan\u00e7ada proporciona potents beneficis regeneradors i redensificants mentre incorpora actius tensors que augmenten la fermesa i l&#8217;elasticitat de la pell, ajudant a prevenir els signes visibles de l&#8217;envelliment cutani.<\/p>\n<p>\u2022 Millora la fermesa de la pell<br \/>\n\u2022 Augmenta l&#8217;elasticitat<br \/>\n\u2022 Proporciona nutrici\u00f3 profunda<br \/>\n\u2022 Dona suport a la regeneraci\u00f3 cut\u00e0nia<br \/>\n\u2022 Mant\u00e9 una hidrataci\u00f3 \u00f2ptima<br \/>\n\u2022 Prev\u00e9 els signes d&#8217;envelliment<br \/>\n\u2022 Adequada per a tots els tipus de pell<\/p>\n<h2><em>Format<\/em><\/h2>\n<p style=\"text-align: justify;\">50mL<\/p>\n<h2><em>Ingredients<\/em><\/h2>\n<p>\u2022 Tecnologia SCA\u00ae PRO<br \/>\n&#8211; Rica en factors de creixement<br \/>\n&#8211; Promou la regeneraci\u00f3 cut\u00e0nia<br \/>\n&#8211; Millora la densitat de la pell<\/p>\n<p>\u2022 Complex Actiu<br \/>\n&#8211; Cont\u00e9 prote\u00efna de soja hidrolitzada<br \/>\n&#8211; Incorpora calci<br \/>\n&#8211; Proporciona beneficis reafirmants<\/p>\n<p>\u2022 Sistema Hidratant<br \/>\n&#8211; Actius hidratants avan\u00e7ats<br \/>\n&#8211; Mant\u00e9 la hidrataci\u00f3 de la pell<br \/>\n&#8211; Dona suport a la funci\u00f3 barrera<\/p>\n<p>\u2022 Vitamina E<br \/>\n&#8211; Proporciona protecci\u00f3 antioxidant<br \/>\n&#8211; Dona suport a la renovaci\u00f3 cut\u00e0nia<br \/>\n&#8211; Potencia els resultats<\/p>\n<h2><em>Com utilitzar Firming Cream<\/em><\/h2>\n<p style=\"text-align: justify;\">Aplicar mat\u00ed i\/o nit sobre la pell neta. Massatjar suaument fins a la seva absorci\u00f3. Per a resultats \u00f2ptims, utilitzar de manera consistent com a part de la rutina de cura de la pell.<\/p>\n","protected":false},"excerpt":{"rendered":"<div class=\"clearfix text-formatted field field--name-field-body-short field--type-text-long field--label-hidden field__item\">\n<p>Firming Cream<\/p>\n<p>Aconsegueix-lo al preu m\u00ednim amb enviament GRATU\u00cfT &#8211; clica per saber-ne m\u00e9s!<\/p>\n<\/div>\n","protected":false},"featured_media":24149,"comment_status":"open","ping_status":"closed","template":"","meta":{"_acf_changed":false,"_monsterinsights_skip_tracking":false,"_monsterinsights_sitenote_active":false,"_monsterinsights_sitenote_note":"","_monsterinsights_sitenote_category":0},"product_brand":[],"product_cat":[208,215,250],"product_tag":[239],"class_list":{"0":"post-24148","1":"product","2":"type-product","3":"status-publish","4":"has-post-thumbnail","6":"product_cat-allskin-med-ca","7":"product_cat-hidratacion-ca","8":"product_cat-tots","9":"product_tag-all-skin-med-ca","11":"first","12":"instock","13":"shipping-taxable","14":"purchasable","15":"product-type-simple"},"acf":[],"yoast_head":"<!-- This site is optimized with the Yoast SEO plugin v27.3 - https:\/\/yoast.com\/product\/yoast-seo-wordpress\/ -->\n<title>Comprar Firming Cream by AllSkinMed- Enviament Gratu\u00eft<\/title>\n<meta name=\"description\" content=\"Comprar Firming Cream by AllSkinMed al millor preu amb ENVIAMENT GRATU\u00cfT. Encarrega online i rep els teus productes preferits a casa!\" \/>\n<meta name=\"robots\" content=\"index, follow, max-snippet:-1, max-image-preview:large, max-video-preview:-1\" \/>\n<link rel=\"canonical\" href=\"https:\/\/drmazarro.com\/ca\/producto\/firming-cream\/\" \/>\n<meta property=\"og:locale\" content=\"ca_ES\" \/>\n<meta property=\"og:type\" content=\"article\" \/>\n<meta property=\"og:title\" content=\"Comprar Firming Cream by AllSkinMed- Enviament Gratu\u00eft\" \/>\n<meta property=\"og:description\" content=\"Comprar Firming Cream by AllSkinMed al millor preu amb ENVIAMENT GRATU\u00cfT. Encarrega online i rep els teus productes preferits a casa!\" \/>\n<meta property=\"og:url\" content=\"https:\/\/drmazarro.com\/ca\/producto\/firming-cream\/\" \/>\n<meta property=\"og:site_name\" content=\"Dr. Mazarro\" \/>\n<meta property=\"article:publisher\" content=\"https:\/\/www.facebook.com\/Dr-Mazarro-Cirug%c3%ada-Est%c3%a9tica-Facial-en-Barcelona-101872084913358\/\" \/>\n<meta property=\"article:modified_time\" content=\"2025-01-03T18:46:56+00:00\" \/>\n<meta property=\"og:image\" content=\"https:\/\/drmazarro.com\/wp-content\/uploads\/2022\/07\/allskinmed-antiaging-gf-replenishing-cream-01.jpg\" \/>\n\t<meta property=\"og:image:width\" content=\"1313\" \/>\n\t<meta property=\"og:image:height\" content=\"876\" \/>\n\t<meta property=\"og:image:type\" content=\"image\/jpeg\" \/>\n<meta name=\"twitter:card\" content=\"summary_large_image\" \/>\n<meta name=\"twitter:label1\" content=\"Temps estimat de lectura\" \/>\n\t<meta name=\"twitter:data1\" content=\"1 minut\" \/>\n<!-- \/ Yoast SEO plugin. -->","yoast_head_json":{"title":"Comprar Firming Cream by AllSkinMed- Enviament Gratu\u00eft","description":"Comprar Firming Cream by AllSkinMed al millor preu amb ENVIAMENT GRATU\u00cfT. Encarrega online i rep els teus productes preferits a casa!","robots":{"index":"index","follow":"follow","max-snippet":"max-snippet:-1","max-image-preview":"max-image-preview:large","max-video-preview":"max-video-preview:-1"},"canonical":"https:\/\/drmazarro.com\/ca\/producto\/firming-cream\/","og_locale":"ca_ES","og_type":"article","og_title":"Comprar Firming Cream by AllSkinMed- Enviament Gratu\u00eft","og_description":"Comprar Firming Cream by AllSkinMed al millor preu amb ENVIAMENT GRATU\u00cfT. Encarrega online i rep els teus productes preferits a casa!","og_url":"https:\/\/drmazarro.com\/ca\/producto\/firming-cream\/","og_site_name":"Dr. Mazarro","article_publisher":"https:\/\/www.facebook.com\/Dr-Mazarro-Cirug%c3%ada-Est%c3%a9tica-Facial-en-Barcelona-101872084913358\/","article_modified_time":"2025-01-03T18:46:56+00:00","og_image":[{"width":1313,"height":876,"url":"https:\/\/drmazarro.com\/wp-content\/uploads\/2022\/07\/allskinmed-antiaging-gf-replenishing-cream-01.jpg","type":"image\/jpeg"}],"twitter_card":"summary_large_image","twitter_misc":{"Temps estimat de lectura":"1 minut"},"schema":{"@context":"https:\/\/schema.org","@graph":[{"@type":"WebPage","@id":"https:\/\/drmazarro.com\/ca\/producto\/firming-cream\/","url":"https:\/\/drmazarro.com\/ca\/producto\/firming-cream\/","name":"Comprar Firming Cream by AllSkinMed- Enviament Gratu\u00eft","isPartOf":{"@id":"https:\/\/drmazarro.com\/ca\/#website"},"primaryImageOfPage":{"@id":"https:\/\/drmazarro.com\/ca\/producto\/firming-cream\/#primaryimage"},"image":{"@id":"https:\/\/drmazarro.com\/ca\/producto\/firming-cream\/#primaryimage"},"thumbnailUrl":"https:\/\/drmazarro.com\/wp-content\/uploads\/2022\/07\/allskinmed-antiaging-gf-replenishing-cream-01.jpg","datePublished":"2024-12-26T14:34:03+00:00","dateModified":"2025-01-03T18:46:56+00:00","description":"Comprar Firming Cream by AllSkinMed al millor preu amb ENVIAMENT GRATU\u00cfT. Encarrega online i rep els teus productes preferits a casa!","breadcrumb":{"@id":"https:\/\/drmazarro.com\/ca\/producto\/firming-cream\/#breadcrumb"},"inLanguage":"ca","potentialAction":[{"@type":"ReadAction","target":["https:\/\/drmazarro.com\/ca\/producto\/firming-cream\/"]}]},{"@type":"ImageObject","inLanguage":"ca","@id":"https:\/\/drmazarro.com\/ca\/producto\/firming-cream\/#primaryimage","url":"https:\/\/drmazarro.com\/wp-content\/uploads\/2022\/07\/allskinmed-antiaging-gf-replenishing-cream-01.jpg","contentUrl":"https:\/\/drmazarro.com\/wp-content\/uploads\/2022\/07\/allskinmed-antiaging-gf-replenishing-cream-01.jpg","width":1313,"height":876,"caption":"Comprar Crema Reafirmante by AllSkin Med - Dr. Mazarro"},{"@type":"BreadcrumbList","@id":"https:\/\/drmazarro.com\/ca\/producto\/firming-cream\/#breadcrumb","itemListElement":[{"@type":"ListItem","position":1,"name":"Portada","item":"https:\/\/drmazarro.com\/ca\/"},{"@type":"ListItem","position":2,"name":"Botiga on-line","item":"https:\/\/drmazarro.com\/ca\/botiga-online\/"},{"@type":"ListItem","position":3,"name":"Firming Cream"}]},{"@type":"WebSite","@id":"https:\/\/drmazarro.com\/ca\/#website","url":"https:\/\/drmazarro.com\/ca\/","name":"Dr. Mazarro","description":"Cirug\u00eda y Medicina Est\u00e9tica Facial en Barcelona","publisher":{"@id":"https:\/\/drmazarro.com\/ca\/#organization"},"potentialAction":[{"@type":"SearchAction","target":{"@type":"EntryPoint","urlTemplate":"https:\/\/drmazarro.com\/ca\/?s={search_term_string}"},"query-input":{"@type":"PropertyValueSpecification","valueRequired":true,"valueName":"search_term_string"}}],"inLanguage":"ca"},{"@type":"Organization","@id":"https:\/\/drmazarro.com\/ca\/#organization","name":"Dr. Mazarro","url":"https:\/\/drmazarro.com\/ca\/","logo":{"@type":"ImageObject","inLanguage":"ca","@id":"https:\/\/drmazarro.com\/ca\/#\/schema\/logo\/image\/","url":"https:\/\/drmazarro.com\/wp-content\/uploads\/2024\/03\/AM-576.png","contentUrl":"https:\/\/drmazarro.com\/wp-content\/uploads\/2024\/03\/AM-576.png","width":576,"height":576,"caption":"Dr. Mazarro"},"image":{"@id":"https:\/\/drmazarro.com\/ca\/#\/schema\/logo\/image\/"},"sameAs":["https:\/\/www.facebook.com\/Dr-Mazarro-Cirug\u00eda-Est\u00e9tica-Facial-en-Barcelona-101872084913358\/","https:\/\/www.instagram.com\/drmazarro_alejandro\/"]}]}},"_links":{"self":[{"href":"https:\/\/drmazarro.com\/ca\/wp-json\/wp\/v2\/product\/24148","targetHints":{"allow":["GET"]}}],"collection":[{"href":"https:\/\/drmazarro.com\/ca\/wp-json\/wp\/v2\/product"}],"about":[{"href":"https:\/\/drmazarro.com\/ca\/wp-json\/wp\/v2\/types\/product"}],"replies":[{"embeddable":true,"href":"https:\/\/drmazarro.com\/ca\/wp-json\/wp\/v2\/comments?post=24148"}],"wp:featuredmedia":[{"embeddable":true,"href":"https:\/\/drmazarro.com\/ca\/wp-json\/wp\/v2\/media\/24149"}],"wp:attachment":[{"href":"https:\/\/drmazarro.com\/ca\/wp-json\/wp\/v2\/media?parent=24148"}],"wp:term":[{"taxonomy":"product_brand","embeddable":true,"href":"https:\/\/drmazarro.com\/ca\/wp-json\/wp\/v2\/product_brand?post=24148"},{"taxonomy":"product_cat","embeddable":true,"href":"https:\/\/drmazarro.com\/ca\/wp-json\/wp\/v2\/product_cat?post=24148"},{"taxonomy":"product_tag","embeddable":true,"href":"https:\/\/drmazarro.com\/ca\/wp-json\/wp\/v2\/product_tag?post=24148"}],"curies":[{"name":"wp","href":"https:\/\/api.w.org\/{rel}","templated":true}]}}