{"id":24139,"date":"2022-07-26T10:51:22","date_gmt":"2024-12-26T14:34:05","guid":{"rendered":"https:\/\/drmazarro.com\/producto\/mineral-fluid-spf-50\/"},"modified":"2025-01-03T19:43:21","modified_gmt":"2025-01-03T18:43:21","slug":"mineral-fluid-spf-50","status":"publish","type":"product","link":"https:\/\/drmazarro.com\/ca\/producto\/mineral-fluid-spf-50\/","title":{"rendered":"Mineral Fluid SPF 50"},"content":{"rendered":"<h2><em>Indicacions<\/em><\/h2>\n<p style=\"text-align: justify;\">Mineral Fluid \u00e9s un protector solar d&#8217;alta protecci\u00f3 que presenta una f\u00f3rmula exclusiva 100% mineral amb cobertura de maquillatge. Especialment formulat per a tots els tipus de pell, incloses les pells sensibles i intolerants, i particularment adequat per al seu \u00fas despr\u00e9s de procediments est\u00e8tics.<\/p>\n<p>\u2022 Proporciona protecci\u00f3 d&#8217;ampli espectre<br \/>\n\u2022 Ofereix cobertura natural<br \/>\n\u2022 Oculta les imperfeccions<br \/>\n\u2022 Adequat per a pells sensibles<br \/>\n\u2022 Segur per a \u00fas post-procediment<br \/>\n\u2022 Aporta beneficis antioxidants<br \/>\n\u2022 Crea un acabat saludable<\/p>\n<h2><em>Format<\/em><\/h2>\n<p style=\"text-align: justify;\">50mL<\/p>\n<h2><em>Ingredients<\/em><\/h2>\n<p>\u2022 Sistema de Protecci\u00f3<br \/>\n&#8211; Filtres 100% minerals<br \/>\n&#8211; Protegeix contra UVB i UVA<br \/>\n&#8211; Protegeix de l&#8217;IR-A i la llum visible<br \/>\n&#8211; Proporciona cobertura integral<\/p>\n<p>\u2022 Complex Antioxidant<br \/>\n&#8211; Incorpora potents antioxidants<br \/>\n&#8211; Millora la protecci\u00f3 cut\u00e0nia<br \/>\n&#8211; Dona suport a la reparaci\u00f3 de la pell<\/p>\n<h2><em>Com utilitzar Mineral Fluid<\/em><\/h2>\n<p style=\"text-align: justify;\">Aplicar generosament a la cara i zones exposades durant el dia. Tornar a aplicar cada 2 hores o despr\u00e9s de nedar, suar o eixugar-se amb tovallola. Per a resultats \u00f2ptims, utilitzar com a pas final en la rutina de cura de la pell del mat\u00ed.<\/p>\n","protected":false},"excerpt":{"rendered":"<p>Mineral Fluid SPF 50<\/p>\n<p>Aconsegueix-lo al preu m\u00ednim amb enviament GRATU\u00cfT &#8211; clica per saber-ne m\u00e9s!<\/p>\n","protected":false},"featured_media":23856,"comment_status":"open","ping_status":"closed","template":"","meta":{"_acf_changed":false,"_monsterinsights_skip_tracking":false,"_monsterinsights_sitenote_active":false,"_monsterinsights_sitenote_note":"","_monsterinsights_sitenote_category":0},"product_brand":[],"product_cat":[208,214,250],"product_tag":[239],"class_list":{"0":"post-24139","1":"product","2":"type-product","3":"status-publish","4":"has-post-thumbnail","6":"product_cat-allskin-med-ca","7":"product_cat-fotoproteccion-ca-2","8":"product_cat-tots","9":"product_tag-all-skin-med-ca","11":"first","12":"instock","13":"shipping-taxable","14":"purchasable","15":"product-type-simple"},"acf":[],"yoast_head":"<!-- This site is optimized with the Yoast SEO plugin v27.3 - https:\/\/yoast.com\/product\/yoast-seo-wordpress\/ -->\n<title>Comprar Mineral Fluid SPF 50 by AllSkinMed- Enviament Gratu\u00eft<\/title>\n<meta name=\"description\" content=\"Comprar Mineral Fluid SPF 50 al millor preu amb ENVIAMENT GRATU\u00cfT. Encarrega online i rep els teus productes preferits a casa!\" \/>\n<meta name=\"robots\" content=\"index, follow, max-snippet:-1, max-image-preview:large, max-video-preview:-1\" \/>\n<link rel=\"canonical\" href=\"https:\/\/drmazarro.com\/ca\/producto\/mineral-fluid-spf-50\/\" \/>\n<meta property=\"og:locale\" content=\"ca_ES\" \/>\n<meta property=\"og:type\" content=\"article\" \/>\n<meta property=\"og:title\" content=\"Comprar Mineral Fluid SPF 50 by AllSkinMed- Enviament Gratu\u00eft\" \/>\n<meta property=\"og:description\" content=\"Comprar Mineral Fluid SPF 50 al millor preu amb ENVIAMENT GRATU\u00cfT. Encarrega online i rep els teus productes preferits a casa!\" \/>\n<meta property=\"og:url\" content=\"https:\/\/drmazarro.com\/ca\/producto\/mineral-fluid-spf-50\/\" \/>\n<meta property=\"og:site_name\" content=\"Dr. Mazarro\" \/>\n<meta property=\"article:publisher\" content=\"https:\/\/www.facebook.com\/Dr-Mazarro-Cirug%c3%ada-Est%c3%a9tica-Facial-en-Barcelona-101872084913358\/\" \/>\n<meta property=\"article:modified_time\" content=\"2025-01-03T18:43:21+00:00\" \/>\n<meta property=\"og:image\" content=\"https:\/\/drmazarro.com\/wp-content\/uploads\/2022\/07\/allskinmed-sun-01-1.png\" \/>\n\t<meta property=\"og:image:width\" content=\"876\" \/>\n\t<meta property=\"og:image:height\" content=\"1313\" \/>\n\t<meta property=\"og:image:type\" content=\"image\/png\" \/>\n<meta name=\"twitter:card\" content=\"summary_large_image\" \/>\n<meta name=\"twitter:label1\" content=\"Temps estimat de lectura\" \/>\n\t<meta name=\"twitter:data1\" content=\"1 minut\" \/>\n<!-- \/ Yoast SEO plugin. -->","yoast_head_json":{"title":"Comprar Mineral Fluid SPF 50 by AllSkinMed- Enviament Gratu\u00eft","description":"Comprar Mineral Fluid SPF 50 al millor preu amb ENVIAMENT GRATU\u00cfT. Encarrega online i rep els teus productes preferits a casa!","robots":{"index":"index","follow":"follow","max-snippet":"max-snippet:-1","max-image-preview":"max-image-preview:large","max-video-preview":"max-video-preview:-1"},"canonical":"https:\/\/drmazarro.com\/ca\/producto\/mineral-fluid-spf-50\/","og_locale":"ca_ES","og_type":"article","og_title":"Comprar Mineral Fluid SPF 50 by AllSkinMed- Enviament Gratu\u00eft","og_description":"Comprar Mineral Fluid SPF 50 al millor preu amb ENVIAMENT GRATU\u00cfT. Encarrega online i rep els teus productes preferits a casa!","og_url":"https:\/\/drmazarro.com\/ca\/producto\/mineral-fluid-spf-50\/","og_site_name":"Dr. Mazarro","article_publisher":"https:\/\/www.facebook.com\/Dr-Mazarro-Cirug%c3%ada-Est%c3%a9tica-Facial-en-Barcelona-101872084913358\/","article_modified_time":"2025-01-03T18:43:21+00:00","og_image":[{"width":876,"height":1313,"url":"https:\/\/drmazarro.com\/wp-content\/uploads\/2022\/07\/allskinmed-sun-01-1.png","type":"image\/png"}],"twitter_card":"summary_large_image","twitter_misc":{"Temps estimat de lectura":"1 minut"},"schema":{"@context":"https:\/\/schema.org","@graph":[{"@type":"WebPage","@id":"https:\/\/drmazarro.com\/ca\/producto\/mineral-fluid-spf-50\/","url":"https:\/\/drmazarro.com\/ca\/producto\/mineral-fluid-spf-50\/","name":"Comprar Mineral Fluid SPF 50 by AllSkinMed- Enviament Gratu\u00eft","isPartOf":{"@id":"https:\/\/drmazarro.com\/ca\/#website"},"primaryImageOfPage":{"@id":"https:\/\/drmazarro.com\/ca\/producto\/mineral-fluid-spf-50\/#primaryimage"},"image":{"@id":"https:\/\/drmazarro.com\/ca\/producto\/mineral-fluid-spf-50\/#primaryimage"},"thumbnailUrl":"https:\/\/drmazarro.com\/wp-content\/uploads\/2022\/07\/allskinmed-sun-01-1.png","datePublished":"2024-12-26T14:34:05+00:00","dateModified":"2025-01-03T18:43:21+00:00","description":"Comprar Mineral Fluid SPF 50 al millor preu amb ENVIAMENT GRATU\u00cfT. Encarrega online i rep els teus productes preferits a casa!","breadcrumb":{"@id":"https:\/\/drmazarro.com\/ca\/producto\/mineral-fluid-spf-50\/#breadcrumb"},"inLanguage":"ca","potentialAction":[{"@type":"ReadAction","target":["https:\/\/drmazarro.com\/ca\/producto\/mineral-fluid-spf-50\/"]}]},{"@type":"ImageObject","inLanguage":"ca","@id":"https:\/\/drmazarro.com\/ca\/producto\/mineral-fluid-spf-50\/#primaryimage","url":"https:\/\/drmazarro.com\/wp-content\/uploads\/2022\/07\/allskinmed-sun-01-1.png","contentUrl":"https:\/\/drmazarro.com\/wp-content\/uploads\/2022\/07\/allskinmed-sun-01-1.png","width":876,"height":1313,"caption":"Mineral SPF"},{"@type":"BreadcrumbList","@id":"https:\/\/drmazarro.com\/ca\/producto\/mineral-fluid-spf-50\/#breadcrumb","itemListElement":[{"@type":"ListItem","position":1,"name":"Portada","item":"https:\/\/drmazarro.com\/ca\/"},{"@type":"ListItem","position":2,"name":"Botiga on-line","item":"https:\/\/drmazarro.com\/ca\/botiga-online\/"},{"@type":"ListItem","position":3,"name":"Mineral Fluid SPF 50"}]},{"@type":"WebSite","@id":"https:\/\/drmazarro.com\/ca\/#website","url":"https:\/\/drmazarro.com\/ca\/","name":"Dr. Mazarro","description":"Cirug\u00eda y Medicina Est\u00e9tica Facial en Barcelona","publisher":{"@id":"https:\/\/drmazarro.com\/ca\/#organization"},"potentialAction":[{"@type":"SearchAction","target":{"@type":"EntryPoint","urlTemplate":"https:\/\/drmazarro.com\/ca\/?s={search_term_string}"},"query-input":{"@type":"PropertyValueSpecification","valueRequired":true,"valueName":"search_term_string"}}],"inLanguage":"ca"},{"@type":"Organization","@id":"https:\/\/drmazarro.com\/ca\/#organization","name":"Dr. Mazarro","url":"https:\/\/drmazarro.com\/ca\/","logo":{"@type":"ImageObject","inLanguage":"ca","@id":"https:\/\/drmazarro.com\/ca\/#\/schema\/logo\/image\/","url":"https:\/\/drmazarro.com\/wp-content\/uploads\/2024\/03\/AM-576.png","contentUrl":"https:\/\/drmazarro.com\/wp-content\/uploads\/2024\/03\/AM-576.png","width":576,"height":576,"caption":"Dr. Mazarro"},"image":{"@id":"https:\/\/drmazarro.com\/ca\/#\/schema\/logo\/image\/"},"sameAs":["https:\/\/www.facebook.com\/Dr-Mazarro-Cirug\u00eda-Est\u00e9tica-Facial-en-Barcelona-101872084913358\/","https:\/\/www.instagram.com\/drmazarro_alejandro\/"]}]}},"_links":{"self":[{"href":"https:\/\/drmazarro.com\/ca\/wp-json\/wp\/v2\/product\/24139","targetHints":{"allow":["GET"]}}],"collection":[{"href":"https:\/\/drmazarro.com\/ca\/wp-json\/wp\/v2\/product"}],"about":[{"href":"https:\/\/drmazarro.com\/ca\/wp-json\/wp\/v2\/types\/product"}],"replies":[{"embeddable":true,"href":"https:\/\/drmazarro.com\/ca\/wp-json\/wp\/v2\/comments?post=24139"}],"wp:featuredmedia":[{"embeddable":true,"href":"https:\/\/drmazarro.com\/ca\/wp-json\/wp\/v2\/media\/23856"}],"wp:attachment":[{"href":"https:\/\/drmazarro.com\/ca\/wp-json\/wp\/v2\/media?parent=24139"}],"wp:term":[{"taxonomy":"product_brand","embeddable":true,"href":"https:\/\/drmazarro.com\/ca\/wp-json\/wp\/v2\/product_brand?post=24139"},{"taxonomy":"product_cat","embeddable":true,"href":"https:\/\/drmazarro.com\/ca\/wp-json\/wp\/v2\/product_cat?post=24139"},{"taxonomy":"product_tag","embeddable":true,"href":"https:\/\/drmazarro.com\/ca\/wp-json\/wp\/v2\/product_tag?post=24139"}],"curies":[{"name":"wp","href":"https:\/\/api.w.org\/{rel}","templated":true}]}}