{"id":24121,"date":"2022-07-26T11:20:31","date_gmt":"2024-12-26T14:34:03","guid":{"rendered":"https:\/\/drmazarro.com\/producto\/pigment-control-serum\/"},"modified":"2025-01-03T19:39:02","modified_gmt":"2025-01-03T18:39:02","slug":"pigment-control-serum","status":"publish","type":"product","link":"https:\/\/drmazarro.com\/ca\/producto\/pigment-control-serum\/","title":{"rendered":"Pigment Control Serum"},"content":{"rendered":"<h2><em>Indicacions<\/em><\/h2>\n<p style=\"text-align: justify;\">Pigment Control Serum \u00e9s un tractament concentrat d&#8217;absorci\u00f3 r\u00e0pida formulat amb una combinaci\u00f3 sin\u00e8rgica d&#8217;ingredients actius despigmentants. Aquesta f\u00f3rmula avan\u00e7ada tracta diversos tipus d&#8217;hiperpigmentaci\u00f3 cut\u00e0nia, to apagat i complexi\u00f3 irregular, alhora que proporciona propietats exfoliants i renovadores per a una aparen\u00e7a m\u00e9s lluminosa.<\/p>\n<p>\u2022 Redueix l&#8217;aparen\u00e7a de les taques fosques<br \/>\n\u2022 Millora la lluminositat de la pell<br \/>\n\u2022 Potencia la uniformitat cut\u00e0nia<br \/>\n\u2022 Proporciona exfoliaci\u00f3 suau<br \/>\n\u2022 Promou la renovaci\u00f3 cel\u00b7lular<br \/>\n\u2022 Adequat per a tots els tipus de pell<br \/>\n\u2022 Ofereix absorci\u00f3 r\u00e0pida<\/p>\n<h2><em>Format<\/em><\/h2>\n<p style=\"text-align: justify;\">50mL<\/p>\n<h2><em>Ingredients<\/em><\/h2>\n<p>\u2022 Tecnologia RetinSphere\u00ae<br \/>\n&#8211; Promou la renovaci\u00f3 cel\u00b7lular<br \/>\n&#8211; Millora el recanvi cutani<br \/>\n&#8211; Perfecciona la textura<\/p>\n<p>\u2022 Complex Il\u00b7luminador<br \/>\n&#8211; Cont\u00e9 \u00e0cid k\u00f2jic<br \/>\n&#8211; Incorpora N-acetilglucosamina<br \/>\n&#8211; Inclou niacinamida<br \/>\n&#8211; Suprimeix la pigmentaci\u00f3<\/p>\n<p>\u2022 Agent Exfoliant<br \/>\n&#8211; Cont\u00e9 \u00e0cid salic\u00edlic<br \/>\n&#8211; Promou la renovaci\u00f3 cut\u00e0nia<br \/>\n&#8211; Millora la penetraci\u00f3<\/p>\n<p>\u2022 Complex Calmant<br \/>\n&#8211; Incorpora actius hidratants<br \/>\n&#8211; Proporciona beneficis calmants<br \/>\n&#8211; Assegura el confort cutani<\/p>\n<h2><em>Com utilitzar Pigment Control Serum<\/em><\/h2>\n<p style=\"text-align: justify;\">Agitar abans d&#8217;usar. Aplicar mat\u00ed i\/o nit sobre la pell neta de cara i coll, o segons les indicacions del vostre prescriptor. Evitar l&#8217;exposici\u00f3 solar directa i utilitzar protector solar d&#8217;ampli espectre durant l&#8217;\u00fas. Per a resultats \u00f2ptims, utilitzar de manera consistent com a part de la rutina de cura de la pell.<\/p>\n","protected":false},"excerpt":{"rendered":"<div class=\"clearfix text-formatted field field--name-field-body-short field--type-text-long field--label-hidden field__item\">\n<p>Depigmenting Serum<\/p>\n<p>Aconsegueix-lo al preu m\u00ednim amb enviament GRATU\u00cfT &#8211; clica per saber-ne m\u00e9s!<\/p>\n<\/div>\n","protected":false},"featured_media":23852,"comment_status":"open","ping_status":"closed","template":"","meta":{"_acf_changed":false,"_monsterinsights_skip_tracking":false,"_monsterinsights_sitenote_active":false,"_monsterinsights_sitenote_note":"","_monsterinsights_sitenote_category":0},"product_brand":[],"product_cat":[208,211,250],"product_tag":[239],"class_list":{"0":"post-24121","1":"product","2":"type-product","3":"status-publish","4":"has-post-thumbnail","6":"product_cat-allskin-med-ca","7":"product_cat-complementos-ca","8":"product_cat-tots","9":"product_tag-all-skin-med-ca","11":"first","12":"instock","13":"shipping-taxable","14":"purchasable","15":"product-type-simple"},"acf":[],"yoast_head":"<!-- This site is optimized with the Yoast SEO plugin v27.3 - https:\/\/yoast.com\/product\/yoast-seo-wordpress\/ -->\n<title>Comprar Pigment Control Serum by AllSkinMed- Enviament Gratu\u00eft<\/title>\n<meta name=\"description\" content=\"Comprar Pigment Control Serum al millor preu amb ENVIAMENT GRATU\u00cfT. Encarrega online i rep els teus productes preferits a casa!\" \/>\n<meta name=\"robots\" content=\"index, follow, max-snippet:-1, max-image-preview:large, max-video-preview:-1\" \/>\n<link rel=\"canonical\" href=\"https:\/\/drmazarro.com\/ca\/producto\/pigment-control-serum\/\" \/>\n<meta property=\"og:locale\" content=\"ca_ES\" \/>\n<meta property=\"og:type\" content=\"article\" \/>\n<meta property=\"og:title\" content=\"Comprar Pigment Control Serum by AllSkinMed- Enviament Gratu\u00eft\" \/>\n<meta property=\"og:description\" content=\"Comprar Pigment Control Serum al millor preu amb ENVIAMENT GRATU\u00cfT. Encarrega online i rep els teus productes preferits a casa!\" \/>\n<meta property=\"og:url\" content=\"https:\/\/drmazarro.com\/ca\/producto\/pigment-control-serum\/\" \/>\n<meta property=\"og:site_name\" content=\"Dr. Mazarro\" \/>\n<meta property=\"article:publisher\" content=\"https:\/\/www.facebook.com\/Dr-Mazarro-Cirug%c3%ada-Est%c3%a9tica-Facial-en-Barcelona-101872084913358\/\" \/>\n<meta property=\"article:modified_time\" content=\"2025-01-03T18:39:02+00:00\" \/>\n<meta property=\"og:image\" content=\"https:\/\/drmazarro.com\/wp-content\/uploads\/2022\/07\/AllSkinMEd_Pigmentation_01.png\" \/>\n\t<meta property=\"og:image:width\" content=\"876\" \/>\n\t<meta property=\"og:image:height\" content=\"1313\" \/>\n\t<meta property=\"og:image:type\" content=\"image\/png\" \/>\n<meta name=\"twitter:card\" content=\"summary_large_image\" \/>\n<meta name=\"twitter:label1\" content=\"Temps estimat de lectura\" \/>\n\t<meta name=\"twitter:data1\" content=\"2 minuts\" \/>\n<!-- \/ Yoast SEO plugin. -->","yoast_head_json":{"title":"Comprar Pigment Control Serum by AllSkinMed- Enviament Gratu\u00eft","description":"Comprar Pigment Control Serum al millor preu amb ENVIAMENT GRATU\u00cfT. Encarrega online i rep els teus productes preferits a casa!","robots":{"index":"index","follow":"follow","max-snippet":"max-snippet:-1","max-image-preview":"max-image-preview:large","max-video-preview":"max-video-preview:-1"},"canonical":"https:\/\/drmazarro.com\/ca\/producto\/pigment-control-serum\/","og_locale":"ca_ES","og_type":"article","og_title":"Comprar Pigment Control Serum by AllSkinMed- Enviament Gratu\u00eft","og_description":"Comprar Pigment Control Serum al millor preu amb ENVIAMENT GRATU\u00cfT. Encarrega online i rep els teus productes preferits a casa!","og_url":"https:\/\/drmazarro.com\/ca\/producto\/pigment-control-serum\/","og_site_name":"Dr. Mazarro","article_publisher":"https:\/\/www.facebook.com\/Dr-Mazarro-Cirug%c3%ada-Est%c3%a9tica-Facial-en-Barcelona-101872084913358\/","article_modified_time":"2025-01-03T18:39:02+00:00","og_image":[{"width":876,"height":1313,"url":"https:\/\/drmazarro.com\/wp-content\/uploads\/2022\/07\/AllSkinMEd_Pigmentation_01.png","type":"image\/png"}],"twitter_card":"summary_large_image","twitter_misc":{"Temps estimat de lectura":"2 minuts"},"schema":{"@context":"https:\/\/schema.org","@graph":[{"@type":"WebPage","@id":"https:\/\/drmazarro.com\/ca\/producto\/pigment-control-serum\/","url":"https:\/\/drmazarro.com\/ca\/producto\/pigment-control-serum\/","name":"Comprar Pigment Control Serum by AllSkinMed- Enviament Gratu\u00eft","isPartOf":{"@id":"https:\/\/drmazarro.com\/ca\/#website"},"primaryImageOfPage":{"@id":"https:\/\/drmazarro.com\/ca\/producto\/pigment-control-serum\/#primaryimage"},"image":{"@id":"https:\/\/drmazarro.com\/ca\/producto\/pigment-control-serum\/#primaryimage"},"thumbnailUrl":"https:\/\/drmazarro.com\/wp-content\/uploads\/2022\/07\/AllSkinMEd_Pigmentation_01.png","datePublished":"2024-12-26T14:34:03+00:00","dateModified":"2025-01-03T18:39:02+00:00","description":"Comprar Pigment Control Serum al millor preu amb ENVIAMENT GRATU\u00cfT. Encarrega online i rep els teus productes preferits a casa!","breadcrumb":{"@id":"https:\/\/drmazarro.com\/ca\/producto\/pigment-control-serum\/#breadcrumb"},"inLanguage":"ca","potentialAction":[{"@type":"ReadAction","target":["https:\/\/drmazarro.com\/ca\/producto\/pigment-control-serum\/"]}]},{"@type":"ImageObject","inLanguage":"ca","@id":"https:\/\/drmazarro.com\/ca\/producto\/pigment-control-serum\/#primaryimage","url":"https:\/\/drmazarro.com\/wp-content\/uploads\/2022\/07\/AllSkinMEd_Pigmentation_01.png","contentUrl":"https:\/\/drmazarro.com\/wp-content\/uploads\/2022\/07\/AllSkinMEd_Pigmentation_01.png","width":876,"height":1313,"caption":"Pigment Control Serum"},{"@type":"BreadcrumbList","@id":"https:\/\/drmazarro.com\/ca\/producto\/pigment-control-serum\/#breadcrumb","itemListElement":[{"@type":"ListItem","position":1,"name":"Portada","item":"https:\/\/drmazarro.com\/ca\/"},{"@type":"ListItem","position":2,"name":"Botiga on-line","item":"https:\/\/drmazarro.com\/ca\/botiga-online\/"},{"@type":"ListItem","position":3,"name":"Pigment Control Serum"}]},{"@type":"WebSite","@id":"https:\/\/drmazarro.com\/ca\/#website","url":"https:\/\/drmazarro.com\/ca\/","name":"Dr. Mazarro","description":"Cirug\u00eda y Medicina Est\u00e9tica Facial en Barcelona","publisher":{"@id":"https:\/\/drmazarro.com\/ca\/#organization"},"potentialAction":[{"@type":"SearchAction","target":{"@type":"EntryPoint","urlTemplate":"https:\/\/drmazarro.com\/ca\/?s={search_term_string}"},"query-input":{"@type":"PropertyValueSpecification","valueRequired":true,"valueName":"search_term_string"}}],"inLanguage":"ca"},{"@type":"Organization","@id":"https:\/\/drmazarro.com\/ca\/#organization","name":"Dr. Mazarro","url":"https:\/\/drmazarro.com\/ca\/","logo":{"@type":"ImageObject","inLanguage":"ca","@id":"https:\/\/drmazarro.com\/ca\/#\/schema\/logo\/image\/","url":"https:\/\/drmazarro.com\/wp-content\/uploads\/2024\/03\/AM-576.png","contentUrl":"https:\/\/drmazarro.com\/wp-content\/uploads\/2024\/03\/AM-576.png","width":576,"height":576,"caption":"Dr. Mazarro"},"image":{"@id":"https:\/\/drmazarro.com\/ca\/#\/schema\/logo\/image\/"},"sameAs":["https:\/\/www.facebook.com\/Dr-Mazarro-Cirug\u00eda-Est\u00e9tica-Facial-en-Barcelona-101872084913358\/","https:\/\/www.instagram.com\/drmazarro_alejandro\/"]}]}},"_links":{"self":[{"href":"https:\/\/drmazarro.com\/ca\/wp-json\/wp\/v2\/product\/24121","targetHints":{"allow":["GET"]}}],"collection":[{"href":"https:\/\/drmazarro.com\/ca\/wp-json\/wp\/v2\/product"}],"about":[{"href":"https:\/\/drmazarro.com\/ca\/wp-json\/wp\/v2\/types\/product"}],"replies":[{"embeddable":true,"href":"https:\/\/drmazarro.com\/ca\/wp-json\/wp\/v2\/comments?post=24121"}],"wp:featuredmedia":[{"embeddable":true,"href":"https:\/\/drmazarro.com\/ca\/wp-json\/wp\/v2\/media\/23852"}],"wp:attachment":[{"href":"https:\/\/drmazarro.com\/ca\/wp-json\/wp\/v2\/media?parent=24121"}],"wp:term":[{"taxonomy":"product_brand","embeddable":true,"href":"https:\/\/drmazarro.com\/ca\/wp-json\/wp\/v2\/product_brand?post=24121"},{"taxonomy":"product_cat","embeddable":true,"href":"https:\/\/drmazarro.com\/ca\/wp-json\/wp\/v2\/product_cat?post=24121"},{"taxonomy":"product_tag","embeddable":true,"href":"https:\/\/drmazarro.com\/ca\/wp-json\/wp\/v2\/product_tag?post=24121"}],"curies":[{"name":"wp","href":"https:\/\/api.w.org\/{rel}","templated":true}]}}