{"id":24117,"date":"2023-01-15T18:44:56","date_gmt":"2024-12-26T14:31:24","guid":{"rendered":"https:\/\/drmazarro.com\/producto\/cleansing-gel\/"},"modified":"2025-01-03T19:33:14","modified_gmt":"2025-01-03T18:33:14","slug":"cleansing-gel","status":"publish","type":"product","link":"https:\/\/drmazarro.com\/ca\/producto\/cleansing-gel\/","title":{"rendered":"Purifying Cleansing Gel"},"content":{"rendered":"<h2><em>Indicacions<\/em><\/h2>\n<p style=\"text-align: justify;\">Purifying Cleansing Gel \u00e9s un netejador diari espec\u00edficament formulat per regular l&#8217;exc\u00e9s de greix i reduir la proliferaci\u00f3 de microorganismes. Aquesta f\u00f3rmula suau per\u00f2 efica\u00e7 elimina les impureses mentre mant\u00e9 l&#8217;equilibri natural d&#8217;hidrataci\u00f3 de la pell, fent-lo ideal per a pells mixtes, grasses i propenses a l&#8217;acne.<\/p>\n<p>\u2022 Regula l&#8217;exc\u00e9s de greix<br \/>\n\u2022 Controla el creixement de microorganismes<br \/>\n\u2022 Elimina les impureses efica\u00e7ment<br \/>\n\u2022 Mant\u00e9 la hidrataci\u00f3 de la pell<br \/>\n\u2022 F\u00f3rmula no ressecant<br \/>\n\u2022 Adequat per a \u00fas diari<br \/>\n\u2022 Equilibra les pells mixtes<\/p>\n<h2><em>Format<\/em><\/h2>\n<p style=\"text-align: justify;\">200mL<\/p>\n<h2><em>Ingredients<\/em><\/h2>\n<p>\u2022 Aqua Maris<br \/>\n&#8211; Purifica la pell<br \/>\n&#8211; Equilibra l&#8217;ambient cutani<br \/>\n&#8211; Aporta beneficis minerals<\/p>\n<p>\u2022 Extracte de fulla de Mimosa tenuiflora<br \/>\n&#8211; Calma la pell<br \/>\n&#8211; Proporciona beneficis purificants<br \/>\n&#8211; Dona suport a l&#8217;equilibri cutani<\/p>\n<p>\u2022 Prote\u00efna hidrolitzada de civada<br \/>\n&#8211; Mant\u00e9 el confort de la pell<br \/>\n&#8211; Proporciona neteja suau<br \/>\n&#8211; Afavoreix la retenci\u00f3 d&#8217;hidrataci\u00f3<\/p>\n<h2><em>Com utilitzar Purifying Cleansing Gel<\/em><\/h2>\n<p style=\"text-align: justify;\">Aplicar mat\u00ed i nit sobre la pell humida, massatjant generosament. Deixar actuar 1-2 minuts i aclarir abundantment amb aigua. Per a resultats \u00f2ptims, utilitzar com a part de la rutina di\u00e0ria de cura de la pell.<\/p>\n","protected":false},"excerpt":{"rendered":"<p>AllSkinMed Purifying Cleansing Gel<\/p>\n<p>Aconsegueix-lo al preu m\u00ednim amb enviament GRATU\u00cfT &#8211; clica per saber-ne m\u00e9s!<\/p>\n","protected":false},"featured_media":23818,"comment_status":"closed","ping_status":"closed","template":"","meta":{"_acf_changed":false,"_monsterinsights_skip_tracking":false,"_monsterinsights_sitenote_active":false,"_monsterinsights_sitenote_note":"","_monsterinsights_sitenote_category":0},"product_brand":[],"product_cat":[208,217,250],"product_tag":[239],"class_list":{"0":"post-24117","1":"product","2":"type-product","3":"status-publish","4":"has-post-thumbnail","6":"product_cat-allskin-med-ca","7":"product_cat-limpieza-2-ca","8":"product_cat-tots","9":"product_tag-all-skin-med-ca","11":"first","12":"instock","13":"shipping-taxable","14":"purchasable","15":"product-type-simple"},"acf":[],"yoast_head":"<!-- This site is optimized with the Yoast SEO plugin v27.3 - https:\/\/yoast.com\/product\/yoast-seo-wordpress\/ -->\n<title>Comprar Purifying Cleansing Gel by AllSkinMed- Enviament Gratu\u00eft<\/title>\n<meta name=\"description\" content=\"Comprar Purifying Cleansing Gel al millor preu amb ENVIAMENT GRATU\u00cfT. Encarrega online i rep els teus productes preferits a casa!\" \/>\n<meta name=\"robots\" content=\"index, follow, max-snippet:-1, max-image-preview:large, max-video-preview:-1\" \/>\n<link rel=\"canonical\" href=\"https:\/\/drmazarro.com\/ca\/producto\/cleansing-gel\/\" \/>\n<meta property=\"og:locale\" content=\"ca_ES\" \/>\n<meta property=\"og:type\" content=\"article\" \/>\n<meta property=\"og:title\" content=\"Comprar Purifying Cleansing Gel by AllSkinMed- Enviament Gratu\u00eft\" \/>\n<meta property=\"og:description\" content=\"Comprar Purifying Cleansing Gel al millor preu amb ENVIAMENT GRATU\u00cfT. Encarrega online i rep els teus productes preferits a casa!\" \/>\n<meta property=\"og:url\" content=\"https:\/\/drmazarro.com\/ca\/producto\/cleansing-gel\/\" \/>\n<meta property=\"og:site_name\" content=\"Dr. Mazarro\" \/>\n<meta property=\"article:publisher\" content=\"https:\/\/www.facebook.com\/Dr-Mazarro-Cirug%c3%ada-Est%c3%a9tica-Facial-en-Barcelona-101872084913358\/\" \/>\n<meta property=\"article:modified_time\" content=\"2025-01-03T18:33:14+00:00\" \/>\n<meta property=\"og:image\" content=\"https:\/\/drmazarro.com\/wp-content\/uploads\/2023\/01\/allskin-med-purifying-cleasing-gel-03-1.jpg\" \/>\n\t<meta property=\"og:image:width\" content=\"876\" \/>\n\t<meta property=\"og:image:height\" content=\"1313\" \/>\n\t<meta property=\"og:image:type\" content=\"image\/jpeg\" \/>\n<meta name=\"twitter:card\" content=\"summary_large_image\" \/>\n<meta name=\"twitter:label1\" content=\"Temps estimat de lectura\" \/>\n\t<meta name=\"twitter:data1\" content=\"1 minut\" \/>\n<!-- \/ Yoast SEO plugin. -->","yoast_head_json":{"title":"Comprar Purifying Cleansing Gel by AllSkinMed- Enviament Gratu\u00eft","description":"Comprar Purifying Cleansing Gel al millor preu amb ENVIAMENT GRATU\u00cfT. Encarrega online i rep els teus productes preferits a casa!","robots":{"index":"index","follow":"follow","max-snippet":"max-snippet:-1","max-image-preview":"max-image-preview:large","max-video-preview":"max-video-preview:-1"},"canonical":"https:\/\/drmazarro.com\/ca\/producto\/cleansing-gel\/","og_locale":"ca_ES","og_type":"article","og_title":"Comprar Purifying Cleansing Gel by AllSkinMed- Enviament Gratu\u00eft","og_description":"Comprar Purifying Cleansing Gel al millor preu amb ENVIAMENT GRATU\u00cfT. Encarrega online i rep els teus productes preferits a casa!","og_url":"https:\/\/drmazarro.com\/ca\/producto\/cleansing-gel\/","og_site_name":"Dr. Mazarro","article_publisher":"https:\/\/www.facebook.com\/Dr-Mazarro-Cirug%c3%ada-Est%c3%a9tica-Facial-en-Barcelona-101872084913358\/","article_modified_time":"2025-01-03T18:33:14+00:00","og_image":[{"width":876,"height":1313,"url":"https:\/\/drmazarro.com\/wp-content\/uploads\/2023\/01\/allskin-med-purifying-cleasing-gel-03-1.jpg","type":"image\/jpeg"}],"twitter_card":"summary_large_image","twitter_misc":{"Temps estimat de lectura":"1 minut"},"schema":{"@context":"https:\/\/schema.org","@graph":[{"@type":"WebPage","@id":"https:\/\/drmazarro.com\/ca\/producto\/cleansing-gel\/","url":"https:\/\/drmazarro.com\/ca\/producto\/cleansing-gel\/","name":"Comprar Purifying Cleansing Gel by AllSkinMed- Enviament Gratu\u00eft","isPartOf":{"@id":"https:\/\/drmazarro.com\/ca\/#website"},"primaryImageOfPage":{"@id":"https:\/\/drmazarro.com\/ca\/producto\/cleansing-gel\/#primaryimage"},"image":{"@id":"https:\/\/drmazarro.com\/ca\/producto\/cleansing-gel\/#primaryimage"},"thumbnailUrl":"https:\/\/drmazarro.com\/wp-content\/uploads\/2023\/01\/allskin-med-purifying-cleasing-gel-03-1.jpg","datePublished":"2024-12-26T14:31:24+00:00","dateModified":"2025-01-03T18:33:14+00:00","description":"Comprar Purifying Cleansing Gel al millor preu amb ENVIAMENT GRATU\u00cfT. Encarrega online i rep els teus productes preferits a casa!","breadcrumb":{"@id":"https:\/\/drmazarro.com\/ca\/producto\/cleansing-gel\/#breadcrumb"},"inLanguage":"ca","potentialAction":[{"@type":"ReadAction","target":["https:\/\/drmazarro.com\/ca\/producto\/cleansing-gel\/"]}]},{"@type":"ImageObject","inLanguage":"ca","@id":"https:\/\/drmazarro.com\/ca\/producto\/cleansing-gel\/#primaryimage","url":"https:\/\/drmazarro.com\/wp-content\/uploads\/2023\/01\/allskin-med-purifying-cleasing-gel-03-1.jpg","contentUrl":"https:\/\/drmazarro.com\/wp-content\/uploads\/2023\/01\/allskin-med-purifying-cleasing-gel-03-1.jpg","width":876,"height":1313,"caption":"AllSkinMed Cleansing Gel"},{"@type":"BreadcrumbList","@id":"https:\/\/drmazarro.com\/ca\/producto\/cleansing-gel\/#breadcrumb","itemListElement":[{"@type":"ListItem","position":1,"name":"Portada","item":"https:\/\/drmazarro.com\/ca\/"},{"@type":"ListItem","position":2,"name":"Botiga on-line","item":"https:\/\/drmazarro.com\/ca\/botiga-online\/"},{"@type":"ListItem","position":3,"name":"Purifying Cleansing Gel"}]},{"@type":"WebSite","@id":"https:\/\/drmazarro.com\/ca\/#website","url":"https:\/\/drmazarro.com\/ca\/","name":"Dr. Mazarro","description":"Cirug\u00eda y Medicina Est\u00e9tica Facial en Barcelona","publisher":{"@id":"https:\/\/drmazarro.com\/ca\/#organization"},"potentialAction":[{"@type":"SearchAction","target":{"@type":"EntryPoint","urlTemplate":"https:\/\/drmazarro.com\/ca\/?s={search_term_string}"},"query-input":{"@type":"PropertyValueSpecification","valueRequired":true,"valueName":"search_term_string"}}],"inLanguage":"ca"},{"@type":"Organization","@id":"https:\/\/drmazarro.com\/ca\/#organization","name":"Dr. Mazarro","url":"https:\/\/drmazarro.com\/ca\/","logo":{"@type":"ImageObject","inLanguage":"ca","@id":"https:\/\/drmazarro.com\/ca\/#\/schema\/logo\/image\/","url":"https:\/\/drmazarro.com\/wp-content\/uploads\/2024\/03\/AM-576.png","contentUrl":"https:\/\/drmazarro.com\/wp-content\/uploads\/2024\/03\/AM-576.png","width":576,"height":576,"caption":"Dr. Mazarro"},"image":{"@id":"https:\/\/drmazarro.com\/ca\/#\/schema\/logo\/image\/"},"sameAs":["https:\/\/www.facebook.com\/Dr-Mazarro-Cirug\u00eda-Est\u00e9tica-Facial-en-Barcelona-101872084913358\/","https:\/\/www.instagram.com\/drmazarro_alejandro\/"]}]}},"_links":{"self":[{"href":"https:\/\/drmazarro.com\/ca\/wp-json\/wp\/v2\/product\/24117","targetHints":{"allow":["GET"]}}],"collection":[{"href":"https:\/\/drmazarro.com\/ca\/wp-json\/wp\/v2\/product"}],"about":[{"href":"https:\/\/drmazarro.com\/ca\/wp-json\/wp\/v2\/types\/product"}],"replies":[{"embeddable":true,"href":"https:\/\/drmazarro.com\/ca\/wp-json\/wp\/v2\/comments?post=24117"}],"wp:featuredmedia":[{"embeddable":true,"href":"https:\/\/drmazarro.com\/ca\/wp-json\/wp\/v2\/media\/23818"}],"wp:attachment":[{"href":"https:\/\/drmazarro.com\/ca\/wp-json\/wp\/v2\/media?parent=24117"}],"wp:term":[{"taxonomy":"product_brand","embeddable":true,"href":"https:\/\/drmazarro.com\/ca\/wp-json\/wp\/v2\/product_brand?post=24117"},{"taxonomy":"product_cat","embeddable":true,"href":"https:\/\/drmazarro.com\/ca\/wp-json\/wp\/v2\/product_cat?post=24117"},{"taxonomy":"product_tag","embeddable":true,"href":"https:\/\/drmazarro.com\/ca\/wp-json\/wp\/v2\/product_tag?post=24117"}],"curies":[{"name":"wp","href":"https:\/\/api.w.org\/{rel}","templated":true}]}}