{"id":24115,"date":"2023-01-15T18:52:25","date_gmt":"2024-12-26T14:31:22","guid":{"rendered":"https:\/\/drmazarro.com\/producto\/mattifying-cream-gel\/"},"modified":"2025-01-03T19:30:21","modified_gmt":"2025-01-03T18:30:21","slug":"mattifying-cream-gel","status":"publish","type":"product","link":"https:\/\/drmazarro.com\/ca\/producto\/mattifying-cream-gel\/","title":{"rendered":"Mattifying Cream Gel"},"content":{"rendered":"<h2><em>Indicacions<\/em><\/h2>\n<p style=\"text-align: justify;\">Mattifying Gel Cream \u00e9s un fluid lleuger espec\u00edficament formulat per hidratar, matificar i controlar la pigmentaci\u00f3 en pells grasses i propenses a les imperfeccions. Aquesta f\u00f3rmula avan\u00e7ada \u00e9s adequada per a pells sensibles, proporcionant un control \u00f2ptim de l&#8217;oli mentre mant\u00e9 el confort cutani.<\/p>\n<p>\u2022 Controla l&#8217;exc\u00e9s de producci\u00f3 de greix<br \/>\n\u2022 Proporciona hidrataci\u00f3 lleugera<br \/>\n\u2022 Redueix les imperfeccions cut\u00e0nies<br \/>\n\u2022 Tracta problemes de pigmentaci\u00f3<br \/>\n\u2022 Ofereix efecte matificant<br \/>\n\u2022 Adequat per a pells sensibles<br \/>\n\u2022 Mant\u00e9 el confort de la pell<\/p>\n<h2><em>Format<\/em><\/h2>\n<p style=\"text-align: justify;\">50mL<\/p>\n<h2><em>Ingredients<\/em><\/h2>\n<p>\u2022 Tecnologia RetinSphere\u00ae<br \/>\n&#8211; Controla la producci\u00f3 de greix<br \/>\n&#8211; Millora la textura de la pell<br \/>\n&#8211; Potencia la renovaci\u00f3<\/p>\n<p>\u2022 Complex Hidratant<br \/>\n&#8211; Cont\u00e9 \u00e0cid hialur\u00f2nic<br \/>\n&#8211; Incorpora arginina<br \/>\n&#8211; Proporciona hidrataci\u00f3 prolongada<\/p>\n<p>\u2022 Sistema Seborregulador<br \/>\n&#8211; Cont\u00e9 zinc<br \/>\n&#8211; Incorpora niacinamida<br \/>\n&#8211; Inclou vitamina E<br \/>\n&#8211; Controla la producci\u00f3 de greix<\/p>\n<p>\u2022 Complex Actiu<br \/>\n&#8211; Cont\u00e9 \u00e0cid tranex\u00e0mic<br \/>\n&#8211; Incorpora \u00e0cid azelaic<br \/>\n&#8211; Tracta la pigmentaci\u00f3<\/p>\n<h2><em>Com utilitzar Mattifying Gel Cream<\/em><\/h2>\n<p style=\"text-align: justify;\">Aplicar una vegada al dia sobre la pell neta, al mat\u00ed o a la nit. Massatjar suaument fins a la seva completa absorci\u00f3. Per a resultats \u00f2ptims, utilitzar de manera consistent com a part de la rutina de cura de la pell.<\/p>\n","protected":false},"excerpt":{"rendered":"<p>Mattifying Gel Cream<\/p>\n<p>Aconsegueix-lo al preu m\u00ednim amb enviament GRATU\u00cfT &#8211; clica per saber-ne m\u00e9s!<\/p>\n","protected":false},"featured_media":23822,"comment_status":"closed","ping_status":"closed","template":"","meta":{"_acf_changed":false,"_monsterinsights_skip_tracking":false,"_monsterinsights_sitenote_active":false,"_monsterinsights_sitenote_note":"","_monsterinsights_sitenote_category":0},"product_brand":[],"product_cat":[208,215,250],"product_tag":[239],"class_list":{"0":"post-24115","1":"product","2":"type-product","3":"status-publish","4":"has-post-thumbnail","6":"product_cat-allskin-med-ca","7":"product_cat-hidratacion-ca","8":"product_cat-tots","9":"product_tag-all-skin-med-ca","11":"first","12":"instock","13":"shipping-taxable","14":"purchasable","15":"product-type-simple"},"acf":[],"yoast_head":"<!-- This site is optimized with the Yoast SEO plugin v27.3 - https:\/\/yoast.com\/product\/yoast-seo-wordpress\/ -->\n<title>Comprar Mattifying Cream Gel by AllSkinMed- Enviament Gratu\u00eft<\/title>\n<meta name=\"description\" content=\"Comprar Mattifying Cream Gel al millor preu amb ENVIAMENT GRATU\u00cfT. Encarrega online i rep els teus productes preferits a casa!\" \/>\n<meta name=\"robots\" content=\"index, follow, max-snippet:-1, max-image-preview:large, max-video-preview:-1\" \/>\n<link rel=\"canonical\" href=\"https:\/\/drmazarro.com\/ca\/producto\/mattifying-cream-gel\/\" \/>\n<meta property=\"og:locale\" content=\"ca_ES\" \/>\n<meta property=\"og:type\" content=\"article\" \/>\n<meta property=\"og:title\" content=\"Comprar Mattifying Cream Gel by AllSkinMed- Enviament Gratu\u00eft\" \/>\n<meta property=\"og:description\" content=\"Comprar Mattifying Cream Gel al millor preu amb ENVIAMENT GRATU\u00cfT. Encarrega online i rep els teus productes preferits a casa!\" \/>\n<meta property=\"og:url\" content=\"https:\/\/drmazarro.com\/ca\/producto\/mattifying-cream-gel\/\" \/>\n<meta property=\"og:site_name\" content=\"Dr. Mazarro\" \/>\n<meta property=\"article:publisher\" content=\"https:\/\/www.facebook.com\/Dr-Mazarro-Cirug%c3%ada-Est%c3%a9tica-Facial-en-Barcelona-101872084913358\/\" \/>\n<meta property=\"article:modified_time\" content=\"2025-01-03T18:30:21+00:00\" \/>\n<meta property=\"og:image\" content=\"https:\/\/drmazarro.com\/wp-content\/uploads\/2023\/01\/allskin-med-anti-imperfections-mattyfying-gelcream-04-1.jpg\" \/>\n\t<meta property=\"og:image:width\" content=\"876\" \/>\n\t<meta property=\"og:image:height\" content=\"1313\" \/>\n\t<meta property=\"og:image:type\" content=\"image\/jpeg\" \/>\n<meta name=\"twitter:card\" content=\"summary_large_image\" \/>\n<meta name=\"twitter:label1\" content=\"Temps estimat de lectura\" \/>\n\t<meta name=\"twitter:data1\" content=\"1 minut\" \/>\n<!-- \/ Yoast SEO plugin. -->","yoast_head_json":{"title":"Comprar Mattifying Cream Gel by AllSkinMed- Enviament Gratu\u00eft","description":"Comprar Mattifying Cream Gel al millor preu amb ENVIAMENT GRATU\u00cfT. Encarrega online i rep els teus productes preferits a casa!","robots":{"index":"index","follow":"follow","max-snippet":"max-snippet:-1","max-image-preview":"max-image-preview:large","max-video-preview":"max-video-preview:-1"},"canonical":"https:\/\/drmazarro.com\/ca\/producto\/mattifying-cream-gel\/","og_locale":"ca_ES","og_type":"article","og_title":"Comprar Mattifying Cream Gel by AllSkinMed- Enviament Gratu\u00eft","og_description":"Comprar Mattifying Cream Gel al millor preu amb ENVIAMENT GRATU\u00cfT. Encarrega online i rep els teus productes preferits a casa!","og_url":"https:\/\/drmazarro.com\/ca\/producto\/mattifying-cream-gel\/","og_site_name":"Dr. Mazarro","article_publisher":"https:\/\/www.facebook.com\/Dr-Mazarro-Cirug%c3%ada-Est%c3%a9tica-Facial-en-Barcelona-101872084913358\/","article_modified_time":"2025-01-03T18:30:21+00:00","og_image":[{"width":876,"height":1313,"url":"https:\/\/drmazarro.com\/wp-content\/uploads\/2023\/01\/allskin-med-anti-imperfections-mattyfying-gelcream-04-1.jpg","type":"image\/jpeg"}],"twitter_card":"summary_large_image","twitter_misc":{"Temps estimat de lectura":"1 minut"},"schema":{"@context":"https:\/\/schema.org","@graph":[{"@type":"WebPage","@id":"https:\/\/drmazarro.com\/ca\/producto\/mattifying-cream-gel\/","url":"https:\/\/drmazarro.com\/ca\/producto\/mattifying-cream-gel\/","name":"Comprar Mattifying Cream Gel by AllSkinMed- Enviament Gratu\u00eft","isPartOf":{"@id":"https:\/\/drmazarro.com\/ca\/#website"},"primaryImageOfPage":{"@id":"https:\/\/drmazarro.com\/ca\/producto\/mattifying-cream-gel\/#primaryimage"},"image":{"@id":"https:\/\/drmazarro.com\/ca\/producto\/mattifying-cream-gel\/#primaryimage"},"thumbnailUrl":"https:\/\/drmazarro.com\/wp-content\/uploads\/2023\/01\/allskin-med-anti-imperfections-mattyfying-gelcream-04-1.jpg","datePublished":"2024-12-26T14:31:22+00:00","dateModified":"2025-01-03T18:30:21+00:00","description":"Comprar Mattifying Cream Gel al millor preu amb ENVIAMENT GRATU\u00cfT. Encarrega online i rep els teus productes preferits a casa!","breadcrumb":{"@id":"https:\/\/drmazarro.com\/ca\/producto\/mattifying-cream-gel\/#breadcrumb"},"inLanguage":"ca","potentialAction":[{"@type":"ReadAction","target":["https:\/\/drmazarro.com\/ca\/producto\/mattifying-cream-gel\/"]}]},{"@type":"ImageObject","inLanguage":"ca","@id":"https:\/\/drmazarro.com\/ca\/producto\/mattifying-cream-gel\/#primaryimage","url":"https:\/\/drmazarro.com\/wp-content\/uploads\/2023\/01\/allskin-med-anti-imperfections-mattyfying-gelcream-04-1.jpg","contentUrl":"https:\/\/drmazarro.com\/wp-content\/uploads\/2023\/01\/allskin-med-anti-imperfections-mattyfying-gelcream-04-1.jpg","width":876,"height":1313,"caption":"Mattifying Gel Cream"},{"@type":"BreadcrumbList","@id":"https:\/\/drmazarro.com\/ca\/producto\/mattifying-cream-gel\/#breadcrumb","itemListElement":[{"@type":"ListItem","position":1,"name":"Portada","item":"https:\/\/drmazarro.com\/ca\/"},{"@type":"ListItem","position":2,"name":"Botiga on-line","item":"https:\/\/drmazarro.com\/ca\/botiga-online\/"},{"@type":"ListItem","position":3,"name":"Mattifying Cream Gel"}]},{"@type":"WebSite","@id":"https:\/\/drmazarro.com\/ca\/#website","url":"https:\/\/drmazarro.com\/ca\/","name":"Dr. Mazarro","description":"Cirug\u00eda y Medicina Est\u00e9tica Facial en Barcelona","publisher":{"@id":"https:\/\/drmazarro.com\/ca\/#organization"},"potentialAction":[{"@type":"SearchAction","target":{"@type":"EntryPoint","urlTemplate":"https:\/\/drmazarro.com\/ca\/?s={search_term_string}"},"query-input":{"@type":"PropertyValueSpecification","valueRequired":true,"valueName":"search_term_string"}}],"inLanguage":"ca"},{"@type":"Organization","@id":"https:\/\/drmazarro.com\/ca\/#organization","name":"Dr. Mazarro","url":"https:\/\/drmazarro.com\/ca\/","logo":{"@type":"ImageObject","inLanguage":"ca","@id":"https:\/\/drmazarro.com\/ca\/#\/schema\/logo\/image\/","url":"https:\/\/drmazarro.com\/wp-content\/uploads\/2024\/03\/AM-576.png","contentUrl":"https:\/\/drmazarro.com\/wp-content\/uploads\/2024\/03\/AM-576.png","width":576,"height":576,"caption":"Dr. Mazarro"},"image":{"@id":"https:\/\/drmazarro.com\/ca\/#\/schema\/logo\/image\/"},"sameAs":["https:\/\/www.facebook.com\/Dr-Mazarro-Cirug\u00eda-Est\u00e9tica-Facial-en-Barcelona-101872084913358\/","https:\/\/www.instagram.com\/drmazarro_alejandro\/"]}]}},"_links":{"self":[{"href":"https:\/\/drmazarro.com\/ca\/wp-json\/wp\/v2\/product\/24115","targetHints":{"allow":["GET"]}}],"collection":[{"href":"https:\/\/drmazarro.com\/ca\/wp-json\/wp\/v2\/product"}],"about":[{"href":"https:\/\/drmazarro.com\/ca\/wp-json\/wp\/v2\/types\/product"}],"replies":[{"embeddable":true,"href":"https:\/\/drmazarro.com\/ca\/wp-json\/wp\/v2\/comments?post=24115"}],"wp:featuredmedia":[{"embeddable":true,"href":"https:\/\/drmazarro.com\/ca\/wp-json\/wp\/v2\/media\/23822"}],"wp:attachment":[{"href":"https:\/\/drmazarro.com\/ca\/wp-json\/wp\/v2\/media?parent=24115"}],"wp:term":[{"taxonomy":"product_brand","embeddable":true,"href":"https:\/\/drmazarro.com\/ca\/wp-json\/wp\/v2\/product_brand?post=24115"},{"taxonomy":"product_cat","embeddable":true,"href":"https:\/\/drmazarro.com\/ca\/wp-json\/wp\/v2\/product_cat?post=24115"},{"taxonomy":"product_tag","embeddable":true,"href":"https:\/\/drmazarro.com\/ca\/wp-json\/wp\/v2\/product_tag?post=24115"}],"curies":[{"name":"wp","href":"https:\/\/api.w.org\/{rel}","templated":true}]}}