{"id":24110,"date":"2024-02-03T12:19:20","date_gmt":"2024-12-26T13:39:22","guid":{"rendered":"https:\/\/drmazarro.com\/producto\/pigmentation-control-oral-capsules\/"},"modified":"2025-06-30T00:23:43","modified_gmt":"2025-06-29T22:23:43","slug":"pigmentation-control-oral-capsules","status":"publish","type":"product","link":"https:\/\/drmazarro.com\/ca\/producto\/pigmentation-control-oral-capsules\/","title":{"rendered":"Pigmentation &#8211; Oral Capsules"},"content":{"rendered":"<h2><em>Indicacions<\/em><\/h2>\n<p style=\"text-align: justify;\"><strong>Pigmentation Oral Capsules<\/strong> \u00e9s un complement alimentari dissenyat principalment per prevenir, corregir i controlar la pigmentaci\u00f3 relacionada amb el sol. Aquesta f\u00f3rmula avan\u00e7ada ajuda a reparar l&#8217;ADN danyat, estimula la producci\u00f3 de col\u00b7lagen i elastina, i proporciona una potent protecci\u00f3 antioxidant, reduint els radicals lliures en un 50% mentre combat els signes d&#8217;envelliment prematur.<\/p>\n<p>\u2022 Controla la pigmentaci\u00f3 relacionada amb el sol<br \/>\n\u2022 Repara el dany a l&#8217;ADN<br \/>\n\u2022 Estimula la producci\u00f3 de col\u00b7lagen<br \/>\n\u2022 Millora l&#8217;elasticitat cut\u00e0nia<br \/>\n\u2022 Redueix la profunditat de les arrugues<br \/>\n\u2022 Proporciona protecci\u00f3 antioxidant<br \/>\n\u2022 Combat l&#8217;envelliment prematur<\/p>\n<h2><em>Format<\/em><\/h2>\n<p style=\"text-align: justify;\">60 c\u00e0psules<\/p>\n<h2><em>Ingredients<\/em><\/h2>\n<p>\u2022 Fernblock<br \/>\n&#8211; Protecci\u00f3 solar avan\u00e7ada<br \/>\n&#8211; Dona suport a la reparaci\u00f3 de l&#8217;ADN<br \/>\n&#8211; Controla la pigmentaci\u00f3<\/p>\n<p>\u2022 Complex Actiu<br \/>\n&#8211; Cont\u00e9 vitamina C<br \/>\n&#8211; Incorpora extracte de magrana<br \/>\n&#8211; Inclou niacinamida<br \/>\n&#8211; Millorat amb cistina<\/p>\n<p>\u2022 Sistema Antioxidant<br \/>\n&#8211; Redueix els radicals lliures en un 50%<br \/>\n&#8211; Protegeix contra l&#8217;estr\u00e8s oxidatiu<br \/>\n&#8211; Dona suport a la salut cut\u00e0nia<\/p>\n<h2><em>Com utilitzar Pigmentation Oral Capsules<\/em><\/h2>\n<p style=\"text-align: justify;\">Prendre 2 c\u00e0psules di\u00e0ries: 1 al mat\u00ed i 1 al vespre. Per a resultats \u00f2ptims, utilitzar de manera consistent com a part de la rutina de cura de la pell.<\/p>\n","protected":false},"excerpt":{"rendered":"<div class=\"clearfix text-formatted field field--name-field-body-short field--type-text-long field--label-hidden field__item\">\n<p>Pigmentation &#8211; Oral Capsules<\/p>\n<\/div>\n<div class=\"field field--name-field-format field--type-string field--label-above\">\n<div class=\"field__label\">Obtenez-le au prix minimum avec livraison GRATUITE &#8211; cliquez pour en savoir plus!<\/div>\n<\/div>\n","protected":false},"featured_media":24111,"comment_status":"open","ping_status":"closed","template":"","meta":{"_acf_changed":false,"_monsterinsights_skip_tracking":false,"_monsterinsights_sitenote_active":false,"_monsterinsights_sitenote_note":"","_monsterinsights_sitenote_category":0},"product_brand":[],"product_cat":[208,214,250],"product_tag":[239],"class_list":{"0":"post-24110","1":"product","2":"type-product","3":"status-publish","4":"has-post-thumbnail","6":"product_cat-allskin-med-ca","7":"product_cat-fotoproteccion-ca-2","8":"product_cat-tots","9":"product_tag-all-skin-med-ca","11":"first","12":"instock","13":"shipping-taxable","14":"product-type-simple"},"acf":[],"yoast_head":"<!-- This site is optimized with the Yoast SEO plugin v27.3 - https:\/\/yoast.com\/product\/yoast-seo-wordpress\/ -->\n<title>Comprar Pigmentation - Oral Capsules AllSkinMed - Botiga On-line<\/title>\n<meta name=\"description\" content=\"Compra Pigmentation - Oral Capsules al millor preu amb ENVIAMENT GRATUIT. Fes la comanda on-line i rep els teus productes preferits a casa!\" \/>\n<meta name=\"robots\" content=\"index, follow, max-snippet:-1, max-image-preview:large, max-video-preview:-1\" \/>\n<link rel=\"canonical\" href=\"https:\/\/drmazarro.com\/ca\/producto\/pigmentation-control-oral-capsules\/\" \/>\n<meta property=\"og:locale\" content=\"ca_ES\" \/>\n<meta property=\"og:type\" content=\"article\" \/>\n<meta property=\"og:title\" content=\"Comprar Pigmentation - Oral Capsules AllSkinMed - Botiga On-line\" \/>\n<meta property=\"og:description\" content=\"Compra Pigmentation - Oral Capsules al millor preu amb ENVIAMENT GRATUIT. Fes la comanda on-line i rep els teus productes preferits a casa!\" \/>\n<meta property=\"og:url\" content=\"https:\/\/drmazarro.com\/ca\/producto\/pigmentation-control-oral-capsules\/\" \/>\n<meta property=\"og:site_name\" content=\"Dr. Mazarro\" \/>\n<meta property=\"article:publisher\" content=\"https:\/\/www.facebook.com\/Dr-Mazarro-Cirug%c3%ada-Est%c3%a9tica-Facial-en-Barcelona-101872084913358\/\" \/>\n<meta property=\"article:modified_time\" content=\"2025-06-29T22:23:43+00:00\" \/>\n<meta property=\"og:image\" content=\"https:\/\/drmazarro.com\/wp-content\/uploads\/2024\/02\/ASM_Pigmentation_02-scaled-1.jpg\" \/>\n\t<meta property=\"og:image:width\" content=\"1707\" \/>\n\t<meta property=\"og:image:height\" content=\"2560\" \/>\n\t<meta property=\"og:image:type\" content=\"image\/jpeg\" \/>\n<meta name=\"twitter:card\" content=\"summary_large_image\" \/>\n<meta name=\"twitter:label1\" content=\"Temps estimat de lectura\" \/>\n\t<meta name=\"twitter:data1\" content=\"2 minuts\" \/>\n<!-- \/ Yoast SEO plugin. -->","yoast_head_json":{"title":"Comprar Pigmentation - Oral Capsules AllSkinMed - Botiga On-line","description":"Compra Pigmentation - Oral Capsules al millor preu amb ENVIAMENT GRATUIT. Fes la comanda on-line i rep els teus productes preferits a casa!","robots":{"index":"index","follow":"follow","max-snippet":"max-snippet:-1","max-image-preview":"max-image-preview:large","max-video-preview":"max-video-preview:-1"},"canonical":"https:\/\/drmazarro.com\/ca\/producto\/pigmentation-control-oral-capsules\/","og_locale":"ca_ES","og_type":"article","og_title":"Comprar Pigmentation - Oral Capsules AllSkinMed - Botiga On-line","og_description":"Compra Pigmentation - Oral Capsules al millor preu amb ENVIAMENT GRATUIT. Fes la comanda on-line i rep els teus productes preferits a casa!","og_url":"https:\/\/drmazarro.com\/ca\/producto\/pigmentation-control-oral-capsules\/","og_site_name":"Dr. Mazarro","article_publisher":"https:\/\/www.facebook.com\/Dr-Mazarro-Cirug%c3%ada-Est%c3%a9tica-Facial-en-Barcelona-101872084913358\/","article_modified_time":"2025-06-29T22:23:43+00:00","og_image":[{"width":1707,"height":2560,"url":"https:\/\/drmazarro.com\/wp-content\/uploads\/2024\/02\/ASM_Pigmentation_02-scaled-1.jpg","type":"image\/jpeg"}],"twitter_card":"summary_large_image","twitter_misc":{"Temps estimat de lectura":"2 minuts"},"schema":{"@context":"https:\/\/schema.org","@graph":[{"@type":"WebPage","@id":"https:\/\/drmazarro.com\/ca\/producto\/pigmentation-control-oral-capsules\/","url":"https:\/\/drmazarro.com\/ca\/producto\/pigmentation-control-oral-capsules\/","name":"Comprar Pigmentation - Oral Capsules AllSkinMed - Botiga On-line","isPartOf":{"@id":"https:\/\/drmazarro.com\/ca\/#website"},"primaryImageOfPage":{"@id":"https:\/\/drmazarro.com\/ca\/producto\/pigmentation-control-oral-capsules\/#primaryimage"},"image":{"@id":"https:\/\/drmazarro.com\/ca\/producto\/pigmentation-control-oral-capsules\/#primaryimage"},"thumbnailUrl":"https:\/\/drmazarro.com\/wp-content\/uploads\/2024\/02\/ASM_Pigmentation_02-scaled-1.jpg","datePublished":"2024-12-26T13:39:22+00:00","dateModified":"2025-06-29T22:23:43+00:00","description":"Compra Pigmentation - Oral Capsules al millor preu amb ENVIAMENT GRATUIT. Fes la comanda on-line i rep els teus productes preferits a casa!","breadcrumb":{"@id":"https:\/\/drmazarro.com\/ca\/producto\/pigmentation-control-oral-capsules\/#breadcrumb"},"inLanguage":"ca","potentialAction":[{"@type":"ReadAction","target":["https:\/\/drmazarro.com\/ca\/producto\/pigmentation-control-oral-capsules\/"]}]},{"@type":"ImageObject","inLanguage":"ca","@id":"https:\/\/drmazarro.com\/ca\/producto\/pigmentation-control-oral-capsules\/#primaryimage","url":"https:\/\/drmazarro.com\/wp-content\/uploads\/2024\/02\/ASM_Pigmentation_02-scaled-1.jpg","contentUrl":"https:\/\/drmazarro.com\/wp-content\/uploads\/2024\/02\/ASM_Pigmentation_02-scaled-1.jpg","width":1707,"height":2560,"caption":"C\u00e1psulas Pigment Control AllSkinMed suplemento despigmentante Fernblock 60 c\u00e1psulas"},{"@type":"BreadcrumbList","@id":"https:\/\/drmazarro.com\/ca\/producto\/pigmentation-control-oral-capsules\/#breadcrumb","itemListElement":[{"@type":"ListItem","position":1,"name":"Portada","item":"https:\/\/drmazarro.com\/ca\/"},{"@type":"ListItem","position":2,"name":"Botiga on-line","item":"https:\/\/drmazarro.com\/ca\/botiga-online\/"},{"@type":"ListItem","position":3,"name":"Pigmentation &#8211; Oral Capsules"}]},{"@type":"WebSite","@id":"https:\/\/drmazarro.com\/ca\/#website","url":"https:\/\/drmazarro.com\/ca\/","name":"Dr. Mazarro","description":"Cirug\u00eda y Medicina Est\u00e9tica Facial en Barcelona","publisher":{"@id":"https:\/\/drmazarro.com\/ca\/#organization"},"potentialAction":[{"@type":"SearchAction","target":{"@type":"EntryPoint","urlTemplate":"https:\/\/drmazarro.com\/ca\/?s={search_term_string}"},"query-input":{"@type":"PropertyValueSpecification","valueRequired":true,"valueName":"search_term_string"}}],"inLanguage":"ca"},{"@type":"Organization","@id":"https:\/\/drmazarro.com\/ca\/#organization","name":"Dr. Mazarro","url":"https:\/\/drmazarro.com\/ca\/","logo":{"@type":"ImageObject","inLanguage":"ca","@id":"https:\/\/drmazarro.com\/ca\/#\/schema\/logo\/image\/","url":"https:\/\/drmazarro.com\/wp-content\/uploads\/2024\/03\/AM-576.png","contentUrl":"https:\/\/drmazarro.com\/wp-content\/uploads\/2024\/03\/AM-576.png","width":576,"height":576,"caption":"Dr. Mazarro"},"image":{"@id":"https:\/\/drmazarro.com\/ca\/#\/schema\/logo\/image\/"},"sameAs":["https:\/\/www.facebook.com\/Dr-Mazarro-Cirug\u00eda-Est\u00e9tica-Facial-en-Barcelona-101872084913358\/","https:\/\/www.instagram.com\/drmazarro_alejandro\/"]}]}},"_links":{"self":[{"href":"https:\/\/drmazarro.com\/ca\/wp-json\/wp\/v2\/product\/24110","targetHints":{"allow":["GET"]}}],"collection":[{"href":"https:\/\/drmazarro.com\/ca\/wp-json\/wp\/v2\/product"}],"about":[{"href":"https:\/\/drmazarro.com\/ca\/wp-json\/wp\/v2\/types\/product"}],"replies":[{"embeddable":true,"href":"https:\/\/drmazarro.com\/ca\/wp-json\/wp\/v2\/comments?post=24110"}],"wp:featuredmedia":[{"embeddable":true,"href":"https:\/\/drmazarro.com\/ca\/wp-json\/wp\/v2\/media\/24111"}],"wp:attachment":[{"href":"https:\/\/drmazarro.com\/ca\/wp-json\/wp\/v2\/media?parent=24110"}],"wp:term":[{"taxonomy":"product_brand","embeddable":true,"href":"https:\/\/drmazarro.com\/ca\/wp-json\/wp\/v2\/product_brand?post=24110"},{"taxonomy":"product_cat","embeddable":true,"href":"https:\/\/drmazarro.com\/ca\/wp-json\/wp\/v2\/product_cat?post=24110"},{"taxonomy":"product_tag","embeddable":true,"href":"https:\/\/drmazarro.com\/ca\/wp-json\/wp\/v2\/product_tag?post=24110"}],"curies":[{"name":"wp","href":"https:\/\/api.w.org\/{rel}","templated":true}]}}