{"id":24078,"date":"2024-02-03T12:51:38","date_gmt":"2024-12-26T13:39:16","guid":{"rendered":"https:\/\/drmazarro.com\/producto\/retinol-texture-repair-texture-repair-emulsion-with-retinol-0-5\/"},"modified":"2025-01-03T19:21:54","modified_gmt":"2025-01-03T18:21:54","slug":"retinol-texture-repair-texture-repair-emulsion-with-retinol-0-5","status":"publish","type":"product","link":"https:\/\/drmazarro.com\/ca\/producto\/retinol-texture-repair-texture-repair-emulsion-with-retinol-0-5\/","title":{"rendered":"Retinol Texture Repair Emulsion"},"content":{"rendered":"<h2><em>Indicacions<\/em><\/h2>\n<p style=\"text-align: justify;\">Retinol Texture Repair \u00e9s una emulsi\u00f3 retexturitzant avan\u00e7ada dissenyada per tractar m\u00faltiples preocupacions cut\u00e0nies, incloent porus dilatats, arrugues, cicatrius d&#8217;acne i alteracions seb\u00e0cies. Presenta un sistema d&#8217;encapsulaci\u00f3 en microesponges per a l&#8217;alliberament sostingut del retinol mentre el protegeix contra l&#8217;oxidaci\u00f3.<\/p>\n<p>\u2022 Millora la textura i el to de la pell<br \/>\n\u2022 Redueix l&#8217;aparen\u00e7a dels porus dilatats<br \/>\n\u2022 Minimitza les cicatrius d&#8217;acne<br \/>\n\u2022 Potencia la lluminositat de la pell<br \/>\n\u2022 Augmenta l&#8217;elasticitat cut\u00e0nia<br \/>\n\u2022 Proporciona alliberament sostingut de retinol<br \/>\n\u2022 Adequat per a tots els tipus de pell<\/p>\n<h2><em>Format<\/em><\/h2>\n<p style=\"text-align: justify;\">50mL<\/p>\n<h2><em>Ingredients<\/em><\/h2>\n<p>\u2022 Complex Retinoide Actiu<br \/>\n&#8211; Cont\u00e9 0,5% de retinol pur<br \/>\n&#8211; Incorpora retinoat d&#8217;hidroxipinacolona<br \/>\n&#8211; Proporciona alliberament controlat<\/p>\n<p>\u2022 Tecnologia Avan\u00e7ada<br \/>\n&#8211; Symglucan 2%<br \/>\n&#8211; Syn-Coll 2,5%<br \/>\n&#8211; Niacinamida 5%<\/p>\n<p>\u2022 Barreja Antioxidant<br \/>\n&#8211; Cont\u00e9 c\u00farcuma<br \/>\n&#8211; Incorpora \u00e0cid asc\u00f2rbic<br \/>\n&#8211; Inclou tocoferol<br \/>\n&#8211; Millorat amb extractes vegetals<\/p>\n<h2><em>Com utilitzar Retinol Texture Repair<\/em><\/h2>\n<p style=\"text-align: justify;\">Seguiu les indicacions del vostre metge.<\/p>\n<p><em>Notes importants:<\/em><br \/>\n\u2022 Les reaccions inicials poden incloure envermelliment, descamaci\u00f3, sequedat o pessigolleig lleu<br \/>\n\u2022 La pell s&#8217;adaptar\u00e0 amb l&#8217;\u00fas continuat<br \/>\n\u2022 Combinar amb un hidratant ZO\u00ae per minimitzar les reaccions<br \/>\n\u2022 Utilitzar sempre protecci\u00f3 solar SPF 30+ durant el dia<br \/>\n\u2022 Consultar amb el metge per a un protocol personalitzat<\/p>\n","protected":false},"excerpt":{"rendered":"<div class=\"clearfix text-formatted field field--name-field-body-short field--type-text-long field--label-hidden field__item\">\n<p>Retinol Texture Repair<\/p>\n<\/div>\n<div class=\"field field--name-field-format field--type-string field--label-above\">\n<div class=\"field__label\">Aconsegueix-lo al preu m\u00ednim amb enviament GRATU\u00cfT &#8211; clica per saber-ne m\u00e9s!<\/div>\n<\/div>\n","protected":false},"featured_media":24079,"comment_status":"open","ping_status":"closed","template":"","meta":{"_acf_changed":false,"_monsterinsights_skip_tracking":false,"_monsterinsights_sitenote_active":false,"_monsterinsights_sitenote_note":"","_monsterinsights_sitenote_category":0},"product_brand":[],"product_cat":[208,210,250],"product_tag":[239],"class_list":{"0":"post-24078","1":"product","2":"type-product","3":"status-publish","4":"has-post-thumbnail","6":"product_cat-allskin-med-ca","7":"product_cat-antiaging-ca","8":"product_cat-tots","9":"product_tag-all-skin-med-ca","11":"first","12":"instock","13":"shipping-taxable","14":"purchasable","15":"product-type-simple"},"acf":[],"yoast_head":"<!-- This site is optimized with the Yoast SEO plugin v27.3 - https:\/\/yoast.com\/product\/yoast-seo-wordpress\/ -->\n<title>Comprar Retinol Texture Repair Emulsion - Enviament Gratu\u00eft<\/title>\n<meta name=\"description\" content=\"Comprar Retinol Texture Repair Emulsion al millor preu amb ENVIAMENT GRATU\u00cfT. Encarrega online i rep els teus productes preferits a casa!\" \/>\n<meta name=\"robots\" content=\"index, follow, max-snippet:-1, max-image-preview:large, max-video-preview:-1\" \/>\n<link rel=\"canonical\" href=\"https:\/\/drmazarro.com\/ca\/producto\/retinol-texture-repair-texture-repair-emulsion-with-retinol-0-5\/\" \/>\n<meta property=\"og:locale\" content=\"ca_ES\" \/>\n<meta property=\"og:type\" content=\"article\" \/>\n<meta property=\"og:title\" content=\"Comprar Retinol Texture Repair Emulsion - Enviament Gratu\u00eft\" \/>\n<meta property=\"og:description\" content=\"Comprar Retinol Texture Repair Emulsion al millor preu amb ENVIAMENT GRATU\u00cfT. Encarrega online i rep els teus productes preferits a casa!\" \/>\n<meta property=\"og:url\" content=\"https:\/\/drmazarro.com\/ca\/producto\/retinol-texture-repair-texture-repair-emulsion-with-retinol-0-5\/\" \/>\n<meta property=\"og:site_name\" content=\"Dr. Mazarro\" \/>\n<meta property=\"article:publisher\" content=\"https:\/\/www.facebook.com\/Dr-Mazarro-Cirug%c3%ada-Est%c3%a9tica-Facial-en-Barcelona-101872084913358\/\" \/>\n<meta property=\"article:modified_time\" content=\"2025-01-03T18:21:54+00:00\" \/>\n<meta property=\"og:image\" content=\"https:\/\/drmazarro.com\/wp-content\/uploads\/2024\/02\/retinol-texture-repair-copia.jpg\" \/>\n\t<meta property=\"og:image:width\" content=\"876\" \/>\n\t<meta property=\"og:image:height\" content=\"1313\" \/>\n\t<meta property=\"og:image:type\" content=\"image\/jpeg\" \/>\n<meta name=\"twitter:card\" content=\"summary_large_image\" \/>\n<meta name=\"twitter:label1\" content=\"Temps estimat de lectura\" \/>\n\t<meta name=\"twitter:data1\" content=\"1 minut\" \/>\n<!-- \/ Yoast SEO plugin. -->","yoast_head_json":{"title":"Comprar Retinol Texture Repair Emulsion - Enviament Gratu\u00eft","description":"Comprar Retinol Texture Repair Emulsion al millor preu amb ENVIAMENT GRATU\u00cfT. Encarrega online i rep els teus productes preferits a casa!","robots":{"index":"index","follow":"follow","max-snippet":"max-snippet:-1","max-image-preview":"max-image-preview:large","max-video-preview":"max-video-preview:-1"},"canonical":"https:\/\/drmazarro.com\/ca\/producto\/retinol-texture-repair-texture-repair-emulsion-with-retinol-0-5\/","og_locale":"ca_ES","og_type":"article","og_title":"Comprar Retinol Texture Repair Emulsion - Enviament Gratu\u00eft","og_description":"Comprar Retinol Texture Repair Emulsion al millor preu amb ENVIAMENT GRATU\u00cfT. Encarrega online i rep els teus productes preferits a casa!","og_url":"https:\/\/drmazarro.com\/ca\/producto\/retinol-texture-repair-texture-repair-emulsion-with-retinol-0-5\/","og_site_name":"Dr. Mazarro","article_publisher":"https:\/\/www.facebook.com\/Dr-Mazarro-Cirug%c3%ada-Est%c3%a9tica-Facial-en-Barcelona-101872084913358\/","article_modified_time":"2025-01-03T18:21:54+00:00","og_image":[{"width":876,"height":1313,"url":"https:\/\/drmazarro.com\/wp-content\/uploads\/2024\/02\/retinol-texture-repair-copia.jpg","type":"image\/jpeg"}],"twitter_card":"summary_large_image","twitter_misc":{"Temps estimat de lectura":"1 minut"},"schema":{"@context":"https:\/\/schema.org","@graph":[{"@type":"WebPage","@id":"https:\/\/drmazarro.com\/ca\/producto\/retinol-texture-repair-texture-repair-emulsion-with-retinol-0-5\/","url":"https:\/\/drmazarro.com\/ca\/producto\/retinol-texture-repair-texture-repair-emulsion-with-retinol-0-5\/","name":"Comprar Retinol Texture Repair Emulsion - Enviament Gratu\u00eft","isPartOf":{"@id":"https:\/\/drmazarro.com\/ca\/#website"},"primaryImageOfPage":{"@id":"https:\/\/drmazarro.com\/ca\/producto\/retinol-texture-repair-texture-repair-emulsion-with-retinol-0-5\/#primaryimage"},"image":{"@id":"https:\/\/drmazarro.com\/ca\/producto\/retinol-texture-repair-texture-repair-emulsion-with-retinol-0-5\/#primaryimage"},"thumbnailUrl":"https:\/\/drmazarro.com\/wp-content\/uploads\/2024\/02\/retinol-texture-repair-copia.jpg","datePublished":"2024-12-26T13:39:16+00:00","dateModified":"2025-01-03T18:21:54+00:00","description":"Comprar Retinol Texture Repair Emulsion al millor preu amb ENVIAMENT GRATU\u00cfT. Encarrega online i rep els teus productes preferits a casa!","breadcrumb":{"@id":"https:\/\/drmazarro.com\/ca\/producto\/retinol-texture-repair-texture-repair-emulsion-with-retinol-0-5\/#breadcrumb"},"inLanguage":"ca","potentialAction":[{"@type":"ReadAction","target":["https:\/\/drmazarro.com\/ca\/producto\/retinol-texture-repair-texture-repair-emulsion-with-retinol-0-5\/"]}]},{"@type":"ImageObject","inLanguage":"ca","@id":"https:\/\/drmazarro.com\/ca\/producto\/retinol-texture-repair-texture-repair-emulsion-with-retinol-0-5\/#primaryimage","url":"https:\/\/drmazarro.com\/wp-content\/uploads\/2024\/02\/retinol-texture-repair-copia.jpg","contentUrl":"https:\/\/drmazarro.com\/wp-content\/uploads\/2024\/02\/retinol-texture-repair-copia.jpg","width":876,"height":1313,"caption":"Retinol Texture Repair AllSkinMed emulsi\u00f3n reparadora retinol 0,5% cicatrices acn\u00e9"},{"@type":"BreadcrumbList","@id":"https:\/\/drmazarro.com\/ca\/producto\/retinol-texture-repair-texture-repair-emulsion-with-retinol-0-5\/#breadcrumb","itemListElement":[{"@type":"ListItem","position":1,"name":"Portada","item":"https:\/\/drmazarro.com\/ca\/"},{"@type":"ListItem","position":2,"name":"Botiga on-line","item":"https:\/\/drmazarro.com\/ca\/botiga-online\/"},{"@type":"ListItem","position":3,"name":"Retinol Texture Repair Emulsion"}]},{"@type":"WebSite","@id":"https:\/\/drmazarro.com\/ca\/#website","url":"https:\/\/drmazarro.com\/ca\/","name":"Dr. Mazarro","description":"Cirug\u00eda y Medicina Est\u00e9tica Facial en Barcelona","publisher":{"@id":"https:\/\/drmazarro.com\/ca\/#organization"},"potentialAction":[{"@type":"SearchAction","target":{"@type":"EntryPoint","urlTemplate":"https:\/\/drmazarro.com\/ca\/?s={search_term_string}"},"query-input":{"@type":"PropertyValueSpecification","valueRequired":true,"valueName":"search_term_string"}}],"inLanguage":"ca"},{"@type":"Organization","@id":"https:\/\/drmazarro.com\/ca\/#organization","name":"Dr. Mazarro","url":"https:\/\/drmazarro.com\/ca\/","logo":{"@type":"ImageObject","inLanguage":"ca","@id":"https:\/\/drmazarro.com\/ca\/#\/schema\/logo\/image\/","url":"https:\/\/drmazarro.com\/wp-content\/uploads\/2024\/03\/AM-576.png","contentUrl":"https:\/\/drmazarro.com\/wp-content\/uploads\/2024\/03\/AM-576.png","width":576,"height":576,"caption":"Dr. Mazarro"},"image":{"@id":"https:\/\/drmazarro.com\/ca\/#\/schema\/logo\/image\/"},"sameAs":["https:\/\/www.facebook.com\/Dr-Mazarro-Cirug\u00eda-Est\u00e9tica-Facial-en-Barcelona-101872084913358\/","https:\/\/www.instagram.com\/drmazarro_alejandro\/"]}]}},"_links":{"self":[{"href":"https:\/\/drmazarro.com\/ca\/wp-json\/wp\/v2\/product\/24078","targetHints":{"allow":["GET"]}}],"collection":[{"href":"https:\/\/drmazarro.com\/ca\/wp-json\/wp\/v2\/product"}],"about":[{"href":"https:\/\/drmazarro.com\/ca\/wp-json\/wp\/v2\/types\/product"}],"replies":[{"embeddable":true,"href":"https:\/\/drmazarro.com\/ca\/wp-json\/wp\/v2\/comments?post=24078"}],"wp:featuredmedia":[{"embeddable":true,"href":"https:\/\/drmazarro.com\/ca\/wp-json\/wp\/v2\/media\/24079"}],"wp:attachment":[{"href":"https:\/\/drmazarro.com\/ca\/wp-json\/wp\/v2\/media?parent=24078"}],"wp:term":[{"taxonomy":"product_brand","embeddable":true,"href":"https:\/\/drmazarro.com\/ca\/wp-json\/wp\/v2\/product_brand?post=24078"},{"taxonomy":"product_cat","embeddable":true,"href":"https:\/\/drmazarro.com\/ca\/wp-json\/wp\/v2\/product_cat?post=24078"},{"taxonomy":"product_tag","embeddable":true,"href":"https:\/\/drmazarro.com\/ca\/wp-json\/wp\/v2\/product_tag?post=24078"}],"curies":[{"name":"wp","href":"https:\/\/api.w.org\/{rel}","templated":true}]}}