{"id":24066,"date":"2022-07-25T12:01:31","date_gmt":"2024-12-26T14:38:52","guid":{"rendered":"https:\/\/drmazarro.com\/producto\/10-vitamin-c-serum\/"},"modified":"2025-01-03T20:50:00","modified_gmt":"2025-01-03T19:50:00","slug":"10-vitamin-c-serum","status":"publish","type":"product","link":"https:\/\/drmazarro.com\/ca\/producto\/10-vitamin-c-serum\/","title":{"rendered":"10% Vitamin C Serum"},"content":{"rendered":"<h2><em>Indicacions<\/em><\/h2>\n<p style=\"text-align: justify;\">10% Vitamin C Self-Activating \u00e9s un potent tractament il\u00b7luminador que combina dues formes de vitamina C amb antioxidants avan\u00e7ats. Aquesta f\u00f3rmula innovadora promou un to de pell uniforme mentre tracta les l\u00ednies fines i arrugues per a beneficis antienvelliment integrals.<br \/>\n\u00c9s una f\u00f3rmula sense aigua que s&#8217;autoactiva en contacte amb el contingut natural d&#8217;aigua de la pell o gr\u00e0cies a l&#8217;aigua present en altres f\u00f3rmules (Daily Power Defense, per exemple). Per a pells m\u00e9s deshidratades, es recomana utilitzar-lo despr\u00e9s d&#8217;un producte hidratant com Daily Power Defense.<\/p>\n<p>\u2022 Minimitza la decoloraci\u00f3 superficial<br \/>\n\u2022 Proporciona potent protecci\u00f3 antioxidant<br \/>\n\u2022 Redueix l&#8217;aparen\u00e7a de l\u00ednies fines<br \/>\n\u2022 Il\u00b7lumina la complexi\u00f3 general<br \/>\n\u2022 Defensa contra els desencadenants ambientals<br \/>\n\u2022 Adequat per a tots els tipus de pell<br \/>\n\u2022 Millora la lluminositat de la pell<\/p>\n<h2><em>Format<\/em><\/h2>\n<p style=\"text-align: justify;\">50mL<\/p>\n<h2><em>Ingredients<\/em><\/h2>\n<p>\u2022 \u00c0cid Asc\u00f2rbic 10%<br \/>\n&#8211; Exfolia la pigmentaci\u00f3 superficial<br \/>\n&#8211; Uniformitza el to de la pell<br \/>\n&#8211; Il\u00b7lumina la complexi\u00f3<\/p>\n<p>\u2022 Tetrahexildecil Ascorbat<br \/>\n&#8211; Forma estable de vitamina C<br \/>\n&#8211; Penetra m\u00e9s profundament a la pell<br \/>\n&#8211; Prev\u00e9 futures taques fosques<\/p>\n<p>\u2022 Complex Antioxidant<br \/>\n&#8211; Cont\u00e9 acetat de tocoferil<br \/>\n&#8211; Incorpora coenzim-Q10<br \/>\n&#8211; Proporciona m\u00faltiples nivells de protecci\u00f3<\/p>\n<p>\u2022 Esqual\u00e0<br \/>\n&#8211; Imita els factors naturals d&#8217;hidrataci\u00f3<br \/>\n&#8211; Proporciona hidrataci\u00f3 addicional<br \/>\n&#8211; Dona suport a la barrera cut\u00e0nia<\/p>\n<h2><em>Com utilitzar 10% Vitamin C Self-Activating<\/em><\/h2>\n<p style=\"text-align: justify;\">Aplicar sobre la pell neta i seca al mat\u00ed o a la nit com a pas final en la vostra rutina de cura de la pell, abans del protector solar o el maquillatge. Es pot utilitzar sol o en capes amb altres tractaments ZO\u00ae segons les necessitats de la pell.<\/p>\n","protected":false},"excerpt":{"rendered":"<p>10% Vitamin C Serum<\/p>\n<p>Aconsegueix-lo al preu m\u00ednim amb enviament GRATU\u00cfT &#8211; clica per saber-ne m\u00e9s!<\/p>\n","protected":false},"featured_media":23991,"comment_status":"open","ping_status":"closed","template":"","meta":{"_acf_changed":false,"_monsterinsights_skip_tracking":false,"_monsterinsights_sitenote_active":false,"_monsterinsights_sitenote_note":"","_monsterinsights_sitenote_category":0},"product_brand":[],"product_cat":[224,250,222],"product_tag":[245],"class_list":{"0":"post-24066","1":"product","2":"type-product","3":"status-publish","4":"has-post-thumbnail","6":"product_cat-hidratacion-y-regeneracion-cutanea-ca","7":"product_cat-tots","8":"product_cat-zo-skin-health-ca","9":"product_tag-zo-skinhealth-by-zein-obagi-ca","11":"first","12":"instock","13":"shipping-taxable","14":"purchasable","15":"product-type-simple"},"acf":[],"yoast_head":"<!-- This site is optimized with the Yoast SEO plugin v27.3 - https:\/\/yoast.com\/product\/yoast-seo-wordpress\/ -->\n<title>Comprar 10% Vitamin C Serum by ZO - Enviament Gratu\u00eft<\/title>\n<meta name=\"description\" content=\"Comprar 10% Vitamin C Serum al millor preu amb ENVIAMENT GRATU\u00cfT. Encarrega online i rep els teus productes preferits a casa!\" \/>\n<meta name=\"robots\" content=\"index, follow, max-snippet:-1, max-image-preview:large, max-video-preview:-1\" \/>\n<link rel=\"canonical\" href=\"https:\/\/drmazarro.com\/ca\/producto\/10-vitamin-c-serum\/\" \/>\n<meta property=\"og:locale\" content=\"ca_ES\" \/>\n<meta property=\"og:type\" content=\"article\" \/>\n<meta property=\"og:title\" content=\"Comprar 10% Vitamin C Serum by ZO - Enviament Gratu\u00eft\" \/>\n<meta property=\"og:description\" content=\"Comprar 10% Vitamin C Serum al millor preu amb ENVIAMENT GRATU\u00cfT. Encarrega online i rep els teus productes preferits a casa!\" \/>\n<meta property=\"og:url\" content=\"https:\/\/drmazarro.com\/ca\/producto\/10-vitamin-c-serum\/\" \/>\n<meta property=\"og:site_name\" content=\"Dr. Mazarro\" \/>\n<meta property=\"article:publisher\" content=\"https:\/\/www.facebook.com\/Dr-Mazarro-Cirug%c3%ada-Est%c3%a9tica-Facial-en-Barcelona-101872084913358\/\" \/>\n<meta property=\"article:modified_time\" content=\"2025-01-03T19:50:00+00:00\" \/>\n<meta property=\"og:image\" content=\"https:\/\/drmazarro.com\/wp-content\/uploads\/2022\/07\/10-vitamin-C-serum-S.png\" \/>\n\t<meta property=\"og:image:width\" content=\"350\" \/>\n\t<meta property=\"og:image:height\" content=\"477\" \/>\n\t<meta property=\"og:image:type\" content=\"image\/png\" \/>\n<meta name=\"twitter:card\" content=\"summary_large_image\" \/>\n<meta name=\"twitter:label1\" content=\"Temps estimat de lectura\" \/>\n\t<meta name=\"twitter:data1\" content=\"2 minuts\" \/>\n<!-- \/ Yoast SEO plugin. -->","yoast_head_json":{"title":"Comprar 10% Vitamin C Serum by ZO - Enviament Gratu\u00eft","description":"Comprar 10% Vitamin C Serum al millor preu amb ENVIAMENT GRATU\u00cfT. Encarrega online i rep els teus productes preferits a casa!","robots":{"index":"index","follow":"follow","max-snippet":"max-snippet:-1","max-image-preview":"max-image-preview:large","max-video-preview":"max-video-preview:-1"},"canonical":"https:\/\/drmazarro.com\/ca\/producto\/10-vitamin-c-serum\/","og_locale":"ca_ES","og_type":"article","og_title":"Comprar 10% Vitamin C Serum by ZO - Enviament Gratu\u00eft","og_description":"Comprar 10% Vitamin C Serum al millor preu amb ENVIAMENT GRATU\u00cfT. Encarrega online i rep els teus productes preferits a casa!","og_url":"https:\/\/drmazarro.com\/ca\/producto\/10-vitamin-c-serum\/","og_site_name":"Dr. Mazarro","article_publisher":"https:\/\/www.facebook.com\/Dr-Mazarro-Cirug%c3%ada-Est%c3%a9tica-Facial-en-Barcelona-101872084913358\/","article_modified_time":"2025-01-03T19:50:00+00:00","og_image":[{"width":350,"height":477,"url":"https:\/\/drmazarro.com\/wp-content\/uploads\/2022\/07\/10-vitamin-C-serum-S.png","type":"image\/png"}],"twitter_card":"summary_large_image","twitter_misc":{"Temps estimat de lectura":"2 minuts"},"schema":{"@context":"https:\/\/schema.org","@graph":[{"@type":"WebPage","@id":"https:\/\/drmazarro.com\/ca\/producto\/10-vitamin-c-serum\/","url":"https:\/\/drmazarro.com\/ca\/producto\/10-vitamin-c-serum\/","name":"Comprar 10% Vitamin C Serum by ZO - Enviament Gratu\u00eft","isPartOf":{"@id":"https:\/\/drmazarro.com\/ca\/#website"},"primaryImageOfPage":{"@id":"https:\/\/drmazarro.com\/ca\/producto\/10-vitamin-c-serum\/#primaryimage"},"image":{"@id":"https:\/\/drmazarro.com\/ca\/producto\/10-vitamin-c-serum\/#primaryimage"},"thumbnailUrl":"https:\/\/drmazarro.com\/wp-content\/uploads\/2022\/07\/10-vitamin-C-serum-S.png","datePublished":"2024-12-26T14:38:52+00:00","dateModified":"2025-01-03T19:50:00+00:00","description":"Comprar 10% Vitamin C Serum al millor preu amb ENVIAMENT GRATU\u00cfT. Encarrega online i rep els teus productes preferits a casa!","breadcrumb":{"@id":"https:\/\/drmazarro.com\/ca\/producto\/10-vitamin-c-serum\/#breadcrumb"},"inLanguage":"ca","potentialAction":[{"@type":"ReadAction","target":["https:\/\/drmazarro.com\/ca\/producto\/10-vitamin-c-serum\/"]}]},{"@type":"ImageObject","inLanguage":"ca","@id":"https:\/\/drmazarro.com\/ca\/producto\/10-vitamin-c-serum\/#primaryimage","url":"https:\/\/drmazarro.com\/wp-content\/uploads\/2022\/07\/10-vitamin-C-serum-S.png","contentUrl":"https:\/\/drmazarro.com\/wp-content\/uploads\/2022\/07\/10-vitamin-C-serum-S.png","width":350,"height":477,"caption":"10 vitamin C serum"},{"@type":"BreadcrumbList","@id":"https:\/\/drmazarro.com\/ca\/producto\/10-vitamin-c-serum\/#breadcrumb","itemListElement":[{"@type":"ListItem","position":1,"name":"Portada","item":"https:\/\/drmazarro.com\/ca\/"},{"@type":"ListItem","position":2,"name":"Botiga on-line","item":"https:\/\/drmazarro.com\/ca\/botiga-online\/"},{"@type":"ListItem","position":3,"name":"10% Vitamin C Serum"}]},{"@type":"WebSite","@id":"https:\/\/drmazarro.com\/ca\/#website","url":"https:\/\/drmazarro.com\/ca\/","name":"Dr. Mazarro","description":"Cirug\u00eda y Medicina Est\u00e9tica Facial en Barcelona","publisher":{"@id":"https:\/\/drmazarro.com\/ca\/#organization"},"potentialAction":[{"@type":"SearchAction","target":{"@type":"EntryPoint","urlTemplate":"https:\/\/drmazarro.com\/ca\/?s={search_term_string}"},"query-input":{"@type":"PropertyValueSpecification","valueRequired":true,"valueName":"search_term_string"}}],"inLanguage":"ca"},{"@type":"Organization","@id":"https:\/\/drmazarro.com\/ca\/#organization","name":"Dr. Mazarro","url":"https:\/\/drmazarro.com\/ca\/","logo":{"@type":"ImageObject","inLanguage":"ca","@id":"https:\/\/drmazarro.com\/ca\/#\/schema\/logo\/image\/","url":"https:\/\/drmazarro.com\/wp-content\/uploads\/2024\/03\/AM-576.png","contentUrl":"https:\/\/drmazarro.com\/wp-content\/uploads\/2024\/03\/AM-576.png","width":576,"height":576,"caption":"Dr. Mazarro"},"image":{"@id":"https:\/\/drmazarro.com\/ca\/#\/schema\/logo\/image\/"},"sameAs":["https:\/\/www.facebook.com\/Dr-Mazarro-Cirug\u00eda-Est\u00e9tica-Facial-en-Barcelona-101872084913358\/","https:\/\/www.instagram.com\/drmazarro_alejandro\/"]}]}},"_links":{"self":[{"href":"https:\/\/drmazarro.com\/ca\/wp-json\/wp\/v2\/product\/24066","targetHints":{"allow":["GET"]}}],"collection":[{"href":"https:\/\/drmazarro.com\/ca\/wp-json\/wp\/v2\/product"}],"about":[{"href":"https:\/\/drmazarro.com\/ca\/wp-json\/wp\/v2\/types\/product"}],"replies":[{"embeddable":true,"href":"https:\/\/drmazarro.com\/ca\/wp-json\/wp\/v2\/comments?post=24066"}],"wp:featuredmedia":[{"embeddable":true,"href":"https:\/\/drmazarro.com\/ca\/wp-json\/wp\/v2\/media\/23991"}],"wp:attachment":[{"href":"https:\/\/drmazarro.com\/ca\/wp-json\/wp\/v2\/media?parent=24066"}],"wp:term":[{"taxonomy":"product_brand","embeddable":true,"href":"https:\/\/drmazarro.com\/ca\/wp-json\/wp\/v2\/product_brand?post=24066"},{"taxonomy":"product_cat","embeddable":true,"href":"https:\/\/drmazarro.com\/ca\/wp-json\/wp\/v2\/product_cat?post=24066"},{"taxonomy":"product_tag","embeddable":true,"href":"https:\/\/drmazarro.com\/ca\/wp-json\/wp\/v2\/product_tag?post=24066"}],"curies":[{"name":"wp","href":"https:\/\/api.w.org\/{rel}","templated":true}]}}